{"id":535,"date":"2018-12-28T18:41:38","date_gmt":"2018-12-28T18:41:38","guid":{"rendered":"https:\/\/m2campera.proyectosdesarrollosweb.com\/?product=aislantes-termicos-oscurecedores-nissan-almera-tino"},"modified":"2025-04-25T09:32:18","modified_gmt":"2025-04-25T09:32:18","slug":"isoladores-termicos-nissan-almera-tino-para-blackouts","status":"publish","type":"product","link":"https:\/\/m2camper.com\/pt\/isoladores-termicos-nissan-almera-tino-para-blackouts\/","title":{"rendered":"Isoladores t\u00e9rmicos blackout Nissan Almera Tino"},"content":{"rendered":"<p>Experimente conforto incompar\u00e1vel no seu Nissan Almera Tino com nossos isoladores t\u00e9rmicos blackout de 9 camadas, meticulosamente projetados para oferecer m\u00e1ximo desempenho e prote\u00e7\u00e3o.<\/p>\n<p>&nbsp;<\/p>\n<p><strong>Recursos em destaque:<\/strong><\/p>\n<ul>\n<li><span><strong>Efici\u00eancia t\u00e9rmica superior:<\/strong> Com 9 camadas de isolamento t\u00e9rmico, nossos isoladores t\u00e9rmicos blackout atuam como uma barreira de calor eficaz, mantendo seu ve\u00edculo fresco mesmo nos dias mais quentes e aquecido nos dias mais frios.<\/span><\/li>\n<li><span><strong>Apag\u00e3o total:<\/strong> Aproveite a privacidade que voc\u00ea precisa com nossas persianas, que n\u00e3o apenas bloqueiam a luz solar direta, mas tamb\u00e9m protegem contra olhares curiosos.<\/span><\/li>\n<li><span><strong>Ajuste personalizado:<\/strong> Projetadas especificamente para o Nissan Almera Tino, garantimos um encaixe perfeito. Nossas persianas t\u00e9rmicas s\u00e3o fixadas com ventosas aparafus\u00e1veis para uma instala\u00e7\u00e3o r\u00e1pida e segura.<\/span><\/li>\n<li><span><strong>Durabilidade e Qualidade:<\/strong> Feitos com materiais de alta qualidade, nossos isoladores t\u00e9rmicos blackout s\u00e3o fortes e dur\u00e1veis, garantindo desempenho ideal ao longo do tempo.<\/span><\/li>\n<\/ul>\n<p>&nbsp;<\/p>\n<p><strong>Benef\u00edcios adicionais:<\/strong><\/p>\n<ul>\n<li><span><strong>Prote\u00e7\u00e3o UV:<\/strong> Eles bloqueiam os raios UV nocivos para proteger o interior do seu carro e prolongar a vida \u00fatil dos seus acess\u00f3rios.<\/span><\/li>\n<li><span><strong>Redu\u00e7\u00e3o do consumo de energia:<\/strong> Ao manter uma temperatura interna mais ideal, seus isoladores t\u00e9rmicos blackout ajudam seu sistema de ar condicionado ou aquecimento a funcionar de forma mais eficiente, o que se traduz em menor consumo de combust\u00edvel.<\/span><\/li>\n<li><span><strong>Estilo e funcionalidade:<\/strong> Al\u00e9m dos benef\u00edcios pr\u00e1ticos, nossos isoladores t\u00e9rmicos blackout adicionam um toque de estilo ao seu Nissan Almera Tino, melhorando a est\u00e9tica geral do ve\u00edculo.<\/span><\/li>\n<\/ul>\n<p>&nbsp;<\/p>\n<p>Opte por conforto, efici\u00eancia e estilo com nossos isolantes t\u00e9rmicos blackout de 9 camadas, projetados exclusivamente para o Nissan Almera Tino. Experimente a viagem perfeita em todas as esta\u00e7\u00f5es.<\/p>","protected":false},"excerpt":{"rendered":"<p><strong><span><span><span>OP\u00c7\u00d5ES:<\/span><\/span><\/span><\/strong><\/p>\n<p><span><strong><span><span>CABINE:<\/span><\/span><\/strong><span><span> Para-brisas dianteiro, lado do motorista e lado do passageiro (3 pe\u00e7as) (5 pe\u00e7as se tiver tri\u00e2ngulos)<\/span><\/span><\/span><\/p>\n<p><span><span><span><strong>CAIXA:<\/strong> <\/span><\/span><span><span>2 lados da 2\u00aa fila de bancos, 2 lados da 3\u00aa fila de bancos e porta traseira ou porta traseira dupla dependendo do modelo (5 ou 6 pe\u00e7as conforme o caso)<\/span><\/span><\/span><\/p>\n<p><span><span><span><strong>COMPLETO:<\/strong> <\/span><\/span><span><span>janela frontal, lado do motorista e do passageiro, 2 lados da 2\u00aa fileira de bancos, 2 lados da 3\u00aa fileira de bancos e porta traseira ou porta traseira dupla dependendo do modelo (8 ou 9 pe\u00e7as, conforme o caso) se forem usados tri\u00e2ngulos, seriam 10 ou 11<\/span><\/span><\/span><\/p>\n<p>&nbsp;<\/p>\n<p><strong><span><span><span>ISOLADORES T\u00c9RMICOS DE 9 CAMADAS<\/span><\/span><\/span><\/strong><\/p>\n<p><span><span><span>Isolamento t\u00e9rmico de 9 camadas de alta qualidade e persianas blackout projetadas para isolar temperaturas altas e baixas para maior conforto interno e proporcionar escurid\u00e3o total para noites tranquilas, fixadas com ventosas de rosca de alta suc\u00e7\u00e3o que s\u00e3o f\u00e1ceis de remover para f\u00e1cil instala\u00e7\u00e3o.<\/span><\/span><\/span><\/p>\n<p><span><span><span>Composi\u00e7\u00e3o<\/span><\/span><\/span><\/p>\n<ol>\n<li><span><span><span><span>Alum\u00ednio de 90 m\u00edcrons, anti-ultravioleta e resistente a riscos.<\/span><\/span><\/span><\/span><\/li>\n<li><span><span><span><span>Polietileno expandido de 2 mm.<\/span><\/span><\/span><\/span><\/li>\n<li><span><span><span><span>Pel\u00edcula de alum\u00ednio de 38 m\u00edcrons para isolamento.<\/span><\/span><\/span><\/span><\/li>\n<li><span><span><span><span>Polietileno expandido de 2 mm.<\/span><\/span><\/span><\/span><\/li>\n<li><span><span><span><span>Filme de alum\u00ednio de 38 m\u00edcrons.<\/span><\/span><\/span><\/span><\/li>\n<li><span><span><span><span>Polietileno expandido de 2 mm.<\/span><\/span><\/span><\/span><\/li>\n<li><span><span><span><span>Filme de alum\u00ednio de 38 m\u00edcrons.<\/span><\/span><\/span><\/span><\/li>\n<li><span><span><span><span>Estofamento antial\u00e9rgico de 75 gr\/m para isolamento.<\/span><\/span><\/span><\/span><\/li>\n<li><span><span><span><span>PVC anticondensa\u00e7\u00e3o.<\/span><\/span><\/span><\/span><\/li>\n<\/ol>","protected":false},"featured_media":536,"comment_status":"open","ping_status":"closed","template":"","meta":{"neve_meta_sidebar":"","neve_meta_container":"","neve_meta_enable_content_width":"","neve_meta_content_width":0,"neve_meta_title_alignment":"","neve_meta_author_avatar":"","neve_post_elements_order":"","neve_meta_disable_header":"","neve_meta_disable_footer":"","neve_meta_disable_title":""},"product_brand":[],"product_cat":[87,62,61],"product_tag":[],"class_list":{"0":"post-535","1":"product","2":"type-product","3":"status-publish","4":"has-post-thumbnail","6":"product_cat-nissan","7":"product_cat-aislantes","8":"product_cat-all-products","9":"pa_detalles-del-producto-pstrongspanspanspanopcionesspanspanspanstrongppspanstrongspanspancabinaspanspanstrongspanspan-luna-delantera-lateral-piloto-y-copiloto-3-piezas-5-piezas-en-caso-de-que-lleve-triangulitosspanspanspanpp","10":"pa_observaciones-plos-plazos-de-entrega-pueden-variar-segun-fechas-de-comprap","12":"first","13":"instock","14":"taxable","15":"shipping-taxable","16":"purchasable","17":"product-type-variable"},"yoast_head":"<!-- This site is optimized with the Yoast SEO plugin v27.3 - https:\/\/yoast.com\/product\/yoast-seo-wordpress\/ -->\n<title>Aislantes t\u00e9rmicos oscurecedores Nissan Almera Tino | M2Camper<\/title>\n<meta name=\"description\" content=\"Aumenta el confort en tu Nissan Almera Tino con nuestros aislantes t\u00e9rmicos oscurecedores de 9 capas. Disfruta de un viaje m\u00e1s placentero haga frio o calor.\" \/>\n<meta name=\"robots\" content=\"index, follow, max-snippet:-1, max-image-preview:large, max-video-preview:-1\" \/>\n<link rel=\"canonical\" href=\"https:\/\/m2camper.com\/pt\/isoladores-termicos-nissan-almera-tino-para-blackouts\/\" \/>\n<meta property=\"og:locale\" content=\"pt_PT\" \/>\n<meta property=\"og:type\" content=\"article\" \/>\n<meta property=\"og:title\" content=\"Aislantes t\u00e9rmicos oscurecedores Nissan Almera Tino | M2Camper\" \/>\n<meta property=\"og:description\" content=\"Aumenta el confort en tu Nissan Almera Tino con nuestros aislantes t\u00e9rmicos oscurecedores de 9 capas. Disfruta de un viaje m\u00e1s placentero haga frio o calor.\" \/>\n<meta property=\"og:url\" content=\"https:\/\/m2camper.com\/pt\/isoladores-termicos-nissan-almera-tino-para-blackouts\/\" \/>\n<meta property=\"og:site_name\" content=\"M2 Camper | Aislantes t\u00e9rmicos y oscurecedores para campers\" \/>\n<meta property=\"article:modified_time\" content=\"2025-04-25T09:32:18+00:00\" \/>\n<meta property=\"og:image\" content=\"https:\/\/m2camper.com\/wp-content\/uploads\/2025\/01\/60c9aa_941fb0f4e93f4beda4dfca55b8f8c9acmv2.png\" \/>\n\t<meta property=\"og:image:width\" content=\"620\" \/>\n\t<meta property=\"og:image:height\" content=\"402\" \/>\n\t<meta property=\"og:image:type\" content=\"image\/png\" \/>\n<meta name=\"twitter:card\" content=\"summary_large_image\" \/>\n<meta name=\"twitter:label1\" content=\"Tempo estimado de leitura\" \/>\n\t<meta name=\"twitter:data1\" content=\"2 minutos\" \/>\n<script type=\"application\/ld+json\" class=\"yoast-schema-graph\">{\"@context\":\"https:\\\/\\\/schema.org\",\"@graph\":[{\"@type\":\"WebPage\",\"@id\":\"https:\\\/\\\/m2camper.com\\\/aislantes-termicos-oscurecedores-nissan-almera-tino\\\/\",\"url\":\"https:\\\/\\\/m2camper.com\\\/aislantes-termicos-oscurecedores-nissan-almera-tino\\\/\",\"name\":\"Aislantes t\u00e9rmicos oscurecedores Nissan Almera Tino | M2Camper\",\"isPartOf\":{\"@id\":\"https:\\\/\\\/m2camper.com\\\/pt\\\/#website\"},\"primaryImageOfPage\":{\"@id\":\"https:\\\/\\\/m2camper.com\\\/aislantes-termicos-oscurecedores-nissan-almera-tino\\\/#primaryimage\"},\"image\":{\"@id\":\"https:\\\/\\\/m2camper.com\\\/aislantes-termicos-oscurecedores-nissan-almera-tino\\\/#primaryimage\"},\"thumbnailUrl\":\"https:\\\/\\\/m2camper.com\\\/wp-content\\\/uploads\\\/2025\\\/01\\\/60c9aa_941fb0f4e93f4beda4dfca55b8f8c9acmv2.png\",\"datePublished\":\"2018-12-28T18:41:38+00:00\",\"dateModified\":\"2025-04-25T09:32:18+00:00\",\"description\":\"Aumenta el confort en tu Nissan Almera Tino con nuestros aislantes t\u00e9rmicos oscurecedores de 9 capas. Disfruta de un viaje m\u00e1s placentero haga frio o calor.\",\"breadcrumb\":{\"@id\":\"https:\\\/\\\/m2camper.com\\\/aislantes-termicos-oscurecedores-nissan-almera-tino\\\/#breadcrumb\"},\"inLanguage\":\"pt-PT\",\"potentialAction\":[{\"@type\":\"ReadAction\",\"target\":[\"https:\\\/\\\/m2camper.com\\\/aislantes-termicos-oscurecedores-nissan-almera-tino\\\/\"]}]},{\"@type\":\"ImageObject\",\"inLanguage\":\"pt-PT\",\"@id\":\"https:\\\/\\\/m2camper.com\\\/aislantes-termicos-oscurecedores-nissan-almera-tino\\\/#primaryimage\",\"url\":\"https:\\\/\\\/m2camper.com\\\/wp-content\\\/uploads\\\/2025\\\/01\\\/60c9aa_941fb0f4e93f4beda4dfca55b8f8c9acmv2.png\",\"contentUrl\":\"https:\\\/\\\/m2camper.com\\\/wp-content\\\/uploads\\\/2025\\\/01\\\/60c9aa_941fb0f4e93f4beda4dfca55b8f8c9acmv2.png\",\"width\":620,\"height\":402},{\"@type\":\"BreadcrumbList\",\"@id\":\"https:\\\/\\\/m2camper.com\\\/aislantes-termicos-oscurecedores-nissan-almera-tino\\\/#breadcrumb\",\"itemListElement\":[{\"@type\":\"ListItem\",\"position\":1,\"name\":\"Portada\",\"item\":\"https:\\\/\\\/m2camper.com\\\/pt\\\/\"},{\"@type\":\"ListItem\",\"position\":2,\"name\":\"Tienda\",\"item\":\"https:\\\/\\\/m2camper.com\\\/pt\\\/loja\\\/\"},{\"@type\":\"ListItem\",\"position\":3,\"name\":\"Aislantes t\u00e9rmicos oscurecedores Nissan Almera Tino\"}]},{\"@type\":\"WebSite\",\"@id\":\"https:\\\/\\\/m2camper.com\\\/pt\\\/#website\",\"url\":\"https:\\\/\\\/m2camper.com\\\/pt\\\/\",\"name\":\"M2 Campers | Aislantes t\u00e9rmicos y oscurecedores para campers\",\"description\":\"Descubre calidad y confort de nuestros aislantes t\u00e9rmicos oscurecedores y colchones para veh\u00edculos. Optimiza tu experiencia en carretera con M2 Camper.\",\"potentialAction\":[{\"@type\":\"SearchAction\",\"target\":{\"@type\":\"EntryPoint\",\"urlTemplate\":\"https:\\\/\\\/m2camper.com\\\/pt\\\/?s={search_term_string}\"},\"query-input\":{\"@type\":\"PropertyValueSpecification\",\"valueRequired\":true,\"valueName\":\"search_term_string\"}}],\"inLanguage\":\"pt-PT\"}]}<\/script>\n<!-- \/ Yoast SEO plugin. -->","yoast_head_json":{"title":"Aislantes t\u00e9rmicos oscurecedores Nissan Almera Tino | M2Camper","description":"Aumente o conforto do seu Nissan Almera Tino com nosso isolamento t\u00e9rmico blackout de 9 camadas. Desfrute de uma viagem mais agrad\u00e1vel, fa\u00e7a calor ou frio.","robots":{"index":"index","follow":"follow","max-snippet":"max-snippet:-1","max-image-preview":"max-image-preview:large","max-video-preview":"max-video-preview:-1"},"canonical":"https:\/\/m2camper.com\/pt\/isoladores-termicos-nissan-almera-tino-para-blackouts\/","og_locale":"pt_PT","og_type":"article","og_title":"Aislantes t\u00e9rmicos oscurecedores Nissan Almera Tino | M2Camper","og_description":"Aumenta el confort en tu Nissan Almera Tino con nuestros aislantes t\u00e9rmicos oscurecedores de 9 capas. Disfruta de un viaje m\u00e1s placentero haga frio o calor.","og_url":"https:\/\/m2camper.com\/pt\/isoladores-termicos-nissan-almera-tino-para-blackouts\/","og_site_name":"M2 Camper | Aislantes t\u00e9rmicos y oscurecedores para campers","article_modified_time":"2025-04-25T09:32:18+00:00","og_image":[{"width":620,"height":402,"url":"https:\/\/m2camper.com\/wp-content\/uploads\/2025\/01\/60c9aa_941fb0f4e93f4beda4dfca55b8f8c9acmv2.png","type":"image\/png"}],"twitter_card":"summary_large_image","twitter_misc":{"Tempo estimado de leitura":"2 minutos"},"schema":{"@context":"https:\/\/schema.org","@graph":[{"@type":"WebPage","@id":"https:\/\/m2camper.com\/aislantes-termicos-oscurecedores-nissan-almera-tino\/","url":"https:\/\/m2camper.com\/aislantes-termicos-oscurecedores-nissan-almera-tino\/","name":"Aislantes t\u00e9rmicos oscurecedores Nissan Almera Tino | M2Camper","isPartOf":{"@id":"https:\/\/m2camper.com\/pt\/#website"},"primaryImageOfPage":{"@id":"https:\/\/m2camper.com\/aislantes-termicos-oscurecedores-nissan-almera-tino\/#primaryimage"},"image":{"@id":"https:\/\/m2camper.com\/aislantes-termicos-oscurecedores-nissan-almera-tino\/#primaryimage"},"thumbnailUrl":"https:\/\/m2camper.com\/wp-content\/uploads\/2025\/01\/60c9aa_941fb0f4e93f4beda4dfca55b8f8c9acmv2.png","datePublished":"2018-12-28T18:41:38+00:00","dateModified":"2025-04-25T09:32:18+00:00","description":"Aumente o conforto do seu Nissan Almera Tino com nosso isolamento t\u00e9rmico blackout de 9 camadas. Desfrute de uma viagem mais agrad\u00e1vel, fa\u00e7a calor ou frio.","breadcrumb":{"@id":"https:\/\/m2camper.com\/aislantes-termicos-oscurecedores-nissan-almera-tino\/#breadcrumb"},"inLanguage":"pt-PT","potentialAction":[{"@type":"ReadAction","target":["https:\/\/m2camper.com\/aislantes-termicos-oscurecedores-nissan-almera-tino\/"]}]},{"@type":"ImageObject","inLanguage":"pt-PT","@id":"https:\/\/m2camper.com\/aislantes-termicos-oscurecedores-nissan-almera-tino\/#primaryimage","url":"https:\/\/m2camper.com\/wp-content\/uploads\/2025\/01\/60c9aa_941fb0f4e93f4beda4dfca55b8f8c9acmv2.png","contentUrl":"https:\/\/m2camper.com\/wp-content\/uploads\/2025\/01\/60c9aa_941fb0f4e93f4beda4dfca55b8f8c9acmv2.png","width":620,"height":402},{"@type":"BreadcrumbList","@id":"https:\/\/m2camper.com\/aislantes-termicos-oscurecedores-nissan-almera-tino\/#breadcrumb","itemListElement":[{"@type":"ListItem","position":1,"name":"Portada","item":"https:\/\/m2camper.com\/pt\/"},{"@type":"ListItem","position":2,"name":"Tienda","item":"https:\/\/m2camper.com\/pt\/loja\/"},{"@type":"ListItem","position":3,"name":"Aislantes t\u00e9rmicos oscurecedores Nissan Almera Tino"}]},{"@type":"WebSite","@id":"https:\/\/m2camper.com\/pt\/#website","url":"https:\/\/m2camper.com\/pt\/","name":"M2 Campers | Isolamento t\u00e9rmico e blackouts para campistas","description":"Descubra a qualidade e o conforto do nosso isolamento t\u00e9rmico blackout e dos nossos colch\u00f5es para ve\u00edculos. Otimize sua experi\u00eancia de viagem com a M2 Camper.","potentialAction":[{"@type":"SearchAction","target":{"@type":"EntryPoint","urlTemplate":"https:\/\/m2camper.com\/pt\/?s={search_term_string}"},"query-input":{"@type":"PropertyValueSpecification","valueRequired":true,"valueName":"search_term_string"}}],"inLanguage":"pt-PT"}]}},"_links":{"self":[{"href":"https:\/\/m2camper.com\/pt\/wp-json\/wp\/v2\/product\/535","targetHints":{"allow":["GET"]}}],"collection":[{"href":"https:\/\/m2camper.com\/pt\/wp-json\/wp\/v2\/product"}],"about":[{"href":"https:\/\/m2camper.com\/pt\/wp-json\/wp\/v2\/types\/product"}],"replies":[{"embeddable":true,"href":"https:\/\/m2camper.com\/pt\/wp-json\/wp\/v2\/comments?post=535"}],"wp:featuredmedia":[{"embeddable":true,"href":"https:\/\/m2camper.com\/pt\/wp-json\/wp\/v2\/media\/536"}],"wp:attachment":[{"href":"https:\/\/m2camper.com\/pt\/wp-json\/wp\/v2\/media?parent=535"}],"wp:term":[{"taxonomy":"product_brand","embeddable":true,"href":"https:\/\/m2camper.com\/pt\/wp-json\/wp\/v2\/product_brand?post=535"},{"taxonomy":"product_cat","embeddable":true,"href":"https:\/\/m2camper.com\/pt\/wp-json\/wp\/v2\/product_cat?post=535"},{"taxonomy":"product_tag","embeddable":true,"href":"https:\/\/m2camper.com\/pt\/wp-json\/wp\/v2\/product_tag?post=535"}],"curies":[{"name":"wp","href":"https:\/\/api.w.org\/{rel}","templated":true}]}}