{"id":11434,"date":"2025-02-04T10:55:04","date_gmt":"2025-02-04T10:55:04","guid":{"rendered":"https:\/\/ultbit.com\/m2camper\/?page_id=11434"},"modified":"2026-04-08T17:37:38","modified_gmt":"2026-04-08T15:37:38","slug":"mapa-do-site","status":"publish","type":"page","link":"https:\/\/m2camper.com\/pt\/mapa-do-site\/","title":{"rendered":"Mapa do site"},"content":{"rendered":"<div data-elementor-type=\"wp-page\" data-elementor-id=\"11434\" class=\"elementor elementor-11434\" data-elementor-post-type=\"page\">\n\t\t\t\t<div class=\"elementor-element elementor-element-227d581 e-flex e-con-boxed e-con e-parent\" data-id=\"227d581\" data-element_type=\"container\" data-e-type=\"container\">\n\t\t\t\t\t<div class=\"e-con-inner\">\n\t\t\t\t<div class=\"elementor-element elementor-element-a1f8f46 elementor-widget elementor-widget-heading\" data-id=\"a1f8f46\" data-element_type=\"widget\" data-e-type=\"widget\" data-widget_type=\"heading.default\">\n\t\t\t\t<div class=\"elementor-widget-container\">\n\t\t\t\t\t<h2 class=\"elementor-heading-title elementor-size-default\">Mapa do site<\/h2>\t\t\t\t<\/div>\n\t\t\t\t<\/div>\n\t\t\t\t<div class=\"elementor-element elementor-element-97445db elementor-widget elementor-widget-sitemap\" data-id=\"97445db\" data-element_type=\"widget\" data-e-type=\"widget\" data-widget_type=\"sitemap.default\">\n\t\t\t\t<div class=\"elementor-widget-container\">\n\t\t\t\t\t<div class=\"elementor-sitemap-wrap\"><div class=\"elementor-sitemap-section\"><h2 class=\"elementor-sitemap-title elementor-sitemap-page-title\">P\u00e1ginas<\/h2><ul class=\"elementor-sitemap-list elementor-sitemap-page-list\"><li class=\"elementor-sitemap-item elementor-sitemap-item-page page_item page-item-17076\"><a href=\"https:\/\/m2camper.com\/pt\/isolantes-camper-barcelona\/\">Isolantes, escurecedores e colch\u00f5es camper por medida em Barcelona<\/a><\/li><li class=\"elementor-sitemap-item elementor-sitemap-item-page page_item page-item-16245\"><a href=\"https:\/\/m2camper.com\/pt\/gerenciar-perfil\/\">Gerenciar perfil<\/a><\/li><li class=\"elementor-sitemap-item elementor-sitemap-item-page page_item page-item-12376\"><a href=\"https:\/\/m2camper.com\/pt\/bolsos\/\">Bolsos<\/a><\/li><li class=\"elementor-sitemap-item elementor-sitemap-item-page page_item page-item-12369\"><a href=\"https:\/\/m2camper.com\/pt\/pecas-soltas-de-isoladores-termicos\/\">Pe\u00e7as soltas de isoladores t\u00e9rmicos<\/a><\/li><li class=\"elementor-sitemap-item elementor-sitemap-item-page page_item page-item-12342\"><a href=\"https:\/\/m2camper.com\/pt\/porcas-de-ventosa\/\">Ventosas + Porcas<\/a><\/li><li class=\"elementor-sitemap-item elementor-sitemap-item-page page_item page-item-11729\"><a href=\"https:\/\/m2camper.com\/pt\/metodos-de-pagamento\/\">M\u00e9todos de pagamento<\/a><\/li><li class=\"elementor-sitemap-item elementor-sitemap-item-page page_item page-item-11724\"><a href=\"https:\/\/m2camper.com\/pt\/envio-e-devolucoes\/\">Envio e devolu\u00e7\u00f5es<\/a><\/li><li class=\"elementor-sitemap-item elementor-sitemap-item-page page_item page-item-11434\"><a href=\"https:\/\/m2camper.com\/pt\/mapa-do-site\/\">Mapa do site<\/a><\/li><li class=\"elementor-sitemap-item elementor-sitemap-item-page page_item page-item-11428\"><a href=\"https:\/\/m2camper.com\/pt\/politica-de-cookies\/\">Pol\u00edtica de Cookies<\/a><\/li><li class=\"elementor-sitemap-item elementor-sitemap-item-page page_item page-item-11422\"><a href=\"https:\/\/m2camper.com\/pt\/politica-de-privacidade\/\">pol\u00edtica de Privacidade<\/a><\/li><li class=\"elementor-sitemap-item elementor-sitemap-item-page page_item page-item-11416\"><a href=\"https:\/\/m2camper.com\/pt\/aviso-legal\/\">Aviso legal<\/a><\/li><li class=\"elementor-sitemap-item elementor-sitemap-item-page page_item page-item-11241\"><a href=\"https:\/\/m2camper.com\/pt\/colchoes-feitos-sob-medida\/\">Colch\u00f5es<\/a><\/li><li class=\"elementor-sitemap-item elementor-sitemap-item-page page_item page-item-11227\"><a href=\"https:\/\/m2camper.com\/pt\/isoladores-blackout-para-maxus\/\">Isoladores blackout para Maxus<\/a><\/li><li class=\"elementor-sitemap-item elementor-sitemap-item-page page_item page-item-11219\"><a href=\"https:\/\/m2camper.com\/pt\/isoladores-blackout-para-volvo\/\">Isoladores blackout para Volvo<\/a><\/li><li class=\"elementor-sitemap-item elementor-sitemap-item-page page_item page-item-11214\"><a href=\"https:\/\/m2camper.com\/pt\/isoladores-de-blackout-para-scania\/\">Isoladores de blackout para Scania<\/a><\/li><li class=\"elementor-sitemap-item elementor-sitemap-item-page page_item page-item-11209\"><a href=\"https:\/\/m2camper.com\/pt\/isoladores-blackout-para-chevrolet\/\">Isoladores blackout para Chevrolet<\/a><\/li><li class=\"elementor-sitemap-item elementor-sitemap-item-page page_item page-item-11204\"><a href=\"https:\/\/m2camper.com\/pt\/isoladores-blackout-para-porsche\/\">Isoladores blackout para Porsche<\/a><\/li><li class=\"elementor-sitemap-item elementor-sitemap-item-page page_item page-item-11199\"><a href=\"https:\/\/m2camper.com\/pt\/isoladores-blackout-para-jipe\/\">Isoladores blackout para Jeep<\/a><\/li><li class=\"elementor-sitemap-item elementor-sitemap-item-page page_item page-item-11194\"><a href=\"https:\/\/m2camper.com\/pt\/isoladores-de-blackout-para-hymer\/\">Isoladores de blackout para Hymer<\/a><\/li><li class=\"elementor-sitemap-item elementor-sitemap-item-page page_item page-item-11189\"><a href=\"https:\/\/m2camper.com\/pt\/isoladores-blackout-para-bmw\/\">Isoladores blackout para BMW<\/a><\/li><li class=\"elementor-sitemap-item elementor-sitemap-item-page page_item page-item-11184\"><a href=\"https:\/\/m2camper.com\/pt\/isoladores-blackout-para-mitsubishi\/\">Isoladores blackout para Mitsubishi<\/a><\/li><li class=\"elementor-sitemap-item elementor-sitemap-item-page page_item page-item-11179\"><a href=\"https:\/\/m2camper.com\/pt\/isoladores-blackout-para-honda\/\">Isoladores blackout para Honda<\/a><\/li><li class=\"elementor-sitemap-item elementor-sitemap-item-page page_item page-item-11174\"><a href=\"https:\/\/m2camper.com\/pt\/isoladores-blackout-para-mahindra\/\">Isoladores de blackout para Mahindra<\/a><\/li><li class=\"elementor-sitemap-item elementor-sitemap-item-page page_item page-item-11169\"><a href=\"https:\/\/m2camper.com\/pt\/isoladores-blackout-para-homem\/\">Isoladores Blackout para Homem<\/a><\/li><li class=\"elementor-sitemap-item elementor-sitemap-item-page page_item page-item-11164\"><a href=\"https:\/\/m2camper.com\/pt\/isoladores-blackout-para-audi\/\">Escurecedores camper para Audi, isolantes t\u00e9rmicos \u00e0 medida de 9 camadas<\/a><\/li><li class=\"elementor-sitemap-item elementor-sitemap-item-page page_item page-item-11159\"><a href=\"https:\/\/m2camper.com\/pt\/isoladores-blackout-para-subaru\/\">Isoladores blackout para Subaru<\/a><\/li><li class=\"elementor-sitemap-item elementor-sitemap-item-page page_item page-item-11154\"><a href=\"https:\/\/m2camper.com\/pt\/isoladores-blackout-para-kia\/\">Isoladores blackout para Kia<\/a><\/li><li class=\"elementor-sitemap-item elementor-sitemap-item-page page_item page-item-11149\"><a href=\"https:\/\/m2camper.com\/pt\/isoladores-blackout-para-suzuki\/\">Isoladores blackout para Suzuki<\/a><\/li><li class=\"elementor-sitemap-item elementor-sitemap-item-page page_item page-item-11144\"><a href=\"https:\/\/m2camper.com\/pt\/isoladores-blackout-para-mazda\/\">Isoladores blackout para Mazda<\/a><\/li><li class=\"elementor-sitemap-item elementor-sitemap-item-page page_item page-item-11139\"><a href=\"https:\/\/m2camper.com\/pt\/isoladores-de-blackout-para-chrysler\/\">Isoladores blackout para Chrysler<\/a><\/li><li class=\"elementor-sitemap-item elementor-sitemap-item-page page_item page-item-11134\"><a href=\"https:\/\/m2camper.com\/pt\/isoladores-blackout-para-skoda\/\">Isoladores blackout para Skoda<\/a><\/li><li class=\"elementor-sitemap-item elementor-sitemap-item-page page_item page-item-11129\"><a href=\"https:\/\/m2camper.com\/pt\/isoladores-blackout-para-seat\/\">Isoladores blackout para Seat<\/a><\/li><li class=\"elementor-sitemap-item elementor-sitemap-item-page page_item page-item-11124\"><a href=\"https:\/\/m2camper.com\/pt\/isoladores-blackout-para-hyundai\/\">Isoladores blackout para Hyundai<\/a><\/li><li class=\"elementor-sitemap-item elementor-sitemap-item-page page_item page-item-11119\"><a href=\"https:\/\/m2camper.com\/pt\/isoladores-blackout-para-dacia\/\">Isoladores blackout para Dacia<\/a><\/li><li class=\"elementor-sitemap-item elementor-sitemap-item-page page_item page-item-11114\"><a href=\"https:\/\/m2camper.com\/pt\/isoladores-blackout-para-renault\/\">Isoladores blackout para Renault<\/a><\/li><li class=\"elementor-sitemap-item elementor-sitemap-item-page page_item page-item-11109\"><a href=\"https:\/\/m2camper.com\/pt\/isoladores-de-blackout-para-land-rover\/\">Isoladores blackout para Land Rover<\/a><\/li><li class=\"elementor-sitemap-item elementor-sitemap-item-page page_item page-item-11104\"><a href=\"https:\/\/m2camper.com\/pt\/isoladores-blackout-para-ssangyong\/\">Isoladores blackout para Ssangyong<\/a><\/li><li class=\"elementor-sitemap-item elementor-sitemap-item-page page_item page-item-11099\"><a href=\"https:\/\/m2camper.com\/pt\/isoladores-blackout-para-iveco\/\">Isoladores blackout para Iveco<\/a><\/li><li class=\"elementor-sitemap-item elementor-sitemap-item-page page_item page-item-11094\"><a href=\"https:\/\/m2camper.com\/pt\/isoladores-blackout-para-ford\/\">Isoladores blackout para Ford<\/a><\/li><li class=\"elementor-sitemap-item elementor-sitemap-item-page page_item page-item-11089\"><a href=\"https:\/\/m2camper.com\/pt\/isoladores-blackout-para-peugeot\/\">Isoladores blackout para Peugeot<\/a><\/li><li class=\"elementor-sitemap-item elementor-sitemap-item-page page_item page-item-11084\"><a href=\"https:\/\/m2camper.com\/pt\/isoladores-blackout-para-nissan\/\">Isoladores blackout para Nissan<\/a><\/li><li class=\"elementor-sitemap-item elementor-sitemap-item-page page_item page-item-11079\"><a href=\"https:\/\/m2camper.com\/pt\/isoladores-de-blackout-para-toyota\/\">Isoladores blackout para Toyota<\/a><\/li><li class=\"elementor-sitemap-item elementor-sitemap-item-page page_item page-item-11074\"><a href=\"https:\/\/m2camper.com\/pt\/isoladores-blackout-para-opel\/\">Isoladores blackout para Opel<\/a><\/li><li class=\"elementor-sitemap-item elementor-sitemap-item-page page_item page-item-11069\"><a href=\"https:\/\/m2camper.com\/pt\/isoladores-blackout-para-fiat\/\">Isoladores blackout para Fiat<\/a><\/li><li class=\"elementor-sitemap-item elementor-sitemap-item-page page_item page-item-11064\"><a href=\"https:\/\/m2camper.com\/pt\/isoladores-blackout-para-mercedes\/\">Isoladores blackout para Mercedes<\/a><\/li><li class=\"elementor-sitemap-item elementor-sitemap-item-page page_item page-item-11059\"><a href=\"https:\/\/m2camper.com\/pt\/isoladores-blackout-para-volkswagen\/\">Isoladores blackout para Volkswagen<\/a><\/li><li class=\"elementor-sitemap-item elementor-sitemap-item-page page_item page-item-10975\"><a href=\"https:\/\/m2camper.com\/pt\/isoladores-blackout-para-citroen\/\">Isoladores blackout para Citro\u00ebn<\/a><\/li><li class=\"elementor-sitemap-item elementor-sitemap-item-page page_item page-item-10865\"><a href=\"https:\/\/m2camper.com\/pt\/isoladores\/\">Isoladores de blackout t\u00e9rmico<\/a><\/li><li class=\"elementor-sitemap-item elementor-sitemap-item-page page_item page-item-10820\"><a href=\"https:\/\/m2camper.com\/pt\/blog\/\">Blogue<\/a><\/li><li class=\"elementor-sitemap-item elementor-sitemap-item-page page_item page-item-10798\"><a href=\"https:\/\/m2camper.com\/pt\/sobre-nos\/\">Sobre n\u00f3s<\/a><\/li><li class=\"elementor-sitemap-item elementor-sitemap-item-page page_item page-item-10779\"><a href=\"https:\/\/m2camper.com\/pt\/contato\/\">Contato<\/a><\/li><li class=\"elementor-sitemap-item elementor-sitemap-item-page page_item page-item-10656\"><a href=\"https:\/\/m2camper.com\/pt\/\">Come\u00e7ar<\/a><\/li><li class=\"elementor-sitemap-item elementor-sitemap-item-page page_item page-item-10\"><a href=\"https:\/\/m2camper.com\/pt\/minha-conta\/\">Minha conta<\/a><\/li><li class=\"elementor-sitemap-item elementor-sitemap-item-page page_item page-item-9\"><a href=\"https:\/\/m2camper.com\/pt\/finalizar-compra\/\">Concluir compra<\/a><\/li><li class=\"elementor-sitemap-item elementor-sitemap-item-page page_item page-item-8\"><a href=\"https:\/\/m2camper.com\/pt\/carrinho\/\">Carrinho<\/a><\/li><li class=\"elementor-sitemap-item elementor-sitemap-item-page page_item page-item-7\"><a href=\"https:\/\/m2camper.com\/pt\/loja\/\">Loja<\/a><\/li><\/ul><\/div><\/div>\t\t\t\t<\/div>\n\t\t\t\t<\/div>\n\t\t\t\t\t<\/div>\n\t\t\t\t<\/div>\n\t\t\t\t<\/div>","protected":false},"excerpt":{"rendered":"<p>Mapa do site<\/p>","protected":false},"author":5740,"featured_media":0,"parent":0,"menu_order":0,"comment_status":"closed","ping_status":"closed","template":"page-templates\/template-pagebuilder-full-width.php","meta":{"neve_meta_sidebar":"","neve_meta_container":"","neve_meta_enable_content_width":"off","neve_meta_content_width":100,"neve_meta_title_alignment":"","neve_meta_author_avatar":"","neve_post_elements_order":"","neve_meta_disable_header":"","neve_meta_disable_footer":"","neve_meta_disable_title":"","footnotes":""},"class_list":["post-11434","page","type-page","status-publish","hentry"],"yoast_head":"<!-- This site is optimized with the Yoast SEO plugin v27.4 - https:\/\/yoast.com\/product\/yoast-seo-wordpress\/ -->\n<title>Mapa del sitio - M2 Camper | Aislantes t\u00e9rmicos y oscurecedores para campers<\/title>\n<meta name=\"robots\" content=\"noindex, nofollow\" \/>\n<meta property=\"og:locale\" content=\"pt_PT\" \/>\n<meta property=\"og:type\" content=\"article\" \/>\n<meta property=\"og:title\" content=\"Mapa del sitio - M2 Camper | Aislantes t\u00e9rmicos y oscurecedores para campers\" \/>\n<meta property=\"og:description\" content=\"Mapa del sitio\" \/>\n<meta property=\"og:url\" content=\"https:\/\/m2camper.com\/pt\/mapa-do-site\/\" \/>\n<meta property=\"og:site_name\" content=\"M2 Camper | Aislantes t\u00e9rmicos y oscurecedores para campers\" \/>\n<meta property=\"article:modified_time\" content=\"2026-04-08T15:37:38+00:00\" \/>\n<meta name=\"twitter:card\" content=\"summary_large_image\" \/>\n<meta name=\"twitter:label1\" content=\"Tempo estimado de leitura\" \/>\n\t<meta name=\"twitter:data1\" content=\"1 minuto\" \/>\n<script type=\"application\/ld+json\" class=\"yoast-schema-graph\">{\"@context\":\"https:\\\/\\\/schema.org\",\"@graph\":[{\"@type\":\"WebPage\",\"@id\":\"https:\\\/\\\/m2camper.com\\\/mapa-del-sitio\\\/\",\"url\":\"https:\\\/\\\/m2camper.com\\\/mapa-del-sitio\\\/\",\"name\":\"Mapa del sitio - M2 Camper | Aislantes t\u00e9rmicos y oscurecedores para campers\",\"isPartOf\":{\"@id\":\"https:\\\/\\\/m2camper.com\\\/pt\\\/#website\"},\"datePublished\":\"2025-02-04T10:55:04+00:00\",\"dateModified\":\"2026-04-08T15:37:38+00:00\",\"breadcrumb\":{\"@id\":\"https:\\\/\\\/m2camper.com\\\/mapa-del-sitio\\\/#breadcrumb\"},\"inLanguage\":\"pt-PT\",\"potentialAction\":[{\"@type\":\"ReadAction\",\"target\":[\"https:\\\/\\\/m2camper.com\\\/mapa-del-sitio\\\/\"]}]},{\"@type\":\"BreadcrumbList\",\"@id\":\"https:\\\/\\\/m2camper.com\\\/mapa-del-sitio\\\/#breadcrumb\",\"itemListElement\":[{\"@type\":\"ListItem\",\"position\":1,\"name\":\"Portada\",\"item\":\"https:\\\/\\\/m2camper.com\\\/pt\\\/\"},{\"@type\":\"ListItem\",\"position\":2,\"name\":\"Mapa del sitio\"}]},{\"@type\":\"WebSite\",\"@id\":\"https:\\\/\\\/m2camper.com\\\/pt\\\/#website\",\"url\":\"https:\\\/\\\/m2camper.com\\\/pt\\\/\",\"name\":\"M2 Campers | Aislantes t\u00e9rmicos y oscurecedores para campers\",\"description\":\"Descubre calidad y confort de nuestros aislantes t\u00e9rmicos oscurecedores y colchones para veh\u00edculos. Optimiza tu experiencia en carretera con M2 Camper.\",\"potentialAction\":[{\"@type\":\"SearchAction\",\"target\":{\"@type\":\"EntryPoint\",\"urlTemplate\":\"https:\\\/\\\/m2camper.com\\\/pt\\\/?s={search_term_string}\"},\"query-input\":{\"@type\":\"PropertyValueSpecification\",\"valueRequired\":true,\"valueName\":\"search_term_string\"}}],\"inLanguage\":\"pt-PT\"}]}<\/script>\n<!-- \/ Yoast SEO plugin. -->","yoast_head_json":{"title":"Mapa do Site - M2 Camper | Isolamento t\u00e9rmico e blackouts para campistas","robots":{"index":"noindex","follow":"nofollow"},"og_locale":"pt_PT","og_type":"article","og_title":"Mapa del sitio - M2 Camper | Aislantes t\u00e9rmicos y oscurecedores para campers","og_description":"Mapa del sitio","og_url":"https:\/\/m2camper.com\/pt\/mapa-do-site\/","og_site_name":"M2 Camper | Aislantes t\u00e9rmicos y oscurecedores para campers","article_modified_time":"2026-04-08T15:37:38+00:00","twitter_card":"summary_large_image","twitter_misc":{"Tempo estimado de leitura":"1 minuto"},"schema":{"@context":"https:\/\/schema.org","@graph":[{"@type":"WebPage","@id":"https:\/\/m2camper.com\/mapa-del-sitio\/","url":"https:\/\/m2camper.com\/mapa-del-sitio\/","name":"Mapa do Site - M2 Camper | Isolamento t\u00e9rmico e blackouts para campistas","isPartOf":{"@id":"https:\/\/m2camper.com\/pt\/#website"},"datePublished":"2025-02-04T10:55:04+00:00","dateModified":"2026-04-08T15:37:38+00:00","breadcrumb":{"@id":"https:\/\/m2camper.com\/mapa-del-sitio\/#breadcrumb"},"inLanguage":"pt-PT","potentialAction":[{"@type":"ReadAction","target":["https:\/\/m2camper.com\/mapa-del-sitio\/"]}]},{"@type":"BreadcrumbList","@id":"https:\/\/m2camper.com\/mapa-del-sitio\/#breadcrumb","itemListElement":[{"@type":"ListItem","position":1,"name":"Portada","item":"https:\/\/m2camper.com\/pt\/"},{"@type":"ListItem","position":2,"name":"Mapa del sitio"}]},{"@type":"WebSite","@id":"https:\/\/m2camper.com\/pt\/#website","url":"https:\/\/m2camper.com\/pt\/","name":"M2 Campers | Isolamento t\u00e9rmico e blackouts para campistas","description":"Descubra a qualidade e o conforto do nosso isolamento t\u00e9rmico blackout e dos nossos colch\u00f5es para ve\u00edculos. Otimize sua experi\u00eancia de viagem com a M2 Camper.","potentialAction":[{"@type":"SearchAction","target":{"@type":"EntryPoint","urlTemplate":"https:\/\/m2camper.com\/pt\/?s={search_term_string}"},"query-input":{"@type":"PropertyValueSpecification","valueRequired":true,"valueName":"search_term_string"}}],"inLanguage":"pt-PT"}]}},"_links":{"self":[{"href":"https:\/\/m2camper.com\/pt\/wp-json\/wp\/v2\/pages\/11434","targetHints":{"allow":["GET"]}}],"collection":[{"href":"https:\/\/m2camper.com\/pt\/wp-json\/wp\/v2\/pages"}],"about":[{"href":"https:\/\/m2camper.com\/pt\/wp-json\/wp\/v2\/types\/page"}],"author":[{"embeddable":true,"href":"https:\/\/m2camper.com\/pt\/wp-json\/wp\/v2\/users\/5740"}],"replies":[{"embeddable":true,"href":"https:\/\/m2camper.com\/pt\/wp-json\/wp\/v2\/comments?post=11434"}],"version-history":[{"count":16,"href":"https:\/\/m2camper.com\/pt\/wp-json\/wp\/v2\/pages\/11434\/revisions"}],"predecessor-version":[{"id":11478,"href":"https:\/\/m2camper.com\/pt\/wp-json\/wp\/v2\/pages\/11434\/revisions\/11478"}],"wp:attachment":[{"href":"https:\/\/m2camper.com\/pt\/wp-json\/wp\/v2\/media?parent=11434"}],"curies":[{"name":"wp","href":"https:\/\/api.w.org\/{rel}","templated":true}]}}