{"id":11422,"date":"2025-02-04T10:46:00","date_gmt":"2025-02-04T10:46:00","guid":{"rendered":"https:\/\/ultbit.com\/m2camper\/?page_id=11422"},"modified":"2026-04-08T17:38:49","modified_gmt":"2026-04-08T15:38:49","slug":"politica-de-privacidade","status":"publish","type":"page","link":"https:\/\/m2camper.com\/pt\/politica-de-privacidade\/","title":{"rendered":"pol\u00edtica de Privacidade"},"content":{"rendered":"<div data-elementor-type=\"wp-page\" data-elementor-id=\"11422\" class=\"elementor elementor-11422\" data-elementor-post-type=\"page\">\n\t\t\t\t<div class=\"elementor-element elementor-element-404c8f1 e-flex e-con-boxed e-con e-parent\" data-id=\"404c8f1\" data-element_type=\"container\" data-e-type=\"container\" data-settings=\"{&quot;background_background&quot;:&quot;classic&quot;}\">\n\t\t\t\t\t<div class=\"e-con-inner\">\n\t\t\t\t<div class=\"elementor-element elementor-element-0e987a4 elementor-widget elementor-widget-text-editor\" data-id=\"0e987a4\" data-element_type=\"widget\" data-e-type=\"widget\" data-widget_type=\"text-editor.default\">\n\t\t\t\t<div class=\"elementor-widget-container\">\n\t\t\t\t\t\t\t\t\t<h2 style=\"color: #000000 !important;\">POL\u00cdTICA DE PRIVACIDADE<\/h2><h3 style=\"color: #000000 !important;\">1. INFORMA\u00c7\u00c3O PARA O UTILIZADOR<\/h3><p><strong>Quem \u00e9 o respons\u00e1vel pelo tratamento dos seus dados pessoais?<\/strong><\/p><p>MARIA ISABEL ARTAL MORENO (M2 CAMPER) \u00e9 a RESPONS\u00c1VEL pelo tratamento dos dados pessoais do UTILIZADOR e informa que esses dados ser\u00e3o tratados em conformidade com o disposto no Regulamento (UE) 2016\/679, de 27 de abril (GDPR), e na Lei Org\u00e2nica 3\/2018, de 5 de dezembro (LOPDGDD).<\/p><p><strong>Por que tratamos os seus dados pessoais?<\/strong><\/p><p>Para manter uma rela\u00e7\u00e3o comercial com o utilizador. As opera\u00e7\u00f5es previstas para o tratamento s\u00e3o:<\/p><ul><li>Envio de comunica\u00e7\u00f5es comerciais publicit\u00e1rias por e-mail, fax, SMS, MMS, redes sociais ou qualquer outro meio eletr\u00f3nico ou f\u00edsico, presente ou futuro, que permita a realiza\u00e7\u00e3o de comunica\u00e7\u00f5es comerciais. Estas comunica\u00e7\u00f5es ser\u00e3o realizadas pelo RESPONS\u00c1VEL e estar\u00e3o relacionadas com os seus produtos e servi\u00e7os, ou com os dos seus colaboradores ou fornecedores, com os quais tenha estabelecido algum acordo de promo\u00e7\u00e3o. Neste caso, terceiros nunca ter\u00e3o acesso aos dados pessoais.<\/li><li>Realizar estudos de mercado e an\u00e1lises estat\u00edsticas.<\/li><li>Tratar pedidos, responder a consultas ou qualquer tipo de solicita\u00e7\u00e3o realizada pelo UTILIZADOR atrav\u00e9s de qualquer uma das formas de contacto disponibilizadas no website do RESPONS\u00c1VEL.<\/li><li>Enviar a newsletter online sobre novidades, ofertas e promo\u00e7\u00f5es da nossa atividade.<\/li><\/ul><p><strong>Por que motivo podemos tratar os seus dados pessoais?<\/strong><\/p><p>Porque o tratamento est\u00e1 legitimado pelo artigo 6.\u00ba do GDPR da seguinte forma:<\/p><ul><li>Com o consentimento do UTILIZADOR: envio de comunica\u00e7\u00f5es comerciais e da newsletter.<\/li><li>Com base no interesse leg\u00edtimo do RESPONS\u00c1VEL: realizar estudos de mercado, an\u00e1lises estat\u00edsticas, etc., e tratar encomendas, pedidos, etc. a pedido do UTILIZADOR.<\/li><\/ul><p><strong>Durante quanto tempo iremos conservar os seus dados pessoais?<\/strong><\/p><p>Ser\u00e3o conservados durante o tempo estritamente necess\u00e1rio para cumprir a finalidade do tratamento ou enquanto existirem obriga\u00e7\u00f5es legais que determinem a sua conserva\u00e7\u00e3o e, quando j\u00e1 n\u00e3o forem necess\u00e1rios, ser\u00e3o eliminados com medidas de seguran\u00e7a adequadas para garantir a anonimiza\u00e7\u00e3o dos dados ou a sua destrui\u00e7\u00e3o total.<\/p><p><strong>A quem fornecemos os seus dados pessoais?<\/strong><\/p><p>N\u00e3o est\u00e1 prevista qualquer comunica\u00e7\u00e3o de dados pessoais a terceiros, exceto se for necess\u00e1rio para o desenvolvimento e execu\u00e7\u00e3o das finalidades do tratamento, aos nossos prestadores de servi\u00e7os relacionados com comunica\u00e7\u00f5es, com os quais o RESPONS\u00c1VEL celebrou os contratos de confidencialidade e de tratamento de dados exigidos pela legisla\u00e7\u00e3o de privacidade em vigor.<\/p><p><strong>Quais s\u00e3o os seus direitos?<\/strong><\/p><p>Os direitos do UTILIZADOR s\u00e3o:<\/p><ul><li>Direito de retirar seu consentimento a qualquer momento.<\/li><li>Direito de acesso, retifica\u00e7\u00e3o, portabilidade e elimina\u00e7\u00e3o dos seus dados, bem como de limita\u00e7\u00e3o ou oposi\u00e7\u00e3o ao seu tratamento.<\/li><li>Derecho a presentar una reclamaci\u00f3n ante la autoridad de control (<a href=\"https:\/\/www.aepd.es\" target=\"_blank\" rel=\"noopener noreferrer\">www.aepd.es<\/a>) si considera que el tratamiento no se ajusta a la normativa vigente.<\/li><\/ul><p><strong>Informa\u00e7\u00f5es de contato para exercer seus direitos:<\/strong><\/p><p>MARIA ISABEL ARTAL MORENO (M2 CAMPER). Carrer de Num\u00e0ncia, 30 \u2013 08184 Palau-solit\u00e0 i Plegamans (Barcelona). E-mail: <a href=\"mailto:m2camper@gmail.com\">m2camper@gmail.com<\/a><\/p><h3 style=\"color: #000000 !important;\">2. CAR\u00c1TER OBRIGAT\u00d3RIO OU FACULTATIVO DA INFORMA\u00c7\u00c3O FORNECIDA PELO UTILIZADOR<\/h3><p>Os UTILIZADORES, atrav\u00e9s da marca\u00e7\u00e3o das caixas correspondentes e da introdu\u00e7\u00e3o de dados nos campos assinalados com um asterisco (*) no formul\u00e1rio de contacto ou apresentados em formul\u00e1rios de download, aceitam expressamente, de forma livre e inequ\u00edvoca, que os seus dados s\u00e3o necess\u00e1rios para o tratamento do seu pedido pelo prestador, sendo portanto facultativa a inclus\u00e3o de dados nos restantes campos. O UTILIZADOR garante que os dados pessoais fornecidos ao RESPONS\u00c1VEL s\u00e3o ver\u00eddicos e compromete-se a comunicar qualquer altera\u00e7\u00e3o dos mesmos.<\/p><p>O RESPONS\u00c1VEL informa que todos os dados solicitados atrav\u00e9s do website s\u00e3o obrigat\u00f3rios, uma vez que s\u00e3o necess\u00e1rios para a presta\u00e7\u00e3o de um servi\u00e7o \u00f3timo ao UTILIZADOR. Caso n\u00e3o sejam fornecidos todos os dados, n\u00e3o se garante que as informa\u00e7\u00f5es e servi\u00e7os prestados correspondam plenamente \u00e0s suas necessidades.<\/p><h3 style=\"color: #000000 !important;\">3. MEDIDAS DE SEGURAN\u00c7A<\/h3><p>Que, em conformidade com o disposto na legisla\u00e7\u00e3o em vigor em mat\u00e9ria de prote\u00e7\u00e3o de dados pessoais, o RESPONS\u00c1VEL cumpre todas as disposi\u00e7\u00f5es do GDPR e da LOPDGDD para o tratamento dos dados pessoais sob a sua responsabilidade, e expressamente com os princ\u00edpios descritos no artigo 5.\u00ba do GDPR, segundo os quais os dados s\u00e3o tratados de forma l\u00edcita, leal e transparente em rela\u00e7\u00e3o ao titular e s\u00e3o adequados, pertinentes e limitados ao necess\u00e1rio em rela\u00e7\u00e3o \u00e0s finalidades para as quais s\u00e3o tratados.<\/p><p>O RESPONS\u00c1VEL garante que implementou pol\u00edticas t\u00e9cnicas e organizativas adequadas para aplicar as medidas de seguran\u00e7a estabelecidas pelo GDPR e pela LOPDGDD, com o objetivo de proteger os direitos e liberdades dos UTILIZADORES, e que lhes comunicou a informa\u00e7\u00e3o adequada para que possam exerc\u00ea-los.<\/p><p>Para mais informa\u00e7\u00f5es sobre as garantias de privacidade, pode contactar o RESPONS\u00c1VEL atrav\u00e9s de MARIA ISABEL ARTAL MORENO (M2 CAMPER). Carrer de Num\u00e0ncia, 30 \u2013 08184 Palau-solit\u00e0 i Plegamans (Barcelona). E-mail: <a href=\"mailto:m2camper@gmail.com\">m2camper@gmail.com<\/a><\/p>\t\t\t\t\t\t\t\t<\/div>\n\t\t\t\t<\/div>\n\t\t\t\t\t<\/div>\n\t\t\t\t<\/div>\n\t\t\t\t<\/div>","protected":false},"excerpt":{"rendered":"<p>POL\u00cdTICA DE PRIVACIDAD 1. INFORMACI\u00d3N PARA EL USUARIO \u00bfQui\u00e9n es el responsable del tratamiento de tus datos personales? MARIA ISABEL ARTAL MORENO (M2 CAMPER) es el RESPONSABLE del tratamiento de los datos personales del USUARIO y le informa de que estos datos ser\u00e1n tratados de conformidad con lo dispuesto en el Reglamento (UE) 2016\/679, de&hellip;&nbsp;<a href=\"https:\/\/m2camper.com\/pt\/politica-de-privacidade\/\" rel=\"bookmark\">Ler mais &raquo;<span class=\"screen-reader-text\">pol\u00edtica de Privacidade<\/span><\/a><\/p>","protected":false},"author":5740,"featured_media":0,"parent":0,"menu_order":0,"comment_status":"closed","ping_status":"closed","template":"page-templates\/template-pagebuilder-full-width.php","meta":{"neve_meta_sidebar":"","neve_meta_container":"","neve_meta_enable_content_width":"off","neve_meta_content_width":100,"neve_meta_title_alignment":"","neve_meta_author_avatar":"","neve_post_elements_order":"","neve_meta_disable_header":"","neve_meta_disable_footer":"","neve_meta_disable_title":"","footnotes":""},"class_list":["post-11422","page","type-page","status-publish","hentry"],"yoast_head":"<!-- This site is optimized with the Yoast SEO plugin v27.4 - https:\/\/yoast.com\/product\/yoast-seo-wordpress\/ -->\n<title>Pol\u00edtica de privacidad - M2 Camper | Aislantes t\u00e9rmicos y oscurecedores para campers<\/title>\n<meta name=\"robots\" content=\"noindex, nofollow\" \/>\n<meta property=\"og:locale\" content=\"pt_PT\" \/>\n<meta property=\"og:type\" content=\"article\" \/>\n<meta property=\"og:title\" content=\"Pol\u00edtica de privacidad - M2 Camper | Aislantes t\u00e9rmicos y oscurecedores para campers\" \/>\n<meta property=\"og:description\" content=\"POL\u00cdTICA DE PRIVACIDAD 1. INFORMACI\u00d3N PARA EL USUARIO \u00bfQui\u00e9n es el responsable del tratamiento de tus datos personales? MARIA ISABEL ARTAL MORENO (M2 CAMPER) es el RESPONSABLE del tratamiento de los datos personales del USUARIO y le informa de que estos datos ser\u00e1n tratados de conformidad con lo dispuesto en el Reglamento (UE) 2016\/679, de&hellip;&nbsp;Ler mais &raquo;Pol\u00edtica de privacidad\" \/>\n<meta property=\"og:url\" content=\"https:\/\/m2camper.com\/pt\/politica-de-privacidade\/\" \/>\n<meta property=\"og:site_name\" content=\"M2 Camper | Aislantes t\u00e9rmicos y oscurecedores para campers\" \/>\n<meta property=\"article:modified_time\" content=\"2026-04-08T15:38:49+00:00\" \/>\n<meta name=\"twitter:card\" content=\"summary_large_image\" \/>\n<meta name=\"twitter:label1\" content=\"Tempo estimado de leitura\" \/>\n\t<meta name=\"twitter:data1\" content=\"4 minutos\" \/>\n<script type=\"application\/ld+json\" class=\"yoast-schema-graph\">{\"@context\":\"https:\\\/\\\/schema.org\",\"@graph\":[{\"@type\":\"WebPage\",\"@id\":\"https:\\\/\\\/m2camper.com\\\/politica-de-privacidad\\\/\",\"url\":\"https:\\\/\\\/m2camper.com\\\/politica-de-privacidad\\\/\",\"name\":\"Pol\u00edtica de privacidad - M2 Camper | Aislantes t\u00e9rmicos y oscurecedores para campers\",\"isPartOf\":{\"@id\":\"https:\\\/\\\/m2camper.com\\\/pt\\\/#website\"},\"datePublished\":\"2025-02-04T10:46:00+00:00\",\"dateModified\":\"2026-04-08T15:38:49+00:00\",\"breadcrumb\":{\"@id\":\"https:\\\/\\\/m2camper.com\\\/politica-de-privacidad\\\/#breadcrumb\"},\"inLanguage\":\"pt-PT\",\"potentialAction\":[{\"@type\":\"ReadAction\",\"target\":[\"https:\\\/\\\/m2camper.com\\\/politica-de-privacidad\\\/\"]}]},{\"@type\":\"BreadcrumbList\",\"@id\":\"https:\\\/\\\/m2camper.com\\\/politica-de-privacidad\\\/#breadcrumb\",\"itemListElement\":[{\"@type\":\"ListItem\",\"position\":1,\"name\":\"Portada\",\"item\":\"https:\\\/\\\/m2camper.com\\\/pt\\\/\"},{\"@type\":\"ListItem\",\"position\":2,\"name\":\"Pol\u00edtica de privacidad\"}]},{\"@type\":\"WebSite\",\"@id\":\"https:\\\/\\\/m2camper.com\\\/pt\\\/#website\",\"url\":\"https:\\\/\\\/m2camper.com\\\/pt\\\/\",\"name\":\"M2 Campers | Aislantes t\u00e9rmicos y oscurecedores para campers\",\"description\":\"Descubre calidad y confort de nuestros aislantes t\u00e9rmicos oscurecedores y colchones para veh\u00edculos. Optimiza tu experiencia en carretera con M2 Camper.\",\"potentialAction\":[{\"@type\":\"SearchAction\",\"target\":{\"@type\":\"EntryPoint\",\"urlTemplate\":\"https:\\\/\\\/m2camper.com\\\/pt\\\/?s={search_term_string}\"},\"query-input\":{\"@type\":\"PropertyValueSpecification\",\"valueRequired\":true,\"valueName\":\"search_term_string\"}}],\"inLanguage\":\"pt-PT\"}]}<\/script>\n<!-- \/ Yoast SEO plugin. -->","yoast_head_json":{"title":"Pol\u00edtica de Privacidade - M2 Camper | Isolamento t\u00e9rmico e blackouts para campistas","robots":{"index":"noindex","follow":"nofollow"},"og_locale":"pt_PT","og_type":"article","og_title":"Pol\u00edtica de privacidad - M2 Camper | Aislantes t\u00e9rmicos y oscurecedores para campers","og_description":"POL\u00cdTICA DE PRIVACIDAD 1. INFORMACI\u00d3N PARA EL USUARIO \u00bfQui\u00e9n es el responsable del tratamiento de tus datos personales? MARIA ISABEL ARTAL MORENO (M2 CAMPER) es el RESPONSABLE del tratamiento de los datos personales del USUARIO y le informa de que estos datos ser\u00e1n tratados de conformidad con lo dispuesto en el Reglamento (UE) 2016\/679, de&hellip;&nbsp;Ler mais &raquo;Pol\u00edtica de privacidad","og_url":"https:\/\/m2camper.com\/pt\/politica-de-privacidade\/","og_site_name":"M2 Camper | Aislantes t\u00e9rmicos y oscurecedores para campers","article_modified_time":"2026-04-08T15:38:49+00:00","twitter_card":"summary_large_image","twitter_misc":{"Tempo estimado de leitura":"4 minutos"},"schema":{"@context":"https:\/\/schema.org","@graph":[{"@type":"WebPage","@id":"https:\/\/m2camper.com\/politica-de-privacidad\/","url":"https:\/\/m2camper.com\/politica-de-privacidad\/","name":"Pol\u00edtica de Privacidade - M2 Camper | Isolamento t\u00e9rmico e blackouts para campistas","isPartOf":{"@id":"https:\/\/m2camper.com\/pt\/#website"},"datePublished":"2025-02-04T10:46:00+00:00","dateModified":"2026-04-08T15:38:49+00:00","breadcrumb":{"@id":"https:\/\/m2camper.com\/politica-de-privacidad\/#breadcrumb"},"inLanguage":"pt-PT","potentialAction":[{"@type":"ReadAction","target":["https:\/\/m2camper.com\/politica-de-privacidad\/"]}]},{"@type":"BreadcrumbList","@id":"https:\/\/m2camper.com\/politica-de-privacidad\/#breadcrumb","itemListElement":[{"@type":"ListItem","position":1,"name":"Portada","item":"https:\/\/m2camper.com\/pt\/"},{"@type":"ListItem","position":2,"name":"Pol\u00edtica de privacidad"}]},{"@type":"WebSite","@id":"https:\/\/m2camper.com\/pt\/#website","url":"https:\/\/m2camper.com\/pt\/","name":"M2 Campers | Isolamento t\u00e9rmico e blackouts para campistas","description":"Descubra a qualidade e o conforto do nosso isolamento t\u00e9rmico blackout e dos nossos colch\u00f5es para ve\u00edculos. Otimize sua experi\u00eancia de viagem com a M2 Camper.","potentialAction":[{"@type":"SearchAction","target":{"@type":"EntryPoint","urlTemplate":"https:\/\/m2camper.com\/pt\/?s={search_term_string}"},"query-input":{"@type":"PropertyValueSpecification","valueRequired":true,"valueName":"search_term_string"}}],"inLanguage":"pt-PT"}]}},"_links":{"self":[{"href":"https:\/\/m2camper.com\/pt\/wp-json\/wp\/v2\/pages\/11422","targetHints":{"allow":["GET"]}}],"collection":[{"href":"https:\/\/m2camper.com\/pt\/wp-json\/wp\/v2\/pages"}],"about":[{"href":"https:\/\/m2camper.com\/pt\/wp-json\/wp\/v2\/types\/page"}],"author":[{"embeddable":true,"href":"https:\/\/m2camper.com\/pt\/wp-json\/wp\/v2\/users\/5740"}],"replies":[{"embeddable":true,"href":"https:\/\/m2camper.com\/pt\/wp-json\/wp\/v2\/comments?post=11422"}],"version-history":[{"count":22,"href":"https:\/\/m2camper.com\/pt\/wp-json\/wp\/v2\/pages\/11422\/revisions"}],"predecessor-version":[{"id":16935,"href":"https:\/\/m2camper.com\/pt\/wp-json\/wp\/v2\/pages\/11422\/revisions\/16935"}],"wp:attachment":[{"href":"https:\/\/m2camper.com\/pt\/wp-json\/wp\/v2\/media?parent=11422"}],"curies":[{"name":"wp","href":"https:\/\/api.w.org\/{rel}","templated":true}]}}