{"id":3553,"date":"2025-01-23T14:05:52","date_gmt":"2025-01-23T14:05:52","guid":{"rendered":"https:\/\/m2campera.proyectosdesarrollosweb.com\/?product=ventosas-de-rosca-5-unidades"},"modified":"2025-04-25T09:32:05","modified_gmt":"2025-04-25T09:32:05","slug":"ventose-avvitabili-da-5-pezzi","status":"publish","type":"product","link":"https:\/\/m2camper.com\/it\/ventose-avvitabili-da-5-pezzi\/","title":{"rendered":"Ventose a vite (5 unit\u00e0)"},"content":{"rendered":"<p>Scopri la soluzione definitiva per massimizzare le prestazioni termiche del tuo camper con le nostre ventose filettate specializzate. Progettate specificamente per l&#039;isolamento termico, queste ventose offrono una presa salda e duratura, garantendo una presa sicura su qualsiasi superficie.<\/p>\n<p>&nbsp;<\/p>\n<p>Realizzate con materiali di alta qualit\u00e0, le nostre ventose resistono a condizioni meteorologiche estreme, garantendo prestazioni ottimali anche a temperature rigide. La filettatura speciale garantisce un&#039;installazione rapida e semplice, consentendo di personalizzare il posizionamento degli isolanti termici in base alle proprie esigenze specifiche.<\/p>\n<p>Le prese d&#039;aria filettate sono la soluzione perfetta per mantenere la temperatura ideale nel tuo camper, poich\u00e9 prevengono la dispersione di calore in inverno e riducono il calore eccessivo in estate. Sfrutta al meglio la tua esperienza di viaggio creando un ambiente confortevole ed efficiente dal punto di vista energetico.<\/p>\n<p>&nbsp;<\/p>\n<p>Migliora l&#039;efficienza del tuo isolamento termico con le nostre ventose filettate specializzate. Trasforma il tuo camper in un rifugio accogliente tutto l&#039;anno!<\/p>","protected":false},"excerpt":{"rendered":"<p>Ventose trasparenti ad alta aspirazione da 50 mm di diametro con un perno in acciaio inossidabile lungo 10 mm iniettato nella ventosa con un dado grigio.<\/p>","protected":false},"featured_media":3554,"comment_status":"open","ping_status":"closed","template":"","meta":{"neve_meta_sidebar":"","neve_meta_container":"","neve_meta_enable_content_width":"","neve_meta_content_width":0,"neve_meta_title_alignment":"","neve_meta_author_avatar":"","neve_post_elements_order":"","neve_meta_disable_header":"","neve_meta_disable_footer":"","neve_meta_disable_title":""},"product_brand":[],"product_cat":[62,61,101],"product_tag":[],"class_list":{"0":"post-3553","1":"product","2":"type-product","3":"status-publish","4":"has-post-thumbnail","6":"product_cat-aislantes","7":"product_cat-all-products","8":"product_cat-ventosas-tuercas","9":"pa_detalles-del-producto-pventosas-de-gran-succion-de-50mm-de-diametro-transparentes-con-esparrago-de-acero-inoxidable-de-10mm-de-longitud-inyectado-en-la-ventosa-con-tuerca-en-color-grisp","10":"pa_observaciones-plos-plazos-de-entrega-pueden-variar-segun-fechas-de-comprap","11":"pa_opciones-10-uds","12":"pa_opciones-20-uds","13":"pa_opciones-5-uds","14":"pa_opciones-50-uds","16":"first","17":"instock","18":"taxable","19":"shipping-taxable","20":"purchasable","21":"product-type-variable"},"yoast_head":"<!-- This site is optimized with the Yoast SEO plugin v27.4 - https:\/\/yoast.com\/product\/yoast-seo-wordpress\/ -->\n<title>Ventosas de rosca (5 unidades) | M2Camper<\/title>\n<meta name=\"description\" content=\"Optimiza el aislamiento t\u00e9rmico en tu veh\u00edculo camper con nuestras ventosas de rosca especializadas. R\u00e1pidas, duraderas y eficientes.\" \/>\n<meta name=\"robots\" content=\"index, follow, max-snippet:-1, max-image-preview:large, max-video-preview:-1\" \/>\n<link rel=\"canonical\" href=\"https:\/\/m2camper.com\/it\/ventose-avvitabili-da-5-pezzi\/\" \/>\n<meta property=\"og:locale\" content=\"it_IT\" \/>\n<meta property=\"og:type\" content=\"article\" \/>\n<meta property=\"og:title\" content=\"Ventosas de rosca (5 unidades) | M2Camper\" \/>\n<meta property=\"og:description\" content=\"Optimiza el aislamiento t\u00e9rmico en tu veh\u00edculo camper con nuestras ventosas de rosca especializadas. R\u00e1pidas, duraderas y eficientes.\" \/>\n<meta property=\"og:url\" content=\"https:\/\/m2camper.com\/it\/ventose-avvitabili-da-5-pezzi\/\" \/>\n<meta property=\"og:site_name\" content=\"M2 Camper | Aislantes t\u00e9rmicos y oscurecedores para campers\" \/>\n<meta property=\"article:modified_time\" content=\"2025-04-25T09:32:05+00:00\" \/>\n<meta property=\"og:image\" content=\"https:\/\/m2camper.com\/wp-content\/uploads\/2025\/01\/60c9aa_ddb1e21344e74b1fa3bf47729864c7bcmv2_d_4128_3096_s_4_2-scaled.jpg\" \/>\n\t<meta property=\"og:image:width\" content=\"2560\" \/>\n\t<meta property=\"og:image:height\" content=\"1920\" \/>\n\t<meta property=\"og:image:type\" content=\"image\/jpeg\" \/>\n<meta name=\"twitter:card\" content=\"summary_large_image\" \/>\n<meta name=\"twitter:label1\" content=\"Tempo di lettura stimato\" \/>\n\t<meta name=\"twitter:data1\" content=\"1 minuto\" \/>\n<script type=\"application\/ld+json\" class=\"yoast-schema-graph\">{\"@context\":\"https:\\\/\\\/schema.org\",\"@graph\":[{\"@type\":\"WebPage\",\"@id\":\"https:\\\/\\\/m2camper.com\\\/ventosas-de-rosca-5-unidades\\\/\",\"url\":\"https:\\\/\\\/m2camper.com\\\/ventosas-de-rosca-5-unidades\\\/\",\"name\":\"Ventosas de rosca (5 unidades) | M2Camper\",\"isPartOf\":{\"@id\":\"https:\\\/\\\/m2camper.com\\\/pt\\\/#website\"},\"primaryImageOfPage\":{\"@id\":\"https:\\\/\\\/m2camper.com\\\/ventosas-de-rosca-5-unidades\\\/#primaryimage\"},\"image\":{\"@id\":\"https:\\\/\\\/m2camper.com\\\/ventosas-de-rosca-5-unidades\\\/#primaryimage\"},\"thumbnailUrl\":\"https:\\\/\\\/m2camper.com\\\/wp-content\\\/uploads\\\/2025\\\/01\\\/60c9aa_ddb1e21344e74b1fa3bf47729864c7bcmv2_d_4128_3096_s_4_2-scaled.jpg\",\"datePublished\":\"2025-01-23T14:05:52+00:00\",\"dateModified\":\"2025-04-25T09:32:05+00:00\",\"description\":\"Optimiza el aislamiento t\u00e9rmico en tu veh\u00edculo camper con nuestras ventosas de rosca especializadas. R\u00e1pidas, duraderas y eficientes.\",\"breadcrumb\":{\"@id\":\"https:\\\/\\\/m2camper.com\\\/ventosas-de-rosca-5-unidades\\\/#breadcrumb\"},\"inLanguage\":\"it-IT\",\"potentialAction\":[{\"@type\":\"ReadAction\",\"target\":[\"https:\\\/\\\/m2camper.com\\\/ventosas-de-rosca-5-unidades\\\/\"]}]},{\"@type\":\"ImageObject\",\"inLanguage\":\"it-IT\",\"@id\":\"https:\\\/\\\/m2camper.com\\\/ventosas-de-rosca-5-unidades\\\/#primaryimage\",\"url\":\"https:\\\/\\\/m2camper.com\\\/wp-content\\\/uploads\\\/2025\\\/01\\\/60c9aa_ddb1e21344e74b1fa3bf47729864c7bcmv2_d_4128_3096_s_4_2-scaled.jpg\",\"contentUrl\":\"https:\\\/\\\/m2camper.com\\\/wp-content\\\/uploads\\\/2025\\\/01\\\/60c9aa_ddb1e21344e74b1fa3bf47729864c7bcmv2_d_4128_3096_s_4_2-scaled.jpg\",\"width\":2560,\"height\":1920},{\"@type\":\"BreadcrumbList\",\"@id\":\"https:\\\/\\\/m2camper.com\\\/ventosas-de-rosca-5-unidades\\\/#breadcrumb\",\"itemListElement\":[{\"@type\":\"ListItem\",\"position\":1,\"name\":\"Portada\",\"item\":\"https:\\\/\\\/m2camper.com\\\/pt\\\/\"},{\"@type\":\"ListItem\",\"position\":2,\"name\":\"Tienda\",\"item\":\"https:\\\/\\\/m2camper.com\\\/pt\\\/loja\\\/\"},{\"@type\":\"ListItem\",\"position\":3,\"name\":\"Ventosas de rosca (5 unidades)\"}]},{\"@type\":\"WebSite\",\"@id\":\"https:\\\/\\\/m2camper.com\\\/pt\\\/#website\",\"url\":\"https:\\\/\\\/m2camper.com\\\/pt\\\/\",\"name\":\"M2 Campers | Aislantes t\u00e9rmicos y oscurecedores para campers\",\"description\":\"Descubre calidad y confort de nuestros aislantes t\u00e9rmicos oscurecedores y colchones para veh\u00edculos. Optimiza tu experiencia en carretera con M2 Camper.\",\"potentialAction\":[{\"@type\":\"SearchAction\",\"target\":{\"@type\":\"EntryPoint\",\"urlTemplate\":\"https:\\\/\\\/m2camper.com\\\/pt\\\/?s={search_term_string}\"},\"query-input\":{\"@type\":\"PropertyValueSpecification\",\"valueRequired\":true,\"valueName\":\"search_term_string\"}}],\"inLanguage\":\"it-IT\"}]}<\/script>\n<!-- \/ Yoast SEO plugin. -->","yoast_head_json":{"title":"Ventosas de rosca (5 unidades) | M2Camper","description":"Ottimizza l&#039;isolamento termico del tuo camper con le nostre ventose avvitabili specializzate. Veloci, resistenti ed efficienti.","robots":{"index":"index","follow":"follow","max-snippet":"max-snippet:-1","max-image-preview":"max-image-preview:large","max-video-preview":"max-video-preview:-1"},"canonical":"https:\/\/m2camper.com\/it\/ventose-avvitabili-da-5-pezzi\/","og_locale":"it_IT","og_type":"article","og_title":"Ventosas de rosca (5 unidades) | M2Camper","og_description":"Optimiza el aislamiento t\u00e9rmico en tu veh\u00edculo camper con nuestras ventosas de rosca especializadas. R\u00e1pidas, duraderas y eficientes.","og_url":"https:\/\/m2camper.com\/it\/ventose-avvitabili-da-5-pezzi\/","og_site_name":"M2 Camper | Aislantes t\u00e9rmicos y oscurecedores para campers","article_modified_time":"2025-04-25T09:32:05+00:00","og_image":[{"width":2560,"height":1920,"url":"https:\/\/m2camper.com\/wp-content\/uploads\/2025\/01\/60c9aa_ddb1e21344e74b1fa3bf47729864c7bcmv2_d_4128_3096_s_4_2-scaled.jpg","type":"image\/jpeg"}],"twitter_card":"summary_large_image","twitter_misc":{"Tempo di lettura stimato":"1 minuto"},"schema":{"@context":"https:\/\/schema.org","@graph":[{"@type":"WebPage","@id":"https:\/\/m2camper.com\/ventosas-de-rosca-5-unidades\/","url":"https:\/\/m2camper.com\/ventosas-de-rosca-5-unidades\/","name":"Ventosas de rosca (5 unidades) | M2Camper","isPartOf":{"@id":"https:\/\/m2camper.com\/pt\/#website"},"primaryImageOfPage":{"@id":"https:\/\/m2camper.com\/ventosas-de-rosca-5-unidades\/#primaryimage"},"image":{"@id":"https:\/\/m2camper.com\/ventosas-de-rosca-5-unidades\/#primaryimage"},"thumbnailUrl":"https:\/\/m2camper.com\/wp-content\/uploads\/2025\/01\/60c9aa_ddb1e21344e74b1fa3bf47729864c7bcmv2_d_4128_3096_s_4_2-scaled.jpg","datePublished":"2025-01-23T14:05:52+00:00","dateModified":"2025-04-25T09:32:05+00:00","description":"Ottimizza l&#039;isolamento termico del tuo camper con le nostre ventose avvitabili specializzate. Veloci, resistenti ed efficienti.","breadcrumb":{"@id":"https:\/\/m2camper.com\/ventosas-de-rosca-5-unidades\/#breadcrumb"},"inLanguage":"it-IT","potentialAction":[{"@type":"ReadAction","target":["https:\/\/m2camper.com\/ventosas-de-rosca-5-unidades\/"]}]},{"@type":"ImageObject","inLanguage":"it-IT","@id":"https:\/\/m2camper.com\/ventosas-de-rosca-5-unidades\/#primaryimage","url":"https:\/\/m2camper.com\/wp-content\/uploads\/2025\/01\/60c9aa_ddb1e21344e74b1fa3bf47729864c7bcmv2_d_4128_3096_s_4_2-scaled.jpg","contentUrl":"https:\/\/m2camper.com\/wp-content\/uploads\/2025\/01\/60c9aa_ddb1e21344e74b1fa3bf47729864c7bcmv2_d_4128_3096_s_4_2-scaled.jpg","width":2560,"height":1920},{"@type":"BreadcrumbList","@id":"https:\/\/m2camper.com\/ventosas-de-rosca-5-unidades\/#breadcrumb","itemListElement":[{"@type":"ListItem","position":1,"name":"Portada","item":"https:\/\/m2camper.com\/pt\/"},{"@type":"ListItem","position":2,"name":"Tienda","item":"https:\/\/m2camper.com\/pt\/loja\/"},{"@type":"ListItem","position":3,"name":"Ventosas de rosca (5 unidades)"}]},{"@type":"WebSite","@id":"https:\/\/m2camper.com\/pt\/#website","url":"https:\/\/m2camper.com\/pt\/","name":"M2 Campers | Isolamento termico e oscuranti per camper","description":"Scopri la qualit\u00e0 e il comfort del nostro isolamento termico oscurante e dei materassi per veicoli. Ottimizza la tua esperienza di viaggio con M2 Camper.","potentialAction":[{"@type":"SearchAction","target":{"@type":"EntryPoint","urlTemplate":"https:\/\/m2camper.com\/pt\/?s={search_term_string}"},"query-input":{"@type":"PropertyValueSpecification","valueRequired":true,"valueName":"search_term_string"}}],"inLanguage":"it-IT"}]}},"_links":{"self":[{"href":"https:\/\/m2camper.com\/it\/wp-json\/wp\/v2\/product\/3553","targetHints":{"allow":["GET"]}}],"collection":[{"href":"https:\/\/m2camper.com\/it\/wp-json\/wp\/v2\/product"}],"about":[{"href":"https:\/\/m2camper.com\/it\/wp-json\/wp\/v2\/types\/product"}],"replies":[{"embeddable":true,"href":"https:\/\/m2camper.com\/it\/wp-json\/wp\/v2\/comments?post=3553"}],"wp:featuredmedia":[{"embeddable":true,"href":"https:\/\/m2camper.com\/it\/wp-json\/wp\/v2\/media\/3554"}],"wp:attachment":[{"href":"https:\/\/m2camper.com\/it\/wp-json\/wp\/v2\/media?parent=3553"}],"wp:term":[{"taxonomy":"product_brand","embeddable":true,"href":"https:\/\/m2camper.com\/it\/wp-json\/wp\/v2\/product_brand?post=3553"},{"taxonomy":"product_cat","embeddable":true,"href":"https:\/\/m2camper.com\/it\/wp-json\/wp\/v2\/product_cat?post=3553"},{"taxonomy":"product_tag","embeddable":true,"href":"https:\/\/m2camper.com\/it\/wp-json\/wp\/v2\/product_tag?post=3553"}],"curies":[{"name":"wp","href":"https:\/\/api.w.org\/{rel}","templated":true}]}}