{"id":11729,"date":"2025-02-13T08:02:20","date_gmt":"2025-02-13T08:02:20","guid":{"rendered":"https:\/\/ultbit.com\/m2camper\/?page_id=11729"},"modified":"2026-04-09T16:07:42","modified_gmt":"2026-04-09T14:07:42","slug":"metodi-di-pagamento","status":"publish","type":"page","link":"https:\/\/m2camper.com\/it\/metodi-di-pagamento\/","title":{"rendered":"Metodi di pagamento"},"content":{"rendered":"<div data-elementor-type=\"wp-page\" data-elementor-id=\"11729\" class=\"elementor elementor-11729\" data-elementor-post-type=\"page\">\n\t\t\t\t<div class=\"elementor-element elementor-element-227d581 e-flex e-con-boxed e-con e-parent\" data-id=\"227d581\" data-element_type=\"container\" data-e-type=\"container\" data-settings=\"{&quot;background_background&quot;:&quot;classic&quot;}\">\n\t\t\t\t\t<div class=\"e-con-inner\">\n\t\t\t\t<div class=\"elementor-element elementor-element-3a04f68 elementor-widget elementor-widget-heading\" data-id=\"3a04f68\" data-element_type=\"widget\" data-e-type=\"widget\" data-widget_type=\"heading.default\">\n\t\t\t\t<div class=\"elementor-widget-container\">\n\t\t\t\t\t<h1 class=\"elementor-heading-title elementor-size-default\">Metodi di pagamento<\/h1>\t\t\t\t<\/div>\n\t\t\t\t<\/div>\n\t\t\t\t<div class=\"elementor-element elementor-element-3aa0bdc elementor-widget elementor-widget-text-editor\" data-id=\"3aa0bdc\" data-element_type=\"widget\" data-e-type=\"widget\" data-widget_type=\"text-editor.default\">\n\t\t\t\t<div class=\"elementor-widget-container\">\n\t\t\t\t\t\t\t\t\t<div id=\"bgLayers_comp-lmyw9jea2\" class=\"MW5IWV\" data-hook=\"bgLayers\" data-motion-part=\"BG_LAYER comp-lmyw9jea2\"><section id=\"comp-lmyw9jer1\" class=\"Oqnisf comp-lmyw9jer1 wixui-section\" tabindex=\"-1\" data-block-level-container=\"ClassicSection\"><div class=\"\" data-mesh-id=\"comp-lmyw9jer1inlineContent\" data-testid=\"inline-content\"><div data-mesh-id=\"comp-lmyw9jer1inlineContent-gridContainer\" data-testid=\"mesh-container-content\"><div id=\"comp-j8u4y6yo\" class=\"HcOXKn SxM0TO QxJLC3 lq2cno YQcXTT comp-j8u4y6yo wixui-rich-text\" data-testid=\"richTextElement\">\u00a0<\/div><div id=\"comp-j8bj54s7\" class=\"HcOXKn c9GqVL QxJLC3 lq2cno YQcXTT comp-j8bj54s7 wixui-rich-text\" data-testid=\"richTextElement\">\u00a0<\/div><\/div><\/div><\/section><section id=\"comp-lmyw9jer2\" class=\"Oqnisf comp-lmyw9jer2 wixui-section\" tabindex=\"-1\" data-block-level-container=\"ClassicSection\"><h2 class=\"VgO9Yg\" data-motion-part=\"BG_MEDIA comp-lmyw9jer2\"><span style=\"color: #000000;\">Garanzie<\/span><\/h2><div class=\"\" data-mesh-id=\"comp-lmyw9jer2inlineContent\" data-testid=\"inline-content\"><div data-mesh-id=\"comp-lmyw9jer2inlineContent-gridContainer\" data-testid=\"mesh-container-content\"><div id=\"comp-j8bj7nb0\" class=\"HcOXKn SxM0TO QxJLC3 lq2cno YQcXTT comp-j8bj7nb0 wixui-rich-text\" data-testid=\"richTextElement\"><p>M2CAMPER garantisce la qualit\u00e0 dei prodotti da noi realizzati<\/p><p>Per usufruire di questa garanzia \u00e8 necessaria la prova d&#039;acquisto.<\/p><h2><span style=\"color: #000000;\">Tempi di consegna<\/span><\/h2><\/div><div id=\"comp-j8bj7nb11\" class=\"HcOXKn SxM0TO QxJLC3 lq2cno YQcXTT comp-j8bj7nb11 wixui-rich-text\" data-testid=\"richTextElement\"><p class=\"font_8 wixui-rich-text__text\">I tempi di consegna dipenderanno dai prodotti disponibili in magazzino e le consegne saranno variabili.<\/p><p class=\"font_8 wixui-rich-text__text\">tra 4 e 5 giorni lavorativi, salvo fattori esterni al di fuori del nostro controllo (scioperi,<\/p><p class=\"font_8 wixui-rich-text__text\">indisponibilit\u00e0 dei materiali, ecc.) e i termini e le condizioni concordati possono essere modificati<\/p><p class=\"font_8 wixui-rich-text__text\">\u00a0<\/p><\/div><div id=\"comp-j8bj7uuq\" class=\"HcOXKn SxM0TO QxJLC3 lq2cno YQcXTT comp-j8bj7uuq wixui-rich-text\" data-testid=\"richTextElement\"><h2 class=\"font_6 wixui-rich-text__text\"><span class=\"wixui-rich-text__text\" style=\"color: #000000;\">Metodi di pagamento<\/span><\/h2><\/div><div id=\"comp-j8bj7uur\" class=\"HcOXKn SxM0TO QxJLC3 lq2cno YQcXTT comp-j8bj7uur wixui-rich-text\" data-testid=\"richTextElement\"><ul class=\"font_8 wixui-rich-text__text\"><li class=\"wixui-rich-text__text\"><p class=\"font_8 wixui-rich-text__text\">Carta di credito e di debito<\/p><\/li><li class=\"wixui-rich-text__text\"><p class=\"font_8 wixui-rich-text__text\">Bonifico bancario<\/p><\/li><li class=\"wixui-rich-text__text\"><p class=\"font_8 wixui-rich-text__text\">Bizum<\/p><\/li><li class=\"wixui-rich-text__text\"><p class=\"font_8 wixui-rich-text__text\">Pagamento in contanti presso l&#039;officina<\/p><\/li><\/ul><\/div><\/div><\/div><\/section><\/div>\t\t\t\t\t\t\t\t<\/div>\n\t\t\t\t<\/div>\n\t\t\t\t\t<\/div>\n\t\t\t\t<\/div>\n\t\t\t\t<\/div>","protected":false},"excerpt":{"rendered":"<p>M\u00e9todos de pago \u00a0\u00a0 Garant\u00edas M2CAMPER garantiza la calidad de nuestros productos fabricados Para hacer uso de esta garant\u00eda se requiere de justificante de compra Plazos de entrega Los plazos de entrega depender\u00e1n de los productos en stock con entregas variables entre los 4 a 5 d\u00edas h\u00e1biles ,exceptuando factores externos ajenos a nosotros (huelgas,&hellip;&nbsp;<a href=\"https:\/\/m2camper.com\/it\/metodi-di-pagamento\/\" rel=\"bookmark\">Leggi tutto &raquo;<span class=\"screen-reader-text\">Metodi di pagamento<\/span><\/a><\/p>","protected":false},"author":5740,"featured_media":0,"parent":0,"menu_order":0,"comment_status":"closed","ping_status":"closed","template":"page-templates\/template-pagebuilder-full-width.php","meta":{"neve_meta_sidebar":"","neve_meta_container":"","neve_meta_enable_content_width":"off","neve_meta_content_width":100,"neve_meta_title_alignment":"","neve_meta_author_avatar":"","neve_post_elements_order":"","neve_meta_disable_header":"","neve_meta_disable_footer":"","neve_meta_disable_title":"","footnotes":""},"class_list":["post-11729","page","type-page","status-publish","hentry"],"yoast_head":"<!-- This site is optimized with the Yoast SEO plugin v27.4 - https:\/\/yoast.com\/product\/yoast-seo-wordpress\/ -->\n<title>M\u00e9todos de pago - M2 Camper | Aislantes t\u00e9rmicos y oscurecedores para campers<\/title>\n<meta name=\"robots\" content=\"noindex, nofollow\" \/>\n<meta property=\"og:locale\" content=\"it_IT\" \/>\n<meta property=\"og:type\" content=\"article\" \/>\n<meta property=\"og:title\" content=\"M\u00e9todos de pago - M2 Camper | Aislantes t\u00e9rmicos y oscurecedores para campers\" \/>\n<meta property=\"og:description\" content=\"M\u00e9todos de pago \u00a0\u00a0 Garant\u00edas M2CAMPER garantiza la calidad de nuestros productos fabricados Para hacer uso de esta garant\u00eda se requiere de justificante de compra Plazos de entrega Los plazos de entrega depender\u00e1n de los productos en stock con entregas variables entre los 4 a 5 d\u00edas h\u00e1biles ,exceptuando factores externos ajenos a nosotros (huelgas,&hellip;&nbsp;Leggi tutto &raquo;M\u00e9todos de pago\" \/>\n<meta property=\"og:url\" content=\"https:\/\/m2camper.com\/it\/metodi-di-pagamento\/\" \/>\n<meta property=\"og:site_name\" content=\"M2 Camper | Aislantes t\u00e9rmicos y oscurecedores para campers\" \/>\n<meta property=\"article:modified_time\" content=\"2026-04-09T14:07:42+00:00\" \/>\n<meta name=\"twitter:card\" content=\"summary_large_image\" \/>\n<meta name=\"twitter:label1\" content=\"Tempo di lettura stimato\" \/>\n\t<meta name=\"twitter:data1\" content=\"1 minuto\" \/>\n<script type=\"application\/ld+json\" class=\"yoast-schema-graph\">{\"@context\":\"https:\\\/\\\/schema.org\",\"@graph\":[{\"@type\":\"WebPage\",\"@id\":\"https:\\\/\\\/m2camper.com\\\/metodos-de-pago\\\/\",\"url\":\"https:\\\/\\\/m2camper.com\\\/metodos-de-pago\\\/\",\"name\":\"M\u00e9todos de pago - M2 Camper | Aislantes t\u00e9rmicos y oscurecedores para campers\",\"isPartOf\":{\"@id\":\"https:\\\/\\\/m2camper.com\\\/pt\\\/#website\"},\"datePublished\":\"2025-02-13T08:02:20+00:00\",\"dateModified\":\"2026-04-09T14:07:42+00:00\",\"breadcrumb\":{\"@id\":\"https:\\\/\\\/m2camper.com\\\/metodos-de-pago\\\/#breadcrumb\"},\"inLanguage\":\"it-IT\",\"potentialAction\":[{\"@type\":\"ReadAction\",\"target\":[\"https:\\\/\\\/m2camper.com\\\/metodos-de-pago\\\/\"]}]},{\"@type\":\"BreadcrumbList\",\"@id\":\"https:\\\/\\\/m2camper.com\\\/metodos-de-pago\\\/#breadcrumb\",\"itemListElement\":[{\"@type\":\"ListItem\",\"position\":1,\"name\":\"Portada\",\"item\":\"https:\\\/\\\/m2camper.com\\\/pt\\\/\"},{\"@type\":\"ListItem\",\"position\":2,\"name\":\"M\u00e9todos de pago\"}]},{\"@type\":\"WebSite\",\"@id\":\"https:\\\/\\\/m2camper.com\\\/pt\\\/#website\",\"url\":\"https:\\\/\\\/m2camper.com\\\/pt\\\/\",\"name\":\"M2 Campers | Aislantes t\u00e9rmicos y oscurecedores para campers\",\"description\":\"Descubre calidad y confort de nuestros aislantes t\u00e9rmicos oscurecedores y colchones para veh\u00edculos. Optimiza tu experiencia en carretera con M2 Camper.\",\"potentialAction\":[{\"@type\":\"SearchAction\",\"target\":{\"@type\":\"EntryPoint\",\"urlTemplate\":\"https:\\\/\\\/m2camper.com\\\/pt\\\/?s={search_term_string}\"},\"query-input\":{\"@type\":\"PropertyValueSpecification\",\"valueRequired\":true,\"valueName\":\"search_term_string\"}}],\"inLanguage\":\"it-IT\"}]}<\/script>\n<!-- \/ Yoast SEO plugin. -->","yoast_head_json":{"title":"Metodi di pagamento - M2 Camper | Isolamento termico e oscuramento per camper","robots":{"index":"noindex","follow":"nofollow"},"og_locale":"it_IT","og_type":"article","og_title":"M\u00e9todos de pago - M2 Camper | Aislantes t\u00e9rmicos y oscurecedores para campers","og_description":"M\u00e9todos de pago \u00a0\u00a0 Garant\u00edas M2CAMPER garantiza la calidad de nuestros productos fabricados Para hacer uso de esta garant\u00eda se requiere de justificante de compra Plazos de entrega Los plazos de entrega depender\u00e1n de los productos en stock con entregas variables entre los 4 a 5 d\u00edas h\u00e1biles ,exceptuando factores externos ajenos a nosotros (huelgas,&hellip;&nbsp;Leggi tutto &raquo;M\u00e9todos de pago","og_url":"https:\/\/m2camper.com\/it\/metodi-di-pagamento\/","og_site_name":"M2 Camper | Aislantes t\u00e9rmicos y oscurecedores para campers","article_modified_time":"2026-04-09T14:07:42+00:00","twitter_card":"summary_large_image","twitter_misc":{"Tempo di lettura stimato":"1 minuto"},"schema":{"@context":"https:\/\/schema.org","@graph":[{"@type":"WebPage","@id":"https:\/\/m2camper.com\/metodos-de-pago\/","url":"https:\/\/m2camper.com\/metodos-de-pago\/","name":"Metodi di pagamento - M2 Camper | Isolamento termico e oscuramento per camper","isPartOf":{"@id":"https:\/\/m2camper.com\/pt\/#website"},"datePublished":"2025-02-13T08:02:20+00:00","dateModified":"2026-04-09T14:07:42+00:00","breadcrumb":{"@id":"https:\/\/m2camper.com\/metodos-de-pago\/#breadcrumb"},"inLanguage":"it-IT","potentialAction":[{"@type":"ReadAction","target":["https:\/\/m2camper.com\/metodos-de-pago\/"]}]},{"@type":"BreadcrumbList","@id":"https:\/\/m2camper.com\/metodos-de-pago\/#breadcrumb","itemListElement":[{"@type":"ListItem","position":1,"name":"Portada","item":"https:\/\/m2camper.com\/pt\/"},{"@type":"ListItem","position":2,"name":"M\u00e9todos de pago"}]},{"@type":"WebSite","@id":"https:\/\/m2camper.com\/pt\/#website","url":"https:\/\/m2camper.com\/pt\/","name":"M2 Campers | Isolamento termico e oscuranti per camper","description":"Scopri la qualit\u00e0 e il comfort del nostro isolamento termico oscurante e dei materassi per veicoli. Ottimizza la tua esperienza di viaggio con M2 Camper.","potentialAction":[{"@type":"SearchAction","target":{"@type":"EntryPoint","urlTemplate":"https:\/\/m2camper.com\/pt\/?s={search_term_string}"},"query-input":{"@type":"PropertyValueSpecification","valueRequired":true,"valueName":"search_term_string"}}],"inLanguage":"it-IT"}]}},"_links":{"self":[{"href":"https:\/\/m2camper.com\/it\/wp-json\/wp\/v2\/pages\/11729","targetHints":{"allow":["GET"]}}],"collection":[{"href":"https:\/\/m2camper.com\/it\/wp-json\/wp\/v2\/pages"}],"about":[{"href":"https:\/\/m2camper.com\/it\/wp-json\/wp\/v2\/types\/page"}],"author":[{"embeddable":true,"href":"https:\/\/m2camper.com\/it\/wp-json\/wp\/v2\/users\/5740"}],"replies":[{"embeddable":true,"href":"https:\/\/m2camper.com\/it\/wp-json\/wp\/v2\/comments?post=11729"}],"version-history":[{"count":31,"href":"https:\/\/m2camper.com\/it\/wp-json\/wp\/v2\/pages\/11729\/revisions"}],"predecessor-version":[{"id":17075,"href":"https:\/\/m2camper.com\/it\/wp-json\/wp\/v2\/pages\/11729\/revisions\/17075"}],"wp:attachment":[{"href":"https:\/\/m2camper.com\/it\/wp-json\/wp\/v2\/media?parent=11729"}],"curies":[{"name":"wp","href":"https:\/\/api.w.org\/{rel}","templated":true}]}}