{"id":11422,"date":"2025-02-04T10:46:00","date_gmt":"2025-02-04T10:46:00","guid":{"rendered":"https:\/\/ultbit.com\/m2camper\/?page_id=11422"},"modified":"2026-04-08T17:38:49","modified_gmt":"2026-04-08T15:38:49","slug":"politica-sulla-riservatezza","status":"publish","type":"page","link":"https:\/\/m2camper.com\/it\/politica-sulla-riservatezza\/","title":{"rendered":"politica sulla riservatezza"},"content":{"rendered":"<div data-elementor-type=\"wp-page\" data-elementor-id=\"11422\" class=\"elementor elementor-11422\" data-elementor-post-type=\"page\">\n\t\t\t\t<div class=\"elementor-element elementor-element-404c8f1 e-flex e-con-boxed e-con e-parent\" data-id=\"404c8f1\" data-element_type=\"container\" data-e-type=\"container\" data-settings=\"{&quot;background_background&quot;:&quot;classic&quot;}\">\n\t\t\t\t\t<div class=\"e-con-inner\">\n\t\t\t\t<div class=\"elementor-element elementor-element-0e987a4 elementor-widget elementor-widget-text-editor\" data-id=\"0e987a4\" data-element_type=\"widget\" data-e-type=\"widget\" data-widget_type=\"text-editor.default\">\n\t\t\t\t<div class=\"elementor-widget-container\">\n\t\t\t\t\t\t\t\t\t<h2 style=\"color: #000000 !important;\">INFORMATIVA SULLA PRIVACY<\/h2><h3 style=\"color: #000000 !important;\">1. INFORMAZIONI PER L\u2019UTENTE<\/h3><p><strong>Chi \u00e8 il responsabile del trattamento dei tuoi dati personali?<\/strong><\/p><p>MARIA ISABEL ARTAL MORENO (M2 CAMPER) \u00e8 la TITOLARE del trattamento dei dati personali dell\u2019UTENTE e lo informa che tali dati saranno trattati in conformit\u00e0 a quanto previsto dal Regolamento (UE) 2016\/679 del 27 aprile (GDPR) e dalla Legge Organica 3\/2018 del 5 dicembre (LOPDGDD).<\/p><p><strong>Perch\u00e9 trattiamo i tuoi dati personali?<\/strong><\/p><p>Per mantenere un rapporto commerciale con l\u2019utente. Le operazioni previste per il trattamento sono:<\/p><ul><li>Invio di comunicazioni commerciali pubblicitarie tramite e-mail, fax, SMS, MMS, social network o qualsiasi altro mezzo elettronico o fisico, presente o futuro, che consenta l\u2019effettuazione di comunicazioni commerciali. Tali comunicazioni saranno effettuate dal TITOLARE e saranno relative ai suoi prodotti e servizi, o a quelli dei suoi collaboratori o fornitori con i quali sia stato raggiunto un accordo di promozione. In questo caso, i terzi non avranno mai accesso ai dati personali.<\/li><li>Effettuare studi di mercato e analisi statistiche.<\/li><li>Gestire richieste, rispondere a consultazioni o a qualsiasi tipo di richiesta effettuata dall\u2019UTENTE tramite uno dei mezzi di contatto messi a disposizione sul sito web del TITOLARE.<\/li><li>Inviare la newsletter online su novit\u00e0, offerte e promozioni relative alla nostra attivit\u00e0.<\/li><\/ul><p><strong>Per quale motivo possiamo trattare i tuoi dati personali?<\/strong><\/p><p>Poich\u00e9 il trattamento \u00e8 legittimato dall\u2019articolo 6 del GDPR nel modo seguente:<\/p><ul><li>Con il consenso dell\u2019UTENTE: invio di comunicazioni commerciali e della newsletter.<\/li><li>Sulla base del legittimo interesse del TITOLARE: effettuare studi di mercato, analisi statistiche, ecc., e gestire incarichi, richieste, ecc. su richiesta dell\u2019UTENTE.<\/li><\/ul><p><strong>Per quanto tempo conserveremo i tuoi dati personali?<\/strong><\/p><p>Saranno conservati per il tempo strettamente necessario a soddisfare le finalit\u00e0 del trattamento o finch\u00e9 sussistano obblighi legali che ne impongano la conservazione e, quando non saranno pi\u00f9 necessari, saranno cancellati adottando adeguate misure di sicurezza per garantire l\u2019anonimizzazione dei dati o la loro completa distruzione.<\/p><p><strong>A chi comunichiamo i tuoi dati personali?<\/strong><\/p><p>Non \u00e8 prevista alcuna comunicazione di dati personali a terzi, salvo qualora fosse necessario per lo sviluppo e l\u2019esecuzione delle finalit\u00e0 del trattamento, ai nostri fornitori di servizi legati alle comunicazioni, con i quali il TITOLARE ha formalizzato i contratti di riservatezza e di trattamento dei dati richiesti dalla normativa vigente in materia di privacy.<\/p><p><strong>Quali sono i tuoi diritti?<\/strong><\/p><p>I diritti dell\u2019UTENTE sono:<\/p><ul><li>Diritto di revocare il consenso in qualsiasi momento.<\/li><li>Diritto di accesso, rettifica, portabilit\u00e0 e cancellazione dei propri dati, nonch\u00e9 di limitazione o opposizione al loro trattamento.<\/li><li>Derecho a presentar una reclamaci\u00f3n ante la autoridad de control (<a href=\"https:\/\/www.aepd.es\" target=\"_blank\" rel=\"noopener noreferrer\">www.aepd.es<\/a>) si considera que el tratamiento no se ajusta a la normativa vigente.<\/li><\/ul><p><strong>Informazioni di contatto per esercitare i tuoi diritti:<\/strong><\/p><p>MARIA ISABEL ARTAL MORENO (M2 CAMPER). Carrer de Num\u00e0ncia, 30 \u2013 08184 Palau-solit\u00e0 i Plegamans (Barcelona). E-mail: <a href=\"mailto:m2camper@gmail.com\">m2camper@gmail.com<\/a><\/p><h3 style=\"color: #000000 !important;\">2. CARATTERE OBBLIGATORIO O FACOLTATIVO DELLE INFORMAZIONI FORNITE DALL\u2019UTENTE<\/h3><p>Gli UTENTI, tramite la selezione delle apposite caselle e l\u2019inserimento dei dati nei campi contrassegnati con un asterisco (*) nel modulo di contatto o nei moduli di download, accettano espressamente, liberamente e in modo inequivocabile che i loro dati sono necessari per la gestione della loro richiesta da parte del prestatore, essendo quindi facoltativo l\u2019inserimento dei dati nei restanti campi. L\u2019UTENTE garantisce che i dati personali forniti al TITOLARE sono veritieri e si impegna a comunicare qualsiasi modifica degli stessi.<\/p><p>Il TITOLARE informa che tutti i dati richiesti tramite il sito web sono obbligatori, in quanto necessari per fornire un servizio ottimale all\u2019UTENTE. Qualora non vengano forniti tutti i dati, non si garantisce che le informazioni e i servizi forniti soddisfino pienamente le sue esigenze.<\/p><h3 style=\"color: #000000 !important;\">3. MISURE DI SICUREZZA<\/h3><p>Che, in conformit\u00e0 a quanto previsto dalla normativa vigente in materia di protezione dei dati personali, il TITOLARE rispetta tutte le disposizioni del GDPR e della LOPDGDD per il trattamento dei dati personali sotto la propria responsabilit\u00e0, e in particolare i principi descritti all\u2019articolo 5 del GDPR, secondo i quali i dati sono trattati in modo lecito, corretto e trasparente nei confronti dell\u2019interessato e sono adeguati, pertinenti e limitati a quanto necessario rispetto alle finalit\u00e0 per le quali sono trattati.<\/p><p>Il TITOLARE garantisce di aver implementato politiche tecniche e organizzative adeguate per applicare le misure di sicurezza previste dal GDPR e dalla LOPDGDD, al fine di proteggere i diritti e le libert\u00e0 degli UTENTI, e di aver fornito loro le informazioni adeguate affinch\u00e9 possano esercitarli.<\/p><p>Per maggiori informazioni sulle garanzie di privacy, \u00e8 possibile contattare il TITOLARE tramite MARIA ISABEL ARTAL MORENO (M2 CAMPER). Carrer de Num\u00e0ncia, 30 \u2013 08184 Palau-solit\u00e0 i Plegamans (Barcellona). E-mail: <a href=\"mailto:m2camper@gmail.com\">m2camper@gmail.com<\/a><\/p>\t\t\t\t\t\t\t\t<\/div>\n\t\t\t\t<\/div>\n\t\t\t\t\t<\/div>\n\t\t\t\t<\/div>\n\t\t\t\t<\/div>","protected":false},"excerpt":{"rendered":"<p>POL\u00cdTICA DE PRIVACIDAD 1. INFORMACI\u00d3N PARA EL USUARIO \u00bfQui\u00e9n es el responsable del tratamiento de tus datos personales? MARIA ISABEL ARTAL MORENO (M2 CAMPER) es el RESPONSABLE del tratamiento de los datos personales del USUARIO y le informa de que estos datos ser\u00e1n tratados de conformidad con lo dispuesto en el Reglamento (UE) 2016\/679, de&hellip;&nbsp;<a href=\"https:\/\/m2camper.com\/it\/politica-sulla-riservatezza\/\" rel=\"bookmark\">Leggi tutto &raquo;<span class=\"screen-reader-text\">politica sulla riservatezza<\/span><\/a><\/p>","protected":false},"author":5740,"featured_media":0,"parent":0,"menu_order":0,"comment_status":"closed","ping_status":"closed","template":"page-templates\/template-pagebuilder-full-width.php","meta":{"neve_meta_sidebar":"","neve_meta_container":"","neve_meta_enable_content_width":"off","neve_meta_content_width":100,"neve_meta_title_alignment":"","neve_meta_author_avatar":"","neve_post_elements_order":"","neve_meta_disable_header":"","neve_meta_disable_footer":"","neve_meta_disable_title":"","footnotes":""},"class_list":["post-11422","page","type-page","status-publish","hentry"],"yoast_head":"<!-- This site is optimized with the Yoast SEO plugin v27.4 - https:\/\/yoast.com\/product\/yoast-seo-wordpress\/ -->\n<title>Pol\u00edtica de privacidad - M2 Camper | Aislantes t\u00e9rmicos y oscurecedores para campers<\/title>\n<meta name=\"robots\" content=\"noindex, nofollow\" \/>\n<meta property=\"og:locale\" content=\"it_IT\" \/>\n<meta property=\"og:type\" content=\"article\" \/>\n<meta property=\"og:title\" content=\"Pol\u00edtica de privacidad - M2 Camper | Aislantes t\u00e9rmicos y oscurecedores para campers\" \/>\n<meta property=\"og:description\" content=\"POL\u00cdTICA DE PRIVACIDAD 1. INFORMACI\u00d3N PARA EL USUARIO \u00bfQui\u00e9n es el responsable del tratamiento de tus datos personales? MARIA ISABEL ARTAL MORENO (M2 CAMPER) es el RESPONSABLE del tratamiento de los datos personales del USUARIO y le informa de que estos datos ser\u00e1n tratados de conformidad con lo dispuesto en el Reglamento (UE) 2016\/679, de&hellip;&nbsp;Leggi tutto &raquo;Pol\u00edtica de privacidad\" \/>\n<meta property=\"og:url\" content=\"https:\/\/m2camper.com\/it\/politica-sulla-riservatezza\/\" \/>\n<meta property=\"og:site_name\" content=\"M2 Camper | Aislantes t\u00e9rmicos y oscurecedores para campers\" \/>\n<meta property=\"article:modified_time\" content=\"2026-04-08T15:38:49+00:00\" \/>\n<meta name=\"twitter:card\" content=\"summary_large_image\" \/>\n<meta name=\"twitter:label1\" content=\"Tempo di lettura stimato\" \/>\n\t<meta name=\"twitter:data1\" content=\"4 minuti\" \/>\n<script type=\"application\/ld+json\" class=\"yoast-schema-graph\">{\"@context\":\"https:\\\/\\\/schema.org\",\"@graph\":[{\"@type\":\"WebPage\",\"@id\":\"https:\\\/\\\/m2camper.com\\\/politica-de-privacidad\\\/\",\"url\":\"https:\\\/\\\/m2camper.com\\\/politica-de-privacidad\\\/\",\"name\":\"Pol\u00edtica de privacidad - M2 Camper | Aislantes t\u00e9rmicos y oscurecedores para campers\",\"isPartOf\":{\"@id\":\"https:\\\/\\\/m2camper.com\\\/pt\\\/#website\"},\"datePublished\":\"2025-02-04T10:46:00+00:00\",\"dateModified\":\"2026-04-08T15:38:49+00:00\",\"breadcrumb\":{\"@id\":\"https:\\\/\\\/m2camper.com\\\/politica-de-privacidad\\\/#breadcrumb\"},\"inLanguage\":\"it-IT\",\"potentialAction\":[{\"@type\":\"ReadAction\",\"target\":[\"https:\\\/\\\/m2camper.com\\\/politica-de-privacidad\\\/\"]}]},{\"@type\":\"BreadcrumbList\",\"@id\":\"https:\\\/\\\/m2camper.com\\\/politica-de-privacidad\\\/#breadcrumb\",\"itemListElement\":[{\"@type\":\"ListItem\",\"position\":1,\"name\":\"Portada\",\"item\":\"https:\\\/\\\/m2camper.com\\\/pt\\\/\"},{\"@type\":\"ListItem\",\"position\":2,\"name\":\"Pol\u00edtica de privacidad\"}]},{\"@type\":\"WebSite\",\"@id\":\"https:\\\/\\\/m2camper.com\\\/pt\\\/#website\",\"url\":\"https:\\\/\\\/m2camper.com\\\/pt\\\/\",\"name\":\"M2 Campers | Aislantes t\u00e9rmicos y oscurecedores para campers\",\"description\":\"Descubre calidad y confort de nuestros aislantes t\u00e9rmicos oscurecedores y colchones para veh\u00edculos. Optimiza tu experiencia en carretera con M2 Camper.\",\"potentialAction\":[{\"@type\":\"SearchAction\",\"target\":{\"@type\":\"EntryPoint\",\"urlTemplate\":\"https:\\\/\\\/m2camper.com\\\/pt\\\/?s={search_term_string}\"},\"query-input\":{\"@type\":\"PropertyValueSpecification\",\"valueRequired\":true,\"valueName\":\"search_term_string\"}}],\"inLanguage\":\"it-IT\"}]}<\/script>\n<!-- \/ Yoast SEO plugin. -->","yoast_head_json":{"title":"Informativa sulla privacy - M2 Camper | Isolamento termico e oscuranti per camper","robots":{"index":"noindex","follow":"nofollow"},"og_locale":"it_IT","og_type":"article","og_title":"Pol\u00edtica de privacidad - M2 Camper | Aislantes t\u00e9rmicos y oscurecedores para campers","og_description":"POL\u00cdTICA DE PRIVACIDAD 1. INFORMACI\u00d3N PARA EL USUARIO \u00bfQui\u00e9n es el responsable del tratamiento de tus datos personales? MARIA ISABEL ARTAL MORENO (M2 CAMPER) es el RESPONSABLE del tratamiento de los datos personales del USUARIO y le informa de que estos datos ser\u00e1n tratados de conformidad con lo dispuesto en el Reglamento (UE) 2016\/679, de&hellip;&nbsp;Leggi tutto &raquo;Pol\u00edtica de privacidad","og_url":"https:\/\/m2camper.com\/it\/politica-sulla-riservatezza\/","og_site_name":"M2 Camper | Aislantes t\u00e9rmicos y oscurecedores para campers","article_modified_time":"2026-04-08T15:38:49+00:00","twitter_card":"summary_large_image","twitter_misc":{"Tempo di lettura stimato":"4 minuti"},"schema":{"@context":"https:\/\/schema.org","@graph":[{"@type":"WebPage","@id":"https:\/\/m2camper.com\/politica-de-privacidad\/","url":"https:\/\/m2camper.com\/politica-de-privacidad\/","name":"Informativa sulla privacy - M2 Camper | Isolamento termico e oscuranti per camper","isPartOf":{"@id":"https:\/\/m2camper.com\/pt\/#website"},"datePublished":"2025-02-04T10:46:00+00:00","dateModified":"2026-04-08T15:38:49+00:00","breadcrumb":{"@id":"https:\/\/m2camper.com\/politica-de-privacidad\/#breadcrumb"},"inLanguage":"it-IT","potentialAction":[{"@type":"ReadAction","target":["https:\/\/m2camper.com\/politica-de-privacidad\/"]}]},{"@type":"BreadcrumbList","@id":"https:\/\/m2camper.com\/politica-de-privacidad\/#breadcrumb","itemListElement":[{"@type":"ListItem","position":1,"name":"Portada","item":"https:\/\/m2camper.com\/pt\/"},{"@type":"ListItem","position":2,"name":"Pol\u00edtica de privacidad"}]},{"@type":"WebSite","@id":"https:\/\/m2camper.com\/pt\/#website","url":"https:\/\/m2camper.com\/pt\/","name":"M2 Campers | Isolamento termico e oscuranti per camper","description":"Scopri la qualit\u00e0 e il comfort del nostro isolamento termico oscurante e dei materassi per veicoli. Ottimizza la tua esperienza di viaggio con M2 Camper.","potentialAction":[{"@type":"SearchAction","target":{"@type":"EntryPoint","urlTemplate":"https:\/\/m2camper.com\/pt\/?s={search_term_string}"},"query-input":{"@type":"PropertyValueSpecification","valueRequired":true,"valueName":"search_term_string"}}],"inLanguage":"it-IT"}]}},"_links":{"self":[{"href":"https:\/\/m2camper.com\/it\/wp-json\/wp\/v2\/pages\/11422","targetHints":{"allow":["GET"]}}],"collection":[{"href":"https:\/\/m2camper.com\/it\/wp-json\/wp\/v2\/pages"}],"about":[{"href":"https:\/\/m2camper.com\/it\/wp-json\/wp\/v2\/types\/page"}],"author":[{"embeddable":true,"href":"https:\/\/m2camper.com\/it\/wp-json\/wp\/v2\/users\/5740"}],"replies":[{"embeddable":true,"href":"https:\/\/m2camper.com\/it\/wp-json\/wp\/v2\/comments?post=11422"}],"version-history":[{"count":22,"href":"https:\/\/m2camper.com\/it\/wp-json\/wp\/v2\/pages\/11422\/revisions"}],"predecessor-version":[{"id":16935,"href":"https:\/\/m2camper.com\/it\/wp-json\/wp\/v2\/pages\/11422\/revisions\/16935"}],"wp:attachment":[{"href":"https:\/\/m2camper.com\/it\/wp-json\/wp\/v2\/media?parent=11422"}],"curies":[{"name":"wp","href":"https:\/\/api.w.org\/{rel}","templated":true}]}}