{"id":11416,"date":"2025-02-04T10:38:08","date_gmt":"2025-02-04T10:38:08","guid":{"rendered":"https:\/\/ultbit.com\/m2camper\/?page_id=11416"},"modified":"2026-04-08T17:39:24","modified_gmt":"2026-04-08T15:39:24","slug":"avviso-legale","status":"publish","type":"page","link":"https:\/\/m2camper.com\/it\/avviso-legale\/","title":{"rendered":"Avviso legale"},"content":{"rendered":"<div data-elementor-type=\"wp-page\" data-elementor-id=\"11416\" class=\"elementor elementor-11416\" data-elementor-post-type=\"page\">\n\t\t\t\t<div class=\"elementor-element elementor-element-fd1d765 e-flex e-con-boxed e-con e-parent\" data-id=\"fd1d765\" data-element_type=\"container\" data-e-type=\"container\" data-settings=\"{&quot;background_background&quot;:&quot;classic&quot;}\">\n\t\t\t\t\t<div class=\"e-con-inner\">\n\t\t\t\t<div class=\"elementor-element elementor-element-f759220 elementor-widget elementor-widget-text-editor\" data-id=\"f759220\" data-element_type=\"widget\" data-e-type=\"widget\" data-widget_type=\"text-editor.default\">\n\t\t\t\t<div class=\"elementor-widget-container\">\n\t\t\t\t\t\t\t\t\t<h2 style=\"color: #000000 !important;\">AVVISO LEGALE<\/h2><h3 style=\"color: #000000 !important;\">LEGGE SUI SERVIZI DELLA SOCIET\u00c0 DELL\u2019INFORMAZIONE (LSSI)<\/h3><p>MARIA ISABEL ARTAL MORENO (M2 CAMPER), responsabile del sito web, di seguito il RESPONSABILE, mette a disposizione degli utenti il presente documento, con il quale intende adempiere agli obblighi stabiliti dalla Legge 34\/2002, dell\u201911 luglio, sui Servizi della Societ\u00e0 dell\u2019Informazione e del Commercio Elettronico (LSSICE), BOE n. 166, nonch\u00e9 informare tutti gli utenti del sito web sulle condizioni di utilizzo.<\/p><p>Chiunque acceda a questo sito web assume il ruolo di utente, impegnandosi a osservare e a rispettare rigorosamente le disposizioni qui stabilite, nonch\u00e9 qualsiasi altra disposizione legale applicabile.<\/p><p>MARIA ISABEL ARTAL MORENO (M2 CAMPER) si riserva il diritto di modificare qualsiasi tipo di informazione che possa apparire sul sito web, senza alcun obbligo di preavviso o di informare gli utenti di tali modifiche, ritenendosi sufficiente la loro pubblicazione sul sito web di MARIA ISABEL ARTAL MORENO (M2 CAMPER).<\/p><h3 style=\"color: #000000 !important;\">1. DATI IDENTIFICATIVI<\/h3><ul><li class=\"translation-block\"><strong>Nome del dominio:<\/strong> m2camper.com<\/li><li><strong>Nome commerciale:<\/strong> m2camper<\/li><li><strong>Denominazione sociale:<\/strong> MARIA ISABEL ARTAL MORENO (M2 CAMPER)<\/li><li><strong>Codice fiscale:<\/strong> 46044762G<\/li><li class=\"translation-block\"><strong>Sede legale:<\/strong> Carrer de Num\u00e0ncia, 30, 08184 Palau-solit\u00e0 i Plegamans, Barcelona (Spagna)<\/li><li><strong>Telefono<\/strong> 685355944<\/li><li><strong>E-mail:<\/strong> <a href=\"mailto:m2camper@gmail.com\">m2camper@gmail.com<\/a><\/li><li class=\"translation-block\"><strong>Registro delle imprese:<\/strong> Iscrizione 1\u00aa, Foglio B-559411, Folio 63, Volume 47689<\/li><\/ul><p>\u00a0<\/p><h3 style=\"color: #000000 !important;\">2. DIRITTI DI PROPRIET\u00c0 INTELLETTUALE E INDUSTRIALE<\/h3><p>Il sito web, inclusi a titolo esemplificativo ma non limitativo la sua programmazione, edizione, compilazione e gli altri elementi necessari al suo funzionamento, i design, i loghi, i testi e\/o le grafiche, sono di propriet\u00e0 del RESPONSABILE o, se del caso, dispone di licenza o autorizzazione espressa da parte degli autori.<\/p><p>Tutti i contenuti del sito web sono debitamente protetti dalla normativa in materia di propriet\u00e0 intellettuale e industriale, nonch\u00e9 iscritti nei registri pubblici corrispondenti.<\/p><p>Indipendentemente dalla finalit\u00e0 a cui sono destinati, la riproduzione totale o parziale, l\u2019uso, lo sfruttamento, la distribuzione e la commercializzazione richiedono in ogni caso l\u2019autorizzazione preventiva scritta del RESPONSABILE.<\/p><p>Qualsiasi uso non previamente autorizzato \u00e8 considerato una grave violazione dei diritti di propriet\u00e0 intellettuale o industriale dell\u2019autore.<\/p><p>I design, i loghi, i testi e\/o le grafiche non appartenenti al RESPONSABILE che possono apparire sul sito web appartengono ai rispettivi proprietari, i quali sono responsabili di eventuali controversie che possano derivarne. Il RESPONSABILE autorizza espressamente terzi a collegarsi direttamente ai contenuti specifici del sito web e, in ogni caso, a reindirizzare al sito principale m2camper.com.<\/p><p>Il RESPONSABILE riconosce a favore dei rispettivi titolari i diritti di propriet\u00e0 intellettuale e industriale, senza che la loro semplice menzione o apparizione sul sito web implichi l\u2019esistenza di diritti o responsabilit\u00e0 sugli stessi, n\u00e9 l\u2019approvazione, il patrocinio o la raccomandazione da parte del RESPONSABILE.<\/p><p>Per effettuare qualsiasi tipo di osservazione in merito a possibili violazioni dei diritti di propriet\u00e0 intellettuale o industriale, nonch\u00e9 a qualsiasi contenuto del sito web, \u00e8 possibile farlo tramite il indirizzo e-mail: <a href=\"mailto:m2camper@gmail.com\">m2camper@gmail.com<\/a>.<\/p><h3 style=\"color: #000000 !important;\">3. ESCLUSIONE DI RESPONSABILIT\u00c0<\/h3><p>Il RESPONSABILE \u00e8 esonerato da qualsiasi tipo di responsabilit\u00e0 derivante dalle informazioni pubblicate sul proprio sito web qualora non abbia conoscenza effettiva che tali informazioni siano state manipolate o introdotte da un terzo estraneo o, qualora ne sia a conoscenza, abbia agito con diligenza per rimuovere i dati o rendere impossibile l\u2019accesso agli stessi.<\/p><h4 style=\"color: #000000 !important;\">Utilizzo dei cookie<\/h4><p>Questo sito web pu\u00f2 utilizzare cookie tecnici (piccoli file di informazioni che il server invia al computer di chi accede alla pagina) per svolgere determinate funzioni considerate indispensabili per il corretto funzionamento e la visualizzazione del sito web.<\/p><p>I cookie utilizzati hanno, in ogni caso, carattere temporaneo, con l\u2019unica finalit\u00e0 di rendere pi\u00f9 efficiente la navigazione, e scompaiono al termine della sessione dell\u2019utente. In nessun caso, tali cookie forniscono di per s\u00e9 dati di carattere personale n\u00e9 saranno utilizzati per la loro raccolta.<\/p><p>Attraverso l\u2019utilizzo dei cookie \u00e8 anche possibile che il server su cui \u00e8 ospitato il sito web riconosca il browser utilizzato dall\u2019utente, al fine di rendere la navigazione pi\u00f9 semplice, consentendo, ad esempio, agli utenti precedentemente registrati di accedere ad aree, servizi, promozioni o concorsi riservati esclusivamente a loro senza dover registrarsi a ogni visita.<\/p><p>Possono inoltre essere utilizzati per misurare l\u2019audience, i parametri di traffico, monitorare il progresso e il numero di accessi, ecc. In questi casi, i cookie sono tecnicamente non necessari ma benefici per l\u2019utente. Questo sito web non installer\u00e0 cookie non necessari senza il consenso preventivo dell\u2019utente.<\/p><p>L\u2019utente ha la possibilit\u00e0 di configurare il proprio browser per essere avvisato della ricezione dei cookie e per impedirne l\u2019installazione sul proprio dispositivo. Consultare le istruzioni del proprio browser per ulteriori informazioni.<\/p><h4 style=\"color: #000000 !important;\">Politica sui link<\/h4><p>Dal sito web \u00e8 possibile essere reindirizzati a contenuti di siti web di terzi.<\/p><p>Poich\u00e9 il RESPONSABILE non pu\u00f2 sempre controllare i contenuti inseriti da terzi nei rispettivi siti web, non assume alcun tipo di responsabilit\u00e0 in merito a tali contenuti.<\/p><p>In ogni caso, proceder\u00e0 alla rimozione immediata di qualsiasi contenuto che possa contravvenire alla legislazione nazionale o internazionale, alla morale o all\u2019ordine pubblico, eliminando immediatamente il reindirizzamento a tale sito web e informando le autorit\u00e0 competenti del contenuto in questione.<\/p><p>Il RESPONSABILE non \u00e8 responsabile delle informazioni e dei contenuti memorizzati, a titolo esemplificativo ma non limitativo, in forum, chat, generatori di blog, commenti, social network o qualsiasi altro mezzo che consenta a terzi di pubblicare contenuti in modo indipendente sul sito web del RESPONSABILE.<\/p><p>Tuttavia, e in conformit\u00e0 con quanto previsto dagli articoli 11 e 16 della LSSICE, si mette a disposizione di tutti gli utenti, delle autorit\u00e0 e delle forze dell\u2019ordine, collaborando attivamente alla rimozione o, se del caso, al blocco di tutti quei contenuti che possano violare la legislazione nazionale o internazionale, i diritti di terzi o la morale e l\u2019ordine pubblico.<\/p><p>Nel caso in cui l\u2019utente ritenga che sul sito web esista un contenuto suscettibile di rientrare in questa classificazione, si prega di darne immediata comunicazione all\u2019amministratore del sito web.<\/p><h4 style=\"color: #000000 !important;\">Funzionamento del sito web<\/h4><p>Questo sito web \u00e8 stato verificato e testato per garantirne il corretto funzionamento.<\/p><p>In linea di principio, il corretto funzionamento pu\u00f2 essere garantito 365 giorni all\u2019anno, 24 ore su 24. Tuttavia, il RESPONSABILE non esclude la possibilit\u00e0 di errori di programmazione o il verificarsi di cause di forza maggiore, catastrofi naturali, scioperi o circostanze simili che rendano impossibile l\u2019accesso al sito web.<\/p><h4 style=\"color: #000000 !important;\">indirizzi IP<\/h4><p>I server del sito web saranno in grado di rilevare automaticamente l&#039;indirizzo IP e il nome di dominio utilizzati dall&#039;utente.<\/p><p>Un indirizzo IP \u00e8 un numero assegnato automaticamente a un computer quando si connette a Internet.<\/p><p>Tutte queste informazioni sono registrate in un file di attivit\u00e0 del server che consente il successivo trattamento dei dati al fine di ottenere misurazioni esclusivamente statistiche che permettano di conoscere il numero di impressioni delle pagine, il numero di visite ai server web, l\u2019ordine delle visite, il punto di accesso, ecc.<\/p><h3 style=\"color: #000000 !important;\">4. LEGGE APPLICABILE E GIURISDIZIONE<\/h3><p>Per la risoluzione di tutte le controversie o questioni relative a questo sito web o alle attivit\u00e0 in esso svolte, si applicher\u00e0 la legislazione spagnola, alla quale le parti si sottopongono espressamente, essendo competenti per la risoluzione di tutti i conflitti derivanti o relativi al suo utilizzo i Tribunali del domicilio dell\u2019UTENTE o il luogo di adempimento dell\u2019obbligazione.<\/p>\t\t\t\t\t\t\t\t<\/div>\n\t\t\t\t<\/div>\n\t\t\t\t\t<\/div>\n\t\t\t\t<\/div>\n\t\t\t\t<\/div>","protected":false},"excerpt":{"rendered":"<p>AVISO LEGAL LEY DE LOS SERVICIOS DE LA SOCIEDAD DE LA INFORMACI\u00d3N (LSSI) MARIA ISABEL ARTAL MORENO (M2 CAMPER), responsable del sitio web, en adelante el RESPONSABLE, pone a disposici\u00f3n de los usuarios el presente documento, con el que pretende dar cumplimiento a las obligaciones establecidas en la Ley 34\/2002, de 11 de julio, de&hellip;&nbsp;<a href=\"https:\/\/m2camper.com\/it\/avviso-legale\/\" rel=\"bookmark\">Leggi tutto &raquo;<span class=\"screen-reader-text\">Avviso legale<\/span><\/a><\/p>","protected":false},"author":5740,"featured_media":0,"parent":0,"menu_order":0,"comment_status":"closed","ping_status":"closed","template":"page-templates\/template-pagebuilder-full-width.php","meta":{"neve_meta_sidebar":"","neve_meta_container":"","neve_meta_enable_content_width":"off","neve_meta_content_width":100,"neve_meta_title_alignment":"","neve_meta_author_avatar":"","neve_post_elements_order":"","neve_meta_disable_header":"","neve_meta_disable_footer":"","neve_meta_disable_title":"","footnotes":""},"class_list":["post-11416","page","type-page","status-publish","hentry"],"yoast_head":"<!-- This site is optimized with the Yoast SEO plugin v27.4 - https:\/\/yoast.com\/product\/yoast-seo-wordpress\/ -->\n<title>Aviso legal - M2 Camper | Aislantes t\u00e9rmicos y oscurecedores para campers<\/title>\n<meta name=\"robots\" content=\"noindex, nofollow\" \/>\n<meta property=\"og:locale\" content=\"it_IT\" \/>\n<meta property=\"og:type\" content=\"article\" \/>\n<meta property=\"og:title\" content=\"Aviso legal - M2 Camper | Aislantes t\u00e9rmicos y oscurecedores para campers\" \/>\n<meta property=\"og:description\" content=\"AVISO LEGAL LEY DE LOS SERVICIOS DE LA SOCIEDAD DE LA INFORMACI\u00d3N (LSSI) MARIA ISABEL ARTAL MORENO (M2 CAMPER), responsable del sitio web, en adelante el RESPONSABLE, pone a disposici\u00f3n de los usuarios el presente documento, con el que pretende dar cumplimiento a las obligaciones establecidas en la Ley 34\/2002, de 11 de julio, de&hellip;&nbsp;Leggi tutto &raquo;Aviso legal\" \/>\n<meta property=\"og:url\" content=\"https:\/\/m2camper.com\/it\/avviso-legale\/\" \/>\n<meta property=\"og:site_name\" content=\"M2 Camper | Aislantes t\u00e9rmicos y oscurecedores para campers\" \/>\n<meta property=\"article:modified_time\" content=\"2026-04-08T15:39:24+00:00\" \/>\n<meta name=\"twitter:card\" content=\"summary_large_image\" \/>\n<meta name=\"twitter:label1\" content=\"Tempo di lettura stimato\" \/>\n\t<meta name=\"twitter:data1\" content=\"6 minuti\" \/>\n<script type=\"application\/ld+json\" class=\"yoast-schema-graph\">{\"@context\":\"https:\\\/\\\/schema.org\",\"@graph\":[{\"@type\":\"WebPage\",\"@id\":\"https:\\\/\\\/m2camper.com\\\/aviso-legal\\\/\",\"url\":\"https:\\\/\\\/m2camper.com\\\/aviso-legal\\\/\",\"name\":\"Aviso legal - M2 Camper | Aislantes t\u00e9rmicos y oscurecedores para campers\",\"isPartOf\":{\"@id\":\"https:\\\/\\\/m2camper.com\\\/pt\\\/#website\"},\"datePublished\":\"2025-02-04T10:38:08+00:00\",\"dateModified\":\"2026-04-08T15:39:24+00:00\",\"breadcrumb\":{\"@id\":\"https:\\\/\\\/m2camper.com\\\/aviso-legal\\\/#breadcrumb\"},\"inLanguage\":\"it-IT\",\"potentialAction\":[{\"@type\":\"ReadAction\",\"target\":[\"https:\\\/\\\/m2camper.com\\\/aviso-legal\\\/\"]}]},{\"@type\":\"BreadcrumbList\",\"@id\":\"https:\\\/\\\/m2camper.com\\\/aviso-legal\\\/#breadcrumb\",\"itemListElement\":[{\"@type\":\"ListItem\",\"position\":1,\"name\":\"Portada\",\"item\":\"https:\\\/\\\/m2camper.com\\\/pt\\\/\"},{\"@type\":\"ListItem\",\"position\":2,\"name\":\"Aviso legal\"}]},{\"@type\":\"WebSite\",\"@id\":\"https:\\\/\\\/m2camper.com\\\/pt\\\/#website\",\"url\":\"https:\\\/\\\/m2camper.com\\\/pt\\\/\",\"name\":\"M2 Campers | Aislantes t\u00e9rmicos y oscurecedores para campers\",\"description\":\"Descubre calidad y confort de nuestros aislantes t\u00e9rmicos oscurecedores y colchones para veh\u00edculos. Optimiza tu experiencia en carretera con M2 Camper.\",\"potentialAction\":[{\"@type\":\"SearchAction\",\"target\":{\"@type\":\"EntryPoint\",\"urlTemplate\":\"https:\\\/\\\/m2camper.com\\\/pt\\\/?s={search_term_string}\"},\"query-input\":{\"@type\":\"PropertyValueSpecification\",\"valueRequired\":true,\"valueName\":\"search_term_string\"}}],\"inLanguage\":\"it-IT\"}]}<\/script>\n<!-- \/ Yoast SEO plugin. -->","yoast_head_json":{"title":"Note legali - M2 Camper | Isolamento termico e oscuranti per camper","robots":{"index":"noindex","follow":"nofollow"},"og_locale":"it_IT","og_type":"article","og_title":"Aviso legal - M2 Camper | Aislantes t\u00e9rmicos y oscurecedores para campers","og_description":"AVISO LEGAL LEY DE LOS SERVICIOS DE LA SOCIEDAD DE LA INFORMACI\u00d3N (LSSI) MARIA ISABEL ARTAL MORENO (M2 CAMPER), responsable del sitio web, en adelante el RESPONSABLE, pone a disposici\u00f3n de los usuarios el presente documento, con el que pretende dar cumplimiento a las obligaciones establecidas en la Ley 34\/2002, de 11 de julio, de&hellip;&nbsp;Leggi tutto &raquo;Aviso legal","og_url":"https:\/\/m2camper.com\/it\/avviso-legale\/","og_site_name":"M2 Camper | Aislantes t\u00e9rmicos y oscurecedores para campers","article_modified_time":"2026-04-08T15:39:24+00:00","twitter_card":"summary_large_image","twitter_misc":{"Tempo di lettura stimato":"6 minuti"},"schema":{"@context":"https:\/\/schema.org","@graph":[{"@type":"WebPage","@id":"https:\/\/m2camper.com\/aviso-legal\/","url":"https:\/\/m2camper.com\/aviso-legal\/","name":"Note legali - M2 Camper | Isolamento termico e oscuranti per camper","isPartOf":{"@id":"https:\/\/m2camper.com\/pt\/#website"},"datePublished":"2025-02-04T10:38:08+00:00","dateModified":"2026-04-08T15:39:24+00:00","breadcrumb":{"@id":"https:\/\/m2camper.com\/aviso-legal\/#breadcrumb"},"inLanguage":"it-IT","potentialAction":[{"@type":"ReadAction","target":["https:\/\/m2camper.com\/aviso-legal\/"]}]},{"@type":"BreadcrumbList","@id":"https:\/\/m2camper.com\/aviso-legal\/#breadcrumb","itemListElement":[{"@type":"ListItem","position":1,"name":"Portada","item":"https:\/\/m2camper.com\/pt\/"},{"@type":"ListItem","position":2,"name":"Aviso legal"}]},{"@type":"WebSite","@id":"https:\/\/m2camper.com\/pt\/#website","url":"https:\/\/m2camper.com\/pt\/","name":"M2 Campers | Isolamento termico e oscuranti per camper","description":"Scopri la qualit\u00e0 e il comfort del nostro isolamento termico oscurante e dei materassi per veicoli. Ottimizza la tua esperienza di viaggio con M2 Camper.","potentialAction":[{"@type":"SearchAction","target":{"@type":"EntryPoint","urlTemplate":"https:\/\/m2camper.com\/pt\/?s={search_term_string}"},"query-input":{"@type":"PropertyValueSpecification","valueRequired":true,"valueName":"search_term_string"}}],"inLanguage":"it-IT"}]}},"_links":{"self":[{"href":"https:\/\/m2camper.com\/it\/wp-json\/wp\/v2\/pages\/11416","targetHints":{"allow":["GET"]}}],"collection":[{"href":"https:\/\/m2camper.com\/it\/wp-json\/wp\/v2\/pages"}],"about":[{"href":"https:\/\/m2camper.com\/it\/wp-json\/wp\/v2\/types\/page"}],"author":[{"embeddable":true,"href":"https:\/\/m2camper.com\/it\/wp-json\/wp\/v2\/users\/5740"}],"replies":[{"embeddable":true,"href":"https:\/\/m2camper.com\/it\/wp-json\/wp\/v2\/comments?post=11416"}],"version-history":[{"count":34,"href":"https:\/\/m2camper.com\/it\/wp-json\/wp\/v2\/pages\/11416\/revisions"}],"predecessor-version":[{"id":16908,"href":"https:\/\/m2camper.com\/it\/wp-json\/wp\/v2\/pages\/11416\/revisions\/16908"}],"wp:attachment":[{"href":"https:\/\/m2camper.com\/it\/wp-json\/wp\/v2\/media?parent=11416"}],"curies":[{"name":"wp","href":"https:\/\/api.w.org\/{rel}","templated":true}]}}