{"id":4211,"date":"2024-12-20T14:08:33","date_gmt":"2024-12-20T14:08:33","guid":{"rendered":"https:\/\/m2campera.proyectosdesarrollosweb.com\/?product=aislantes-termicos-oscurecedores-citroen-berlingo-i"},"modified":"2025-04-25T09:32:07","modified_gmt":"2025-04-25T09:32:07","slug":"isolants-thermiques-citroen-berlingo-i-avec-stores-occultants","status":"publish","type":"product","link":"https:\/\/m2camper.com\/fr\/isolants-thermiques-citroen-berlingo-i-avec-stores-occultants\/","title":{"rendered":"Isolation thermique occultante pour Citro\u00ebn Berlingo I"},"content":{"rendered":"<p>B\u00e9n\u00e9ficiez d&#039;un confort in\u00e9gal\u00e9 dans votre Citro\u00ebn Berlingo I gr\u00e2ce \u00e0 nos isolants thermiques occultants \u00e0 9 couches, m\u00e9ticuleusement con\u00e7us pour offrir des performances et une protection maximales.<\/p>\n<p>&nbsp;<\/p>\n<p><strong>Caract\u00e9ristiques principales\u00a0:<\/strong><\/p>\n<ul>\n<li><strong>Efficacit\u00e9 thermique sup\u00e9rieure :<\/strong> Avec 9 couches d&#039;isolation thermique, nos isolants thermiques occultants agissent comme une barri\u00e8re efficace contre la chaleur, gardant votre v\u00e9hicule au frais m\u00eame les jours les plus chauds et au chaud les jours les plus froids.<\/li>\n<li><strong>Panne totale :<\/strong> Profitez de l&#039;intimit\u00e9 dont vous avez besoin avec nos stores de fen\u00eatre, qui non seulement bloquent la lumi\u00e8re directe du soleil, mais prot\u00e8gent \u00e9galement des regards indiscrets.<\/li>\n<li><strong>Ajustement personnalis\u00e9 :<\/strong> Con\u00e7u sp\u00e9cifiquement pour le Citro\u00ebn Berlingo I, nous garantissons un ajustement parfait. Nos occultants thermiques sont fix\u00e9s avec des ventouses viss\u00e9es pour une installation rapide et s\u00e9curis\u00e9e.<\/li>\n<li><strong>Durabilit\u00e9 et qualit\u00e9 :<\/strong> Fabriqu\u00e9s \u00e0 partir de mat\u00e9riaux de haute qualit\u00e9, nos isolants thermiques occultants sont solides et durables, garantissant des performances optimales dans le temps.<\/li>\n<\/ul>\n<p>&nbsp;<\/p>\n<p><strong>Avantages suppl\u00e9mentaires :<\/strong><\/p>\n<ul>\n<li><strong>Protection UV :<\/strong> Bloquez les rayons UV nocifs pour prot\u00e9ger l&#039;int\u00e9rieur de votre voiture et prolonger la dur\u00e9e de vie de vos accessoires.<\/li>\n<li><strong>R\u00e9duire la consommation d&#039;\u00e9nergie :<\/strong> En maintenant une temp\u00e9rature int\u00e9rieure plus optimale, vos isolants thermiques occultants aident le syst\u00e8me de climatisation ou de chauffage \u00e0 fonctionner plus efficacement, ce qui se traduit par une consommation de carburant plus faible.<\/li>\n<li><strong>Style et fonctionnalit\u00e9 :<\/strong> En plus de leurs avantages pratiques, nos isolants thermiques occultants ajoutent une touche de style \u00e0 votre Citro\u00ebn Berlingo I, am\u00e9liorant l&#039;esth\u00e9tique g\u00e9n\u00e9rale du v\u00e9hicule.<\/li>\n<\/ul>\n<p>&nbsp;<\/p>\n<p>Optez pour le confort, l&#039;efficacit\u00e9 et le style avec nos isolants thermiques occultants \u00e0 9 couches con\u00e7us exclusivement pour le Citro\u00ebn Berlingo I. Vivez une conduite parfaite en toutes saisons.<\/p>","protected":false},"excerpt":{"rendered":"<p><strong>OPTIONS:<\/strong><\/p>\n<p><strong>CABINE:<\/strong> \u00a0vitres avant, lat\u00e9rales, conducteur et passager (3 pi\u00e8ces) (5 pi\u00e8ces s&#039;il y a des triangles)<\/p>\n<p><strong>BO\u00ceTE:<\/strong> 2 c\u00f4t\u00e9s de la 2\u00e8me rang\u00e9e de si\u00e8ges, 2 c\u00f4t\u00e9s de la 3\u00e8me rang\u00e9e de si\u00e8ges et hayon ou double porte arri\u00e8re selon le mod\u00e8le (5 ou 6 pi\u00e8ces selon le cas)<\/p>\n<p><strong>COMPLET<u>:<\/u> <\/strong>(vitre avant, c\u00f4t\u00e9 conducteur et passager, 2 c\u00f4t\u00e9s de la 2\u00e8me rang\u00e9e de si\u00e8ges, 2 c\u00f4t\u00e9s de la 3\u00e8me rang\u00e9e de si\u00e8ges et hayon ou double porte arri\u00e8re selon le mod\u00e8le (8 ou 9 pi\u00e8ces selon le cas) si les triangles sont inclus, il y en aurait 10 ou 11<\/p>\n<p>&nbsp;<\/p>\n<p><strong>ISOLANTS THERMIQUES \u00c0 9 COUCHES<\/strong><\/p>\n<p>Rideau occultant et thermique de haute qualit\u00e9, compos\u00e9 de 9 couches, con\u00e7u pour isoler des temp\u00e9ratures extr\u00eames et offrir un confort optimal tout en garantissant une obscurit\u00e9 totale pour des nuits paisibles. Son installation est simple gr\u00e2ce \u00e0 des ventouses \u00e0 visser, faciles \u00e0 retirer et \u00e0 adh\u00e9rer parfaitement.<\/p>\n<p>Composition<\/p>\n<ol>\n<li>Aluminium 90 microns, anti-ultraviolet et r\u00e9sistant aux rayures.<\/li>\n<li>Poly\u00e9thyl\u00e8ne expans\u00e9 de 2 mm.<\/li>\n<li>Film aluminium 38 microns, pour isolation.<\/li>\n<li>Poly\u00e9thyl\u00e8ne expans\u00e9 de 2 mm.<\/li>\n<li>Film aluminium 38 microns.<\/li>\n<li>Poly\u00e9thyl\u00e8ne expans\u00e9 de 2 mm.<\/li>\n<li>Film aluminium 38 microns.<\/li>\n<li>Ouate antiallergique 75 gr\/m pour isolation.<\/li>\n<li>PVC anti-condensation.<\/li>\n<\/ol>","protected":false},"featured_media":4212,"comment_status":"open","ping_status":"closed","template":"","meta":{"neve_meta_sidebar":"","neve_meta_container":"","neve_meta_enable_content_width":"off","neve_meta_content_width":100,"neve_meta_title_alignment":"","neve_meta_author_avatar":"","neve_post_elements_order":"","neve_meta_disable_header":"","neve_meta_disable_footer":"","neve_meta_disable_title":""},"product_brand":[],"product_cat":[69,62,61],"product_tag":[],"class_list":{"0":"post-4211","1":"product","2":"type-product","3":"status-publish","4":"has-post-thumbnail","6":"product_cat-citroen","7":"product_cat-aislantes","8":"product_cat-all-products","9":"pa_detalles-del-producto-pstrongopcionesstrongppstrongcabinastrong-luna-delantera-lateral-piloto-y-copiloto-3-piezas-5-piezas-en-caso-de-que-lleve-triangulitosppstrongcajastrongstrong-strong2-laterales-de-la-2o-fila-de-asient","10":"pa_observaciones-plos-plazos-de-entrega-pueden-variar-segun-fechas-de-comprap","11":"pa_opciones-cabina-con-sensor-de-lluvia","12":"pa_opciones-cabina-sin-sensor-de-lluvia","13":"pa_opciones-caja-doble-puerta-trasera","14":"pa_opciones-caja-porton-trasero","15":"pa_opciones-completa-con-sen-lluvia-y-doble-puerta-trasera","16":"pa_opciones-completa-con-sensor-de-lluvia-y-porton-trasero","17":"pa_opciones-completa-sin-sen-de-lluvia-y-doble-puerta-trasera","18":"pa_opciones-completa-sin-sensor-de-lluvia-y-porton-trasero","20":"first","21":"instock","22":"taxable","23":"shipping-taxable","24":"purchasable","25":"product-type-variable"},"yoast_head":"<!-- This site is optimized with the Yoast SEO plugin v27.3 - https:\/\/yoast.com\/product\/yoast-seo-wordpress\/ -->\n<title>Aislantes t\u00e9rmicos oscurecedores Citro\u00ebn Berlingo I | M2Camper<\/title>\n<meta name=\"description\" content=\"Aumenta el confort en tu Citro\u00ebn Berlingo I con nuestros aislantes t\u00e9rmicos oscurecedores de 9 capas. Disfruta de un viaje m\u00e1s placentero haga frio o calor.\" \/>\n<meta name=\"robots\" content=\"index, follow, max-snippet:-1, max-image-preview:large, max-video-preview:-1\" \/>\n<link rel=\"canonical\" href=\"https:\/\/m2camper.com\/fr\/isolants-thermiques-citroen-berlingo-i-avec-stores-occultants\/\" \/>\n<meta property=\"og:locale\" content=\"fr_FR\" \/>\n<meta property=\"og:type\" content=\"article\" \/>\n<meta property=\"og:title\" content=\"Aislantes t\u00e9rmicos oscurecedores Citro\u00ebn Berlingo I | M2Camper\" \/>\n<meta property=\"og:description\" content=\"Aumenta el confort en tu Citro\u00ebn Berlingo I con nuestros aislantes t\u00e9rmicos oscurecedores de 9 capas. Disfruta de un viaje m\u00e1s placentero haga frio o calor.\" \/>\n<meta property=\"og:url\" content=\"https:\/\/m2camper.com\/fr\/isolants-thermiques-citroen-berlingo-i-avec-stores-occultants\/\" \/>\n<meta property=\"og:site_name\" content=\"M2 Camper | Aislantes t\u00e9rmicos y oscurecedores para campers\" \/>\n<meta property=\"article:modified_time\" content=\"2025-04-25T09:32:07+00:00\" \/>\n<meta property=\"og:image\" content=\"https:\/\/m2camper.com\/wp-content\/uploads\/2025\/01\/60c9aa_24860631b8db40ab8756efa241468927mv2.png\" \/>\n\t<meta property=\"og:image:width\" content=\"710\" \/>\n\t<meta property=\"og:image:height\" content=\"400\" \/>\n\t<meta property=\"og:image:type\" content=\"image\/png\" \/>\n<meta name=\"twitter:card\" content=\"summary_large_image\" \/>\n<meta name=\"twitter:label1\" content=\"Dur\u00e9e de lecture estim\u00e9e\" \/>\n\t<meta name=\"twitter:data1\" content=\"2 minutes\" \/>\n<script type=\"application\/ld+json\" class=\"yoast-schema-graph\">{\"@context\":\"https:\\\/\\\/schema.org\",\"@graph\":[{\"@type\":\"WebPage\",\"@id\":\"https:\\\/\\\/m2camper.com\\\/aislantes-termicos-oscurecedores-citroen-berlingo-i\\\/\",\"url\":\"https:\\\/\\\/m2camper.com\\\/aislantes-termicos-oscurecedores-citroen-berlingo-i\\\/\",\"name\":\"Aislantes t\u00e9rmicos oscurecedores Citro\u00ebn Berlingo I | M2Camper\",\"isPartOf\":{\"@id\":\"https:\\\/\\\/m2camper.com\\\/pt\\\/#website\"},\"primaryImageOfPage\":{\"@id\":\"https:\\\/\\\/m2camper.com\\\/aislantes-termicos-oscurecedores-citroen-berlingo-i\\\/#primaryimage\"},\"image\":{\"@id\":\"https:\\\/\\\/m2camper.com\\\/aislantes-termicos-oscurecedores-citroen-berlingo-i\\\/#primaryimage\"},\"thumbnailUrl\":\"https:\\\/\\\/m2camper.com\\\/wp-content\\\/uploads\\\/2025\\\/01\\\/60c9aa_24860631b8db40ab8756efa241468927mv2.png\",\"datePublished\":\"2024-12-20T14:08:33+00:00\",\"dateModified\":\"2025-04-25T09:32:07+00:00\",\"description\":\"Aumenta el confort en tu Citro\u00ebn Berlingo I con nuestros aislantes t\u00e9rmicos oscurecedores de 9 capas. Disfruta de un viaje m\u00e1s placentero haga frio o calor.\",\"breadcrumb\":{\"@id\":\"https:\\\/\\\/m2camper.com\\\/aislantes-termicos-oscurecedores-citroen-berlingo-i\\\/#breadcrumb\"},\"inLanguage\":\"fr-FR\",\"potentialAction\":[{\"@type\":\"ReadAction\",\"target\":[\"https:\\\/\\\/m2camper.com\\\/aislantes-termicos-oscurecedores-citroen-berlingo-i\\\/\"]}]},{\"@type\":\"ImageObject\",\"inLanguage\":\"fr-FR\",\"@id\":\"https:\\\/\\\/m2camper.com\\\/aislantes-termicos-oscurecedores-citroen-berlingo-i\\\/#primaryimage\",\"url\":\"https:\\\/\\\/m2camper.com\\\/wp-content\\\/uploads\\\/2025\\\/01\\\/60c9aa_24860631b8db40ab8756efa241468927mv2.png\",\"contentUrl\":\"https:\\\/\\\/m2camper.com\\\/wp-content\\\/uploads\\\/2025\\\/01\\\/60c9aa_24860631b8db40ab8756efa241468927mv2.png\",\"width\":710,\"height\":400},{\"@type\":\"BreadcrumbList\",\"@id\":\"https:\\\/\\\/m2camper.com\\\/aislantes-termicos-oscurecedores-citroen-berlingo-i\\\/#breadcrumb\",\"itemListElement\":[{\"@type\":\"ListItem\",\"position\":1,\"name\":\"Portada\",\"item\":\"https:\\\/\\\/m2camper.com\\\/pt\\\/\"},{\"@type\":\"ListItem\",\"position\":2,\"name\":\"Tienda\",\"item\":\"https:\\\/\\\/m2camper.com\\\/pt\\\/loja\\\/\"},{\"@type\":\"ListItem\",\"position\":3,\"name\":\"Aislantes t\u00e9rmicos oscurecedores Citro\u00ebn Berlingo I\"}]},{\"@type\":\"WebSite\",\"@id\":\"https:\\\/\\\/m2camper.com\\\/pt\\\/#website\",\"url\":\"https:\\\/\\\/m2camper.com\\\/pt\\\/\",\"name\":\"M2 Campers | Aislantes t\u00e9rmicos y oscurecedores para campers\",\"description\":\"Descubre calidad y confort de nuestros aislantes t\u00e9rmicos oscurecedores y colchones para veh\u00edculos. Optimiza tu experiencia en carretera con M2 Camper.\",\"potentialAction\":[{\"@type\":\"SearchAction\",\"target\":{\"@type\":\"EntryPoint\",\"urlTemplate\":\"https:\\\/\\\/m2camper.com\\\/pt\\\/?s={search_term_string}\"},\"query-input\":{\"@type\":\"PropertyValueSpecification\",\"valueRequired\":true,\"valueName\":\"search_term_string\"}}],\"inLanguage\":\"fr-FR\"}]}<\/script>\n<!-- \/ Yoast SEO plugin. -->","yoast_head_json":{"title":"Aislantes t\u00e9rmicos oscurecedores Citro\u00ebn Berlingo I | M2Camper","description":"Augmentez le confort de votre Citro\u00ebn Berlingo I avec nos isolants thermiques occultants 9 couches. Profitez d&#039;un voyage plus agr\u00e9able, qu&#039;il fasse froid ou chaud.","robots":{"index":"index","follow":"follow","max-snippet":"max-snippet:-1","max-image-preview":"max-image-preview:large","max-video-preview":"max-video-preview:-1"},"canonical":"https:\/\/m2camper.com\/fr\/isolants-thermiques-citroen-berlingo-i-avec-stores-occultants\/","og_locale":"fr_FR","og_type":"article","og_title":"Aislantes t\u00e9rmicos oscurecedores Citro\u00ebn Berlingo I | M2Camper","og_description":"Aumenta el confort en tu Citro\u00ebn Berlingo I con nuestros aislantes t\u00e9rmicos oscurecedores de 9 capas. Disfruta de un viaje m\u00e1s placentero haga frio o calor.","og_url":"https:\/\/m2camper.com\/fr\/isolants-thermiques-citroen-berlingo-i-avec-stores-occultants\/","og_site_name":"M2 Camper | Aislantes t\u00e9rmicos y oscurecedores para campers","article_modified_time":"2025-04-25T09:32:07+00:00","og_image":[{"width":710,"height":400,"url":"https:\/\/m2camper.com\/wp-content\/uploads\/2025\/01\/60c9aa_24860631b8db40ab8756efa241468927mv2.png","type":"image\/png"}],"twitter_card":"summary_large_image","twitter_misc":{"Dur\u00e9e de lecture estim\u00e9e":"2 minutes"},"schema":{"@context":"https:\/\/schema.org","@graph":[{"@type":"WebPage","@id":"https:\/\/m2camper.com\/aislantes-termicos-oscurecedores-citroen-berlingo-i\/","url":"https:\/\/m2camper.com\/aislantes-termicos-oscurecedores-citroen-berlingo-i\/","name":"Aislantes t\u00e9rmicos oscurecedores Citro\u00ebn Berlingo I | M2Camper","isPartOf":{"@id":"https:\/\/m2camper.com\/pt\/#website"},"primaryImageOfPage":{"@id":"https:\/\/m2camper.com\/aislantes-termicos-oscurecedores-citroen-berlingo-i\/#primaryimage"},"image":{"@id":"https:\/\/m2camper.com\/aislantes-termicos-oscurecedores-citroen-berlingo-i\/#primaryimage"},"thumbnailUrl":"https:\/\/m2camper.com\/wp-content\/uploads\/2025\/01\/60c9aa_24860631b8db40ab8756efa241468927mv2.png","datePublished":"2024-12-20T14:08:33+00:00","dateModified":"2025-04-25T09:32:07+00:00","description":"Augmentez le confort de votre Citro\u00ebn Berlingo I avec nos isolants thermiques occultants 9 couches. Profitez d&#039;un voyage plus agr\u00e9able, qu&#039;il fasse froid ou chaud.","breadcrumb":{"@id":"https:\/\/m2camper.com\/aislantes-termicos-oscurecedores-citroen-berlingo-i\/#breadcrumb"},"inLanguage":"fr-FR","potentialAction":[{"@type":"ReadAction","target":["https:\/\/m2camper.com\/aislantes-termicos-oscurecedores-citroen-berlingo-i\/"]}]},{"@type":"ImageObject","inLanguage":"fr-FR","@id":"https:\/\/m2camper.com\/aislantes-termicos-oscurecedores-citroen-berlingo-i\/#primaryimage","url":"https:\/\/m2camper.com\/wp-content\/uploads\/2025\/01\/60c9aa_24860631b8db40ab8756efa241468927mv2.png","contentUrl":"https:\/\/m2camper.com\/wp-content\/uploads\/2025\/01\/60c9aa_24860631b8db40ab8756efa241468927mv2.png","width":710,"height":400},{"@type":"BreadcrumbList","@id":"https:\/\/m2camper.com\/aislantes-termicos-oscurecedores-citroen-berlingo-i\/#breadcrumb","itemListElement":[{"@type":"ListItem","position":1,"name":"Portada","item":"https:\/\/m2camper.com\/pt\/"},{"@type":"ListItem","position":2,"name":"Tienda","item":"https:\/\/m2camper.com\/pt\/loja\/"},{"@type":"ListItem","position":3,"name":"Aislantes t\u00e9rmicos oscurecedores Citro\u00ebn Berlingo I"}]},{"@type":"WebSite","@id":"https:\/\/m2camper.com\/pt\/#website","url":"https:\/\/m2camper.com\/pt\/","name":"M2 Campeurs | Isolation thermique et oscurecedores pour les campeurs","description":"D\u00e9couvrez la qualit\u00e9 et le confort de notre isolation thermique oscurecedores et des matelas pour les v\u00e9hicules. Optimiser votre exp\u00e9rience de la route avec M2 camping-car.","potentialAction":[{"@type":"SearchAction","target":{"@type":"EntryPoint","urlTemplate":"https:\/\/m2camper.com\/pt\/?s={search_term_string}"},"query-input":{"@type":"PropertyValueSpecification","valueRequired":true,"valueName":"search_term_string"}}],"inLanguage":"fr-FR"}]}},"_links":{"self":[{"href":"https:\/\/m2camper.com\/fr\/wp-json\/wp\/v2\/product\/4211","targetHints":{"allow":["GET"]}}],"collection":[{"href":"https:\/\/m2camper.com\/fr\/wp-json\/wp\/v2\/product"}],"about":[{"href":"https:\/\/m2camper.com\/fr\/wp-json\/wp\/v2\/types\/product"}],"replies":[{"embeddable":true,"href":"https:\/\/m2camper.com\/fr\/wp-json\/wp\/v2\/comments?post=4211"}],"wp:featuredmedia":[{"embeddable":true,"href":"https:\/\/m2camper.com\/fr\/wp-json\/wp\/v2\/media\/4212"}],"wp:attachment":[{"href":"https:\/\/m2camper.com\/fr\/wp-json\/wp\/v2\/media?parent=4211"}],"wp:term":[{"taxonomy":"product_brand","embeddable":true,"href":"https:\/\/m2camper.com\/fr\/wp-json\/wp\/v2\/product_brand?post=4211"},{"taxonomy":"product_cat","embeddable":true,"href":"https:\/\/m2camper.com\/fr\/wp-json\/wp\/v2\/product_cat?post=4211"},{"taxonomy":"product_tag","embeddable":true,"href":"https:\/\/m2camper.com\/fr\/wp-json\/wp\/v2\/product_tag?post=4211"}],"curies":[{"name":"wp","href":"https:\/\/api.w.org\/{rel}","templated":true}]}}