{"id":3553,"date":"2025-01-23T14:05:52","date_gmt":"2025-01-23T14:05:52","guid":{"rendered":"https:\/\/m2campera.proyectosdesarrollosweb.com\/?product=ventosas-de-rosca-5-unidades"},"modified":"2025-04-25T09:32:05","modified_gmt":"2025-04-25T09:32:05","slug":"ventouses-a-visser-5-pieces","status":"publish","type":"product","link":"https:\/\/m2camper.com\/fr\/ventouses-a-visser-5-pieces\/","title":{"rendered":"Ventouses \u00e0 visser (5 unit\u00e9s)"},"content":{"rendered":"<p>D\u00e9couvrez la solution ultime pour maximiser les performances thermiques de votre camping-car avec nos ventouses filet\u00e9es sp\u00e9cialis\u00e9es. Con\u00e7ues sp\u00e9cifiquement pour l&#039;isolation thermique, ces ventouses offrent une adh\u00e9rence ferme et durable, assurant un maintien s\u00fbr sur n&#039;importe quelle surface.<\/p>\n<p>&nbsp;<\/p>\n<p>Fabriqu\u00e9es \u00e0 partir de mat\u00e9riaux de haute qualit\u00e9, nos ventouses r\u00e9sistent aux conditions m\u00e9t\u00e9orologiques extr\u00eames, garantissant des performances optimales m\u00eame \u00e0 des temp\u00e9ratures extr\u00eames. Le filetage sp\u00e9cialis\u00e9 permet une installation rapide et facile, vous permettant de personnaliser la disposition des isolants thermiques en fonction de vos besoins sp\u00e9cifiques.<\/p>\n<p>Les ventouses filet\u00e9es sont l&#039;option parfaite pour maintenir la temp\u00e9rature id\u00e9ale dans votre camping-car, car elles emp\u00eachent les pertes de chaleur en hiver et r\u00e9duisent la chaleur excessive en \u00e9t\u00e9. Tirez le meilleur parti de votre exp\u00e9rience de voyage en cr\u00e9ant un environnement confortable et \u00e9conome en \u00e9nergie.<\/p>\n<p>&nbsp;<\/p>\n<p>Am\u00e9liorez l&#039;efficacit\u00e9 de votre isolation thermique gr\u00e2ce \u00e0 nos ventouses filet\u00e9es sp\u00e9cialis\u00e9es. Faites de votre camping-car un refuge confortable \u00e0 tout moment de l\u2019ann\u00e9e\u00a0!<\/p>","protected":false},"excerpt":{"rendered":"<p>Ventouses de 50 mm de large. Diam\u00e8tre transparent avec goujon en acier inoxydable de 10 mm de long inject\u00e9 dans la ventouse avec un \u00e9crou gris<\/p>","protected":false},"featured_media":3554,"comment_status":"open","ping_status":"closed","template":"","meta":{"neve_meta_sidebar":"","neve_meta_container":"","neve_meta_enable_content_width":"","neve_meta_content_width":0,"neve_meta_title_alignment":"","neve_meta_author_avatar":"","neve_post_elements_order":"","neve_meta_disable_header":"","neve_meta_disable_footer":"","neve_meta_disable_title":""},"product_brand":[],"product_cat":[62,61,101],"product_tag":[],"class_list":{"0":"post-3553","1":"product","2":"type-product","3":"status-publish","4":"has-post-thumbnail","6":"product_cat-aislantes","7":"product_cat-all-products","8":"product_cat-ventosas-tuercas","9":"pa_detalles-del-producto-pventosas-de-gran-succion-de-50mm-de-diametro-transparentes-con-esparrago-de-acero-inoxidable-de-10mm-de-longitud-inyectado-en-la-ventosa-con-tuerca-en-color-grisp","10":"pa_observaciones-plos-plazos-de-entrega-pueden-variar-segun-fechas-de-comprap","11":"pa_opciones-10-uds","12":"pa_opciones-20-uds","13":"pa_opciones-5-uds","14":"pa_opciones-50-uds","16":"first","17":"instock","18":"taxable","19":"shipping-taxable","20":"purchasable","21":"product-type-variable"},"yoast_head":"<!-- This site is optimized with the Yoast SEO plugin v27.4 - https:\/\/yoast.com\/product\/yoast-seo-wordpress\/ -->\n<title>Ventosas de rosca (5 unidades) | M2Camper<\/title>\n<meta name=\"description\" content=\"Optimiza el aislamiento t\u00e9rmico en tu veh\u00edculo camper con nuestras ventosas de rosca especializadas. R\u00e1pidas, duraderas y eficientes.\" \/>\n<meta name=\"robots\" content=\"index, follow, max-snippet:-1, max-image-preview:large, max-video-preview:-1\" \/>\n<link rel=\"canonical\" href=\"https:\/\/m2camper.com\/fr\/ventouses-a-visser-5-pieces\/\" \/>\n<meta property=\"og:locale\" content=\"fr_FR\" \/>\n<meta property=\"og:type\" content=\"article\" \/>\n<meta property=\"og:title\" content=\"Ventosas de rosca (5 unidades) | M2Camper\" \/>\n<meta property=\"og:description\" content=\"Optimiza el aislamiento t\u00e9rmico en tu veh\u00edculo camper con nuestras ventosas de rosca especializadas. R\u00e1pidas, duraderas y eficientes.\" \/>\n<meta property=\"og:url\" content=\"https:\/\/m2camper.com\/fr\/ventouses-a-visser-5-pieces\/\" \/>\n<meta property=\"og:site_name\" content=\"M2 Camper | Aislantes t\u00e9rmicos y oscurecedores para campers\" \/>\n<meta property=\"article:modified_time\" content=\"2025-04-25T09:32:05+00:00\" \/>\n<meta property=\"og:image\" content=\"https:\/\/m2camper.com\/wp-content\/uploads\/2025\/01\/60c9aa_ddb1e21344e74b1fa3bf47729864c7bcmv2_d_4128_3096_s_4_2-scaled.jpg\" \/>\n\t<meta property=\"og:image:width\" content=\"2560\" \/>\n\t<meta property=\"og:image:height\" content=\"1920\" \/>\n\t<meta property=\"og:image:type\" content=\"image\/jpeg\" \/>\n<meta name=\"twitter:card\" content=\"summary_large_image\" \/>\n<meta name=\"twitter:label1\" content=\"Dur\u00e9e de lecture estim\u00e9e\" \/>\n\t<meta name=\"twitter:data1\" content=\"1 minute\" \/>\n<script type=\"application\/ld+json\" class=\"yoast-schema-graph\">{\"@context\":\"https:\\\/\\\/schema.org\",\"@graph\":[{\"@type\":\"WebPage\",\"@id\":\"https:\\\/\\\/m2camper.com\\\/ventosas-de-rosca-5-unidades\\\/\",\"url\":\"https:\\\/\\\/m2camper.com\\\/ventosas-de-rosca-5-unidades\\\/\",\"name\":\"Ventosas de rosca (5 unidades) | M2Camper\",\"isPartOf\":{\"@id\":\"https:\\\/\\\/m2camper.com\\\/pt\\\/#website\"},\"primaryImageOfPage\":{\"@id\":\"https:\\\/\\\/m2camper.com\\\/ventosas-de-rosca-5-unidades\\\/#primaryimage\"},\"image\":{\"@id\":\"https:\\\/\\\/m2camper.com\\\/ventosas-de-rosca-5-unidades\\\/#primaryimage\"},\"thumbnailUrl\":\"https:\\\/\\\/m2camper.com\\\/wp-content\\\/uploads\\\/2025\\\/01\\\/60c9aa_ddb1e21344e74b1fa3bf47729864c7bcmv2_d_4128_3096_s_4_2-scaled.jpg\",\"datePublished\":\"2025-01-23T14:05:52+00:00\",\"dateModified\":\"2025-04-25T09:32:05+00:00\",\"description\":\"Optimiza el aislamiento t\u00e9rmico en tu veh\u00edculo camper con nuestras ventosas de rosca especializadas. R\u00e1pidas, duraderas y eficientes.\",\"breadcrumb\":{\"@id\":\"https:\\\/\\\/m2camper.com\\\/ventosas-de-rosca-5-unidades\\\/#breadcrumb\"},\"inLanguage\":\"fr-FR\",\"potentialAction\":[{\"@type\":\"ReadAction\",\"target\":[\"https:\\\/\\\/m2camper.com\\\/ventosas-de-rosca-5-unidades\\\/\"]}]},{\"@type\":\"ImageObject\",\"inLanguage\":\"fr-FR\",\"@id\":\"https:\\\/\\\/m2camper.com\\\/ventosas-de-rosca-5-unidades\\\/#primaryimage\",\"url\":\"https:\\\/\\\/m2camper.com\\\/wp-content\\\/uploads\\\/2025\\\/01\\\/60c9aa_ddb1e21344e74b1fa3bf47729864c7bcmv2_d_4128_3096_s_4_2-scaled.jpg\",\"contentUrl\":\"https:\\\/\\\/m2camper.com\\\/wp-content\\\/uploads\\\/2025\\\/01\\\/60c9aa_ddb1e21344e74b1fa3bf47729864c7bcmv2_d_4128_3096_s_4_2-scaled.jpg\",\"width\":2560,\"height\":1920},{\"@type\":\"BreadcrumbList\",\"@id\":\"https:\\\/\\\/m2camper.com\\\/ventosas-de-rosca-5-unidades\\\/#breadcrumb\",\"itemListElement\":[{\"@type\":\"ListItem\",\"position\":1,\"name\":\"Portada\",\"item\":\"https:\\\/\\\/m2camper.com\\\/pt\\\/\"},{\"@type\":\"ListItem\",\"position\":2,\"name\":\"Tienda\",\"item\":\"https:\\\/\\\/m2camper.com\\\/pt\\\/loja\\\/\"},{\"@type\":\"ListItem\",\"position\":3,\"name\":\"Ventosas de rosca (5 unidades)\"}]},{\"@type\":\"WebSite\",\"@id\":\"https:\\\/\\\/m2camper.com\\\/pt\\\/#website\",\"url\":\"https:\\\/\\\/m2camper.com\\\/pt\\\/\",\"name\":\"M2 Campers | Aislantes t\u00e9rmicos y oscurecedores para campers\",\"description\":\"Descubre calidad y confort de nuestros aislantes t\u00e9rmicos oscurecedores y colchones para veh\u00edculos. Optimiza tu experiencia en carretera con M2 Camper.\",\"potentialAction\":[{\"@type\":\"SearchAction\",\"target\":{\"@type\":\"EntryPoint\",\"urlTemplate\":\"https:\\\/\\\/m2camper.com\\\/pt\\\/?s={search_term_string}\"},\"query-input\":{\"@type\":\"PropertyValueSpecification\",\"valueRequired\":true,\"valueName\":\"search_term_string\"}}],\"inLanguage\":\"fr-FR\"}]}<\/script>\n<!-- \/ Yoast SEO plugin. -->","yoast_head_json":{"title":"Ventosas de rosca (5 unidades) | M2Camper","description":"Optimisez l&#039;isolation thermique de votre camping-car gr\u00e2ce \u00e0 nos ventouses \u00e0 visser sp\u00e9cialis\u00e9es. Rapide, durable et efficace.","robots":{"index":"index","follow":"follow","max-snippet":"max-snippet:-1","max-image-preview":"max-image-preview:large","max-video-preview":"max-video-preview:-1"},"canonical":"https:\/\/m2camper.com\/fr\/ventouses-a-visser-5-pieces\/","og_locale":"fr_FR","og_type":"article","og_title":"Ventosas de rosca (5 unidades) | M2Camper","og_description":"Optimiza el aislamiento t\u00e9rmico en tu veh\u00edculo camper con nuestras ventosas de rosca especializadas. R\u00e1pidas, duraderas y eficientes.","og_url":"https:\/\/m2camper.com\/fr\/ventouses-a-visser-5-pieces\/","og_site_name":"M2 Camper | Aislantes t\u00e9rmicos y oscurecedores para campers","article_modified_time":"2025-04-25T09:32:05+00:00","og_image":[{"width":2560,"height":1920,"url":"https:\/\/m2camper.com\/wp-content\/uploads\/2025\/01\/60c9aa_ddb1e21344e74b1fa3bf47729864c7bcmv2_d_4128_3096_s_4_2-scaled.jpg","type":"image\/jpeg"}],"twitter_card":"summary_large_image","twitter_misc":{"Dur\u00e9e de lecture estim\u00e9e":"1 minute"},"schema":{"@context":"https:\/\/schema.org","@graph":[{"@type":"WebPage","@id":"https:\/\/m2camper.com\/ventosas-de-rosca-5-unidades\/","url":"https:\/\/m2camper.com\/ventosas-de-rosca-5-unidades\/","name":"Ventosas de rosca (5 unidades) | M2Camper","isPartOf":{"@id":"https:\/\/m2camper.com\/pt\/#website"},"primaryImageOfPage":{"@id":"https:\/\/m2camper.com\/ventosas-de-rosca-5-unidades\/#primaryimage"},"image":{"@id":"https:\/\/m2camper.com\/ventosas-de-rosca-5-unidades\/#primaryimage"},"thumbnailUrl":"https:\/\/m2camper.com\/wp-content\/uploads\/2025\/01\/60c9aa_ddb1e21344e74b1fa3bf47729864c7bcmv2_d_4128_3096_s_4_2-scaled.jpg","datePublished":"2025-01-23T14:05:52+00:00","dateModified":"2025-04-25T09:32:05+00:00","description":"Optimisez l&#039;isolation thermique de votre camping-car gr\u00e2ce \u00e0 nos ventouses \u00e0 visser sp\u00e9cialis\u00e9es. Rapide, durable et efficace.","breadcrumb":{"@id":"https:\/\/m2camper.com\/ventosas-de-rosca-5-unidades\/#breadcrumb"},"inLanguage":"fr-FR","potentialAction":[{"@type":"ReadAction","target":["https:\/\/m2camper.com\/ventosas-de-rosca-5-unidades\/"]}]},{"@type":"ImageObject","inLanguage":"fr-FR","@id":"https:\/\/m2camper.com\/ventosas-de-rosca-5-unidades\/#primaryimage","url":"https:\/\/m2camper.com\/wp-content\/uploads\/2025\/01\/60c9aa_ddb1e21344e74b1fa3bf47729864c7bcmv2_d_4128_3096_s_4_2-scaled.jpg","contentUrl":"https:\/\/m2camper.com\/wp-content\/uploads\/2025\/01\/60c9aa_ddb1e21344e74b1fa3bf47729864c7bcmv2_d_4128_3096_s_4_2-scaled.jpg","width":2560,"height":1920},{"@type":"BreadcrumbList","@id":"https:\/\/m2camper.com\/ventosas-de-rosca-5-unidades\/#breadcrumb","itemListElement":[{"@type":"ListItem","position":1,"name":"Portada","item":"https:\/\/m2camper.com\/pt\/"},{"@type":"ListItem","position":2,"name":"Tienda","item":"https:\/\/m2camper.com\/pt\/loja\/"},{"@type":"ListItem","position":3,"name":"Ventosas de rosca (5 unidades)"}]},{"@type":"WebSite","@id":"https:\/\/m2camper.com\/pt\/#website","url":"https:\/\/m2camper.com\/pt\/","name":"M2 Campeurs | Isolation thermique et oscurecedores pour les campeurs","description":"D\u00e9couvrez la qualit\u00e9 et le confort de notre isolation thermique oscurecedores et des matelas pour les v\u00e9hicules. Optimiser votre exp\u00e9rience de la route avec M2 camping-car.","potentialAction":[{"@type":"SearchAction","target":{"@type":"EntryPoint","urlTemplate":"https:\/\/m2camper.com\/pt\/?s={search_term_string}"},"query-input":{"@type":"PropertyValueSpecification","valueRequired":true,"valueName":"search_term_string"}}],"inLanguage":"fr-FR"}]}},"_links":{"self":[{"href":"https:\/\/m2camper.com\/fr\/wp-json\/wp\/v2\/product\/3553","targetHints":{"allow":["GET"]}}],"collection":[{"href":"https:\/\/m2camper.com\/fr\/wp-json\/wp\/v2\/product"}],"about":[{"href":"https:\/\/m2camper.com\/fr\/wp-json\/wp\/v2\/types\/product"}],"replies":[{"embeddable":true,"href":"https:\/\/m2camper.com\/fr\/wp-json\/wp\/v2\/comments?post=3553"}],"wp:featuredmedia":[{"embeddable":true,"href":"https:\/\/m2camper.com\/fr\/wp-json\/wp\/v2\/media\/3554"}],"wp:attachment":[{"href":"https:\/\/m2camper.com\/fr\/wp-json\/wp\/v2\/media?parent=3553"}],"wp:term":[{"taxonomy":"product_brand","embeddable":true,"href":"https:\/\/m2camper.com\/fr\/wp-json\/wp\/v2\/product_brand?post=3553"},{"taxonomy":"product_cat","embeddable":true,"href":"https:\/\/m2camper.com\/fr\/wp-json\/wp\/v2\/product_cat?post=3553"},{"taxonomy":"product_tag","embeddable":true,"href":"https:\/\/m2camper.com\/fr\/wp-json\/wp\/v2\/product_tag?post=3553"}],"curies":[{"name":"wp","href":"https:\/\/api.w.org\/{rel}","templated":true}]}}