{"id":346,"date":"2007-10-30T18:40:04","date_gmt":"2007-10-30T18:40:04","guid":{"rendered":"https:\/\/m2campera.proyectosdesarrollosweb.com\/?product=aislantes-termicos-oscurecedores-audi-a6-1997-2004"},"modified":"2026-04-14T17:39:49","modified_gmt":"2026-04-14T15:39:49","slug":"audi-a6-1997-2004-isolants-thermiques-avec-stores-occultants","status":"publish","type":"product","link":"https:\/\/m2camper.com\/fr\/audi-a6-1997-2004-isolants-thermiques-avec-stores-occultants\/","title":{"rendered":"Occultants camper sur mesure pour Audi A6 1997\u20132004"},"content":{"rendered":"<p>Les occultants camper pour Audi A6 1997\u20132004 sont con\u00e7us pour transformer l\u2019int\u00e9rieur de votre v\u00e9hicule en un espace beaucoup plus confortable et fonctionnel. Cette solution sur mesure permet d\u2019am\u00e9liorer l\u2019isolation thermique et de bloquer compl\u00e8tement l\u2019entr\u00e9e de la lumi\u00e8re, ce qui est essentiel si vous utilisez votre voiture pour voyager ou dormir.<\/p>\n<p>Gr\u00e2ce \u00e0 leur structure \u00e0 9 couches, ces isolants thermiques aident \u00e0 maintenir une temp\u00e9rature plus stable \u00e0 l\u2019int\u00e9rieur, aussi bien en \u00e9t\u00e9 qu\u2019en hiver. Ils sont particuli\u00e8rement utiles lors d\u2019escapades o\u00f9 vous avez besoin de vous reposer dans le v\u00e9hicule sans \u00eatre d\u00e9rang\u00e9 par la lumi\u00e8re ou la chaleur. Lors de longs trajets ou de voyages improvis\u00e9s, ils font la diff\u00e9rence pour dormir confortablement.<\/p>\n<h2 style=\"color: black;\">Occultants camper sur mesure pour Audi A6<\/h2>\n<p>Estos oscurecedores est\u00e1n desarrollados espec\u00edficamente para el Audi A6 de los a\u00f1os 1997 a 2004, lo que garantiza una adaptaci\u00f3n precisa a cada ventana. Esta fabricaci\u00f3n a medida evita entradas de luz y mejora notablemente el aislamiento del habit\u00e1culo.<\/p>\n<p>Leur ajustement permet de couvrir compl\u00e8tement les surfaces vitr\u00e9es, offrant une solution pratique et efficace pour ceux qui souhaitent am\u00e9nager leur v\u00e9hicule sans complications ni installations permanentes.<\/p>\n<h2 style=\"color: black;\">Avantages des occultants camper<\/h2>\n<ul>\n<li>Ajustement sur mesure<\/li>\n<li>Isolation thermique \u00e0 9 couches<\/li>\n<li>Occultation totale<\/li>\n<li>Intimit\u00e9<\/li>\n<li>Installation rapide<\/li>\n<\/ul>\n<p>&nbsp;<\/p>\n<h2 style=\"color: black;\">Compatibilit\u00e9<\/h2>\n<p>Con\u00e7us sp\u00e9cifiquement pour les Audi A6 fabriqu\u00e9es entre 1997 et 2004, ces occultants garantissent un ajustement parfait sur chaque fen\u00eatre du v\u00e9hicule, assurant une utilisation confortable et efficace d\u00e8s le premier instant.<\/p>\n<h2 style=\"color: black;\">Options disponibles<\/h2>\n<ul>\n<li class=\"translation-block\"><strong>Complet :<\/strong> Inclut toutes les fen\u00eatres du v\u00e9hicule : pare-brise avant, vitres lat\u00e9rales avant, vitres lat\u00e9rales des rang\u00e9es arri\u00e8re et hayon ou portes arri\u00e8re, couvrant totalement l\u2019int\u00e9rieur.<\/li>\n<\/ul>\n<p>Cette solution est pens\u00e9e pour ceux qui recherchent un v\u00e9ritable confort lors de leurs voyages, permettant de transformer la voiture en un espace o\u00f9 se reposer en toute tranquillit\u00e9 dans n\u2019importe quel environnement. De plus, chaque pi\u00e8ce s\u2019adapte sp\u00e9cifiquement au v\u00e9hicule pour offrir un r\u00e9sultat pr\u00e9cis et fonctionnel.<\/p>\n<p>Chez M2Camper, nous d\u00e9veloppons des isolants thermiques adapt\u00e9s \u00e0 chaque mod\u00e8le, en soignant l\u2019ajustement et la fonctionnalit\u00e9 pour qu\u2019ils s\u2019int\u00e8grent parfaitement \u00e0 votre v\u00e9hicule.<\/p>","protected":false},"excerpt":{"rendered":"<p>Convierte tu Audi A6 1997-2004 en un espacio c\u00f3modo y preparado para descansar con estos oscurecedores camper a medida. Ideales para viajar, dormir o disfrutar de escapadas con total privacidad y confort t\u00e9rmico.<\/p>\n<p>Olv\u00eddate de la luz y las temperaturas extremas y gana un interior m\u00e1s habitable en cualquier \u00e9poca del a\u00f1o.<\/p>\n<ul>\n<li>Obscurit\u00e9 totale pour mieux dormir<\/li>\n<li>Plus d\u2019intimit\u00e9 partout<\/li>\n<li>Isolation thermique contre le froid et la chaleur<\/li>\n<li>Parfaits pour les escapades et les longs trajets<\/li>\n<\/ul>","protected":false},"featured_media":347,"comment_status":"open","ping_status":"closed","template":"","meta":{"neve_meta_sidebar":"","neve_meta_container":"","neve_meta_enable_content_width":"off","neve_meta_content_width":100,"neve_meta_title_alignment":"","neve_meta_author_avatar":"","neve_post_elements_order":"","neve_meta_disable_header":"","neve_meta_disable_footer":"","neve_meta_disable_title":""},"product_brand":[],"product_cat":[64,62,61],"product_tag":[],"class_list":{"0":"post-346","1":"product","2":"type-product","3":"status-publish","4":"has-post-thumbnail","6":"product_cat-audi","7":"product_cat-aislantes","8":"product_cat-all-products","9":"pa_detalles-del-producto-pstrongspanspanspanopcionesspanspanspanstrongppspanspanspanstrongcompletastrong-spanspanspanspanluna-delantera-lateral-piloto-y-copiloto-2-laterales-de-la-2o-fila-de-asientos-2-laterales-de-la-3o-fila","10":"pa_observaciones-plos-plazos-de-entrega-pueden-variar-segun-fechas-de-comprap","12":"first","13":"instock","14":"taxable","15":"shipping-taxable","16":"purchasable","17":"product-type-variable"},"yoast_head":"<!-- This site is optimized with the Yoast SEO plugin v27.4 - https:\/\/yoast.com\/product\/yoast-seo-wordpress\/ -->\n<title>Oscurecedores camper Audi A6 1997-2004<\/title>\n<meta name=\"description\" content=\"Oscurecedores camper para Audi A6 1997-2004 a medida. Mejora privacidad, aislamiento t\u00e9rmico y descanso en tus viajes y escapadas.\" \/>\n<meta name=\"robots\" content=\"index, follow, max-snippet:-1, max-image-preview:large, max-video-preview:-1\" \/>\n<link rel=\"canonical\" href=\"https:\/\/m2camper.com\/fr\/audi-a6-1997-2004-isolants-thermiques-avec-stores-occultants\/\" \/>\n<meta property=\"og:locale\" content=\"fr_FR\" \/>\n<meta property=\"og:type\" content=\"article\" \/>\n<meta property=\"og:title\" content=\"Oscurecedores camper Audi A6 1997-2004\" \/>\n<meta property=\"og:description\" content=\"Oscurecedores camper para Audi A6 1997-2004 a medida. Mejora privacidad, aislamiento t\u00e9rmico y descanso en tus viajes y escapadas.\" \/>\n<meta property=\"og:url\" content=\"https:\/\/m2camper.com\/fr\/audi-a6-1997-2004-isolants-thermiques-avec-stores-occultants\/\" \/>\n<meta property=\"og:site_name\" content=\"M2 Camper | Aislantes t\u00e9rmicos y oscurecedores para campers\" \/>\n<meta property=\"article:modified_time\" content=\"2026-04-14T15:39:49+00:00\" \/>\n<meta property=\"og:image\" content=\"https:\/\/m2camper.com\/wp-content\/uploads\/2025\/01\/60c9aa_a25f8ae03d914010bc8dc178d2ed3384mv2.png\" \/>\n\t<meta property=\"og:image:width\" content=\"620\" \/>\n\t<meta property=\"og:image:height\" content=\"402\" \/>\n\t<meta property=\"og:image:type\" content=\"image\/png\" \/>\n<meta name=\"twitter:card\" content=\"summary_large_image\" \/>\n<meta name=\"twitter:label1\" content=\"Dur\u00e9e de lecture estim\u00e9e\" \/>\n\t<meta name=\"twitter:data1\" content=\"2 minutes\" \/>\n<script type=\"application\/ld+json\" class=\"yoast-schema-graph\">{\"@context\":\"https:\\\/\\\/schema.org\",\"@graph\":[{\"@type\":\"WebPage\",\"@id\":\"https:\\\/\\\/m2camper.com\\\/aislantes-termicos-oscurecedores-audi-a6-1997-2004\\\/\",\"url\":\"https:\\\/\\\/m2camper.com\\\/aislantes-termicos-oscurecedores-audi-a6-1997-2004\\\/\",\"name\":\"Oscurecedores camper Audi A6 1997-2004\",\"isPartOf\":{\"@id\":\"https:\\\/\\\/m2camper.com\\\/pt\\\/#website\"},\"primaryImageOfPage\":{\"@id\":\"https:\\\/\\\/m2camper.com\\\/aislantes-termicos-oscurecedores-audi-a6-1997-2004\\\/#primaryimage\"},\"image\":{\"@id\":\"https:\\\/\\\/m2camper.com\\\/aislantes-termicos-oscurecedores-audi-a6-1997-2004\\\/#primaryimage\"},\"thumbnailUrl\":\"https:\\\/\\\/m2camper.com\\\/wp-content\\\/uploads\\\/2025\\\/01\\\/60c9aa_a25f8ae03d914010bc8dc178d2ed3384mv2.png\",\"datePublished\":\"2007-10-30T18:40:04+00:00\",\"dateModified\":\"2026-04-14T15:39:49+00:00\",\"description\":\"Oscurecedores camper para Audi A6 1997-2004 a medida. Mejora privacidad, aislamiento t\u00e9rmico y descanso en tus viajes y escapadas.\",\"breadcrumb\":{\"@id\":\"https:\\\/\\\/m2camper.com\\\/aislantes-termicos-oscurecedores-audi-a6-1997-2004\\\/#breadcrumb\"},\"inLanguage\":\"fr-FR\",\"potentialAction\":[{\"@type\":\"ReadAction\",\"target\":[\"https:\\\/\\\/m2camper.com\\\/aislantes-termicos-oscurecedores-audi-a6-1997-2004\\\/\"]}]},{\"@type\":\"ImageObject\",\"inLanguage\":\"fr-FR\",\"@id\":\"https:\\\/\\\/m2camper.com\\\/aislantes-termicos-oscurecedores-audi-a6-1997-2004\\\/#primaryimage\",\"url\":\"https:\\\/\\\/m2camper.com\\\/wp-content\\\/uploads\\\/2025\\\/01\\\/60c9aa_a25f8ae03d914010bc8dc178d2ed3384mv2.png\",\"contentUrl\":\"https:\\\/\\\/m2camper.com\\\/wp-content\\\/uploads\\\/2025\\\/01\\\/60c9aa_a25f8ae03d914010bc8dc178d2ed3384mv2.png\",\"width\":620,\"height\":402},{\"@type\":\"BreadcrumbList\",\"@id\":\"https:\\\/\\\/m2camper.com\\\/aislantes-termicos-oscurecedores-audi-a6-1997-2004\\\/#breadcrumb\",\"itemListElement\":[{\"@type\":\"ListItem\",\"position\":1,\"name\":\"Portada\",\"item\":\"https:\\\/\\\/m2camper.com\\\/pt\\\/\"},{\"@type\":\"ListItem\",\"position\":2,\"name\":\"Tienda\",\"item\":\"https:\\\/\\\/m2camper.com\\\/pt\\\/loja\\\/\"},{\"@type\":\"ListItem\",\"position\":3,\"name\":\"Oscurecedores camper para Audi A6 1997-2004 a medida\"}]},{\"@type\":\"WebSite\",\"@id\":\"https:\\\/\\\/m2camper.com\\\/pt\\\/#website\",\"url\":\"https:\\\/\\\/m2camper.com\\\/pt\\\/\",\"name\":\"M2 Campers | Aislantes t\u00e9rmicos y oscurecedores para campers\",\"description\":\"Descubre calidad y confort de nuestros aislantes t\u00e9rmicos oscurecedores y colchones para veh\u00edculos. Optimiza tu experiencia en carretera con M2 Camper.\",\"potentialAction\":[{\"@type\":\"SearchAction\",\"target\":{\"@type\":\"EntryPoint\",\"urlTemplate\":\"https:\\\/\\\/m2camper.com\\\/pt\\\/?s={search_term_string}\"},\"query-input\":{\"@type\":\"PropertyValueSpecification\",\"valueRequired\":true,\"valueName\":\"search_term_string\"}}],\"inLanguage\":\"fr-FR\"}]}<\/script>\n<!-- \/ Yoast SEO plugin. -->","yoast_head_json":{"title":"Oscurecedores camper Audi A6 1997-2004","description":"Occultants camper sur mesure pour Audi A6 1997\u20132004. Am\u00e9liorez l\u2019intimit\u00e9, l\u2019isolation thermique et le repos lors de vos voyages et escapades.","robots":{"index":"index","follow":"follow","max-snippet":"max-snippet:-1","max-image-preview":"max-image-preview:large","max-video-preview":"max-video-preview:-1"},"canonical":"https:\/\/m2camper.com\/fr\/audi-a6-1997-2004-isolants-thermiques-avec-stores-occultants\/","og_locale":"fr_FR","og_type":"article","og_title":"Oscurecedores camper Audi A6 1997-2004","og_description":"Oscurecedores camper para Audi A6 1997-2004 a medida. Mejora privacidad, aislamiento t\u00e9rmico y descanso en tus viajes y escapadas.","og_url":"https:\/\/m2camper.com\/fr\/audi-a6-1997-2004-isolants-thermiques-avec-stores-occultants\/","og_site_name":"M2 Camper | Aislantes t\u00e9rmicos y oscurecedores para campers","article_modified_time":"2026-04-14T15:39:49+00:00","og_image":[{"width":620,"height":402,"url":"https:\/\/m2camper.com\/wp-content\/uploads\/2025\/01\/60c9aa_a25f8ae03d914010bc8dc178d2ed3384mv2.png","type":"image\/png"}],"twitter_card":"summary_large_image","twitter_misc":{"Dur\u00e9e de lecture estim\u00e9e":"2 minutes"},"schema":{"@context":"https:\/\/schema.org","@graph":[{"@type":"WebPage","@id":"https:\/\/m2camper.com\/aislantes-termicos-oscurecedores-audi-a6-1997-2004\/","url":"https:\/\/m2camper.com\/aislantes-termicos-oscurecedores-audi-a6-1997-2004\/","name":"Oscurecedores camper Audi A6 1997-2004","isPartOf":{"@id":"https:\/\/m2camper.com\/pt\/#website"},"primaryImageOfPage":{"@id":"https:\/\/m2camper.com\/aislantes-termicos-oscurecedores-audi-a6-1997-2004\/#primaryimage"},"image":{"@id":"https:\/\/m2camper.com\/aislantes-termicos-oscurecedores-audi-a6-1997-2004\/#primaryimage"},"thumbnailUrl":"https:\/\/m2camper.com\/wp-content\/uploads\/2025\/01\/60c9aa_a25f8ae03d914010bc8dc178d2ed3384mv2.png","datePublished":"2007-10-30T18:40:04+00:00","dateModified":"2026-04-14T15:39:49+00:00","description":"Occultants camper sur mesure pour Audi A6 1997\u20132004. Am\u00e9liorez l\u2019intimit\u00e9, l\u2019isolation thermique et le repos lors de vos voyages et escapades.","breadcrumb":{"@id":"https:\/\/m2camper.com\/aislantes-termicos-oscurecedores-audi-a6-1997-2004\/#breadcrumb"},"inLanguage":"fr-FR","potentialAction":[{"@type":"ReadAction","target":["https:\/\/m2camper.com\/aislantes-termicos-oscurecedores-audi-a6-1997-2004\/"]}]},{"@type":"ImageObject","inLanguage":"fr-FR","@id":"https:\/\/m2camper.com\/aislantes-termicos-oscurecedores-audi-a6-1997-2004\/#primaryimage","url":"https:\/\/m2camper.com\/wp-content\/uploads\/2025\/01\/60c9aa_a25f8ae03d914010bc8dc178d2ed3384mv2.png","contentUrl":"https:\/\/m2camper.com\/wp-content\/uploads\/2025\/01\/60c9aa_a25f8ae03d914010bc8dc178d2ed3384mv2.png","width":620,"height":402},{"@type":"BreadcrumbList","@id":"https:\/\/m2camper.com\/aislantes-termicos-oscurecedores-audi-a6-1997-2004\/#breadcrumb","itemListElement":[{"@type":"ListItem","position":1,"name":"Portada","item":"https:\/\/m2camper.com\/pt\/"},{"@type":"ListItem","position":2,"name":"Tienda","item":"https:\/\/m2camper.com\/pt\/loja\/"},{"@type":"ListItem","position":3,"name":"Oscurecedores camper para Audi A6 1997-2004 a medida"}]},{"@type":"WebSite","@id":"https:\/\/m2camper.com\/pt\/#website","url":"https:\/\/m2camper.com\/pt\/","name":"M2 Campeurs | Isolation thermique et oscurecedores pour les campeurs","description":"D\u00e9couvrez la qualit\u00e9 et le confort de notre isolation thermique oscurecedores et des matelas pour les v\u00e9hicules. Optimiser votre exp\u00e9rience de la route avec M2 camping-car.","potentialAction":[{"@type":"SearchAction","target":{"@type":"EntryPoint","urlTemplate":"https:\/\/m2camper.com\/pt\/?s={search_term_string}"},"query-input":{"@type":"PropertyValueSpecification","valueRequired":true,"valueName":"search_term_string"}}],"inLanguage":"fr-FR"}]}},"_links":{"self":[{"href":"https:\/\/m2camper.com\/fr\/wp-json\/wp\/v2\/product\/346","targetHints":{"allow":["GET"]}}],"collection":[{"href":"https:\/\/m2camper.com\/fr\/wp-json\/wp\/v2\/product"}],"about":[{"href":"https:\/\/m2camper.com\/fr\/wp-json\/wp\/v2\/types\/product"}],"replies":[{"embeddable":true,"href":"https:\/\/m2camper.com\/fr\/wp-json\/wp\/v2\/comments?post=346"}],"wp:featuredmedia":[{"embeddable":true,"href":"https:\/\/m2camper.com\/fr\/wp-json\/wp\/v2\/media\/347"}],"wp:attachment":[{"href":"https:\/\/m2camper.com\/fr\/wp-json\/wp\/v2\/media?parent=346"}],"wp:term":[{"taxonomy":"product_brand","embeddable":true,"href":"https:\/\/m2camper.com\/fr\/wp-json\/wp\/v2\/product_brand?post=346"},{"taxonomy":"product_cat","embeddable":true,"href":"https:\/\/m2camper.com\/fr\/wp-json\/wp\/v2\/product_cat?post=346"},{"taxonomy":"product_tag","embeddable":true,"href":"https:\/\/m2camper.com\/fr\/wp-json\/wp\/v2\/product_tag?post=346"}],"curies":[{"name":"wp","href":"https:\/\/api.w.org\/{rel}","templated":true}]}}