{"id":3295,"date":"2021-12-14T14:04:30","date_gmt":"2021-12-14T14:04:30","guid":{"rendered":"https:\/\/m2campera.proyectosdesarrollosweb.com\/?product=aislantes-termicos-oscurecedores-fiat-ducato-1994-2006"},"modified":"2025-04-25T09:32:15","modified_gmt":"2025-04-25T09:32:15","slug":"isolateurs-thermiques-pour-pannes-de-courant-pour-fiat-ducato-1994-2006","status":"publish","type":"product","link":"https:\/\/m2camper.com\/fr\/isolateurs-thermiques-pour-pannes-de-courant-pour-fiat-ducato-1994-2006\/","title":{"rendered":"Isolateurs thermiques pour Fiat Ducato 1994-2006"},"content":{"rendered":"<p>B\u00e9n\u00e9ficiez d&#039;un confort in\u00e9gal\u00e9 dans votre Fiat Ducato (1994-2006) gr\u00e2ce \u00e0 nos isolants thermiques occultants \u00e0 9 couches, m\u00e9ticuleusement con\u00e7us pour offrir des performances et une protection maximales.<\/p>\n<p>&nbsp;<\/p>\n<p><strong>Caract\u00e9ristiques principales\u00a0:<\/strong><\/p>\n<ul>\n<li><span><strong>Efficacit\u00e9 thermique sup\u00e9rieure :<\/strong> Avec 9 couches d&#039;isolation thermique, nos isolants thermiques occultants agissent comme une barri\u00e8re efficace contre la chaleur, gardant votre v\u00e9hicule au frais m\u00eame les jours les plus chauds et au chaud les jours les plus froids.<\/span><\/li>\n<li><span><strong>Panne totale :<\/strong> Profitez de l&#039;intimit\u00e9 dont vous avez besoin avec nos stores de fen\u00eatre, qui non seulement bloquent la lumi\u00e8re directe du soleil, mais prot\u00e8gent \u00e9galement des regards indiscrets.<\/span><\/li>\n<li><span><strong>Ajustement personnalis\u00e9 :<\/strong> Sp\u00e9cialement con\u00e7u pour les Fiat Ducato fabriqu\u00e9s entre 1994 et 2006, nous garantissons un ajustement parfait. Nos occultants thermiques sont fix\u00e9s avec des ventouses viss\u00e9es pour une installation rapide et s\u00e9curis\u00e9e.<\/span><\/li>\n<li><span><strong>Durabilit\u00e9 et qualit\u00e9 :<\/strong> Fabriqu\u00e9s \u00e0 partir de mat\u00e9riaux de haute qualit\u00e9, nos isolants thermiques occultants sont solides et durables, garantissant des performances optimales dans le temps.<\/span><\/li>\n<\/ul>\n<p>&nbsp;<\/p>\n<p><strong>Avantages suppl\u00e9mentaires :<\/strong><\/p>\n<ul>\n<li><span><strong>Protection UV :<\/strong> Bloquez les rayons UV nocifs pour prot\u00e9ger l&#039;int\u00e9rieur de votre voiture et prolonger la dur\u00e9e de vie de vos accessoires.<\/span><\/li>\n<li><span><strong>R\u00e9duire la consommation d&#039;\u00e9nergie :<\/strong> En maintenant une temp\u00e9rature int\u00e9rieure plus optimale, vos isolants thermiques occultants aident le syst\u00e8me de climatisation ou de chauffage \u00e0 fonctionner plus efficacement, ce qui se traduit par une consommation de carburant plus faible.<\/span><\/li>\n<li><span><strong>Style et fonctionnalit\u00e9 :<\/strong> En plus de leurs avantages pratiques, nos isolants thermiques occultants ajoutent une touche de style \u00e0 votre Fiat Ducato, am\u00e9liorant l&#039;esth\u00e9tique g\u00e9n\u00e9rale du v\u00e9hicule.<\/span><\/li>\n<\/ul>\n<p>&nbsp;<\/p>\n<p><span><span><span>Optez pour le confort, l&#039;efficacit\u00e9 et le style avec nos isolants thermiques occultants \u00e0 9 couches con\u00e7us exclusivement pour le Fiat Ducato (1994-2006). Vivez le voyage parfait en toute saison.<\/span><\/span><\/span><\/p>","protected":false},"excerpt":{"rendered":"<p><strong><span><span><span>OPTIONS:<\/span><\/span><\/span><\/strong><\/p>\n<p><span><strong><span><span>CABINE:<\/span><\/span><\/strong><span><span> Vitres avant, c\u00f4t\u00e9 conducteur et c\u00f4t\u00e9 passager (3 pi\u00e8ces) (5 pi\u00e8ces s&#039;il y a des triangles)<\/span><\/span><\/span><\/p>\n<p><span><span><span><strong>BO\u00ceTE:<\/strong> <\/span><\/span><span><span>2 c\u00f4t\u00e9s de la 2\u00e8me rang\u00e9e de si\u00e8ges, 2 c\u00f4t\u00e9s de la 3\u00e8me rang\u00e9e de si\u00e8ges et hayon ou double porte arri\u00e8re selon le mod\u00e8le (5 ou 6 pi\u00e8ces selon le cas)<\/span><\/span><\/span><\/p>\n<p><span><span><span><strong>COMPLET:<\/strong> <\/span><\/span><span><span>Vitre avant, vitres c\u00f4t\u00e9 conducteur et copilote, 2 c\u00f4t\u00e9s de la 2\u00e8me rang\u00e9e de si\u00e8ges, 2 c\u00f4t\u00e9s de la 3\u00e8me rang\u00e9e de si\u00e8ges et hayon ou double porte arri\u00e8re selon le mod\u00e8le (8 ou 9 pi\u00e8ces selon le cas) en cas de triangles ils seraient 10 ou 11<\/span><\/span><\/span><\/p>\n<p>&nbsp;<\/p>\n<p><strong><span><span><span>ISOLANTS THERMIQUES \u00c0 9 COUCHES<\/span><\/span><\/span><\/strong><\/p>\n<p><span><span><span>Isolation thermique et occultante de haute qualit\u00e9 \u00e0 9 couches, adapt\u00e9e pour isoler des temp\u00e9ratures \u00e9lev\u00e9es et basses pour un plus grand confort int\u00e9rieur et offrir une obscurit\u00e9 totale pour des nuits reposantes, maintenue en place par des ventouses viss\u00e9es \u00e0 haute aspiration faciles \u00e0 retirer pour simplifier l&#039;installation.<\/span><\/span><\/span><\/p>\n<p><span><span><span>Composition<\/span><\/span><\/span><\/p>\n<ol>\n<li><span><span><span><span>Aluminium 90 microns, anti-ultraviolet et r\u00e9sistant aux rayures.<\/span><\/span><\/span><\/span><\/li>\n<li><span><span><span><span>Poly\u00e9thyl\u00e8ne expans\u00e9 de 2 mm.<\/span><\/span><\/span><\/span><\/li>\n<li><span><span><span><span>Film aluminium 38 microns, pour isolation.<\/span><\/span><\/span><\/span><\/li>\n<li><span><span><span><span>Poly\u00e9thyl\u00e8ne expans\u00e9 de 2 mm.<\/span><\/span><\/span><\/span><\/li>\n<li><span><span><span><span>Film aluminium 38 microns.<\/span><\/span><\/span><\/span><\/li>\n<li><span><span><span><span>Poly\u00e9thyl\u00e8ne expans\u00e9 de 2 mm.<\/span><\/span><\/span><\/span><\/li>\n<li><span><span><span><span>Film aluminium 38 microns.<\/span><\/span><\/span><\/span><\/li>\n<li><span><span><span><span>Ouate antiallergique 75 gr\/m pour isolation.<\/span><\/span><\/span><\/span><\/li>\n<li><span><span><span><span>PVC anti-condensation.<\/span><\/span><\/span><\/span><\/li>\n<\/ol>","protected":false},"featured_media":3296,"comment_status":"open","ping_status":"closed","template":"","meta":{"neve_meta_sidebar":"","neve_meta_container":"","neve_meta_enable_content_width":"","neve_meta_content_width":0,"neve_meta_title_alignment":"","neve_meta_author_avatar":"","neve_post_elements_order":"","neve_meta_disable_header":"","neve_meta_disable_footer":"","neve_meta_disable_title":""},"product_brand":[],"product_cat":[72,62,61],"product_tag":[],"class_list":{"0":"post-3295","1":"product","2":"type-product","3":"status-publish","4":"has-post-thumbnail","6":"product_cat-fiat","7":"product_cat-aislantes","8":"product_cat-all-products","9":"pa_detalles-del-producto-pstrongspanspanspanopcionesspanspanspanstrongppspanstrongspanspancabinaspanspanstrongspanspan-luna-delantera-lateral-piloto-y-copiloto-3-piezas-5-piezas-en-caso-de-que-lleve-triangulitosspanspanspanpp","10":"pa_observaciones-plos-plazos-de-entrega-pueden-variar-segun-fechas-de-comprap","11":"pa_opciones-cabina","12":"pa_opciones-cabina-y-doble-puerta-trasera","13":"pa_opciones-caja","14":"pa_opciones-completa","16":"first","17":"instock","18":"taxable","19":"shipping-taxable","20":"purchasable","21":"product-type-variable"},"yoast_head":"<!-- This site is optimized with the Yoast SEO plugin v27.3 - https:\/\/yoast.com\/product\/yoast-seo-wordpress\/ -->\n<title>Aislantes t\u00e9rmicos oscurecedores Fiat Ducato 1994-2006 | M2Camper<\/title>\n<meta name=\"description\" content=\"Aumenta el confort en tu Fiat Ducato 1994-2006 con nuestros aislantes t\u00e9rmicos oscurecedores de 9 capas. Disfruta de un viaje m\u00e1s placentero haga frio o calor.\" \/>\n<meta name=\"robots\" content=\"index, follow, max-snippet:-1, max-image-preview:large, max-video-preview:-1\" \/>\n<link rel=\"canonical\" href=\"https:\/\/m2camper.com\/fr\/isolateurs-thermiques-pour-pannes-de-courant-pour-fiat-ducato-1994-2006\/\" \/>\n<meta property=\"og:locale\" content=\"fr_FR\" \/>\n<meta property=\"og:type\" content=\"article\" \/>\n<meta property=\"og:title\" content=\"Aislantes t\u00e9rmicos oscurecedores Fiat Ducato 1994-2006 | M2Camper\" \/>\n<meta property=\"og:description\" content=\"Aumenta el confort en tu Fiat Ducato 1994-2006 con nuestros aislantes t\u00e9rmicos oscurecedores de 9 capas. Disfruta de un viaje m\u00e1s placentero haga frio o calor.\" \/>\n<meta property=\"og:url\" content=\"https:\/\/m2camper.com\/fr\/isolateurs-thermiques-pour-pannes-de-courant-pour-fiat-ducato-1994-2006\/\" \/>\n<meta property=\"og:site_name\" content=\"M2 Camper | Aislantes t\u00e9rmicos y oscurecedores para campers\" \/>\n<meta property=\"article:modified_time\" content=\"2025-04-25T09:32:15+00:00\" \/>\n<meta property=\"og:image\" content=\"https:\/\/m2camper.com\/wp-content\/uploads\/2025\/01\/60c9aa_a07da8c998174861b13abd840dd0e105mv2.png\" \/>\n\t<meta property=\"og:image:width\" content=\"1024\" \/>\n\t<meta property=\"og:image:height\" content=\"737\" \/>\n\t<meta property=\"og:image:type\" content=\"image\/png\" \/>\n<meta name=\"twitter:card\" content=\"summary_large_image\" \/>\n<meta name=\"twitter:label1\" content=\"Dur\u00e9e de lecture estim\u00e9e\" \/>\n\t<meta name=\"twitter:data1\" content=\"2 minutes\" \/>\n<script type=\"application\/ld+json\" class=\"yoast-schema-graph\">{\"@context\":\"https:\\\/\\\/schema.org\",\"@graph\":[{\"@type\":\"WebPage\",\"@id\":\"https:\\\/\\\/m2camper.com\\\/aislantes-termicos-oscurecedores-fiat-ducato-1994-2006\\\/\",\"url\":\"https:\\\/\\\/m2camper.com\\\/aislantes-termicos-oscurecedores-fiat-ducato-1994-2006\\\/\",\"name\":\"Aislantes t\u00e9rmicos oscurecedores Fiat Ducato 1994-2006 | M2Camper\",\"isPartOf\":{\"@id\":\"https:\\\/\\\/m2camper.com\\\/pt\\\/#website\"},\"primaryImageOfPage\":{\"@id\":\"https:\\\/\\\/m2camper.com\\\/aislantes-termicos-oscurecedores-fiat-ducato-1994-2006\\\/#primaryimage\"},\"image\":{\"@id\":\"https:\\\/\\\/m2camper.com\\\/aislantes-termicos-oscurecedores-fiat-ducato-1994-2006\\\/#primaryimage\"},\"thumbnailUrl\":\"https:\\\/\\\/m2camper.com\\\/wp-content\\\/uploads\\\/2025\\\/01\\\/60c9aa_a07da8c998174861b13abd840dd0e105mv2.png\",\"datePublished\":\"2021-12-14T14:04:30+00:00\",\"dateModified\":\"2025-04-25T09:32:15+00:00\",\"description\":\"Aumenta el confort en tu Fiat Ducato 1994-2006 con nuestros aislantes t\u00e9rmicos oscurecedores de 9 capas. Disfruta de un viaje m\u00e1s placentero haga frio o calor.\",\"breadcrumb\":{\"@id\":\"https:\\\/\\\/m2camper.com\\\/aislantes-termicos-oscurecedores-fiat-ducato-1994-2006\\\/#breadcrumb\"},\"inLanguage\":\"fr-FR\",\"potentialAction\":[{\"@type\":\"ReadAction\",\"target\":[\"https:\\\/\\\/m2camper.com\\\/aislantes-termicos-oscurecedores-fiat-ducato-1994-2006\\\/\"]}]},{\"@type\":\"ImageObject\",\"inLanguage\":\"fr-FR\",\"@id\":\"https:\\\/\\\/m2camper.com\\\/aislantes-termicos-oscurecedores-fiat-ducato-1994-2006\\\/#primaryimage\",\"url\":\"https:\\\/\\\/m2camper.com\\\/wp-content\\\/uploads\\\/2025\\\/01\\\/60c9aa_a07da8c998174861b13abd840dd0e105mv2.png\",\"contentUrl\":\"https:\\\/\\\/m2camper.com\\\/wp-content\\\/uploads\\\/2025\\\/01\\\/60c9aa_a07da8c998174861b13abd840dd0e105mv2.png\",\"width\":1024,\"height\":737},{\"@type\":\"BreadcrumbList\",\"@id\":\"https:\\\/\\\/m2camper.com\\\/aislantes-termicos-oscurecedores-fiat-ducato-1994-2006\\\/#breadcrumb\",\"itemListElement\":[{\"@type\":\"ListItem\",\"position\":1,\"name\":\"Portada\",\"item\":\"https:\\\/\\\/m2camper.com\\\/pt\\\/\"},{\"@type\":\"ListItem\",\"position\":2,\"name\":\"Tienda\",\"item\":\"https:\\\/\\\/m2camper.com\\\/pt\\\/loja\\\/\"},{\"@type\":\"ListItem\",\"position\":3,\"name\":\"Aislantes t\u00e9rmicos oscurecedores Fiat Ducato 1994-2006\"}]},{\"@type\":\"WebSite\",\"@id\":\"https:\\\/\\\/m2camper.com\\\/pt\\\/#website\",\"url\":\"https:\\\/\\\/m2camper.com\\\/pt\\\/\",\"name\":\"M2 Campers | Aislantes t\u00e9rmicos y oscurecedores para campers\",\"description\":\"Descubre calidad y confort de nuestros aislantes t\u00e9rmicos oscurecedores y colchones para veh\u00edculos. Optimiza tu experiencia en carretera con M2 Camper.\",\"potentialAction\":[{\"@type\":\"SearchAction\",\"target\":{\"@type\":\"EntryPoint\",\"urlTemplate\":\"https:\\\/\\\/m2camper.com\\\/pt\\\/?s={search_term_string}\"},\"query-input\":{\"@type\":\"PropertyValueSpecification\",\"valueRequired\":true,\"valueName\":\"search_term_string\"}}],\"inLanguage\":\"fr-FR\"}]}<\/script>\n<!-- \/ Yoast SEO plugin. -->","yoast_head_json":{"title":"Aislantes t\u00e9rmicos oscurecedores Fiat Ducato 1994-2006 | M2Camper","description":"Augmentez le confort de votre Fiat Ducato 1994-2006 avec nos isolants thermiques occultants 9 couches. Profitez d&#039;un voyage plus agr\u00e9able, qu&#039;il fasse froid ou chaud.","robots":{"index":"index","follow":"follow","max-snippet":"max-snippet:-1","max-image-preview":"max-image-preview:large","max-video-preview":"max-video-preview:-1"},"canonical":"https:\/\/m2camper.com\/fr\/isolateurs-thermiques-pour-pannes-de-courant-pour-fiat-ducato-1994-2006\/","og_locale":"fr_FR","og_type":"article","og_title":"Aislantes t\u00e9rmicos oscurecedores Fiat Ducato 1994-2006 | M2Camper","og_description":"Aumenta el confort en tu Fiat Ducato 1994-2006 con nuestros aislantes t\u00e9rmicos oscurecedores de 9 capas. Disfruta de un viaje m\u00e1s placentero haga frio o calor.","og_url":"https:\/\/m2camper.com\/fr\/isolateurs-thermiques-pour-pannes-de-courant-pour-fiat-ducato-1994-2006\/","og_site_name":"M2 Camper | Aislantes t\u00e9rmicos y oscurecedores para campers","article_modified_time":"2025-04-25T09:32:15+00:00","og_image":[{"width":1024,"height":737,"url":"https:\/\/m2camper.com\/wp-content\/uploads\/2025\/01\/60c9aa_a07da8c998174861b13abd840dd0e105mv2.png","type":"image\/png"}],"twitter_card":"summary_large_image","twitter_misc":{"Dur\u00e9e de lecture estim\u00e9e":"2 minutes"},"schema":{"@context":"https:\/\/schema.org","@graph":[{"@type":"WebPage","@id":"https:\/\/m2camper.com\/aislantes-termicos-oscurecedores-fiat-ducato-1994-2006\/","url":"https:\/\/m2camper.com\/aislantes-termicos-oscurecedores-fiat-ducato-1994-2006\/","name":"Aislantes t\u00e9rmicos oscurecedores Fiat Ducato 1994-2006 | M2Camper","isPartOf":{"@id":"https:\/\/m2camper.com\/pt\/#website"},"primaryImageOfPage":{"@id":"https:\/\/m2camper.com\/aislantes-termicos-oscurecedores-fiat-ducato-1994-2006\/#primaryimage"},"image":{"@id":"https:\/\/m2camper.com\/aislantes-termicos-oscurecedores-fiat-ducato-1994-2006\/#primaryimage"},"thumbnailUrl":"https:\/\/m2camper.com\/wp-content\/uploads\/2025\/01\/60c9aa_a07da8c998174861b13abd840dd0e105mv2.png","datePublished":"2021-12-14T14:04:30+00:00","dateModified":"2025-04-25T09:32:15+00:00","description":"Augmentez le confort de votre Fiat Ducato 1994-2006 avec nos isolants thermiques occultants 9 couches. Profitez d&#039;un voyage plus agr\u00e9able, qu&#039;il fasse froid ou chaud.","breadcrumb":{"@id":"https:\/\/m2camper.com\/aislantes-termicos-oscurecedores-fiat-ducato-1994-2006\/#breadcrumb"},"inLanguage":"fr-FR","potentialAction":[{"@type":"ReadAction","target":["https:\/\/m2camper.com\/aislantes-termicos-oscurecedores-fiat-ducato-1994-2006\/"]}]},{"@type":"ImageObject","inLanguage":"fr-FR","@id":"https:\/\/m2camper.com\/aislantes-termicos-oscurecedores-fiat-ducato-1994-2006\/#primaryimage","url":"https:\/\/m2camper.com\/wp-content\/uploads\/2025\/01\/60c9aa_a07da8c998174861b13abd840dd0e105mv2.png","contentUrl":"https:\/\/m2camper.com\/wp-content\/uploads\/2025\/01\/60c9aa_a07da8c998174861b13abd840dd0e105mv2.png","width":1024,"height":737},{"@type":"BreadcrumbList","@id":"https:\/\/m2camper.com\/aislantes-termicos-oscurecedores-fiat-ducato-1994-2006\/#breadcrumb","itemListElement":[{"@type":"ListItem","position":1,"name":"Portada","item":"https:\/\/m2camper.com\/pt\/"},{"@type":"ListItem","position":2,"name":"Tienda","item":"https:\/\/m2camper.com\/pt\/loja\/"},{"@type":"ListItem","position":3,"name":"Aislantes t\u00e9rmicos oscurecedores Fiat Ducato 1994-2006"}]},{"@type":"WebSite","@id":"https:\/\/m2camper.com\/pt\/#website","url":"https:\/\/m2camper.com\/pt\/","name":"M2 Campeurs | Isolation thermique et oscurecedores pour les campeurs","description":"D\u00e9couvrez la qualit\u00e9 et le confort de notre isolation thermique oscurecedores et des matelas pour les v\u00e9hicules. Optimiser votre exp\u00e9rience de la route avec M2 camping-car.","potentialAction":[{"@type":"SearchAction","target":{"@type":"EntryPoint","urlTemplate":"https:\/\/m2camper.com\/pt\/?s={search_term_string}"},"query-input":{"@type":"PropertyValueSpecification","valueRequired":true,"valueName":"search_term_string"}}],"inLanguage":"fr-FR"}]}},"_links":{"self":[{"href":"https:\/\/m2camper.com\/fr\/wp-json\/wp\/v2\/product\/3295","targetHints":{"allow":["GET"]}}],"collection":[{"href":"https:\/\/m2camper.com\/fr\/wp-json\/wp\/v2\/product"}],"about":[{"href":"https:\/\/m2camper.com\/fr\/wp-json\/wp\/v2\/types\/product"}],"replies":[{"embeddable":true,"href":"https:\/\/m2camper.com\/fr\/wp-json\/wp\/v2\/comments?post=3295"}],"wp:featuredmedia":[{"embeddable":true,"href":"https:\/\/m2camper.com\/fr\/wp-json\/wp\/v2\/media\/3296"}],"wp:attachment":[{"href":"https:\/\/m2camper.com\/fr\/wp-json\/wp\/v2\/media?parent=3295"}],"wp:term":[{"taxonomy":"product_brand","embeddable":true,"href":"https:\/\/m2camper.com\/fr\/wp-json\/wp\/v2\/product_brand?post=3295"},{"taxonomy":"product_cat","embeddable":true,"href":"https:\/\/m2camper.com\/fr\/wp-json\/wp\/v2\/product_cat?post=3295"},{"taxonomy":"product_tag","embeddable":true,"href":"https:\/\/m2camper.com\/fr\/wp-json\/wp\/v2\/product_tag?post=3295"}],"curies":[{"name":"wp","href":"https:\/\/api.w.org\/{rel}","templated":true}]}}