{"id":2310,"date":"2013-12-23T13:58:31","date_gmt":"2013-12-23T13:58:31","guid":{"rendered":"https:\/\/m2campera.proyectosdesarrollosweb.com\/?product=aislantes-termicos-oscurecedores-land-rover-discovery-sport"},"modified":"2026-04-21T17:47:59","modified_gmt":"2026-04-21T15:47:59","slug":"isolants-thermiques-et-occultants-pour-land-rover-discovery-sport","status":"publish","type":"product","link":"https:\/\/m2camper.com\/fr\/isolants-thermiques-et-occultants-pour-land-rover-discovery-sport\/","title":{"rendered":"Occultants camper sur mesure pour Land Rover Discovery Sport"},"content":{"rendered":"<p>Les occultants camper pour Land Rover Discovery Sport sont con\u00e7us pour am\u00e9liorer votre exp\u00e9rience \u00e0 chaque voyage, en apportant confort, intimit\u00e9 et isolation \u00e0 l\u2019int\u00e9rieur du v\u00e9hicule. Ils sont la solution id\u00e9ale pour ceux qui aiment les escapades, les longs trajets ou qui ont simplement besoin d\u2019un espace am\u00e9nag\u00e9 pour se reposer dans la voiture.<\/p>\n<p>Ces isolants thermiques aident \u00e0 maintenir une temp\u00e9rature plus stable aussi bien en \u00e9t\u00e9 qu\u2019en hiver, tout en bloquant compl\u00e8tement l\u2019entr\u00e9e de la lumi\u00e8re. Ils sont particuli\u00e8rement utiles lorsque vous d\u00e9cidez de dormir dans le v\u00e9hicule ou de passer la nuit en route, cr\u00e9ant un environnement beaucoup plus confortable et prot\u00e9g\u00e9.<\/p>\n<p>Gr\u00e2ce \u00e0 leur structure \u00e0 9 couches, ils offrent un \u00e9quilibre id\u00e9al entre isolation et obscurit\u00e9, vous permettant de vous d\u00e9connecter de l\u2019ext\u00e9rieur \u00e0 tout moment de la journ\u00e9e.<\/p>\n<h2 style=\"color: black;\">Occultants camper sur mesure pour Land Rover Discovery Sport<\/h2>\n<p>Chaque ensemble a \u00e9t\u00e9 d\u00e9velopp\u00e9 sp\u00e9cifiquement pour ce mod\u00e8le, garantissant un ajustement pr\u00e9cis sur chaque fen\u00eatre. Cette adaptation emp\u00eache l\u2019entr\u00e9e de la lumi\u00e8re par les bords et am\u00e9liore nettement l\u2019isolation thermique par rapport aux solutions universelles.<\/p>\n<p>La forme de chaque pi\u00e8ce s\u2019adapte au design d\u2019origine du v\u00e9hicule, ce qui facilite son installation et garantit une couverture compl\u00e8te sans n\u00e9cessiter de modifications.<\/p>\n<h2 style=\"color: black;\">Avantages des occultants camper<\/h2>\n<ul>\n<li>Ajustement sur mesure<\/li>\n<li>Isolation thermique \u00e0 9 couches<\/li>\n<li>Occultation totale<\/li>\n<li>Intimit\u00e9<\/li>\n<li>Installation rapide<\/li>\n<\/ul>\n<p>&nbsp;<\/p>\n<h2 style=\"color: black;\">Compatibilit\u00e9<\/h2>\n<p>Con\u00e7us sp\u00e9cifiquement pour Land Rover Discovery Sport, ces occultants garantissent un ajustement parfait sur toutes les fen\u00eatres du v\u00e9hicule, en s\u2019adaptant \u00e0 leurs formes et dimensions d\u2019origine pour offrir des performances maximales.<\/p>\n<h2 style=\"color: black;\">Options disponibles<\/h2>\n<ul>\n<li class=\"translation-block\"><strong>Cabine :<\/strong> Comprend le pare-brise avant et les vitres lat\u00e9rales du conducteur et du passager avant (3 pi\u00e8ces, ou 5 pi\u00e8ces si le mod\u00e8le inclut des petites vitres triangulaires).<\/li>\n<li class=\"translation-block\"><strong>Partie arri\u00e8re :<\/strong> Compos\u00e9e des vitres lat\u00e9rales de la deuxi\u00e8me et troisi\u00e8me rang\u00e9e, ainsi que du hayon ou des portes arri\u00e8re (5 ou 6 pi\u00e8ces selon la configuration).<\/li>\n<li class=\"translation-block\"><strong>Complet :<\/strong> Inclut toutes les fen\u00eatres du v\u00e9hicule : cabine et partie arri\u00e8re (8 ou 9 pi\u00e8ces, extensible \u00e0 10 ou 11 si le mod\u00e8le inclut des petites vitres triangulaires).<\/li>\n<\/ul>\n<p>En d\u00e9finitive, ces occultants sont une solution pratique pour ceux qui recherchent un v\u00e9ritable confort lors de leurs voyages, que ce soit pour une nuit improvis\u00e9e ou un itin\u00e9raire de plusieurs jours. M2Camper d\u00e9veloppe chaque produit en l\u2019adaptant sp\u00e9cifiquement \u00e0 chaque v\u00e9hicule, garantissant un ajustement pr\u00e9cis et fonctionnel pour votre Land Rover Discovery Sport.<\/p>","protected":false},"excerpt":{"rendered":"<p>Convierte tu Land Rover Discovery Sport en un espacio c\u00f3modo y protegido con estos oscurecedores camper dise\u00f1ados a medida. Ideales para mantener la privacidad y mejorar el confort t\u00e9rmico en cualquier \u00e9poca del a\u00f1o.<\/p>\n<p>Perfectos para viajar, dormir o disfrutar de escapadas sin preocupaciones, estos aislantes t\u00e9rmicos te permiten crear un ambiente oscuro y agradable dentro del veh\u00edculo.<\/p>\n<ul>\n<li>Intimit\u00e9 totale partout<\/li>\n<li>Obscurit\u00e9 parfaite pour se reposer<\/li>\n<li>Confort thermique en \u00e9t\u00e9 et en hiver<\/li>\n<li>Ajustement sp\u00e9cifique pour votre v\u00e9hicule<\/li>\n<\/ul>","protected":false},"featured_media":2311,"comment_status":"open","ping_status":"closed","template":"","meta":{"neve_meta_sidebar":"","neve_meta_container":"","neve_meta_enable_content_width":"off","neve_meta_content_width":100,"neve_meta_title_alignment":"","neve_meta_author_avatar":"","neve_post_elements_order":"","neve_meta_disable_header":"","neve_meta_disable_footer":"","neve_meta_disable_title":""},"product_brand":[],"product_cat":[80,62,61],"product_tag":[],"class_list":{"0":"post-2310","1":"product","2":"type-product","3":"status-publish","4":"has-post-thumbnail","6":"product_cat-land-rover","7":"product_cat-aislantes","8":"product_cat-all-products","9":"pa_detalles-del-producto-pstrongspanspanspanopcionesspanspanspanstrongppspanstrongspanspancabinaspanspanstrongspanspan-luna-delantera-lateral-piloto-y-copiloto-3-piezas-5-piezas-en-caso-de-que-lleve-triangulitosspanspanspanpp","10":"pa_observaciones-plos-plazos-de-entrega-pueden-variar-segun-fechas-de-comprap","12":"first","13":"instock","14":"taxable","15":"shipping-taxable","16":"purchasable","17":"product-type-variable"},"yoast_head":"<!-- This site is optimized with the Yoast SEO plugin v27.5 - https:\/\/yoast.com\/product\/yoast-seo-wordpress\/ -->\n<title>Oscurecedores camper Land Rover Discovery Sport | M2 Camper<\/title>\n<meta name=\"description\" content=\"Oscurecedores camper para Land Rover Discovery Sport: privacidad total, aislamiento t\u00e9rmico y ajuste perfecto para viajar y dormir c\u00f3modo.\" \/>\n<meta name=\"robots\" content=\"index, follow, max-snippet:-1, max-image-preview:large, max-video-preview:-1\" \/>\n<link rel=\"canonical\" href=\"https:\/\/m2camper.com\/fr\/isolants-thermiques-et-occultants-pour-land-rover-discovery-sport\/\" \/>\n<meta property=\"og:locale\" content=\"fr_FR\" \/>\n<meta property=\"og:type\" content=\"article\" \/>\n<meta property=\"og:title\" content=\"Oscurecedores camper Land Rover Discovery Sport | M2 Camper\" \/>\n<meta property=\"og:description\" content=\"Oscurecedores camper para Land Rover Discovery Sport: privacidad total, aislamiento t\u00e9rmico y ajuste perfecto para viajar y dormir c\u00f3modo.\" \/>\n<meta property=\"og:url\" content=\"https:\/\/m2camper.com\/fr\/isolants-thermiques-et-occultants-pour-land-rover-discovery-sport\/\" \/>\n<meta property=\"og:site_name\" content=\"M2 Camper | Aislantes t\u00e9rmicos y oscurecedores para campers\" \/>\n<meta property=\"article:modified_time\" content=\"2026-04-21T15:47:59+00:00\" \/>\n<meta property=\"og:image\" content=\"https:\/\/m2camper.com\/wp-content\/uploads\/2025\/01\/60c9aa_18ffa392b2ec43dab7c6abb4a2090d59mv2.png\" \/>\n\t<meta property=\"og:image:width\" content=\"966\" \/>\n\t<meta property=\"og:image:height\" content=\"724\" \/>\n\t<meta property=\"og:image:type\" content=\"image\/png\" \/>\n<meta name=\"twitter:card\" content=\"summary_large_image\" \/>\n<meta name=\"twitter:label1\" content=\"Dur\u00e9e de lecture estim\u00e9e\" \/>\n\t<meta name=\"twitter:data1\" content=\"2 minutes\" \/>\n<script type=\"application\/ld+json\" class=\"yoast-schema-graph\">{\"@context\":\"https:\\\/\\\/schema.org\",\"@graph\":[{\"@type\":\"WebPage\",\"@id\":\"https:\\\/\\\/m2camper.com\\\/aislantes-termicos-oscurecedores-land-rover-discovery-sport\\\/\",\"url\":\"https:\\\/\\\/m2camper.com\\\/aislantes-termicos-oscurecedores-land-rover-discovery-sport\\\/\",\"name\":\"Oscurecedores camper Land Rover Discovery Sport | M2 Camper\",\"isPartOf\":{\"@id\":\"https:\\\/\\\/m2camper.com\\\/pt\\\/#website\"},\"primaryImageOfPage\":{\"@id\":\"https:\\\/\\\/m2camper.com\\\/aislantes-termicos-oscurecedores-land-rover-discovery-sport\\\/#primaryimage\"},\"image\":{\"@id\":\"https:\\\/\\\/m2camper.com\\\/aislantes-termicos-oscurecedores-land-rover-discovery-sport\\\/#primaryimage\"},\"thumbnailUrl\":\"https:\\\/\\\/m2camper.com\\\/wp-content\\\/uploads\\\/2025\\\/01\\\/60c9aa_18ffa392b2ec43dab7c6abb4a2090d59mv2.png\",\"datePublished\":\"2013-12-23T13:58:31+00:00\",\"dateModified\":\"2026-04-21T15:47:59+00:00\",\"description\":\"Oscurecedores camper para Land Rover Discovery Sport: privacidad total, aislamiento t\u00e9rmico y ajuste perfecto para viajar y dormir c\u00f3modo.\",\"breadcrumb\":{\"@id\":\"https:\\\/\\\/m2camper.com\\\/aislantes-termicos-oscurecedores-land-rover-discovery-sport\\\/#breadcrumb\"},\"inLanguage\":\"fr-FR\",\"potentialAction\":[{\"@type\":\"ReadAction\",\"target\":[\"https:\\\/\\\/m2camper.com\\\/aislantes-termicos-oscurecedores-land-rover-discovery-sport\\\/\"]}]},{\"@type\":\"ImageObject\",\"inLanguage\":\"fr-FR\",\"@id\":\"https:\\\/\\\/m2camper.com\\\/aislantes-termicos-oscurecedores-land-rover-discovery-sport\\\/#primaryimage\",\"url\":\"https:\\\/\\\/m2camper.com\\\/wp-content\\\/uploads\\\/2025\\\/01\\\/60c9aa_18ffa392b2ec43dab7c6abb4a2090d59mv2.png\",\"contentUrl\":\"https:\\\/\\\/m2camper.com\\\/wp-content\\\/uploads\\\/2025\\\/01\\\/60c9aa_18ffa392b2ec43dab7c6abb4a2090d59mv2.png\",\"width\":966,\"height\":724},{\"@type\":\"BreadcrumbList\",\"@id\":\"https:\\\/\\\/m2camper.com\\\/aislantes-termicos-oscurecedores-land-rover-discovery-sport\\\/#breadcrumb\",\"itemListElement\":[{\"@type\":\"ListItem\",\"position\":1,\"name\":\"Portada\",\"item\":\"https:\\\/\\\/m2camper.com\\\/pt\\\/\"},{\"@type\":\"ListItem\",\"position\":2,\"name\":\"Tienda\",\"item\":\"https:\\\/\\\/m2camper.com\\\/pt\\\/loja\\\/\"},{\"@type\":\"ListItem\",\"position\":3,\"name\":\"Oscurecedores camper para Land Rover Discovery Sport a medida\"}]},{\"@type\":\"WebSite\",\"@id\":\"https:\\\/\\\/m2camper.com\\\/pt\\\/#website\",\"url\":\"https:\\\/\\\/m2camper.com\\\/pt\\\/\",\"name\":\"M2 Campers | Aislantes t\u00e9rmicos y oscurecedores para campers\",\"description\":\"Descubre calidad y confort de nuestros aislantes t\u00e9rmicos oscurecedores y colchones para veh\u00edculos. Optimiza tu experiencia en carretera con M2 Camper.\",\"potentialAction\":[{\"@type\":\"SearchAction\",\"target\":{\"@type\":\"EntryPoint\",\"urlTemplate\":\"https:\\\/\\\/m2camper.com\\\/pt\\\/?s={search_term_string}\"},\"query-input\":{\"@type\":\"PropertyValueSpecification\",\"valueRequired\":true,\"valueName\":\"search_term_string\"}}],\"inLanguage\":\"fr-FR\"}]}<\/script>\n<!-- \/ Yoast SEO plugin. -->","yoast_head_json":{"title":"Occultants camper pour Land Rover Discovery Sport | M2 Camper","description":"Occultants camper pour Land Rover Discovery Sport : intimit\u00e9 totale, isolation thermique et ajustement parfait pour voyager et dormir confortablement.","robots":{"index":"index","follow":"follow","max-snippet":"max-snippet:-1","max-image-preview":"max-image-preview:large","max-video-preview":"max-video-preview:-1"},"canonical":"https:\/\/m2camper.com\/fr\/isolants-thermiques-et-occultants-pour-land-rover-discovery-sport\/","og_locale":"fr_FR","og_type":"article","og_title":"Oscurecedores camper Land Rover Discovery Sport | M2 Camper","og_description":"Oscurecedores camper para Land Rover Discovery Sport: privacidad total, aislamiento t\u00e9rmico y ajuste perfecto para viajar y dormir c\u00f3modo.","og_url":"https:\/\/m2camper.com\/fr\/isolants-thermiques-et-occultants-pour-land-rover-discovery-sport\/","og_site_name":"M2 Camper | Aislantes t\u00e9rmicos y oscurecedores para campers","article_modified_time":"2026-04-21T15:47:59+00:00","og_image":[{"width":966,"height":724,"url":"https:\/\/m2camper.com\/wp-content\/uploads\/2025\/01\/60c9aa_18ffa392b2ec43dab7c6abb4a2090d59mv2.png","type":"image\/png"}],"twitter_card":"summary_large_image","twitter_misc":{"Dur\u00e9e de lecture estim\u00e9e":"2 minutes"},"schema":{"@context":"https:\/\/schema.org","@graph":[{"@type":"WebPage","@id":"https:\/\/m2camper.com\/aislantes-termicos-oscurecedores-land-rover-discovery-sport\/","url":"https:\/\/m2camper.com\/aislantes-termicos-oscurecedores-land-rover-discovery-sport\/","name":"Occultants camper pour Land Rover Discovery Sport | M2 Camper","isPartOf":{"@id":"https:\/\/m2camper.com\/pt\/#website"},"primaryImageOfPage":{"@id":"https:\/\/m2camper.com\/aislantes-termicos-oscurecedores-land-rover-discovery-sport\/#primaryimage"},"image":{"@id":"https:\/\/m2camper.com\/aislantes-termicos-oscurecedores-land-rover-discovery-sport\/#primaryimage"},"thumbnailUrl":"https:\/\/m2camper.com\/wp-content\/uploads\/2025\/01\/60c9aa_18ffa392b2ec43dab7c6abb4a2090d59mv2.png","datePublished":"2013-12-23T13:58:31+00:00","dateModified":"2026-04-21T15:47:59+00:00","description":"Occultants camper pour Land Rover Discovery Sport : intimit\u00e9 totale, isolation thermique et ajustement parfait pour voyager et dormir confortablement.","breadcrumb":{"@id":"https:\/\/m2camper.com\/aislantes-termicos-oscurecedores-land-rover-discovery-sport\/#breadcrumb"},"inLanguage":"fr-FR","potentialAction":[{"@type":"ReadAction","target":["https:\/\/m2camper.com\/aislantes-termicos-oscurecedores-land-rover-discovery-sport\/"]}]},{"@type":"ImageObject","inLanguage":"fr-FR","@id":"https:\/\/m2camper.com\/aislantes-termicos-oscurecedores-land-rover-discovery-sport\/#primaryimage","url":"https:\/\/m2camper.com\/wp-content\/uploads\/2025\/01\/60c9aa_18ffa392b2ec43dab7c6abb4a2090d59mv2.png","contentUrl":"https:\/\/m2camper.com\/wp-content\/uploads\/2025\/01\/60c9aa_18ffa392b2ec43dab7c6abb4a2090d59mv2.png","width":966,"height":724},{"@type":"BreadcrumbList","@id":"https:\/\/m2camper.com\/aislantes-termicos-oscurecedores-land-rover-discovery-sport\/#breadcrumb","itemListElement":[{"@type":"ListItem","position":1,"name":"Portada","item":"https:\/\/m2camper.com\/pt\/"},{"@type":"ListItem","position":2,"name":"Tienda","item":"https:\/\/m2camper.com\/pt\/loja\/"},{"@type":"ListItem","position":3,"name":"Oscurecedores camper para Land Rover Discovery Sport a medida"}]},{"@type":"WebSite","@id":"https:\/\/m2camper.com\/pt\/#website","url":"https:\/\/m2camper.com\/pt\/","name":"M2 Campeurs | Isolation thermique et oscurecedores pour les campeurs","description":"D\u00e9couvrez la qualit\u00e9 et le confort de notre isolation thermique oscurecedores et des matelas pour les v\u00e9hicules. Optimiser votre exp\u00e9rience de la route avec M2 camping-car.","potentialAction":[{"@type":"SearchAction","target":{"@type":"EntryPoint","urlTemplate":"https:\/\/m2camper.com\/pt\/?s={search_term_string}"},"query-input":{"@type":"PropertyValueSpecification","valueRequired":true,"valueName":"search_term_string"}}],"inLanguage":"fr-FR"}]}},"_links":{"self":[{"href":"https:\/\/m2camper.com\/fr\/wp-json\/wp\/v2\/product\/2310","targetHints":{"allow":["GET"]}}],"collection":[{"href":"https:\/\/m2camper.com\/fr\/wp-json\/wp\/v2\/product"}],"about":[{"href":"https:\/\/m2camper.com\/fr\/wp-json\/wp\/v2\/types\/product"}],"replies":[{"embeddable":true,"href":"https:\/\/m2camper.com\/fr\/wp-json\/wp\/v2\/comments?post=2310"}],"wp:featuredmedia":[{"embeddable":true,"href":"https:\/\/m2camper.com\/fr\/wp-json\/wp\/v2\/media\/2311"}],"wp:attachment":[{"href":"https:\/\/m2camper.com\/fr\/wp-json\/wp\/v2\/media?parent=2310"}],"wp:term":[{"taxonomy":"product_brand","embeddable":true,"href":"https:\/\/m2camper.com\/fr\/wp-json\/wp\/v2\/product_brand?post=2310"},{"taxonomy":"product_cat","embeddable":true,"href":"https:\/\/m2camper.com\/fr\/wp-json\/wp\/v2\/product_cat?post=2310"},{"taxonomy":"product_tag","embeddable":true,"href":"https:\/\/m2camper.com\/fr\/wp-json\/wp\/v2\/product_tag?post=2310"}],"curies":[{"name":"wp","href":"https:\/\/api.w.org\/{rel}","templated":true}]}}