{"id":2259,"date":"2025-01-23T13:58:17","date_gmt":"2025-01-23T13:58:17","guid":{"rendered":"https:\/\/m2campera.proyectosdesarrollosweb.com\/?product=bolsillos-para-aislantes-termicos-oscurecedores"},"modified":"2025-04-25T09:32:06","modified_gmt":"2025-04-25T09:32:06","slug":"poches-pour-isolants-thermiques-occultants","status":"publish","type":"product","link":"https:\/\/m2camper.com\/fr\/poches-pour-isolants-thermiques-occultants\/","title":{"rendered":"Pochettes pour isolateurs thermiques occultants"},"content":{"rendered":"<p>Maximisez l&#039;efficacit\u00e9 thermique de votre camping-car gr\u00e2ce \u00e0 nos poches d&#039;isolation thermique occultantes innovantes. Con\u00e7ues pour s&#039;adapter parfaitement \u00e0 vos besoins de voyage, ces poches offrent un rangement s\u00e9curis\u00e9 et pratique pour les isolants, gardant votre espace organis\u00e9 et optimisant les performances thermiques. Fabriqu\u00e9es \u00e0 partir de mat\u00e9riaux durables et r\u00e9sistants, ces poches sont la solution id\u00e9ale pour garder votre camping-car toujours organis\u00e9. Am\u00e9liorez votre exp\u00e9rience de voyage et rendez chaque aventure confortable et m\u00e9morable avec nos poches isolantes thermiques !<\/p>","protected":false},"excerpt":{"rendered":"<p><strong><span><span><span>ISOLANTS THERMIQUES \u00c0 9 COUCHES<\/span><\/span><\/span><\/strong><\/p>\n<p><span><span><span>Isolation thermique et occultante de haute qualit\u00e9 \u00e0 9 couches, adapt\u00e9e pour isoler des temp\u00e9ratures \u00e9lev\u00e9es et basses pour un plus grand confort int\u00e9rieur et offrir une obscurit\u00e9 totale pour des nuits reposantes, maintenue en place par des ventouses viss\u00e9es \u00e0 haute aspiration faciles \u00e0 retirer pour simplifier l&#039;installation.<\/span><\/span><\/span><\/p>\n<p><span><span><span>Composition<\/span><\/span><\/span><\/p>\n<ol>\n<li><span><span><span><span>Aluminium 90 microns, anti-ultraviolet et r\u00e9sistant aux rayures.<\/span><\/span><\/span><\/span><\/li>\n<li><span><span><span><span>Poly\u00e9thyl\u00e8ne expans\u00e9 de 2 mm.<\/span><\/span><\/span><\/span><\/li>\n<li><span><span><span><span>Film aluminium 38 microns, pour isolation.<\/span><\/span><\/span><\/span><\/li>\n<li><span><span><span><span>Poly\u00e9thyl\u00e8ne expans\u00e9 de 2 mm.<\/span><\/span><\/span><\/span><\/li>\n<li><span><span><span><span>Film aluminium 38 microns.<\/span><\/span><\/span><\/span><\/li>\n<li><span><span><span><span>Poly\u00e9thyl\u00e8ne expans\u00e9 de 2 mm.<\/span><\/span><\/span><\/span><\/li>\n<li><span><span><span><span>Film aluminium 38 microns.<\/span><\/span><\/span><\/span><\/li>\n<li><span><span><span><span>Ouate antiallergique 75 gr\/m pour isolation.<\/span><\/span><\/span><\/span><\/li>\n<li><span><span><span><span>PVC anti-condensation.<\/span><\/span><\/span><\/span><\/li>\n<\/ol>","protected":false},"featured_media":2260,"comment_status":"open","ping_status":"closed","template":"","meta":{"neve_meta_sidebar":"","neve_meta_container":"","neve_meta_enable_content_width":"off","neve_meta_content_width":100,"neve_meta_title_alignment":"","neve_meta_author_avatar":"","neve_post_elements_order":"","neve_meta_disable_header":"","neve_meta_disable_footer":"","neve_meta_disable_title":""},"product_brand":[],"product_cat":[63,66,61],"product_tag":[],"class_list":{"0":"post-2259","1":"product","2":"type-product","3":"status-publish","4":"has-post-thumbnail","6":"product_cat-aislantes-termicos-piezas-sueltas","7":"product_cat-bolsillos","8":"product_cat-all-products","9":"pa_detalles-del-producto-pstrongspanspanspanaislantes-termicos-9-capasspanspanspanstrongppspanspanspanaislante-termico-y-oscurecedor-de-9-capas-de-gran-calidad-indicados-para-aislar-tanto-las-altas-temperaturas-como-las-bajas","10":"pa_observaciones-plos-plazos-de-entrega-pueden-variar-segun-fechas-de-comprap","11":"pa_opciones-bolsillo-grande","12":"pa_opciones-bolsillo-pequeno","14":"first","15":"instock","16":"taxable","17":"shipping-taxable","18":"purchasable","19":"product-type-variable"},"yoast_head":"<!-- This site is optimized with the Yoast SEO plugin v27.4 - https:\/\/yoast.com\/product\/yoast-seo-wordpress\/ -->\n<title>Bolsillos para aislantes t\u00e9rmicos oscurecedores | M2Camper<\/title>\n<meta name=\"description\" content=\"Bolsillos para aislantes t\u00e9rmicos oscurecedores para veh\u00edculos camper\" \/>\n<meta name=\"robots\" content=\"index, follow, max-snippet:-1, max-image-preview:large, max-video-preview:-1\" \/>\n<link rel=\"canonical\" href=\"https:\/\/m2camper.com\/fr\/poches-pour-isolants-thermiques-occultants\/\" \/>\n<meta property=\"og:locale\" content=\"fr_FR\" \/>\n<meta property=\"og:type\" content=\"article\" \/>\n<meta property=\"og:title\" content=\"Bolsillos para aislantes t\u00e9rmicos oscurecedores | M2Camper\" \/>\n<meta property=\"og:description\" content=\"Bolsillos para aislantes t\u00e9rmicos oscurecedores para veh\u00edculos camper\" \/>\n<meta property=\"og:url\" content=\"https:\/\/m2camper.com\/fr\/poches-pour-isolants-thermiques-occultants\/\" \/>\n<meta property=\"og:site_name\" content=\"M2 Camper | Aislantes t\u00e9rmicos y oscurecedores para campers\" \/>\n<meta property=\"article:modified_time\" content=\"2025-04-25T09:32:06+00:00\" \/>\n<meta property=\"og:image\" content=\"https:\/\/m2camper.com\/wp-content\/uploads\/2025\/01\/60c9aa_4be20639cf36438ca4f36ba37135a9bbmv2.jpg\" \/>\n\t<meta property=\"og:image:width\" content=\"1028\" \/>\n\t<meta property=\"og:image:height\" content=\"1732\" \/>\n\t<meta property=\"og:image:type\" content=\"image\/jpeg\" \/>\n<meta name=\"twitter:card\" content=\"summary_large_image\" \/>\n<meta name=\"twitter:label1\" content=\"Dur\u00e9e de lecture estim\u00e9e\" \/>\n\t<meta name=\"twitter:data1\" content=\"1 minute\" \/>\n<script type=\"application\/ld+json\" class=\"yoast-schema-graph\">{\"@context\":\"https:\\\/\\\/schema.org\",\"@graph\":[{\"@type\":\"WebPage\",\"@id\":\"https:\\\/\\\/m2camper.com\\\/fr\\\/poches-pour-isolants-thermiques-occultants\\\/\",\"url\":\"https:\\\/\\\/m2camper.com\\\/fr\\\/poches-pour-isolants-thermiques-occultants\\\/\",\"name\":\"Bolsillos para aislantes t\u00e9rmicos oscurecedores | M2Camper\",\"isPartOf\":{\"@id\":\"https:\\\/\\\/m2camper.com\\\/pt\\\/#website\"},\"primaryImageOfPage\":{\"@id\":\"https:\\\/\\\/m2camper.com\\\/fr\\\/poches-pour-isolants-thermiques-occultants\\\/#primaryimage\"},\"image\":{\"@id\":\"https:\\\/\\\/m2camper.com\\\/fr\\\/poches-pour-isolants-thermiques-occultants\\\/#primaryimage\"},\"thumbnailUrl\":\"https:\\\/\\\/m2camper.com\\\/wp-content\\\/uploads\\\/2025\\\/01\\\/60c9aa_4be20639cf36438ca4f36ba37135a9bbmv2.jpg\",\"datePublished\":\"2025-01-23T13:58:17+00:00\",\"dateModified\":\"2025-04-25T09:32:06+00:00\",\"description\":\"Bolsillos para aislantes t\u00e9rmicos oscurecedores para veh\u00edculos camper\",\"breadcrumb\":{\"@id\":\"https:\\\/\\\/m2camper.com\\\/fr\\\/poches-pour-isolants-thermiques-occultants\\\/#breadcrumb\"},\"inLanguage\":\"fr-FR\",\"potentialAction\":[{\"@type\":\"ReadAction\",\"target\":[\"https:\\\/\\\/m2camper.com\\\/fr\\\/poches-pour-isolants-thermiques-occultants\\\/\"]}]},{\"@type\":\"ImageObject\",\"inLanguage\":\"fr-FR\",\"@id\":\"https:\\\/\\\/m2camper.com\\\/fr\\\/poches-pour-isolants-thermiques-occultants\\\/#primaryimage\",\"url\":\"https:\\\/\\\/m2camper.com\\\/wp-content\\\/uploads\\\/2025\\\/01\\\/60c9aa_4be20639cf36438ca4f36ba37135a9bbmv2.jpg\",\"contentUrl\":\"https:\\\/\\\/m2camper.com\\\/wp-content\\\/uploads\\\/2025\\\/01\\\/60c9aa_4be20639cf36438ca4f36ba37135a9bbmv2.jpg\",\"width\":1028,\"height\":1732},{\"@type\":\"BreadcrumbList\",\"@id\":\"https:\\\/\\\/m2camper.com\\\/fr\\\/poches-pour-isolants-thermiques-occultants\\\/#breadcrumb\",\"itemListElement\":[{\"@type\":\"ListItem\",\"position\":1,\"name\":\"Portada\",\"item\":\"https:\\\/\\\/m2camper.com\\\/pt\\\/\"},{\"@type\":\"ListItem\",\"position\":2,\"name\":\"Tienda\",\"item\":\"https:\\\/\\\/m2camper.com\\\/pt\\\/loja\\\/\"},{\"@type\":\"ListItem\",\"position\":3,\"name\":\"Bolsillos para aislantes t\u00e9rmicos oscurecedores\"}]},{\"@type\":\"WebSite\",\"@id\":\"https:\\\/\\\/m2camper.com\\\/pt\\\/#website\",\"url\":\"https:\\\/\\\/m2camper.com\\\/pt\\\/\",\"name\":\"M2 Campers | Aislantes t\u00e9rmicos y oscurecedores para campers\",\"description\":\"Descubre calidad y confort de nuestros aislantes t\u00e9rmicos oscurecedores y colchones para veh\u00edculos. Optimiza tu experiencia en carretera con M2 Camper.\",\"potentialAction\":[{\"@type\":\"SearchAction\",\"target\":{\"@type\":\"EntryPoint\",\"urlTemplate\":\"https:\\\/\\\/m2camper.com\\\/pt\\\/?s={search_term_string}\"},\"query-input\":{\"@type\":\"PropertyValueSpecification\",\"valueRequired\":true,\"valueName\":\"search_term_string\"}}],\"inLanguage\":\"fr-FR\"}]}<\/script>\n<!-- \/ Yoast SEO plugin. -->","yoast_head_json":{"title":"Bolsillos para aislantes t\u00e9rmicos oscurecedores | M2Camper","description":"Poches pour isolation thermique occultante pour camping-cars","robots":{"index":"index","follow":"follow","max-snippet":"max-snippet:-1","max-image-preview":"max-image-preview:large","max-video-preview":"max-video-preview:-1"},"canonical":"https:\/\/m2camper.com\/fr\/poches-pour-isolants-thermiques-occultants\/","og_locale":"fr_FR","og_type":"article","og_title":"Bolsillos para aislantes t\u00e9rmicos oscurecedores | M2Camper","og_description":"Bolsillos para aislantes t\u00e9rmicos oscurecedores para veh\u00edculos camper","og_url":"https:\/\/m2camper.com\/fr\/poches-pour-isolants-thermiques-occultants\/","og_site_name":"M2 Camper | Aislantes t\u00e9rmicos y oscurecedores para campers","article_modified_time":"2025-04-25T09:32:06+00:00","og_image":[{"width":1028,"height":1732,"url":"https:\/\/m2camper.com\/wp-content\/uploads\/2025\/01\/60c9aa_4be20639cf36438ca4f36ba37135a9bbmv2.jpg","type":"image\/jpeg"}],"twitter_card":"summary_large_image","twitter_misc":{"Dur\u00e9e de lecture estim\u00e9e":"1 minute"},"schema":{"@context":"https:\/\/schema.org","@graph":[{"@type":"WebPage","@id":"https:\/\/m2camper.com\/fr\/poches-pour-isolants-thermiques-occultants\/","url":"https:\/\/m2camper.com\/fr\/poches-pour-isolants-thermiques-occultants\/","name":"Bolsillos para aislantes t\u00e9rmicos oscurecedores | M2Camper","isPartOf":{"@id":"https:\/\/m2camper.com\/pt\/#website"},"primaryImageOfPage":{"@id":"https:\/\/m2camper.com\/fr\/poches-pour-isolants-thermiques-occultants\/#primaryimage"},"image":{"@id":"https:\/\/m2camper.com\/fr\/poches-pour-isolants-thermiques-occultants\/#primaryimage"},"thumbnailUrl":"https:\/\/m2camper.com\/wp-content\/uploads\/2025\/01\/60c9aa_4be20639cf36438ca4f36ba37135a9bbmv2.jpg","datePublished":"2025-01-23T13:58:17+00:00","dateModified":"2025-04-25T09:32:06+00:00","description":"Poches pour isolation thermique occultante pour camping-cars","breadcrumb":{"@id":"https:\/\/m2camper.com\/fr\/poches-pour-isolants-thermiques-occultants\/#breadcrumb"},"inLanguage":"fr-FR","potentialAction":[{"@type":"ReadAction","target":["https:\/\/m2camper.com\/fr\/poches-pour-isolants-thermiques-occultants\/"]}]},{"@type":"ImageObject","inLanguage":"fr-FR","@id":"https:\/\/m2camper.com\/fr\/poches-pour-isolants-thermiques-occultants\/#primaryimage","url":"https:\/\/m2camper.com\/wp-content\/uploads\/2025\/01\/60c9aa_4be20639cf36438ca4f36ba37135a9bbmv2.jpg","contentUrl":"https:\/\/m2camper.com\/wp-content\/uploads\/2025\/01\/60c9aa_4be20639cf36438ca4f36ba37135a9bbmv2.jpg","width":1028,"height":1732},{"@type":"BreadcrumbList","@id":"https:\/\/m2camper.com\/fr\/poches-pour-isolants-thermiques-occultants\/#breadcrumb","itemListElement":[{"@type":"ListItem","position":1,"name":"Portada","item":"https:\/\/m2camper.com\/pt\/"},{"@type":"ListItem","position":2,"name":"Tienda","item":"https:\/\/m2camper.com\/pt\/loja\/"},{"@type":"ListItem","position":3,"name":"Bolsillos para aislantes t\u00e9rmicos oscurecedores"}]},{"@type":"WebSite","@id":"https:\/\/m2camper.com\/pt\/#website","url":"https:\/\/m2camper.com\/pt\/","name":"M2 Campeurs | Isolation thermique et oscurecedores pour les campeurs","description":"D\u00e9couvrez la qualit\u00e9 et le confort de notre isolation thermique oscurecedores et des matelas pour les v\u00e9hicules. Optimiser votre exp\u00e9rience de la route avec M2 camping-car.","potentialAction":[{"@type":"SearchAction","target":{"@type":"EntryPoint","urlTemplate":"https:\/\/m2camper.com\/pt\/?s={search_term_string}"},"query-input":{"@type":"PropertyValueSpecification","valueRequired":true,"valueName":"search_term_string"}}],"inLanguage":"fr-FR"}]}},"_links":{"self":[{"href":"https:\/\/m2camper.com\/fr\/wp-json\/wp\/v2\/product\/2259","targetHints":{"allow":["GET"]}}],"collection":[{"href":"https:\/\/m2camper.com\/fr\/wp-json\/wp\/v2\/product"}],"about":[{"href":"https:\/\/m2camper.com\/fr\/wp-json\/wp\/v2\/types\/product"}],"replies":[{"embeddable":true,"href":"https:\/\/m2camper.com\/fr\/wp-json\/wp\/v2\/comments?post=2259"}],"wp:featuredmedia":[{"embeddable":true,"href":"https:\/\/m2camper.com\/fr\/wp-json\/wp\/v2\/media\/2260"}],"wp:attachment":[{"href":"https:\/\/m2camper.com\/fr\/wp-json\/wp\/v2\/media?parent=2259"}],"wp:term":[{"taxonomy":"product_brand","embeddable":true,"href":"https:\/\/m2camper.com\/fr\/wp-json\/wp\/v2\/product_brand?post=2259"},{"taxonomy":"product_cat","embeddable":true,"href":"https:\/\/m2camper.com\/fr\/wp-json\/wp\/v2\/product_cat?post=2259"},{"taxonomy":"product_tag","embeddable":true,"href":"https:\/\/m2camper.com\/fr\/wp-json\/wp\/v2\/product_tag?post=2259"}],"curies":[{"name":"wp","href":"https:\/\/api.w.org\/{rel}","templated":true}]}}