{"id":8,"date":"2025-01-20T10:00:04","date_gmt":"2025-01-20T10:00:04","guid":{"rendered":"https:\/\/m2campera.proyectosdesarrollosweb.com\/index.php\/carrito\/"},"modified":"2025-02-13T08:31:34","modified_gmt":"2025-02-13T08:31:34","slug":"chariot","status":"publish","type":"page","link":"https:\/\/m2camper.com\/fr\/chariot\/","title":{"rendered":"Panier"},"content":{"rendered":"<div data-block-name=\"woocommerce\/cart\" class=\"wp-block-woocommerce-cart alignwide is-loading\">\r\n<div data-block-name=\"woocommerce\/filled-cart-block\" class=\"wp-block-woocommerce-filled-cart-block\">\r\n<div data-block-name=\"woocommerce\/cart-items-block\" class=\"wp-block-woocommerce-cart-items-block\">\r\n<div data-block-name=\"woocommerce\/cart-line-items-block\" class=\"wp-block-woocommerce-cart-line-items-block\">\u00a0<\/div>\r\n\r\n\r\n\r\n<div data-block-name=\"woocommerce\/cart-cross-sells-block\" class=\"wp-block-woocommerce-cart-cross-sells-block\">\r\n<h2 class=\"wp-block-heading has-large-font-size\">Vous pourriez \u00eatre int\u00e9ress\u00e9 par\u2026<\/h2>\r\n\r\n\r\n\r\n<div data-block-name=\"woocommerce\/cart-cross-sells-products-block\" class=\"wp-block-woocommerce-cart-cross-sells-products-block\">\u00a0<\/div>\r\n<\/div>\r\n<\/div>\r\n\r\n\r\n\r\n<div data-block-name=\"woocommerce\/cart-totals-block\" class=\"wp-block-woocommerce-cart-totals-block\">\r\n<div data-block-name=\"woocommerce\/cart-order-summary-block\" class=\"wp-block-woocommerce-cart-order-summary-block\">\r\n<div data-block-name=\"woocommerce\/cart-order-summary-heading-block\" class=\"wp-block-woocommerce-cart-order-summary-heading-block\">\u00a0<\/div>\r\n\r\n\r\n\r\n<div data-block-name=\"woocommerce\/cart-order-summary-coupon-form-block\" class=\"wp-block-woocommerce-cart-order-summary-coupon-form-block\">\u00a0<\/div>\r\n\r\n\r\n\r\n\r\n\r\n\r\n\r\n\r\n\r\n\r\n\r\n\r\n\r\n\r\n\r\n\r\n\r\n\r\n\r\n<div data-block-name=\"woocommerce\/cart-order-summary-totals-block\" class=\"wp-block-woocommerce-cart-order-summary-totals-block\">\n<div data-block-name=\"woocommerce\/cart-order-summary-subtotal-block\" class=\"wp-block-woocommerce-cart-order-summary-subtotal-block\">\u00a0<\/div>\n<div data-block-name=\"woocommerce\/cart-order-summary-discount-block\" class=\"wp-block-woocommerce-cart-order-summary-discount-block\">\u00a0<\/div>\n<div data-block-name=\"woocommerce\/cart-order-summary-fee-block\" class=\"wp-block-woocommerce-cart-order-summary-fee-block\">\u00a0<\/div>\n<div data-block-name=\"woocommerce\/cart-order-summary-shipping-block\" class=\"wp-block-woocommerce-cart-order-summary-shipping-block\">\u00a0<\/div>\n<div data-block-name=\"woocommerce\/cart-order-summary-taxes-block\" class=\"wp-block-woocommerce-cart-order-summary-taxes-block\">\u00a0<\/div><\/div>\r\n<\/div>\r\n\r\n\r\n\r\n<div data-block-name=\"woocommerce\/cart-express-payment-block\" class=\"wp-block-woocommerce-cart-express-payment-block\">\u00a0<\/div>\r\n\r\n\r\n\r\n<div data-block-name=\"woocommerce\/proceed-to-checkout-block\" class=\"wp-block-woocommerce-proceed-to-checkout-block\">\u00a0<\/div>\r\n\r\n\r\n\r\n<div data-block-name=\"woocommerce\/cart-accepted-payment-methods-block\" class=\"wp-block-woocommerce-cart-accepted-payment-methods-block\">\u00a0<\/div>\r\n<\/div>\r\n<\/div>\r\n\r\n\r\n\r\n<div data-block-name=\"woocommerce\/empty-cart-block\" class=\"wp-block-woocommerce-empty-cart-block\">\r\n<h2 class=\"wp-block-heading has-text-align-center with-empty-cart-icon wc-block-cart__empty-cart__title\">Votre panier est actuellement vide !<\/h2>\r\n\r\n\r\n<hr class=\"wp-block-separator has-alpha-channel-opacity is-style-dots\" \/>\r\n\r\n\r\n<h2 class=\"wp-block-heading has-text-align-center\">Nouveau dans la boutique<\/h2>\r\n\r\n\r\n<div data-block-name=\"woocommerce\/product-new\" data-columns=\"4\" data-rows=\"1\" class=\"wc-block-grid wp-block-product-new wp-block-woocommerce-product-new wc-block-product-new has-4-columns\"><ul class=\"wc-block-grid__products\"><li class=\"wc-block-grid__product\">\n\t\t\t\t<a href=\"https:\/\/m2camper.com\/fr\/stores-occultants-thermiques-pour-volkswagen-t7-caravelle-longs\/\" class=\"wc-block-grid__product-link\">\n\t\t\t\t\t\n\t\t\t\t\t<div class=\"wc-block-grid__product-image\"><img fetchpriority=\"high\" decoding=\"async\" width=\"300\" height=\"167\" src=\"https:\/\/m2camper.com\/wp-content\/uploads\/2026\/02\/Caravelle-larga-300x167.webp\" class=\"attachment-woocommerce_thumbnail size-woocommerce_thumbnail\" alt=\"Volkswagen T7 Caravelle\" srcset=\"https:\/\/m2camper.com\/wp-content\/uploads\/2026\/02\/Caravelle-larga-300x167.webp 300w, https:\/\/m2camper.com\/wp-content\/uploads\/2026\/02\/Caravelle-larga-1024x572.webp 1024w, https:\/\/m2camper.com\/wp-content\/uploads\/2026\/02\/Caravelle-larga-768x429.webp 768w, https:\/\/m2camper.com\/wp-content\/uploads\/2026\/02\/Caravelle-larga-1536x857.webp 1536w, https:\/\/m2camper.com\/wp-content\/uploads\/2026\/02\/Caravelle-larga-2048x1143.webp 2048w, https:\/\/m2camper.com\/wp-content\/uploads\/2026\/02\/Caravelle-larga-18x10.webp 18w, https:\/\/m2camper.com\/wp-content\/uploads\/2026\/02\/Caravelle-larga-600x335.webp 600w\" sizes=\"(max-width: 300px) 100vw, 300px\" \/><\/div>\n\t\t\t\t\t<div class=\"wc-block-grid__product-title\">Stores occultants thermiques pour Volkswagen T7 Caravelle Long 2025-2026<\/div>\n\t\t\t\t<\/a>\n\t\t\t\t<div class=\"wc-block-grid__product-price price\"><span class=\"woocommerce-Price-amount amount\" aria-hidden=\"true\">60,00&nbsp;<span class=\"woocommerce-Price-currencySymbol\">&euro;<\/span><\/span> <span aria-hidden=\"true\">\u00a0\u2013\u00a0<\/span> <span class=\"woocommerce-Price-amount amount\" aria-hidden=\"true\">216,00&nbsp;<span class=\"woocommerce-Price-currencySymbol\">&euro;<\/span><\/span><span class=\"screen-reader-text\" data-no-translation=\"\" data-trp-gettext=\"\">Plage de prix\u00a0: 60,00&nbsp;&euro; \u00e0 216,00&nbsp;&euro;<\/span><\/div>\n\t\t\t\t\n\t\t\t\t<div class=\"wp-block-button wc-block-grid__product-add-to-cart\"><a href=\"https:\/\/m2camper.com\/fr\/stores-occultants-thermiques-pour-volkswagen-t7-caravelle-longs\/\" aria-label=\"S\u00e9lectionner les options pour \u201cAislantes t\u00e9rmicos oscurecedores Volkswagen T7 Caravelle Larga 2025-2026\u201d\" data-quantity=\"1\" data-product_id=\"16388\" data-product_sku=\"\" data-price=\"60\" rel=\"nofollow\" class=\"wp-block-button__link  add_to_cart_button\" data-no-translation=\"\" data-trp-gettext=\"\" data-no-translation-aria-label=\"\">Choix des options<\/a><\/div>\n\t\t\t<\/li><li class=\"wc-block-grid__product\">\n\t\t\t\t<a href=\"https:\/\/m2camper.com\/fr\/stores-occultants-thermiques-pour-volkswagen-t7-transporter-empattement-long\/\" class=\"wc-block-grid__product-link\">\n\t\t\t\t\t\n\t\t\t\t\t<div class=\"wc-block-grid__product-image\"><img decoding=\"async\" width=\"300\" height=\"167\" src=\"https:\/\/m2camper.com\/wp-content\/uploads\/2026\/02\/Transporter-larga-300x167.webp\" class=\"attachment-woocommerce_thumbnail size-woocommerce_thumbnail\" alt=\"Volkswagen T7 Transporter\" srcset=\"https:\/\/m2camper.com\/wp-content\/uploads\/2026\/02\/Transporter-larga-300x167.webp 300w, https:\/\/m2camper.com\/wp-content\/uploads\/2026\/02\/Transporter-larga-1024x572.webp 1024w, https:\/\/m2camper.com\/wp-content\/uploads\/2026\/02\/Transporter-larga-768x429.webp 768w, https:\/\/m2camper.com\/wp-content\/uploads\/2026\/02\/Transporter-larga-1536x857.webp 1536w, https:\/\/m2camper.com\/wp-content\/uploads\/2026\/02\/Transporter-larga-2048x1143.webp 2048w, https:\/\/m2camper.com\/wp-content\/uploads\/2026\/02\/Transporter-larga-18x10.webp 18w, https:\/\/m2camper.com\/wp-content\/uploads\/2026\/02\/Transporter-larga-600x335.webp 600w\" sizes=\"(max-width: 300px) 100vw, 300px\" \/><\/div>\n\t\t\t\t\t<div class=\"wc-block-grid__product-title\">Stores occultants thermiques pour Volkswagen T7 Transporter Long 2025-2026<\/div>\n\t\t\t\t<\/a>\n\t\t\t\t<div class=\"wc-block-grid__product-price price\"><span class=\"woocommerce-Price-amount amount\" aria-hidden=\"true\">60,00&nbsp;<span class=\"woocommerce-Price-currencySymbol\">&euro;<\/span><\/span> <span aria-hidden=\"true\">\u00a0\u2013\u00a0<\/span> <span class=\"woocommerce-Price-amount amount\" aria-hidden=\"true\">216,00&nbsp;<span class=\"woocommerce-Price-currencySymbol\">&euro;<\/span><\/span><span class=\"screen-reader-text\" data-no-translation=\"\" data-trp-gettext=\"\">Plage de prix\u00a0: 60,00&nbsp;&euro; \u00e0 216,00&nbsp;&euro;<\/span><\/div>\n\t\t\t\t\n\t\t\t\t<div class=\"wp-block-button wc-block-grid__product-add-to-cart\"><a href=\"https:\/\/m2camper.com\/fr\/stores-occultants-thermiques-pour-volkswagen-t7-transporter-empattement-long\/\" aria-label=\"S\u00e9lectionner les options pour \u201cAislantes t\u00e9rmicos oscurecedores Volkswagen T7 Transporter Larga 2025-2026\u201d\" data-quantity=\"1\" data-product_id=\"16342\" data-product_sku=\"\" data-price=\"60\" rel=\"nofollow\" class=\"wp-block-button__link  add_to_cart_button\" data-no-translation=\"\" data-trp-gettext=\"\" data-no-translation-aria-label=\"\">Choix des options<\/a><\/div>\n\t\t\t<\/li><li class=\"wc-block-grid__product\">\n\t\t\t\t<a href=\"https:\/\/m2camper.com\/fr\/stores-occultants-thermiques-pour-volkswagen-t7-transporter-a-empattement-court\/\" class=\"wc-block-grid__product-link\">\n\t\t\t\t\t\n\t\t\t\t\t<div class=\"wc-block-grid__product-image\"><img decoding=\"async\" width=\"300\" height=\"167\" src=\"https:\/\/m2camper.com\/wp-content\/uploads\/2026\/02\/transporter-300x167.webp\" class=\"attachment-woocommerce_thumbnail size-woocommerce_thumbnail\" alt=\"Volkswagen T7 Transporter\" srcset=\"https:\/\/m2camper.com\/wp-content\/uploads\/2026\/02\/transporter-300x167.webp 300w, https:\/\/m2camper.com\/wp-content\/uploads\/2026\/02\/transporter-1024x572.webp 1024w, https:\/\/m2camper.com\/wp-content\/uploads\/2026\/02\/transporter-768x429.webp 768w, https:\/\/m2camper.com\/wp-content\/uploads\/2026\/02\/transporter-1536x857.webp 1536w, https:\/\/m2camper.com\/wp-content\/uploads\/2026\/02\/transporter-2048x1143.webp 2048w, https:\/\/m2camper.com\/wp-content\/uploads\/2026\/02\/transporter-18x10.webp 18w, https:\/\/m2camper.com\/wp-content\/uploads\/2026\/02\/transporter-600x335.webp 600w\" sizes=\"(max-width: 300px) 100vw, 300px\" \/><\/div>\n\t\t\t\t\t<div class=\"wc-block-grid__product-title\">Stores occultants thermiques pour Volkswagen T7 Transporter Short 2025-2026<\/div>\n\t\t\t\t<\/a>\n\t\t\t\t<div class=\"wc-block-grid__product-price price\"><span class=\"woocommerce-Price-amount amount\" aria-hidden=\"true\">60,00&nbsp;<span class=\"woocommerce-Price-currencySymbol\">&euro;<\/span><\/span> <span aria-hidden=\"true\">\u00a0\u2013\u00a0<\/span> <span class=\"woocommerce-Price-amount amount\" aria-hidden=\"true\">200,00&nbsp;<span class=\"woocommerce-Price-currencySymbol\">&euro;<\/span><\/span><span class=\"screen-reader-text\" data-no-translation=\"\" data-trp-gettext=\"\">Plage de prix\u00a0: 60,00&nbsp;&euro; \u00e0 200,00&nbsp;&euro;<\/span><\/div>\n\t\t\t\t\n\t\t\t\t<div class=\"wp-block-button wc-block-grid__product-add-to-cart\"><a href=\"https:\/\/m2camper.com\/fr\/stores-occultants-thermiques-pour-volkswagen-t7-transporter-a-empattement-court\/\" aria-label=\"S\u00e9lectionner les options pour \u201cAislantes t\u00e9rmicos oscurecedores Volkswagen T7 Transporter Corta 2025-2026\u201d\" data-quantity=\"1\" data-product_id=\"16320\" data-product_sku=\"\" data-price=\"60\" rel=\"nofollow\" class=\"wp-block-button__link  add_to_cart_button\" data-no-translation=\"\" data-trp-gettext=\"\" data-no-translation-aria-label=\"\">Choix des options<\/a><\/div>\n\t\t\t<\/li><li class=\"wc-block-grid__product\">\n\t\t\t\t<a href=\"https:\/\/m2camper.com\/fr\/stores-occultants-thermiques-pour-volkswagen-t7-caravelle-court\/\" class=\"wc-block-grid__product-link\">\n\t\t\t\t\t\n\t\t\t\t\t<div class=\"wc-block-grid__product-image\"><img loading=\"lazy\" decoding=\"async\" width=\"300\" height=\"201\" src=\"https:\/\/m2camper.com\/wp-content\/uploads\/2026\/02\/VW-T7-Caravelle-23-1024x683-1-300x201.webp\" class=\"attachment-woocommerce_thumbnail size-woocommerce_thumbnail\" alt=\"Volkswagen T7 Caravelle\" srcset=\"https:\/\/m2camper.com\/wp-content\/uploads\/2026\/02\/VW-T7-Caravelle-23-1024x683-1-300x201.webp 300w, https:\/\/m2camper.com\/wp-content\/uploads\/2026\/02\/VW-T7-Caravelle-23-1024x683-1-1024x687.webp 1024w, https:\/\/m2camper.com\/wp-content\/uploads\/2026\/02\/VW-T7-Caravelle-23-1024x683-1-768x515.webp 768w, https:\/\/m2camper.com\/wp-content\/uploads\/2026\/02\/VW-T7-Caravelle-23-1024x683-1-1536x1030.webp 1536w, https:\/\/m2camper.com\/wp-content\/uploads\/2026\/02\/VW-T7-Caravelle-23-1024x683-1-2048x1374.webp 2048w, https:\/\/m2camper.com\/wp-content\/uploads\/2026\/02\/VW-T7-Caravelle-23-1024x683-1-18x12.webp 18w, https:\/\/m2camper.com\/wp-content\/uploads\/2026\/02\/VW-T7-Caravelle-23-1024x683-1-930x620.webp 930w, https:\/\/m2camper.com\/wp-content\/uploads\/2026\/02\/VW-T7-Caravelle-23-1024x683-1-600x403.webp 600w\" sizes=\"(max-width: 300px) 100vw, 300px\" \/><\/div>\n\t\t\t\t\t<div class=\"wc-block-grid__product-title\">Stores occultants thermiques pour Volkswagen T7 Caravelle Short 2025-2026<\/div>\n\t\t\t\t<\/a>\n\t\t\t\t<div class=\"wc-block-grid__product-price price\"><span class=\"woocommerce-Price-amount amount\" aria-hidden=\"true\">60,00&nbsp;<span class=\"woocommerce-Price-currencySymbol\">&euro;<\/span><\/span> <span aria-hidden=\"true\">\u00a0\u2013\u00a0<\/span> <span class=\"woocommerce-Price-amount amount\" aria-hidden=\"true\">200,00&nbsp;<span class=\"woocommerce-Price-currencySymbol\">&euro;<\/span><\/span><span class=\"screen-reader-text\" data-no-translation=\"\" data-trp-gettext=\"\">Plage de prix\u00a0: 60,00&nbsp;&euro; \u00e0 200,00&nbsp;&euro;<\/span><\/div>\n\t\t\t\t\n\t\t\t\t<div class=\"wp-block-button wc-block-grid__product-add-to-cart\"><a href=\"https:\/\/m2camper.com\/fr\/stores-occultants-thermiques-pour-volkswagen-t7-caravelle-court\/\" aria-label=\"S\u00e9lectionner les options pour \u201cAislantes t\u00e9rmicos oscurecedores Volkswagen T7 Caravelle Corta 2025-2026\u201d\" data-quantity=\"1\" data-product_id=\"16297\" data-product_sku=\"\" data-price=\"60\" rel=\"nofollow\" class=\"wp-block-button__link  add_to_cart_button\" data-no-translation=\"\" data-trp-gettext=\"\" data-no-translation-aria-label=\"\">Choix des options<\/a><\/div>\n\t\t\t<\/li><\/ul><\/div><\/div>\r\n<\/div>","protected":false},"excerpt":{"rendered":"","protected":false},"author":1,"featured_media":0,"parent":0,"menu_order":0,"comment_status":"closed","ping_status":"closed","template":"","meta":{"neve_meta_sidebar":"","neve_meta_container":"","neve_meta_enable_content_width":"off","neve_meta_content_width":100,"neve_meta_title_alignment":"","neve_meta_author_avatar":"","neve_post_elements_order":"","neve_meta_disable_header":"","neve_meta_disable_footer":"","neve_meta_disable_title":"","footnotes":""},"class_list":["post-8","page","type-page","status-publish","hentry"],"yoast_head":"<!-- This site is optimized with the Yoast SEO plugin v27.4 - https:\/\/yoast.com\/product\/yoast-seo-wordpress\/ -->\n<title>Carrito - M2 Camper | Aislantes t\u00e9rmicos y oscurecedores para campers<\/title>\n<meta name=\"robots\" content=\"index, follow, max-snippet:-1, max-image-preview:large, max-video-preview:-1\" \/>\n<link rel=\"canonical\" href=\"https:\/\/m2camper.com\/fr\/chariot\/\" \/>\n<meta property=\"og:locale\" content=\"fr_FR\" \/>\n<meta property=\"og:type\" content=\"article\" \/>\n<meta property=\"og:title\" content=\"Carrito - M2 Camper | Aislantes t\u00e9rmicos y oscurecedores para campers\" \/>\n<meta property=\"og:url\" content=\"https:\/\/m2camper.com\/fr\/chariot\/\" \/>\n<meta property=\"og:site_name\" content=\"M2 Camper | Aislantes t\u00e9rmicos y oscurecedores para campers\" \/>\n<meta property=\"article:modified_time\" content=\"2025-02-13T08:31:34+00:00\" \/>\n<meta name=\"twitter:card\" content=\"summary_large_image\" \/>\n<script type=\"application\/ld+json\" class=\"yoast-schema-graph\">{\"@context\":\"https:\\\/\\\/schema.org\",\"@graph\":[{\"@type\":\"WebPage\",\"@id\":\"https:\\\/\\\/m2camper.com\\\/carrito\\\/\",\"url\":\"https:\\\/\\\/m2camper.com\\\/carrito\\\/\",\"name\":\"Carrito - M2 Camper | Aislantes t\u00e9rmicos y oscurecedores para campers\",\"isPartOf\":{\"@id\":\"https:\\\/\\\/m2camper.com\\\/pt\\\/#website\"},\"datePublished\":\"2025-01-20T10:00:04+00:00\",\"dateModified\":\"2025-02-13T08:31:34+00:00\",\"breadcrumb\":{\"@id\":\"https:\\\/\\\/m2camper.com\\\/carrito\\\/#breadcrumb\"},\"inLanguage\":\"fr-FR\",\"potentialAction\":[{\"@type\":\"ReadAction\",\"target\":[\"https:\\\/\\\/m2camper.com\\\/carrito\\\/\"]}]},{\"@type\":\"BreadcrumbList\",\"@id\":\"https:\\\/\\\/m2camper.com\\\/carrito\\\/#breadcrumb\",\"itemListElement\":[{\"@type\":\"ListItem\",\"position\":1,\"name\":\"Portada\",\"item\":\"https:\\\/\\\/m2camper.com\\\/pt\\\/\"},{\"@type\":\"ListItem\",\"position\":2,\"name\":\"Carrito\"}]},{\"@type\":\"WebSite\",\"@id\":\"https:\\\/\\\/m2camper.com\\\/pt\\\/#website\",\"url\":\"https:\\\/\\\/m2camper.com\\\/pt\\\/\",\"name\":\"M2 Campers | Aislantes t\u00e9rmicos y oscurecedores para campers\",\"description\":\"Descubre calidad y confort de nuestros aislantes t\u00e9rmicos oscurecedores y colchones para veh\u00edculos. Optimiza tu experiencia en carretera con M2 Camper.\",\"potentialAction\":[{\"@type\":\"SearchAction\",\"target\":{\"@type\":\"EntryPoint\",\"urlTemplate\":\"https:\\\/\\\/m2camper.com\\\/pt\\\/?s={search_term_string}\"},\"query-input\":{\"@type\":\"PropertyValueSpecification\",\"valueRequired\":true,\"valueName\":\"search_term_string\"}}],\"inLanguage\":\"fr-FR\"}]}<\/script>\n<!-- \/ Yoast SEO plugin. -->","yoast_head_json":{"title":"Chariot - M2 Camper | Isolation thermique et occultation pour camping-cars","robots":{"index":"index","follow":"follow","max-snippet":"max-snippet:-1","max-image-preview":"max-image-preview:large","max-video-preview":"max-video-preview:-1"},"canonical":"https:\/\/m2camper.com\/fr\/chariot\/","og_locale":"fr_FR","og_type":"article","og_title":"Carrito - M2 Camper | Aislantes t\u00e9rmicos y oscurecedores para campers","og_url":"https:\/\/m2camper.com\/fr\/chariot\/","og_site_name":"M2 Camper | Aislantes t\u00e9rmicos y oscurecedores para campers","article_modified_time":"2025-02-13T08:31:34+00:00","twitter_card":"summary_large_image","schema":{"@context":"https:\/\/schema.org","@graph":[{"@type":"WebPage","@id":"https:\/\/m2camper.com\/carrito\/","url":"https:\/\/m2camper.com\/carrito\/","name":"Chariot - M2 Camper | Isolation thermique et occultation pour camping-cars","isPartOf":{"@id":"https:\/\/m2camper.com\/pt\/#website"},"datePublished":"2025-01-20T10:00:04+00:00","dateModified":"2025-02-13T08:31:34+00:00","breadcrumb":{"@id":"https:\/\/m2camper.com\/carrito\/#breadcrumb"},"inLanguage":"fr-FR","potentialAction":[{"@type":"ReadAction","target":["https:\/\/m2camper.com\/carrito\/"]}]},{"@type":"BreadcrumbList","@id":"https:\/\/m2camper.com\/carrito\/#breadcrumb","itemListElement":[{"@type":"ListItem","position":1,"name":"Portada","item":"https:\/\/m2camper.com\/pt\/"},{"@type":"ListItem","position":2,"name":"Carrito"}]},{"@type":"WebSite","@id":"https:\/\/m2camper.com\/pt\/#website","url":"https:\/\/m2camper.com\/pt\/","name":"M2 Campeurs | Isolation thermique et oscurecedores pour les campeurs","description":"D\u00e9couvrez la qualit\u00e9 et le confort de notre isolation thermique oscurecedores et des matelas pour les v\u00e9hicules. Optimiser votre exp\u00e9rience de la route avec M2 camping-car.","potentialAction":[{"@type":"SearchAction","target":{"@type":"EntryPoint","urlTemplate":"https:\/\/m2camper.com\/pt\/?s={search_term_string}"},"query-input":{"@type":"PropertyValueSpecification","valueRequired":true,"valueName":"search_term_string"}}],"inLanguage":"fr-FR"}]}},"_links":{"self":[{"href":"https:\/\/m2camper.com\/fr\/wp-json\/wp\/v2\/pages\/8","targetHints":{"allow":["GET"]}}],"collection":[{"href":"https:\/\/m2camper.com\/fr\/wp-json\/wp\/v2\/pages"}],"about":[{"href":"https:\/\/m2camper.com\/fr\/wp-json\/wp\/v2\/types\/page"}],"author":[{"embeddable":true,"href":"https:\/\/m2camper.com\/fr\/wp-json\/wp\/v2\/users\/1"}],"replies":[{"embeddable":true,"href":"https:\/\/m2camper.com\/fr\/wp-json\/wp\/v2\/comments?post=8"}],"version-history":[{"count":4,"href":"https:\/\/m2camper.com\/fr\/wp-json\/wp\/v2\/pages\/8\/revisions"}],"predecessor-version":[{"id":12639,"href":"https:\/\/m2camper.com\/fr\/wp-json\/wp\/v2\/pages\/8\/revisions\/12639"}],"wp:attachment":[{"href":"https:\/\/m2camper.com\/fr\/wp-json\/wp\/v2\/media?parent=8"}],"curies":[{"name":"wp","href":"https:\/\/api.w.org\/{rel}","templated":true}]}}