{"id":13797,"date":"2025-06-02T08:23:46","date_gmt":"2025-06-02T06:23:46","guid":{"rendered":"https:\/\/m2camper.com\/?page_id=13797"},"modified":"2025-06-02T08:26:32","modified_gmt":"2025-06-02T06:26:32","slug":"isolation-thermique","status":"publish","type":"page","link":"https:\/\/m2camper.com\/fr\/isolation-thermique\/","title":{"rendered":"Isolation thermique"},"content":{"rendered":"\t\t<div data-elementor-type=\"wp-page\" data-elementor-id=\"13797\" class=\"elementor elementor-13797\" data-elementor-post-type=\"page\">\n\t\t\t\t\t\t<section class=\"elementor-section elementor-top-section elementor-element elementor-element-a9daf62 elementor-section-boxed elementor-section-height-default elementor-section-height-default\" data-id=\"a9daf62\" data-element_type=\"section\" data-e-type=\"section\" data-settings=\"{&quot;background_background&quot;:&quot;classic&quot;}\">\n\t\t\t\t\t\t\t<div class=\"elementor-background-overlay\"><\/div>\n\t\t\t\t\t\t\t<div class=\"elementor-container elementor-column-gap-default\">\n\t\t\t\t\t<div class=\"elementor-column elementor-col-100 elementor-top-column elementor-element elementor-element-e9a3ab1\" data-id=\"e9a3ab1\" data-element_type=\"column\" data-e-type=\"column\">\n\t\t\t<div class=\"elementor-widget-wrap elementor-element-populated\">\n\t\t\t\t\t\t<section class=\"elementor-section elementor-inner-section elementor-element elementor-element-5758ba2 elementor-section-boxed elementor-section-height-default elementor-section-height-default\" data-id=\"5758ba2\" data-element_type=\"section\" data-e-type=\"section\">\n\t\t\t\t\t\t<div class=\"elementor-container elementor-column-gap-default\">\n\t\t\t\t\t<div class=\"elementor-column elementor-col-100 elementor-inner-column elementor-element elementor-element-d1cf22d\" data-id=\"d1cf22d\" data-element_type=\"column\" data-e-type=\"column\">\n\t\t\t<div class=\"elementor-widget-wrap elementor-element-populated\">\n\t\t\t\t\t\t\t<\/div>\n\t\t<\/div>\n\t\t\t\t\t<\/div>\n\t\t<\/section>\n\t\t\t\t\t<\/div>\n\t\t<\/div>\n\t\t\t\t\t<\/div>\n\t\t<\/section>\n\t\t<div class=\"elementor-element elementor-element-3787f52 e-flex e-con-boxed e-con e-parent\" data-id=\"3787f52\" data-element_type=\"container\" data-e-type=\"container\">\n\t\t\t\t\t<div class=\"e-con-inner\">\n\t\t<div class=\"elementor-element elementor-element-3a2b8bc e-con-full e-flex e-con e-child\" data-id=\"3a2b8bc\" data-element_type=\"container\" data-e-type=\"container\">\n\t\t\t\t<div class=\"elementor-element elementor-element-d8cd260 elementor-widget elementor-widget-text-editor\" data-id=\"d8cd260\" data-element_type=\"widget\" data-e-type=\"widget\" data-widget_type=\"text-editor.default\">\n\t\t\t\t<div class=\"elementor-widget-container\">\n\t\t\t\t\t\t\t\t\t<h1 data-start=\"208\" data-end=\"309\">Aislante t\u00e9rmico: la clave para viajar con confort en cualquier estaci\u00f3n con M2 Camper<\/h1><p data-start=\"311\" data-end=\"832\">Viajar en camper es una experiencia \u00fanica: libertad, naturaleza y descubrimiento a cada kil\u00f3metro. Pero si hay algo que puede arruinar incluso el viaje m\u00e1s emocionante, es el mal descanso debido a temperaturas extremas. Por eso, contar con un buen <strong data-start=\"559\" data-end=\"579\">aislante t\u00e9rmico<\/strong> en tu furgoneta es una inversi\u00f3n imprescindible. En <strong data-start=\"632\" data-end=\"645\">M2 Camper<\/strong>, hemos desarrollado soluciones t\u00e9rmicas de alta calidad para que tu veh\u00edculo sea siempre un lugar acogedor, sin importar si est\u00e1s en la monta\u00f1a en invierno o en la costa en pleno agosto.<\/p><p data-start=\"901\" data-end=\"1271\">El <strong data-start=\"904\" data-end=\"924\">aislante t\u00e9rmico<\/strong> es un elemento esencial para mantener una temperatura interior estable. Cuando las temperaturas exteriores bajan, evita la p\u00e9rdida de calor; cuando suben, bloquea la entrada del calor excesivo. Gracias a su estructura especializada, crea una barrera eficiente que transforma el interior de tu camper en un refugio confortable durante todo el a\u00f1o.<\/p>\t\t\t\t\t\t\t\t<\/div>\n\t\t\t\t<\/div>\n\t\t\t\t<\/div>\n\t\t<div class=\"elementor-element elementor-element-5b2286a e-con-full e-flex e-con e-child\" data-id=\"5b2286a\" data-element_type=\"container\" data-e-type=\"container\">\n\t\t\t\t<div class=\"elementor-element elementor-element-70492d0 elementor-widget elementor-widget-image\" data-id=\"70492d0\" data-element_type=\"widget\" data-e-type=\"widget\" data-widget_type=\"image.default\">\n\t\t\t\t<div class=\"elementor-widget-container\">\n\t\t\t\t\t\t\t\t\t\t\t\t\t\t\t<img fetchpriority=\"high\" decoding=\"async\" width=\"1024\" height=\"724\" src=\"https:\/\/m2camper.com\/wp-content\/uploads\/2025\/05\/aislantes-termicos-para-camionetas-camper-1024x724.jpg\" class=\"attachment-large size-large wp-image-13624\" alt=\"\" srcset=\"https:\/\/m2camper.com\/wp-content\/uploads\/2025\/05\/aislantes-termicos-para-camionetas-camper-1024x724.jpg 1024w, https:\/\/m2camper.com\/wp-content\/uploads\/2025\/05\/aislantes-termicos-para-camionetas-camper-300x212.jpg 300w, https:\/\/m2camper.com\/wp-content\/uploads\/2025\/05\/aislantes-termicos-para-camionetas-camper-768x543.jpg 768w, https:\/\/m2camper.com\/wp-content\/uploads\/2025\/05\/aislantes-termicos-para-camionetas-camper-1536x1086.jpg 1536w, https:\/\/m2camper.com\/wp-content\/uploads\/2025\/05\/aislantes-termicos-para-camionetas-camper-18x12.jpg 18w, https:\/\/m2camper.com\/wp-content\/uploads\/2025\/05\/aislantes-termicos-para-camionetas-camper-600x424.jpg 600w, https:\/\/m2camper.com\/wp-content\/uploads\/2025\/05\/aislantes-termicos-para-camionetas-camper.jpg 2000w\" sizes=\"(max-width: 1024px) 100vw, 1024px\" \/>\t\t\t\t\t\t\t\t\t\t\t\t\t\t\t<\/div>\n\t\t\t\t<\/div>\n\t\t\t\t<\/div>\n\t\t\t\t\t<\/div>\n\t\t\t\t<\/div>\n\t\t<div class=\"elementor-element elementor-element-03b706c e-con-full e-flex e-con e-parent\" data-id=\"03b706c\" data-element_type=\"container\" data-e-type=\"container\" data-settings=\"{&quot;background_background&quot;:&quot;classic&quot;}\">\n\t\t\t\t<div class=\"elementor-element elementor-element-03cda5b elementor-widget elementor-widget-heading\" data-id=\"03cda5b\" data-element_type=\"widget\" data-e-type=\"widget\" data-widget_type=\"heading.default\">\n\t\t\t\t<div class=\"elementor-widget-container\">\n\t\t\t\t\t<h2 class=\"elementor-heading-title elementor-size-default\">M2 Camper: expertos en soluciones de aislante t\u00e9rmico para todo tipo de veh\u00edculos\n<\/h2>\t\t\t\t<\/div>\n\t\t\t\t<\/div>\n\t\t\t\t<\/div>\n\t\t<div class=\"elementor-element elementor-element-1dacec8 e-flex e-con-boxed e-con e-parent\" data-id=\"1dacec8\" data-element_type=\"container\" data-e-type=\"container\">\n\t\t\t\t\t<div class=\"e-con-inner\">\n\t\t\t\t<div class=\"elementor-element elementor-element-4ee3992 elementor-widget elementor-widget-text-editor\" data-id=\"4ee3992\" data-element_type=\"widget\" data-e-type=\"widget\" data-widget_type=\"text-editor.default\">\n\t\t\t\t<div class=\"elementor-widget-container\">\n\t\t\t\t\t\t\t\t\t<p data-start=\"2033\" data-end=\"2437\">En <strong data-start=\"2036\" data-end=\"2049\">M2 Camper<\/strong>, somos especialistas en el dise\u00f1o y fabricaci\u00f3n de <strong data-start=\"2101\" data-end=\"2121\">aislante t\u00e9rmico<\/strong> para furgonetas camperizadas. Nuestro producto estrella es el aislante t\u00e9rmico de 9 capas, una soluci\u00f3n avanzada que combina materiales reflectantes, aislantes y acolchados para ofrecer un rendimiento superior. Cada unidad est\u00e1 dise\u00f1ada a medida para ajustarse perfectamente a las ventanas y puertas de tu veh\u00edculo.<\/p><p data-start=\"2439\" data-end=\"2733\">Gracias a la tecnolog\u00eda de escaneo 3D, dise\u00f1o CAD y corte CNC, conseguimos un ajuste preciso que garantiza el m\u00e1ximo aislamiento y una apariencia limpia y profesional. Nuestros productos son compatibles con una amplia variedad de marcas, como Volkswagen, Toyota, Mercedes, Renault y muchas m\u00e1s.<\/p><p data-start=\"2735\" data-end=\"2998\">Adem\u00e1s, incluimos accesorios como ventosas y tuercas resistentes para que puedas instalar el <strong data-start=\"2828\" data-end=\"2848\">aislante t\u00e9rmico<\/strong> f\u00e1cilmente, sin herramientas ni conocimientos t\u00e9cnicos. Cada detalle ha sido pensado para ofrecer una experiencia de usuario c\u00f3moda, segura y eficaz.<\/p><p data-start=\"2363\" data-end=\"2720\">Nuestros aislantes t\u00e9rmicos de 9 capas son un referente en el sector por su durabilidad, resistencia y alto rendimiento. Est\u00e1n confeccionados con capas reflectantes, aislantes y acolchadas, pensadas para soportar las condiciones m\u00e1s exigentes. Adem\u00e1s, est\u00e1n disponibles para una amplia gama de marcas como Volkswagen, Mercedes, Toyota, Renault y muchas m\u00e1s.<\/p><p data-start=\"2722\" data-end=\"3050\">El proceso de instalaci\u00f3n tambi\u00e9n ha sido optimizado para el usuario. Incluimos ventosas y tuercas de alta resistencia que permiten una colocaci\u00f3n r\u00e1pida, segura y sin herramientas complicadas. Y si tienes un modelo de camper menos com\u00fan, no te preocupes: fabricamos aislantes completamente personalizados seg\u00fan tus necesidades.<\/p>\t\t\t\t\t\t\t\t<\/div>\n\t\t\t\t<\/div>\n\t\t\t\t\t<\/div>\n\t\t\t\t<\/div>\n\t\t<div class=\"elementor-element elementor-element-43e4d3c e-flex e-con-boxed e-con e-parent\" data-id=\"43e4d3c\" data-element_type=\"container\" data-e-type=\"container\">\n\t\t\t\t\t<div class=\"e-con-inner\">\n\t\t\t\t<div class=\"elementor-element elementor-element-b61c66c elementor-widget elementor-widget-heading\" data-id=\"b61c66c\" data-element_type=\"widget\" data-e-type=\"widget\" data-widget_type=\"heading.default\">\n\t\t\t\t<div class=\"elementor-widget-container\">\n\t\t\t\t\t<h2 class=\"elementor-heading-title elementor-size-default\">Contacta con nosotros <\/h2>\t\t\t\t<\/div>\n\t\t\t\t<\/div>\n\t\t\t\t\t<\/div>\n\t\t\t\t<\/div>\n\t\t<div class=\"elementor-element elementor-element-57864eb e-flex e-con-boxed elementor-invisible e-con e-parent\" data-id=\"57864eb\" data-element_type=\"container\" data-e-type=\"container\" data-settings=\"{&quot;background_background&quot;:&quot;classic&quot;,&quot;animation&quot;:&quot;fadeInRight&quot;}\">\n\t\t\t\t\t<div class=\"e-con-inner\">\n\t\t\t\t<div class=\"elementor-element elementor-element-f9d77a3 elementor-button-align-stretch elementor-widget elementor-widget-form\" data-id=\"f9d77a3\" data-element_type=\"widget\" data-e-type=\"widget\" data-settings=\"{&quot;step_next_label&quot;:&quot;Next&quot;,&quot;step_previous_label&quot;:&quot;Previous&quot;,&quot;button_width&quot;:&quot;100&quot;,&quot;step_type&quot;:&quot;number_text&quot;,&quot;step_icon_shape&quot;:&quot;circle&quot;}\" data-widget_type=\"form.default\">\n\t\t\t\t<div class=\"elementor-widget-container\">\n\t\t\t\t\t\t\t<form class=\"elementor-form\" method=\"post\" name=\"New Form\" aria-label=\"New Form\">\n\t\t\t<input type=\"hidden\" name=\"post_id\" value=\"13797\"\/>\n\t\t\t<input type=\"hidden\" name=\"form_id\" value=\"f9d77a3\"\/>\n\t\t\t<input type=\"hidden\" name=\"referer_title\" value=\"Aislante t\u00e9rmico - M2 Camper | Aislantes t\u00e9rmicos y oscurecedores para campers\" \/>\n\n\t\t\t\t\t\t\t<input type=\"hidden\" name=\"queried_id\" value=\"13797\"\/>\n\t\t\t\n\t\t\t<div class=\"elementor-form-fields-wrapper elementor-labels-\">\n\t\t\t\t\t\t\t\t<div class=\"elementor-field-type-text elementor-field-group elementor-column elementor-field-group-name elementor-col-50 elementor-field-required\">\n\t\t\t\t\t\t\t\t\t\t\t\t<label for=\"form-field-name\" class=\"elementor-field-label elementor-screen-only\">\n\t\t\t\t\t\t\t\tNombre\t\t\t\t\t\t\t<\/label>\n\t\t\t\t\t\t\t\t\t\t\t\t\t\t<input size=\"1\" type=\"text\" name=\"form_fields[name]\" id=\"form-field-name\" class=\"elementor-field elementor-size-md  elementor-field-textual\" placeholder=\"Nombre\" required=\"required\">\n\t\t\t\t\t\t\t\t\t\t\t<\/div>\n\t\t\t\t\t\t\t\t<div class=\"elementor-field-type-tel elementor-field-group elementor-column elementor-field-group-email elementor-col-50 elementor-field-required\">\n\t\t\t\t\t\t\t\t\t\t\t\t<label for=\"form-field-email\" class=\"elementor-field-label elementor-screen-only\">\n\t\t\t\t\t\t\t\tTel\u00e9fono\t\t\t\t\t\t\t<\/label>\n\t\t\t\t\t\t\t\t<input size=\"1\" type=\"tel\" name=\"form_fields[email]\" id=\"form-field-email\" class=\"elementor-field elementor-size-md  elementor-field-textual\" placeholder=\"Tel\u00e9fono\" required=\"required\" pattern=\"[0-9()#&amp;+*-=.]+\" title=\"Sono accettati solo numeri e caratteri telefonici (#, -, *, ecc.).\">\n\n\t\t\t\t\t\t<\/div>\n\t\t\t\t\t\t\t\t<div class=\"elementor-field-type-email elementor-field-group elementor-column elementor-field-group-field_df772e6 elementor-col-100 elementor-field-required\">\n\t\t\t\t\t\t\t\t\t\t\t\t<label for=\"form-field-field_df772e6\" class=\"elementor-field-label elementor-screen-only\">\n\t\t\t\t\t\t\t\tEmail\t\t\t\t\t\t\t<\/label>\n\t\t\t\t\t\t\t\t\t\t\t\t\t\t<input size=\"1\" type=\"email\" name=\"form_fields[field_df772e6]\" id=\"form-field-field_df772e6\" class=\"elementor-field elementor-size-md  elementor-field-textual\" placeholder=\"Email\" required=\"required\">\n\t\t\t\t\t\t\t\t\t\t\t<\/div>\n\t\t\t\t\t\t\t\t<div class=\"elementor-field-type-text elementor-field-group elementor-column elementor-field-group-field_9e1ee16 elementor-col-100 elementor-field-required\">\n\t\t\t\t\t\t\t\t\t\t\t\t<label for=\"form-field-field_9e1ee16\" class=\"elementor-field-label elementor-screen-only\">\n\t\t\t\t\t\t\t\tAsunto\t\t\t\t\t\t\t<\/label>\n\t\t\t\t\t\t\t\t\t\t\t\t\t\t<input size=\"1\" type=\"text\" name=\"form_fields[field_9e1ee16]\" id=\"form-field-field_9e1ee16\" class=\"elementor-field elementor-size-md  elementor-field-textual\" placeholder=\"Asunto\" required=\"required\">\n\t\t\t\t\t\t\t\t\t\t\t<\/div>\n\t\t\t\t\t\t\t\t<div class=\"elementor-field-type-textarea elementor-field-group elementor-column elementor-field-group-message elementor-col-100\">\n\t\t\t\t\t\t\t\t\t\t\t\t<label for=\"form-field-message\" class=\"elementor-field-label elementor-screen-only\">\n\t\t\t\t\t\t\t\tMensaje\t\t\t\t\t\t\t<\/label>\n\t\t\t\t\t\t<textarea class=\"elementor-field-textual elementor-field  elementor-size-md\" name=\"form_fields[message]\" id=\"form-field-message\" rows=\"4\" placeholder=\"Mensaje o consulta (opcional)\"><\/textarea>\t\t\t\t<\/div>\n\t\t\t\t\t\t\t\t<div class=\"elementor-field-type-acceptance elementor-field-group elementor-column elementor-field-group-field_98e58f8 elementor-col-100 elementor-field-required\">\n\t\t\t\t\t\t\t<div class=\"elementor-field-subgroup\">\n\t\t\t<span class=\"elementor-field-option\">\n\t\t\t\t<input type=\"checkbox\" name=\"form_fields[field_98e58f8]\" id=\"form-field-field_98e58f8\" class=\"elementor-field elementor-size-md  elementor-acceptance-field\" required=\"required\">\n\t\t\t\t<label for=\"form-field-field_98e58f8\">He le\u00eddo y acepto la <a href=\"https:\/\/m2camper.com\/politica-de-privacidad\/\" target=\"_blank\" style=\"color: #AD4EAF;\">pol\u00edtica de privacidad<\/a>.\n\n<\/label>\t\t\t<\/span>\n\t\t<\/div>\n\t\t\t\t\t\t<\/div>\n\t\t\t\t\t\t\t\t<div class=\"elementor-field-type-recaptcha_v3 elementor-field-group elementor-column elementor-field-group-field_9170292 elementor-col-100 recaptcha_v3-bottomright\">\n\t\t\t\t\t<div class=\"elementor-field\" id=\"form-field-field_9170292\"><div class=\"elementor-g-recaptcha\" data-sitekey=\"6LcsKwcrAAAAAKQh7OTpet18HQs2sH0_QpruJ4Sg\" data-type=\"v3\" data-action=\"Form\" data-badge=\"bottomright\" data-size=\"invisible\"><\/div><\/div>\t\t\t\t<\/div>\n\t\t\t\t\t\t\t\t<div class=\"elementor-field-group elementor-column elementor-field-type-submit elementor-col-100 e-form__buttons\">\n\t\t\t\t\t<button class=\"elementor-button elementor-size-md\" type=\"submit\">\n\t\t\t\t\t\t<span class=\"elementor-button-content-wrapper\">\n\t\t\t\t\t\t\t\t\t\t\t\t\t\t\t\t\t\t\t\t\t\t<span class=\"elementor-button-text\">ENVIAR<\/span>\n\t\t\t\t\t\t\t\t\t\t\t\t\t<\/span>\n\t\t\t\t\t<\/button>\n\t\t\t\t<\/div>\n\t\t\t<\/div>\n\t\t<\/form>\n\t\t\t\t\t\t<\/div>\n\t\t\t\t<\/div>\n\t\t\t\t\t<\/div>\n\t\t\t\t<\/div>\n\t\t\t\t<\/div>\n\t\t","protected":false},"excerpt":{"rendered":"<p>Aislante t\u00e9rmico: la clave para viajar con confort en cualquier estaci\u00f3n con M2 Camper Viajar en camper es una experiencia \u00fanica: libertad, naturaleza y descubrimiento a cada kil\u00f3metro. Pero si hay algo que puede arruinar incluso el viaje m\u00e1s emocionante, es el mal descanso debido a temperaturas extremas. Por eso, contar con un buen aislante&hellip;&nbsp;<a href=\"https:\/\/m2camper.com\/fr\/isolation-thermique\/\" rel=\"bookmark\">En savoir plus &quot;<span class=\"screen-reader-text\">Isolation thermique<\/span><\/a><\/p>","protected":false},"author":5741,"featured_media":0,"parent":0,"menu_order":0,"comment_status":"closed","ping_status":"closed","template":"page-templates\/template-pagebuilder-full-width.php","meta":{"neve_meta_sidebar":"","neve_meta_container":"","neve_meta_enable_content_width":"off","neve_meta_content_width":100,"neve_meta_title_alignment":"","neve_meta_author_avatar":"","neve_post_elements_order":"","neve_meta_disable_header":"","neve_meta_disable_footer":"","neve_meta_disable_title":"","footnotes":""},"class_list":["post-13797","page","type-page","status-publish","hentry"],"yoast_head":"<!-- This site is optimized with the Yoast SEO plugin v27.3 - https:\/\/yoast.com\/product\/yoast-seo-wordpress\/ -->\n<title>Aislante t\u00e9rmico - M2 Camper | Aislantes t\u00e9rmicos y oscurecedores para campers<\/title>\n<meta name=\"robots\" content=\"index, follow, max-snippet:-1, max-image-preview:large, max-video-preview:-1\" \/>\n<link rel=\"canonical\" href=\"https:\/\/m2camper.com\/fr\/isolation-thermique\/\" \/>\n<meta property=\"og:locale\" content=\"fr_FR\" \/>\n<meta property=\"og:type\" content=\"article\" \/>\n<meta property=\"og:title\" content=\"Aislante t\u00e9rmico - M2 Camper | Aislantes t\u00e9rmicos y oscurecedores para campers\" \/>\n<meta property=\"og:description\" content=\"Aislante t\u00e9rmico: la clave para viajar con confort en cualquier estaci\u00f3n con M2 Camper Viajar en camper es una experiencia \u00fanica: libertad, naturaleza y descubrimiento a cada kil\u00f3metro. Pero si hay algo que puede arruinar incluso el viaje m\u00e1s emocionante, es el mal descanso debido a temperaturas extremas. Por eso, contar con un buen aislante&hellip;&nbsp;Lire la suite &raquo;Aislante t\u00e9rmico\" \/>\n<meta property=\"og:url\" content=\"https:\/\/m2camper.com\/fr\/isolation-thermique\/\" \/>\n<meta property=\"og:site_name\" content=\"M2 Camper | Aislantes t\u00e9rmicos y oscurecedores para campers\" \/>\n<meta property=\"article:modified_time\" content=\"2025-06-02T06:26:32+00:00\" \/>\n<meta property=\"og:image\" content=\"https:\/\/m2camper.com\/wp-content\/uploads\/2025\/05\/aislantes-termicos-para-camionetas-camper-1024x724.jpg\" \/>\n<meta name=\"twitter:card\" content=\"summary_large_image\" \/>\n<meta name=\"twitter:label1\" content=\"Dur\u00e9e de lecture estim\u00e9e\" \/>\n\t<meta name=\"twitter:data1\" content=\"2 minutes\" \/>\n<script type=\"application\/ld+json\" class=\"yoast-schema-graph\">{\"@context\":\"https:\\\/\\\/schema.org\",\"@graph\":[{\"@type\":\"WebPage\",\"@id\":\"https:\\\/\\\/m2camper.com\\\/aislante-termico\\\/\",\"url\":\"https:\\\/\\\/m2camper.com\\\/aislante-termico\\\/\",\"name\":\"Aislante t\u00e9rmico - M2 Camper | Aislantes t\u00e9rmicos y oscurecedores para campers\",\"isPartOf\":{\"@id\":\"https:\\\/\\\/m2camper.com\\\/pt\\\/#website\"},\"primaryImageOfPage\":{\"@id\":\"https:\\\/\\\/m2camper.com\\\/aislante-termico\\\/#primaryimage\"},\"image\":{\"@id\":\"https:\\\/\\\/m2camper.com\\\/aislante-termico\\\/#primaryimage\"},\"thumbnailUrl\":\"https:\\\/\\\/m2camper.com\\\/wp-content\\\/uploads\\\/2025\\\/05\\\/aislantes-termicos-para-camionetas-camper-1024x724.jpg\",\"datePublished\":\"2025-06-02T06:23:46+00:00\",\"dateModified\":\"2025-06-02T06:26:32+00:00\",\"breadcrumb\":{\"@id\":\"https:\\\/\\\/m2camper.com\\\/aislante-termico\\\/#breadcrumb\"},\"inLanguage\":\"fr-FR\",\"potentialAction\":[{\"@type\":\"ReadAction\",\"target\":[\"https:\\\/\\\/m2camper.com\\\/aislante-termico\\\/\"]}]},{\"@type\":\"ImageObject\",\"inLanguage\":\"fr-FR\",\"@id\":\"https:\\\/\\\/m2camper.com\\\/aislante-termico\\\/#primaryimage\",\"url\":\"https:\\\/\\\/m2camper.com\\\/wp-content\\\/uploads\\\/2025\\\/05\\\/aislantes-termicos-para-camionetas-camper-1024x724.jpg\",\"contentUrl\":\"https:\\\/\\\/m2camper.com\\\/wp-content\\\/uploads\\\/2025\\\/05\\\/aislantes-termicos-para-camionetas-camper-1024x724.jpg\"},{\"@type\":\"BreadcrumbList\",\"@id\":\"https:\\\/\\\/m2camper.com\\\/aislante-termico\\\/#breadcrumb\",\"itemListElement\":[{\"@type\":\"ListItem\",\"position\":1,\"name\":\"Portada\",\"item\":\"https:\\\/\\\/m2camper.com\\\/pt\\\/\"},{\"@type\":\"ListItem\",\"position\":2,\"name\":\"Aislante t\u00e9rmico\"}]},{\"@type\":\"WebSite\",\"@id\":\"https:\\\/\\\/m2camper.com\\\/pt\\\/#website\",\"url\":\"https:\\\/\\\/m2camper.com\\\/pt\\\/\",\"name\":\"M2 Campers | Aislantes t\u00e9rmicos y oscurecedores para campers\",\"description\":\"Descubre calidad y confort de nuestros aislantes t\u00e9rmicos oscurecedores y colchones para veh\u00edculos. Optimiza tu experiencia en carretera con M2 Camper.\",\"potentialAction\":[{\"@type\":\"SearchAction\",\"target\":{\"@type\":\"EntryPoint\",\"urlTemplate\":\"https:\\\/\\\/m2camper.com\\\/pt\\\/?s={search_term_string}\"},\"query-input\":{\"@type\":\"PropertyValueSpecification\",\"valueRequired\":true,\"valueName\":\"search_term_string\"}}],\"inLanguage\":\"fr-FR\"}]}<\/script>\n<!-- \/ Yoast SEO plugin. -->","yoast_head_json":{"title":"Isolation thermique - M2 Camper | Isolation thermique et occultation pour camping-cars","robots":{"index":"index","follow":"follow","max-snippet":"max-snippet:-1","max-image-preview":"max-image-preview:large","max-video-preview":"max-video-preview:-1"},"canonical":"https:\/\/m2camper.com\/fr\/isolation-thermique\/","og_locale":"fr_FR","og_type":"article","og_title":"Aislante t\u00e9rmico - M2 Camper | Aislantes t\u00e9rmicos y oscurecedores para campers","og_description":"Aislante t\u00e9rmico: la clave para viajar con confort en cualquier estaci\u00f3n con M2 Camper Viajar en camper es una experiencia \u00fanica: libertad, naturaleza y descubrimiento a cada kil\u00f3metro. Pero si hay algo que puede arruinar incluso el viaje m\u00e1s emocionante, es el mal descanso debido a temperaturas extremas. Por eso, contar con un buen aislante&hellip;&nbsp;Lire la suite &raquo;Aislante t\u00e9rmico","og_url":"https:\/\/m2camper.com\/fr\/isolation-thermique\/","og_site_name":"M2 Camper | Aislantes t\u00e9rmicos y oscurecedores para campers","article_modified_time":"2025-06-02T06:26:32+00:00","og_image":[{"url":"https:\/\/m2camper.com\/wp-content\/uploads\/2025\/05\/aislantes-termicos-para-camionetas-camper-1024x724.jpg","type":"","width":"","height":""}],"twitter_card":"summary_large_image","twitter_misc":{"Dur\u00e9e de lecture estim\u00e9e":"2 minutes"},"schema":{"@context":"https:\/\/schema.org","@graph":[{"@type":"WebPage","@id":"https:\/\/m2camper.com\/aislante-termico\/","url":"https:\/\/m2camper.com\/aislante-termico\/","name":"Isolation thermique - M2 Camper | Isolation thermique et occultation pour camping-cars","isPartOf":{"@id":"https:\/\/m2camper.com\/pt\/#website"},"primaryImageOfPage":{"@id":"https:\/\/m2camper.com\/aislante-termico\/#primaryimage"},"image":{"@id":"https:\/\/m2camper.com\/aislante-termico\/#primaryimage"},"thumbnailUrl":"https:\/\/m2camper.com\/wp-content\/uploads\/2025\/05\/aislantes-termicos-para-camionetas-camper-1024x724.jpg","datePublished":"2025-06-02T06:23:46+00:00","dateModified":"2025-06-02T06:26:32+00:00","breadcrumb":{"@id":"https:\/\/m2camper.com\/aislante-termico\/#breadcrumb"},"inLanguage":"fr-FR","potentialAction":[{"@type":"ReadAction","target":["https:\/\/m2camper.com\/aislante-termico\/"]}]},{"@type":"ImageObject","inLanguage":"fr-FR","@id":"https:\/\/m2camper.com\/aislante-termico\/#primaryimage","url":"https:\/\/m2camper.com\/wp-content\/uploads\/2025\/05\/aislantes-termicos-para-camionetas-camper-1024x724.jpg","contentUrl":"https:\/\/m2camper.com\/wp-content\/uploads\/2025\/05\/aislantes-termicos-para-camionetas-camper-1024x724.jpg"},{"@type":"BreadcrumbList","@id":"https:\/\/m2camper.com\/aislante-termico\/#breadcrumb","itemListElement":[{"@type":"ListItem","position":1,"name":"Portada","item":"https:\/\/m2camper.com\/pt\/"},{"@type":"ListItem","position":2,"name":"Aislante t\u00e9rmico"}]},{"@type":"WebSite","@id":"https:\/\/m2camper.com\/pt\/#website","url":"https:\/\/m2camper.com\/pt\/","name":"M2 Campeurs | Isolation thermique et oscurecedores pour les campeurs","description":"D\u00e9couvrez la qualit\u00e9 et le confort de notre isolation thermique oscurecedores et des matelas pour les v\u00e9hicules. Optimiser votre exp\u00e9rience de la route avec M2 camping-car.","potentialAction":[{"@type":"SearchAction","target":{"@type":"EntryPoint","urlTemplate":"https:\/\/m2camper.com\/pt\/?s={search_term_string}"},"query-input":{"@type":"PropertyValueSpecification","valueRequired":true,"valueName":"search_term_string"}}],"inLanguage":"fr-FR"}]}},"_links":{"self":[{"href":"https:\/\/m2camper.com\/fr\/wp-json\/wp\/v2\/pages\/13797","targetHints":{"allow":["GET"]}}],"collection":[{"href":"https:\/\/m2camper.com\/fr\/wp-json\/wp\/v2\/pages"}],"about":[{"href":"https:\/\/m2camper.com\/fr\/wp-json\/wp\/v2\/types\/page"}],"author":[{"embeddable":true,"href":"https:\/\/m2camper.com\/fr\/wp-json\/wp\/v2\/users\/5741"}],"replies":[{"embeddable":true,"href":"https:\/\/m2camper.com\/fr\/wp-json\/wp\/v2\/comments?post=13797"}],"version-history":[{"count":7,"href":"https:\/\/m2camper.com\/fr\/wp-json\/wp\/v2\/pages\/13797\/revisions"}],"predecessor-version":[{"id":13805,"href":"https:\/\/m2camper.com\/fr\/wp-json\/wp\/v2\/pages\/13797\/revisions\/13805"}],"wp:attachment":[{"href":"https:\/\/m2camper.com\/fr\/wp-json\/wp\/v2\/media?parent=13797"}],"curies":[{"name":"wp","href":"https:\/\/api.w.org\/{rel}","templated":true}]}}