{"id":3564,"date":"2025-01-23T14:05:55","date_gmt":"2025-01-23T14:05:55","guid":{"rendered":"https:\/\/m2campera.proyectosdesarrollosweb.com\/?product=aislantes-termicos-oscurecedores-piezas-sueltas"},"modified":"2025-04-25T09:32:05","modified_gmt":"2025-04-25T09:32:05","slug":"aislantes-termicos-oscurecedores-piezas-sueltas","status":"publish","type":"product","link":"https:\/\/m2camper.com\/es\/aislantes-termicos-oscurecedores-piezas-sueltas\/","title":{"rendered":"Aislantes t\u00e9rmicos oscurecedores piezas sueltas"},"content":{"rendered":"<p>Transforma tu veh\u00edculo camper con nuestros&nbsp;aislantes t\u00e9rmicos oscurecedores piezas sueltas. Estas innovadoras piezas ofrecen versatilidad y personalizaci\u00f3n, adapt\u00e1ndose a cualquier ventana para bloquear eficientemente el calor y la luz. Fabricadas con materiales de calidad, garantizan un aislamiento t\u00e9rmico excepcional. Instalaci\u00f3n f\u00e1cil y r\u00e1pida para crear un ambiente confortable en tu camper en cualquier clima. \u00a1Haz de cada viaje una experiencia inolvidable con nuestras piezas sueltas de aislantes t\u00e9rmicos oscurecedores!<\/p>\n","protected":false},"excerpt":{"rendered":"<p><strong><span><span><span>AISLANTES T\u00c9RMICOS 9 CAPAS<\/span><\/span><\/span><\/strong><\/p>\n<p><span><span><span>Aislante t\u00e9rmico y oscurecedor de 9 capas de gran calidad indicados para aislar tanto las altas temperaturas como las bajas para un mayor confort interno y proporcionando total oscuridad para las noches de descanso, sujetados con ventosas de rosca de gran succi\u00f3n y f\u00e1cil extracci\u00f3n para simplificar su colocaci\u00f3n<\/span><\/span><\/span><\/p>\n<p><span><span><span>Composici\u00f3n<\/span><\/span><\/span><\/p>\n<ol>\n<li><span><span><span><span>Aluminio de 90 micras anti rayos ultravioleta y resistente a rayadas.<\/span><\/span><\/span><\/span><\/li>\n<li><span><span><span><span>Polietileno expandido 2mm.<\/span><\/span><\/span><\/span><\/li>\n<li><span><span><span><span>Pel\u00edcula de aluminio de 38 micras, para aislamiento.<\/span><\/span><\/span><\/span><\/li>\n<li><span><span><span><span>Polietileno expandido 2mm.<\/span><\/span><\/span><\/span><\/li>\n<li><span><span><span><span>Pel\u00edcula de aluminio de 38 micras.<\/span><\/span><\/span><\/span><\/li>\n<li><span><span><span><span>Polietileno expandido 2mm.<\/span><\/span><\/span><\/span><\/li>\n<li><span><span><span><span>Pel\u00edcula de aluminio de 38 micras.<\/span><\/span><\/span><\/span><\/li>\n<li><span><span><span><span>Guata 75 gr\/m antial\u00e9rgica para aislamiento.<\/span><\/span><\/span><\/span><\/li>\n<li><span><span><span><span>PVC anti condensaci\u00f3n.<\/span><\/span><\/span><\/span><\/li>\n<\/ol>\n","protected":false},"featured_media":1040,"comment_status":"open","ping_status":"closed","template":"","meta":{"neve_meta_sidebar":"","neve_meta_container":"","neve_meta_enable_content_width":"","neve_meta_content_width":0,"neve_meta_title_alignment":"","neve_meta_author_avatar":"","neve_post_elements_order":"","neve_meta_disable_header":"","neve_meta_disable_footer":"","neve_meta_disable_title":""},"product_brand":[],"product_cat":[63,61],"product_tag":[],"class_list":{"0":"post-3564","1":"product","2":"type-product","3":"status-publish","4":"has-post-thumbnail","6":"product_cat-aislantes-termicos-piezas-sueltas","7":"product_cat-all-products","8":"pa_detalles-del-producto-pstrongspanspanspanaislantes-termicos-9-capasspanspanspanstrongppspanspanspanaislante-termico-y-oscurecedor-de-9-capas-de-gran-calidad-indicados-para-aislar-tanto-las-altas-temperaturas-como-las-bajas","9":"pa_observaciones-plos-plazos-de-entrega-pueden-variar-segun-fechas-de-comprap","10":"pa_opciones-caravana-benimar","11":"pa_opciones-doble-puerta-trasera","12":"pa_opciones-laterales-grandes","13":"pa_opciones-laterales-medianos","14":"pa_opciones-laterales-pequenos","15":"pa_opciones-luna","16":"pa_opciones-porton","17":"pa_opciones-techo-modutop","19":"first","20":"instock","21":"taxable","22":"shipping-taxable","23":"purchasable","24":"product-type-variable"},"yoast_head":"<!-- This site is optimized with the Yoast SEO plugin v27.4 - https:\/\/yoast.com\/product\/yoast-seo-wordpress\/ -->\n<title>Aislantes t\u00e9rmicos oscurecedores piezas sueltas | M2Camper<\/title>\n<meta name=\"description\" content=\"Aislantes t\u00e9rmicos oscurecedores piezas sueltas para todo tipo de turismos y furgonetas\" \/>\n<meta name=\"robots\" content=\"index, follow, max-snippet:-1, max-image-preview:large, max-video-preview:-1\" \/>\n<link rel=\"canonical\" href=\"https:\/\/m2camper.com\/es\/aislantes-termicos-oscurecedores-piezas-sueltas\/\" \/>\n<meta property=\"og:locale\" content=\"es_ES\" \/>\n<meta property=\"og:type\" content=\"article\" \/>\n<meta property=\"og:title\" content=\"Aislantes t\u00e9rmicos oscurecedores piezas sueltas | M2Camper\" \/>\n<meta property=\"og:description\" content=\"Aislantes t\u00e9rmicos oscurecedores piezas sueltas para todo tipo de turismos y furgonetas\" \/>\n<meta property=\"og:url\" content=\"https:\/\/m2camper.com\/es\/aislantes-termicos-oscurecedores-piezas-sueltas\/\" \/>\n<meta property=\"og:site_name\" content=\"M2 Camper | Aislantes t\u00e9rmicos y oscurecedores para campers\" \/>\n<meta property=\"article:modified_time\" content=\"2025-04-25T09:32:05+00:00\" \/>\n<meta property=\"og:image\" content=\"https:\/\/m2camper.com\/wp-content\/uploads\/2025\/01\/60c9aa_f51fe32b0c73414cb1d99bde613d0cc0mv2-scaled.jpg\" \/>\n\t<meta property=\"og:image:width\" content=\"2560\" \/>\n\t<meta property=\"og:image:height\" content=\"1920\" \/>\n\t<meta property=\"og:image:type\" content=\"image\/jpeg\" \/>\n<meta name=\"twitter:card\" content=\"summary_large_image\" \/>\n<script type=\"application\/ld+json\" class=\"yoast-schema-graph\">{\"@context\":\"https:\\\/\\\/schema.org\",\"@graph\":[{\"@type\":\"WebPage\",\"@id\":\"https:\\\/\\\/m2camper.com\\\/fr\\\/isolants-thermiques-pannes-de-courant-pieces-detachees\\\/\",\"url\":\"https:\\\/\\\/m2camper.com\\\/fr\\\/isolants-thermiques-pannes-de-courant-pieces-detachees\\\/\",\"name\":\"Aislantes t\u00e9rmicos oscurecedores piezas sueltas | M2Camper\",\"isPartOf\":{\"@id\":\"https:\\\/\\\/m2camper.com\\\/pt\\\/#website\"},\"primaryImageOfPage\":{\"@id\":\"https:\\\/\\\/m2camper.com\\\/fr\\\/isolants-thermiques-pannes-de-courant-pieces-detachees\\\/#primaryimage\"},\"image\":{\"@id\":\"https:\\\/\\\/m2camper.com\\\/fr\\\/isolants-thermiques-pannes-de-courant-pieces-detachees\\\/#primaryimage\"},\"thumbnailUrl\":\"https:\\\/\\\/m2camper.com\\\/wp-content\\\/uploads\\\/2025\\\/01\\\/60c9aa_f51fe32b0c73414cb1d99bde613d0cc0mv2-scaled.jpg\",\"datePublished\":\"2025-01-23T14:05:55+00:00\",\"dateModified\":\"2025-04-25T09:32:05+00:00\",\"description\":\"Aislantes t\u00e9rmicos oscurecedores piezas sueltas para todo tipo de turismos y furgonetas\",\"breadcrumb\":{\"@id\":\"https:\\\/\\\/m2camper.com\\\/fr\\\/isolants-thermiques-pannes-de-courant-pieces-detachees\\\/#breadcrumb\"},\"inLanguage\":\"es\",\"potentialAction\":[{\"@type\":\"ReadAction\",\"target\":[\"https:\\\/\\\/m2camper.com\\\/fr\\\/isolants-thermiques-pannes-de-courant-pieces-detachees\\\/\"]}]},{\"@type\":\"ImageObject\",\"inLanguage\":\"es\",\"@id\":\"https:\\\/\\\/m2camper.com\\\/fr\\\/isolants-thermiques-pannes-de-courant-pieces-detachees\\\/#primaryimage\",\"url\":\"https:\\\/\\\/m2camper.com\\\/wp-content\\\/uploads\\\/2025\\\/01\\\/60c9aa_f51fe32b0c73414cb1d99bde613d0cc0mv2-scaled.jpg\",\"contentUrl\":\"https:\\\/\\\/m2camper.com\\\/wp-content\\\/uploads\\\/2025\\\/01\\\/60c9aa_f51fe32b0c73414cb1d99bde613d0cc0mv2-scaled.jpg\",\"width\":2560,\"height\":1920},{\"@type\":\"BreadcrumbList\",\"@id\":\"https:\\\/\\\/m2camper.com\\\/fr\\\/isolants-thermiques-pannes-de-courant-pieces-detachees\\\/#breadcrumb\",\"itemListElement\":[{\"@type\":\"ListItem\",\"position\":1,\"name\":\"Portada\",\"item\":\"https:\\\/\\\/m2camper.com\\\/pt\\\/\"},{\"@type\":\"ListItem\",\"position\":2,\"name\":\"Tienda\",\"item\":\"https:\\\/\\\/m2camper.com\\\/pt\\\/loja\\\/\"},{\"@type\":\"ListItem\",\"position\":3,\"name\":\"Aislantes t\u00e9rmicos oscurecedores piezas sueltas\"}]},{\"@type\":\"WebSite\",\"@id\":\"https:\\\/\\\/m2camper.com\\\/pt\\\/#website\",\"url\":\"https:\\\/\\\/m2camper.com\\\/pt\\\/\",\"name\":\"M2 Campers | Aislantes t\u00e9rmicos y oscurecedores para campers\",\"description\":\"Descubre calidad y confort de nuestros aislantes t\u00e9rmicos oscurecedores y colchones para veh\u00edculos. Optimiza tu experiencia en carretera con M2 Camper.\",\"potentialAction\":[{\"@type\":\"SearchAction\",\"target\":{\"@type\":\"EntryPoint\",\"urlTemplate\":\"https:\\\/\\\/m2camper.com\\\/pt\\\/?s={search_term_string}\"},\"query-input\":{\"@type\":\"PropertyValueSpecification\",\"valueRequired\":true,\"valueName\":\"search_term_string\"}}],\"inLanguage\":\"es\"}]}<\/script>\n<!-- \/ Yoast SEO plugin. -->","yoast_head_json":{"title":"Aislantes t\u00e9rmicos oscurecedores piezas sueltas | M2Camper","description":"Aislantes t\u00e9rmicos oscurecedores piezas sueltas para todo tipo de turismos y furgonetas","robots":{"index":"index","follow":"follow","max-snippet":"max-snippet:-1","max-image-preview":"max-image-preview:large","max-video-preview":"max-video-preview:-1"},"canonical":"https:\/\/m2camper.com\/es\/aislantes-termicos-oscurecedores-piezas-sueltas\/","og_locale":"es_ES","og_type":"article","og_title":"Aislantes t\u00e9rmicos oscurecedores piezas sueltas | M2Camper","og_description":"Aislantes t\u00e9rmicos oscurecedores piezas sueltas para todo tipo de turismos y furgonetas","og_url":"https:\/\/m2camper.com\/es\/aislantes-termicos-oscurecedores-piezas-sueltas\/","og_site_name":"M2 Camper | Aislantes t\u00e9rmicos y oscurecedores para campers","article_modified_time":"2025-04-25T09:32:05+00:00","og_image":[{"width":2560,"height":1920,"url":"https:\/\/m2camper.com\/wp-content\/uploads\/2025\/01\/60c9aa_f51fe32b0c73414cb1d99bde613d0cc0mv2-scaled.jpg","type":"image\/jpeg"}],"twitter_card":"summary_large_image","schema":{"@context":"https:\/\/schema.org","@graph":[{"@type":"WebPage","@id":"https:\/\/m2camper.com\/fr\/isolants-thermiques-pannes-de-courant-pieces-detachees\/","url":"https:\/\/m2camper.com\/fr\/isolants-thermiques-pannes-de-courant-pieces-detachees\/","name":"Aislantes t\u00e9rmicos oscurecedores piezas sueltas | M2Camper","isPartOf":{"@id":"https:\/\/m2camper.com\/pt\/#website"},"primaryImageOfPage":{"@id":"https:\/\/m2camper.com\/fr\/isolants-thermiques-pannes-de-courant-pieces-detachees\/#primaryimage"},"image":{"@id":"https:\/\/m2camper.com\/fr\/isolants-thermiques-pannes-de-courant-pieces-detachees\/#primaryimage"},"thumbnailUrl":"https:\/\/m2camper.com\/wp-content\/uploads\/2025\/01\/60c9aa_f51fe32b0c73414cb1d99bde613d0cc0mv2-scaled.jpg","datePublished":"2025-01-23T14:05:55+00:00","dateModified":"2025-04-25T09:32:05+00:00","description":"Aislantes t\u00e9rmicos oscurecedores piezas sueltas para todo tipo de turismos y furgonetas","breadcrumb":{"@id":"https:\/\/m2camper.com\/fr\/isolants-thermiques-pannes-de-courant-pieces-detachees\/#breadcrumb"},"inLanguage":"es","potentialAction":[{"@type":"ReadAction","target":["https:\/\/m2camper.com\/fr\/isolants-thermiques-pannes-de-courant-pieces-detachees\/"]}]},{"@type":"ImageObject","inLanguage":"es","@id":"https:\/\/m2camper.com\/fr\/isolants-thermiques-pannes-de-courant-pieces-detachees\/#primaryimage","url":"https:\/\/m2camper.com\/wp-content\/uploads\/2025\/01\/60c9aa_f51fe32b0c73414cb1d99bde613d0cc0mv2-scaled.jpg","contentUrl":"https:\/\/m2camper.com\/wp-content\/uploads\/2025\/01\/60c9aa_f51fe32b0c73414cb1d99bde613d0cc0mv2-scaled.jpg","width":2560,"height":1920},{"@type":"BreadcrumbList","@id":"https:\/\/m2camper.com\/fr\/isolants-thermiques-pannes-de-courant-pieces-detachees\/#breadcrumb","itemListElement":[{"@type":"ListItem","position":1,"name":"Portada","item":"https:\/\/m2camper.com\/pt\/"},{"@type":"ListItem","position":2,"name":"Tienda","item":"https:\/\/m2camper.com\/pt\/loja\/"},{"@type":"ListItem","position":3,"name":"Aislantes t\u00e9rmicos oscurecedores piezas sueltas"}]},{"@type":"WebSite","@id":"https:\/\/m2camper.com\/pt\/#website","url":"https:\/\/m2camper.com\/pt\/","name":"M2 Campers | Aislantes t\u00e9rmicos y oscurecedores para campers","description":"Descubre calidad y confort de nuestros aislantes t\u00e9rmicos oscurecedores y colchones para veh\u00edculos. Optimiza tu experiencia en carretera con M2 Camper.","potentialAction":[{"@type":"SearchAction","target":{"@type":"EntryPoint","urlTemplate":"https:\/\/m2camper.com\/pt\/?s={search_term_string}"},"query-input":{"@type":"PropertyValueSpecification","valueRequired":true,"valueName":"search_term_string"}}],"inLanguage":"es"}]}},"_links":{"self":[{"href":"https:\/\/m2camper.com\/es\/wp-json\/wp\/v2\/product\/3564","targetHints":{"allow":["GET"]}}],"collection":[{"href":"https:\/\/m2camper.com\/es\/wp-json\/wp\/v2\/product"}],"about":[{"href":"https:\/\/m2camper.com\/es\/wp-json\/wp\/v2\/types\/product"}],"replies":[{"embeddable":true,"href":"https:\/\/m2camper.com\/es\/wp-json\/wp\/v2\/comments?post=3564"}],"wp:featuredmedia":[{"embeddable":true,"href":"https:\/\/m2camper.com\/es\/wp-json\/wp\/v2\/media\/1040"}],"wp:attachment":[{"href":"https:\/\/m2camper.com\/es\/wp-json\/wp\/v2\/media?parent=3564"}],"wp:term":[{"taxonomy":"product_brand","embeddable":true,"href":"https:\/\/m2camper.com\/es\/wp-json\/wp\/v2\/product_brand?post=3564"},{"taxonomy":"product_cat","embeddable":true,"href":"https:\/\/m2camper.com\/es\/wp-json\/wp\/v2\/product_cat?post=3564"},{"taxonomy":"product_tag","embeddable":true,"href":"https:\/\/m2camper.com\/es\/wp-json\/wp\/v2\/product_tag?post=3564"}],"curies":[{"name":"wp","href":"https:\/\/api.w.org\/{rel}","templated":true}]}}