{"id":11724,"date":"2025-02-13T07:59:03","date_gmt":"2025-02-13T07:59:03","guid":{"rendered":"https:\/\/ultbit.com\/m2camper\/?page_id=11724"},"modified":"2026-04-08T17:36:11","modified_gmt":"2026-04-08T15:36:11","slug":"envios-y-devoluciones","status":"publish","type":"page","link":"https:\/\/m2camper.com\/es\/envios-y-devoluciones\/","title":{"rendered":"Env\u00edos y devoluciones"},"content":{"rendered":"\t\t<div data-elementor-type=\"wp-page\" data-elementor-id=\"11724\" class=\"elementor elementor-11724\" data-elementor-post-type=\"page\">\n\t\t\t\t<div class=\"elementor-element elementor-element-227d581 e-flex e-con-boxed e-con e-parent\" data-id=\"227d581\" data-element_type=\"container\" data-e-type=\"container\" data-settings=\"{&quot;background_background&quot;:&quot;classic&quot;}\">\n\t\t\t\t\t<div class=\"e-con-inner\">\n\t\t\t\t<div class=\"elementor-element elementor-element-3aa0bdc elementor-widget elementor-widget-text-editor\" data-id=\"3aa0bdc\" data-element_type=\"widget\" data-e-type=\"widget\" data-widget_type=\"text-editor.default\">\n\t\t\t\t<div class=\"elementor-widget-container\">\n\t\t\t\t\t\t\t\t\t<div id=\"bgLayers_comp-lmyw9jea2\" class=\"MW5IWV\" data-hook=\"bgLayers\" data-motion-part=\"BG_LAYER comp-lmyw9jea2\"><h2 id=\"bgMedia_comp-lmyw9jea2\" class=\"VgO9Yg\" data-motion-part=\"BG_MEDIA comp-lmyw9jea2\"><span style=\"color: #000000;\">POLITICA DE ENVIOS<\/span><\/h2><\/div><div class=\"\" data-mesh-id=\"comp-lmyw9jea2inlineContent\" data-testid=\"inline-content\"><div data-mesh-id=\"comp-lmyw9jea2inlineContent-gridContainer\" data-testid=\"mesh-container-content\"><div id=\"comp-j8biz85r1\" class=\"HcOXKn SxM0TO QxJLC3 lq2cno YQcXTT comp-j8biz85r1 wixui-rich-text\" data-testid=\"richTextElement\"><p class=\"font_8 wixui-rich-text__text\">Se entregar\u00e1 en la direcci\u00f3n proporcionada a cargo del cliente desde nuestro taller<\/p><p class=\"font_8 wixui-rich-text__text\">La mercanc\u00eda ser\u00e1 enviada al cliente previo aviso facilitando seguimiento de env\u00edos<\/p><p class=\"font_8 wixui-rich-text__text\">Si el cliente no est\u00e1 disponible con nuestros intentos de entrega<\/p><p class=\"font_8 wixui-rich-text__text\">queda reservado el derecho de cancelaci\u00f3n y reclamo de los posibles gastos ocasionados por dicho motivo<\/p><p class=\"font_8 wixui-rich-text__text\">No aceptar ninguna entrega si la mercanc\u00eda ha sufrido alg\u00fan da\u00f1o,<\/p><p class=\"font_8 wixui-rich-text__text\">a riesgo de convertirse en responsabilidad del cliente<\/p><p class=\"font_8 wixui-rich-text__text\">Los costes de los transportes fuera de la pen\u00ednsula, ser\u00e1n calculados de forma personalizada por nuestro transporte o alguno sugerido por el cliente, siendo los costes \u00a0a su cargo<\/p><h2 class=\"font_2 wixui-rich-text__text\"><span class=\"wixui-rich-text__text\" style=\"color: #000000;\">POLITICA DE DEVOLUCIONES<\/span><\/h2><p class=\"font_8 wixui-rich-text__text\">Si por alguna raz\u00f3n no est\u00e1 satisfecho con su compra puede \u00a0<\/p><p class=\"font_8 wixui-rich-text__text\">solicitar un cambio o la devoluci\u00f3n del dinero\u00a0<\/p><p class=\"font_8 wixui-rich-text__text\">El plazo de devoluci\u00f3n son 15 d\u00edas a partir de la fecha de entrega<\/p><p class=\"font_8 wixui-rich-text__text\">siempre que se encuentren en perfecto estado y no hayan sido manipulados<\/p><p class=\"font_8 wixui-rich-text__text\">Los gastos de env\u00edo por devoluci\u00f3n , ser\u00e1n\u00a0 a cargo del comprador\u00a0<\/p><p class=\"font_8 wixui-rich-text__text\">excepto los productos defectuosos o env\u00edos err\u00f3neos\u00a0<\/p><p class=\"font_8 wixui-rich-text__text\">Una vez revisada la mercanc\u00eda en el taller\u00a0 se proceder\u00e1 a su devoluci\u00f3n<\/p><\/div><\/div><\/div>\t\t\t\t\t\t\t\t<\/div>\n\t\t\t\t<\/div>\n\t\t\t\t\t<\/div>\n\t\t\t\t<\/div>\n\t\t\t\t<\/div>\n\t\t","protected":false},"excerpt":{"rendered":"<p>POLITICA DE ENVIOS Se entregar\u00e1 en la direcci\u00f3n proporcionada a cargo del cliente desde nuestro taller La mercanc\u00eda ser\u00e1 enviada al cliente previo aviso facilitando seguimiento de env\u00edos Si el cliente no est\u00e1 disponible con nuestros intentos de entrega queda reservado el derecho de cancelaci\u00f3n y reclamo de los posibles gastos ocasionados por dicho motivo&hellip;&nbsp;<a href=\"https:\/\/m2camper.com\/es\/envios-y-devoluciones\/\" rel=\"bookmark\">Leer m\u00e1s &raquo;<span class=\"screen-reader-text\">Env\u00edos y devoluciones<\/span><\/a><\/p>\n","protected":false},"author":5740,"featured_media":0,"parent":0,"menu_order":0,"comment_status":"closed","ping_status":"closed","template":"page-templates\/template-pagebuilder-full-width.php","meta":{"neve_meta_sidebar":"","neve_meta_container":"","neve_meta_enable_content_width":"off","neve_meta_content_width":100,"neve_meta_title_alignment":"","neve_meta_author_avatar":"","neve_post_elements_order":"","neve_meta_disable_header":"","neve_meta_disable_footer":"","neve_meta_disable_title":"","footnotes":""},"class_list":["post-11724","page","type-page","status-publish","hentry"],"yoast_head":"<!-- This site is optimized with the Yoast SEO plugin v27.4 - https:\/\/yoast.com\/product\/yoast-seo-wordpress\/ -->\n<title>Env\u00edos y devoluciones - M2 Camper | Aislantes t\u00e9rmicos y oscurecedores para campers<\/title>\n<meta name=\"robots\" content=\"noindex, nofollow\" \/>\n<meta property=\"og:locale\" content=\"es_ES\" \/>\n<meta property=\"og:type\" content=\"article\" \/>\n<meta property=\"og:title\" content=\"Env\u00edos y devoluciones - M2 Camper | Aislantes t\u00e9rmicos y oscurecedores para campers\" \/>\n<meta property=\"og:description\" content=\"POLITICA DE ENVIOS Se entregar\u00e1 en la direcci\u00f3n proporcionada a cargo del cliente desde nuestro taller La mercanc\u00eda ser\u00e1 enviada al cliente previo aviso facilitando seguimiento de env\u00edos Si el cliente no est\u00e1 disponible con nuestros intentos de entrega queda reservado el derecho de cancelaci\u00f3n y reclamo de los posibles gastos ocasionados por dicho motivo&hellip;&nbsp;Leer m\u00e1s &raquo;Env\u00edos y devoluciones\" \/>\n<meta property=\"og:url\" content=\"https:\/\/m2camper.com\/es\/envios-y-devoluciones\/\" \/>\n<meta property=\"og:site_name\" content=\"M2 Camper | Aislantes t\u00e9rmicos y oscurecedores para campers\" \/>\n<meta property=\"article:modified_time\" content=\"2026-04-08T15:36:11+00:00\" \/>\n<meta name=\"twitter:card\" content=\"summary_large_image\" \/>\n<meta name=\"twitter:label1\" content=\"Tiempo de lectura\" \/>\n\t<meta name=\"twitter:data1\" content=\"1 minuto\" \/>\n<script type=\"application\/ld+json\" class=\"yoast-schema-graph\">{\"@context\":\"https:\\\/\\\/schema.org\",\"@graph\":[{\"@type\":\"WebPage\",\"@id\":\"https:\\\/\\\/m2camper.com\\\/envios-y-devoluciones\\\/\",\"url\":\"https:\\\/\\\/m2camper.com\\\/envios-y-devoluciones\\\/\",\"name\":\"Env\u00edos y devoluciones - M2 Camper | Aislantes t\u00e9rmicos y oscurecedores para campers\",\"isPartOf\":{\"@id\":\"https:\\\/\\\/m2camper.com\\\/pt\\\/#website\"},\"datePublished\":\"2025-02-13T07:59:03+00:00\",\"dateModified\":\"2026-04-08T15:36:11+00:00\",\"breadcrumb\":{\"@id\":\"https:\\\/\\\/m2camper.com\\\/envios-y-devoluciones\\\/#breadcrumb\"},\"inLanguage\":\"es\",\"potentialAction\":[{\"@type\":\"ReadAction\",\"target\":[\"https:\\\/\\\/m2camper.com\\\/envios-y-devoluciones\\\/\"]}]},{\"@type\":\"BreadcrumbList\",\"@id\":\"https:\\\/\\\/m2camper.com\\\/envios-y-devoluciones\\\/#breadcrumb\",\"itemListElement\":[{\"@type\":\"ListItem\",\"position\":1,\"name\":\"Portada\",\"item\":\"https:\\\/\\\/m2camper.com\\\/pt\\\/\"},{\"@type\":\"ListItem\",\"position\":2,\"name\":\"Env\u00edos y devoluciones\"}]},{\"@type\":\"WebSite\",\"@id\":\"https:\\\/\\\/m2camper.com\\\/pt\\\/#website\",\"url\":\"https:\\\/\\\/m2camper.com\\\/pt\\\/\",\"name\":\"M2 Campers | Aislantes t\u00e9rmicos y oscurecedores para campers\",\"description\":\"Descubre calidad y confort de nuestros aislantes t\u00e9rmicos oscurecedores y colchones para veh\u00edculos. Optimiza tu experiencia en carretera con M2 Camper.\",\"potentialAction\":[{\"@type\":\"SearchAction\",\"target\":{\"@type\":\"EntryPoint\",\"urlTemplate\":\"https:\\\/\\\/m2camper.com\\\/pt\\\/?s={search_term_string}\"},\"query-input\":{\"@type\":\"PropertyValueSpecification\",\"valueRequired\":true,\"valueName\":\"search_term_string\"}}],\"inLanguage\":\"es\"}]}<\/script>\n<!-- \/ Yoast SEO plugin. -->","yoast_head_json":{"title":"Env\u00edos y devoluciones - M2 Camper | Aislantes t\u00e9rmicos y oscurecedores para campers","robots":{"index":"noindex","follow":"nofollow"},"og_locale":"es_ES","og_type":"article","og_title":"Env\u00edos y devoluciones - M2 Camper | Aislantes t\u00e9rmicos y oscurecedores para campers","og_description":"POLITICA DE ENVIOS Se entregar\u00e1 en la direcci\u00f3n proporcionada a cargo del cliente desde nuestro taller La mercanc\u00eda ser\u00e1 enviada al cliente previo aviso facilitando seguimiento de env\u00edos Si el cliente no est\u00e1 disponible con nuestros intentos de entrega queda reservado el derecho de cancelaci\u00f3n y reclamo de los posibles gastos ocasionados por dicho motivo&hellip;&nbsp;Leer m\u00e1s &raquo;Env\u00edos y devoluciones","og_url":"https:\/\/m2camper.com\/es\/envios-y-devoluciones\/","og_site_name":"M2 Camper | Aislantes t\u00e9rmicos y oscurecedores para campers","article_modified_time":"2026-04-08T15:36:11+00:00","twitter_card":"summary_large_image","twitter_misc":{"Tiempo de lectura":"1 minuto"},"schema":{"@context":"https:\/\/schema.org","@graph":[{"@type":"WebPage","@id":"https:\/\/m2camper.com\/envios-y-devoluciones\/","url":"https:\/\/m2camper.com\/envios-y-devoluciones\/","name":"Env\u00edos y devoluciones - M2 Camper | Aislantes t\u00e9rmicos y oscurecedores para campers","isPartOf":{"@id":"https:\/\/m2camper.com\/pt\/#website"},"datePublished":"2025-02-13T07:59:03+00:00","dateModified":"2026-04-08T15:36:11+00:00","breadcrumb":{"@id":"https:\/\/m2camper.com\/envios-y-devoluciones\/#breadcrumb"},"inLanguage":"es","potentialAction":[{"@type":"ReadAction","target":["https:\/\/m2camper.com\/envios-y-devoluciones\/"]}]},{"@type":"BreadcrumbList","@id":"https:\/\/m2camper.com\/envios-y-devoluciones\/#breadcrumb","itemListElement":[{"@type":"ListItem","position":1,"name":"Portada","item":"https:\/\/m2camper.com\/pt\/"},{"@type":"ListItem","position":2,"name":"Env\u00edos y devoluciones"}]},{"@type":"WebSite","@id":"https:\/\/m2camper.com\/pt\/#website","url":"https:\/\/m2camper.com\/pt\/","name":"M2 Campers | Aislantes t\u00e9rmicos y oscurecedores para campers","description":"Descubre calidad y confort de nuestros aislantes t\u00e9rmicos oscurecedores y colchones para veh\u00edculos. Optimiza tu experiencia en carretera con M2 Camper.","potentialAction":[{"@type":"SearchAction","target":{"@type":"EntryPoint","urlTemplate":"https:\/\/m2camper.com\/pt\/?s={search_term_string}"},"query-input":{"@type":"PropertyValueSpecification","valueRequired":true,"valueName":"search_term_string"}}],"inLanguage":"es"}]}},"_links":{"self":[{"href":"https:\/\/m2camper.com\/es\/wp-json\/wp\/v2\/pages\/11724","targetHints":{"allow":["GET"]}}],"collection":[{"href":"https:\/\/m2camper.com\/es\/wp-json\/wp\/v2\/pages"}],"about":[{"href":"https:\/\/m2camper.com\/es\/wp-json\/wp\/v2\/types\/page"}],"author":[{"embeddable":true,"href":"https:\/\/m2camper.com\/es\/wp-json\/wp\/v2\/users\/5740"}],"replies":[{"embeddable":true,"href":"https:\/\/m2camper.com\/es\/wp-json\/wp\/v2\/comments?post=11724"}],"version-history":[{"count":7,"href":"https:\/\/m2camper.com\/es\/wp-json\/wp\/v2\/pages\/11724\/revisions"}],"predecessor-version":[{"id":12820,"href":"https:\/\/m2camper.com\/es\/wp-json\/wp\/v2\/pages\/11724\/revisions\/12820"}],"wp:attachment":[{"href":"https:\/\/m2camper.com\/es\/wp-json\/wp\/v2\/media?parent=11724"}],"curies":[{"name":"wp","href":"https:\/\/api.w.org\/{rel}","templated":true}]}}