{"id":11434,"date":"2025-02-04T10:55:04","date_gmt":"2025-02-04T10:55:04","guid":{"rendered":"https:\/\/ultbit.com\/m2camper\/?page_id=11434"},"modified":"2026-04-08T17:37:38","modified_gmt":"2026-04-08T15:37:38","slug":"mapa-del-sitio","status":"publish","type":"page","link":"https:\/\/m2camper.com\/es\/mapa-del-sitio\/","title":{"rendered":"Mapa del sitio"},"content":{"rendered":"\t\t<div data-elementor-type=\"wp-page\" data-elementor-id=\"11434\" class=\"elementor elementor-11434\" data-elementor-post-type=\"page\">\n\t\t\t\t<div class=\"elementor-element elementor-element-227d581 e-flex e-con-boxed e-con e-parent\" data-id=\"227d581\" data-element_type=\"container\" data-e-type=\"container\">\n\t\t\t\t\t<div class=\"e-con-inner\">\n\t\t\t\t<div class=\"elementor-element elementor-element-a1f8f46 elementor-widget elementor-widget-heading\" data-id=\"a1f8f46\" data-element_type=\"widget\" data-e-type=\"widget\" data-widget_type=\"heading.default\">\n\t\t\t\t<div class=\"elementor-widget-container\">\n\t\t\t\t\t<h2 class=\"elementor-heading-title elementor-size-default\">Mapa del sitio<\/h2>\t\t\t\t<\/div>\n\t\t\t\t<\/div>\n\t\t\t\t<div class=\"elementor-element elementor-element-97445db elementor-widget elementor-widget-sitemap\" data-id=\"97445db\" data-element_type=\"widget\" data-e-type=\"widget\" data-widget_type=\"sitemap.default\">\n\t\t\t\t<div class=\"elementor-widget-container\">\n\t\t\t\t\t<div class=\"elementor-sitemap-wrap\"><div class=\"elementor-sitemap-section\"><h2 class=\"elementor-sitemap-title elementor-sitemap-page-title\">P\u00e1ginas<\/h2><ul class=\"elementor-sitemap-list elementor-sitemap-page-list\"><li class=\"elementor-sitemap-item elementor-sitemap-item-page page_item page-item-17076\"><a href=\"https:\/\/m2camper.com\/es\/aislantes-camper-barcelona\/\">Aislantes, Oscurecedores y Colchones Camper en Barcelona a Medida<\/a><\/li><li class=\"elementor-sitemap-item elementor-sitemap-item-page page_item page-item-16245\"><a href=\"https:\/\/m2camper.com\/es\/manage-profile\/\">Manage Profile<\/a><\/li><li class=\"elementor-sitemap-item elementor-sitemap-item-page page_item page-item-12376\"><a href=\"https:\/\/m2camper.com\/es\/bolsillos\/\">Bolsillos<\/a><\/li><li class=\"elementor-sitemap-item elementor-sitemap-item-page page_item page-item-12369\"><a href=\"https:\/\/m2camper.com\/es\/aislantes-termicos-piezas-sueltas\/\">Aislantes t\u00e9rmicos piezas sueltas<\/a><\/li><li class=\"elementor-sitemap-item elementor-sitemap-item-page page_item page-item-12342\"><a href=\"https:\/\/m2camper.com\/es\/ventosas-tuercas\/\">Ventosas + Tuercas<\/a><\/li><li class=\"elementor-sitemap-item elementor-sitemap-item-page page_item page-item-11729\"><a href=\"https:\/\/m2camper.com\/es\/metodos-de-pago\/\">M\u00e9todos de pago<\/a><\/li><li class=\"elementor-sitemap-item elementor-sitemap-item-page page_item page-item-11724\"><a href=\"https:\/\/m2camper.com\/es\/envios-y-devoluciones\/\">Env\u00edos y devoluciones<\/a><\/li><li class=\"elementor-sitemap-item elementor-sitemap-item-page page_item page-item-11434\"><a href=\"https:\/\/m2camper.com\/es\/mapa-del-sitio\/\">Mapa del sitio<\/a><\/li><li class=\"elementor-sitemap-item elementor-sitemap-item-page page_item page-item-11428\"><a href=\"https:\/\/m2camper.com\/es\/politica-de-cookies\/\">Pol\u00edtica de Cookies<\/a><\/li><li class=\"elementor-sitemap-item elementor-sitemap-item-page page_item page-item-11422\"><a href=\"https:\/\/m2camper.com\/es\/politica-de-privacidad\/\">Pol\u00edtica de privacidad<\/a><\/li><li class=\"elementor-sitemap-item elementor-sitemap-item-page page_item page-item-11416\"><a href=\"https:\/\/m2camper.com\/es\/aviso-legal\/\">Aviso legal<\/a><\/li><li class=\"elementor-sitemap-item elementor-sitemap-item-page page_item page-item-11241\"><a href=\"https:\/\/m2camper.com\/es\/colchones-a-medida\/\">Colchones<\/a><\/li><li class=\"elementor-sitemap-item elementor-sitemap-item-page page_item page-item-11227\"><a href=\"https:\/\/m2camper.com\/es\/aislantes-oscurecedores-para-maxus\/\">Aislantes oscurecedores para Maxus<\/a><\/li><li class=\"elementor-sitemap-item elementor-sitemap-item-page page_item page-item-11219\"><a href=\"https:\/\/m2camper.com\/es\/aislantes-oscurecedores-para-volvo\/\">Aislantes oscurecedores para Volvo<\/a><\/li><li class=\"elementor-sitemap-item elementor-sitemap-item-page page_item page-item-11214\"><a href=\"https:\/\/m2camper.com\/es\/aislantes-oscurecedores-para-scania\/\">Aislantes oscurecedores para Scania<\/a><\/li><li class=\"elementor-sitemap-item elementor-sitemap-item-page page_item page-item-11209\"><a href=\"https:\/\/m2camper.com\/es\/aislantes-oscurecedores-para-chevrolet\/\">Aislantes oscurecedores para Chevrolet<\/a><\/li><li class=\"elementor-sitemap-item elementor-sitemap-item-page page_item page-item-11204\"><a href=\"https:\/\/m2camper.com\/es\/aislantes-oscurecedores-para-porsche\/\">Aislantes oscurecedores para Porsche<\/a><\/li><li class=\"elementor-sitemap-item elementor-sitemap-item-page page_item page-item-11199\"><a href=\"https:\/\/m2camper.com\/es\/aislantes-oscurecedores-para-jeep\/\">Aislantes oscurecedores para Jeep<\/a><\/li><li class=\"elementor-sitemap-item elementor-sitemap-item-page page_item page-item-11194\"><a href=\"https:\/\/m2camper.com\/es\/aislantes-oscurecedores-para-hymer\/\">Aislantes oscurecedores para Hymer<\/a><\/li><li class=\"elementor-sitemap-item elementor-sitemap-item-page page_item page-item-11189\"><a href=\"https:\/\/m2camper.com\/es\/aislantes-oscurecedores-para-bmw\/\">Aislantes oscurecedores para BMW<\/a><\/li><li class=\"elementor-sitemap-item elementor-sitemap-item-page page_item page-item-11184\"><a href=\"https:\/\/m2camper.com\/es\/aislantes-oscurecedores-para-mitsubishi\/\">Aislantes oscurecedores para Mitsubishi<\/a><\/li><li class=\"elementor-sitemap-item elementor-sitemap-item-page page_item page-item-11179\"><a href=\"https:\/\/m2camper.com\/es\/aislantes-oscurecedores-para-honda\/\">Aislantes oscurecedores para Honda<\/a><\/li><li class=\"elementor-sitemap-item elementor-sitemap-item-page page_item page-item-11174\"><a href=\"https:\/\/m2camper.com\/es\/aislantes-oscurecedores-para-mahindra\/\">Aislantes oscurecedores para Mahindra<\/a><\/li><li class=\"elementor-sitemap-item elementor-sitemap-item-page page_item page-item-11169\"><a href=\"https:\/\/m2camper.com\/es\/aislantes-oscurecedores-para-man\/\">Aislantes oscurecedores para Man<\/a><\/li><li class=\"elementor-sitemap-item elementor-sitemap-item-page page_item page-item-11164\"><a href=\"https:\/\/m2camper.com\/es\/aislantes-oscurecedores-para-audi\/\">Oscurecedores camper para Audi, aislantes t\u00e9rmicos a medida 9 capas<\/a><\/li><li class=\"elementor-sitemap-item elementor-sitemap-item-page page_item page-item-11159\"><a href=\"https:\/\/m2camper.com\/es\/aislantes-oscurecedores-para-subaru\/\">Aislantes oscurecedores para Subaru<\/a><\/li><li class=\"elementor-sitemap-item elementor-sitemap-item-page page_item page-item-11154\"><a href=\"https:\/\/m2camper.com\/es\/aislantes-oscurecedores-para-kia\/\">Aislantes oscurecedores para Kia<\/a><\/li><li class=\"elementor-sitemap-item elementor-sitemap-item-page page_item page-item-11149\"><a href=\"https:\/\/m2camper.com\/es\/aislantes-oscurecedores-para-suzuki\/\">Aislantes oscurecedores para Suzuki<\/a><\/li><li class=\"elementor-sitemap-item elementor-sitemap-item-page page_item page-item-11144\"><a href=\"https:\/\/m2camper.com\/es\/aislantes-oscurecedores-para-mazda\/\">Aislantes oscurecedores para Mazda<\/a><\/li><li class=\"elementor-sitemap-item elementor-sitemap-item-page page_item page-item-11139\"><a href=\"https:\/\/m2camper.com\/es\/aislantes-oscurecedores-para-chrysler\/\">Aislantes oscurecedores para Chrysler<\/a><\/li><li class=\"elementor-sitemap-item elementor-sitemap-item-page page_item page-item-11134\"><a href=\"https:\/\/m2camper.com\/es\/aislantes-oscurecedores-para-skoda\/\">Aislantes oscurecedores para Skoda<\/a><\/li><li class=\"elementor-sitemap-item elementor-sitemap-item-page page_item page-item-11129\"><a href=\"https:\/\/m2camper.com\/es\/aislantes-oscurecedores-para-seat\/\">Aislantes oscurecedores para Seat<\/a><\/li><li class=\"elementor-sitemap-item elementor-sitemap-item-page page_item page-item-11124\"><a href=\"https:\/\/m2camper.com\/es\/aislantes-oscurecedores-para-hyundai\/\">Aislantes oscurecedores para Hyundai<\/a><\/li><li class=\"elementor-sitemap-item elementor-sitemap-item-page page_item page-item-11119\"><a href=\"https:\/\/m2camper.com\/es\/aislantes-oscurecedores-para-dacia\/\">Aislantes oscurecedores para Dacia<\/a><\/li><li class=\"elementor-sitemap-item elementor-sitemap-item-page page_item page-item-11114\"><a href=\"https:\/\/m2camper.com\/es\/aislantes-oscurecedores-para-renault\/\">Aislantes oscurecedores para Renault<\/a><\/li><li class=\"elementor-sitemap-item elementor-sitemap-item-page page_item page-item-11109\"><a href=\"https:\/\/m2camper.com\/es\/aislantes-oscurecedores-para-land-rover\/\">Aislantes oscurecedores para Land Rover<\/a><\/li><li class=\"elementor-sitemap-item elementor-sitemap-item-page page_item page-item-11104\"><a href=\"https:\/\/m2camper.com\/es\/aislantes-oscurecedores-para-ssangyong\/\">Aislantes oscurecedores para Ssangyong<\/a><\/li><li class=\"elementor-sitemap-item elementor-sitemap-item-page page_item page-item-11099\"><a href=\"https:\/\/m2camper.com\/es\/aislantes-oscurecedores-para-iveco\/\">Aislantes oscurecedores para Iveco<\/a><\/li><li class=\"elementor-sitemap-item elementor-sitemap-item-page page_item page-item-11094\"><a href=\"https:\/\/m2camper.com\/es\/aislantes-oscurecedores-para-ford\/\">Aislantes oscurecedores para Ford<\/a><\/li><li class=\"elementor-sitemap-item elementor-sitemap-item-page page_item page-item-11089\"><a href=\"https:\/\/m2camper.com\/es\/aislantes-oscurecedores-para-peugeot\/\">Aislantes oscurecedores para Peugeot<\/a><\/li><li class=\"elementor-sitemap-item elementor-sitemap-item-page page_item page-item-11084\"><a href=\"https:\/\/m2camper.com\/es\/aislantes-oscurecedores-para-nissan\/\">Aislantes oscurecedores para Nissan<\/a><\/li><li class=\"elementor-sitemap-item elementor-sitemap-item-page page_item page-item-11079\"><a href=\"https:\/\/m2camper.com\/es\/aislantes-oscurecedores-para-toyota\/\">Aislantes oscurecedores para Toyota<\/a><\/li><li class=\"elementor-sitemap-item elementor-sitemap-item-page page_item page-item-11074\"><a href=\"https:\/\/m2camper.com\/es\/aislantes-oscurecedores-para-opel\/\">Aislantes oscurecedores para Opel<\/a><\/li><li class=\"elementor-sitemap-item elementor-sitemap-item-page page_item page-item-11069\"><a href=\"https:\/\/m2camper.com\/es\/aislantes-oscurecedores-para-fiat\/\">Aislantes oscurecedores para Fiat<\/a><\/li><li class=\"elementor-sitemap-item elementor-sitemap-item-page page_item page-item-11064\"><a href=\"https:\/\/m2camper.com\/es\/aislantes-oscurecedores-para-mercedes\/\">Aislantes oscurecedores para Mercedes<\/a><\/li><li class=\"elementor-sitemap-item elementor-sitemap-item-page page_item page-item-11059\"><a href=\"https:\/\/m2camper.com\/es\/aislantes-oscurecedores-para-volkswagen\/\">Aislantes oscurecedores para Volkswagen<\/a><\/li><li class=\"elementor-sitemap-item elementor-sitemap-item-page page_item page-item-10975\"><a href=\"https:\/\/m2camper.com\/es\/aislantes-oscurecedores-para-citroen\/\">Aislantes oscurecedores para Citro\u00ebn<\/a><\/li><li class=\"elementor-sitemap-item elementor-sitemap-item-page page_item page-item-10865\"><a href=\"https:\/\/m2camper.com\/es\/aislantes\/\">Aislantes t\u00e9rmicos oscurecedores<\/a><\/li><li class=\"elementor-sitemap-item elementor-sitemap-item-page page_item page-item-10820\"><a href=\"https:\/\/m2camper.com\/es\/blog\/\">Blog<\/a><\/li><li class=\"elementor-sitemap-item elementor-sitemap-item-page page_item page-item-10798\"><a href=\"https:\/\/m2camper.com\/es\/sobre-nosotros\/\">Sobre nosotros<\/a><\/li><li class=\"elementor-sitemap-item elementor-sitemap-item-page page_item page-item-10779\"><a href=\"https:\/\/m2camper.com\/es\/contacto\/\">Contacto<\/a><\/li><li class=\"elementor-sitemap-item elementor-sitemap-item-page page_item page-item-10656\"><a href=\"https:\/\/m2camper.com\/es\/\">Inicio<\/a><\/li><li class=\"elementor-sitemap-item elementor-sitemap-item-page page_item page-item-10\"><a href=\"https:\/\/m2camper.com\/es\/mi-cuenta\/\">Mi cuenta<\/a><\/li><li class=\"elementor-sitemap-item elementor-sitemap-item-page page_item page-item-9\"><a href=\"https:\/\/m2camper.com\/es\/finalizar-compra\/\">Finalizar compra<\/a><\/li><li class=\"elementor-sitemap-item elementor-sitemap-item-page page_item page-item-8\"><a href=\"https:\/\/m2camper.com\/es\/carrito\/\">Carrito<\/a><\/li><li class=\"elementor-sitemap-item elementor-sitemap-item-page page_item page-item-7\"><a href=\"https:\/\/m2camper.com\/es\/tienda\/\">Tienda<\/a><\/li><\/ul><\/div><\/div>\t\t\t\t<\/div>\n\t\t\t\t<\/div>\n\t\t\t\t\t<\/div>\n\t\t\t\t<\/div>\n\t\t\t\t<\/div>\n\t\t","protected":false},"excerpt":{"rendered":"<p>Mapa del sitio<\/p>\n","protected":false},"author":5740,"featured_media":0,"parent":0,"menu_order":0,"comment_status":"closed","ping_status":"closed","template":"page-templates\/template-pagebuilder-full-width.php","meta":{"neve_meta_sidebar":"","neve_meta_container":"","neve_meta_enable_content_width":"off","neve_meta_content_width":100,"neve_meta_title_alignment":"","neve_meta_author_avatar":"","neve_post_elements_order":"","neve_meta_disable_header":"","neve_meta_disable_footer":"","neve_meta_disable_title":"","footnotes":""},"class_list":["post-11434","page","type-page","status-publish","hentry"],"yoast_head":"<!-- This site is optimized with the Yoast SEO plugin v27.4 - https:\/\/yoast.com\/product\/yoast-seo-wordpress\/ -->\n<title>Mapa del sitio - M2 Camper | Aislantes t\u00e9rmicos y oscurecedores para campers<\/title>\n<meta name=\"robots\" content=\"noindex, nofollow\" \/>\n<meta property=\"og:locale\" content=\"es_ES\" \/>\n<meta property=\"og:type\" content=\"article\" \/>\n<meta property=\"og:title\" content=\"Mapa del sitio - M2 Camper | Aislantes t\u00e9rmicos y oscurecedores para campers\" \/>\n<meta property=\"og:description\" content=\"Mapa del sitio\" \/>\n<meta property=\"og:url\" content=\"https:\/\/m2camper.com\/es\/mapa-del-sitio\/\" \/>\n<meta property=\"og:site_name\" content=\"M2 Camper | Aislantes t\u00e9rmicos y oscurecedores para campers\" \/>\n<meta property=\"article:modified_time\" content=\"2026-04-08T15:37:38+00:00\" \/>\n<meta name=\"twitter:card\" content=\"summary_large_image\" \/>\n<meta name=\"twitter:label1\" content=\"Tiempo de lectura\" \/>\n\t<meta name=\"twitter:data1\" content=\"1 minuto\" \/>\n<script type=\"application\/ld+json\" class=\"yoast-schema-graph\">{\"@context\":\"https:\\\/\\\/schema.org\",\"@graph\":[{\"@type\":\"WebPage\",\"@id\":\"https:\\\/\\\/m2camper.com\\\/mapa-del-sitio\\\/\",\"url\":\"https:\\\/\\\/m2camper.com\\\/mapa-del-sitio\\\/\",\"name\":\"Mapa del sitio - M2 Camper | Aislantes t\u00e9rmicos y oscurecedores para campers\",\"isPartOf\":{\"@id\":\"https:\\\/\\\/m2camper.com\\\/pt\\\/#website\"},\"datePublished\":\"2025-02-04T10:55:04+00:00\",\"dateModified\":\"2026-04-08T15:37:38+00:00\",\"breadcrumb\":{\"@id\":\"https:\\\/\\\/m2camper.com\\\/mapa-del-sitio\\\/#breadcrumb\"},\"inLanguage\":\"es\",\"potentialAction\":[{\"@type\":\"ReadAction\",\"target\":[\"https:\\\/\\\/m2camper.com\\\/mapa-del-sitio\\\/\"]}]},{\"@type\":\"BreadcrumbList\",\"@id\":\"https:\\\/\\\/m2camper.com\\\/mapa-del-sitio\\\/#breadcrumb\",\"itemListElement\":[{\"@type\":\"ListItem\",\"position\":1,\"name\":\"Portada\",\"item\":\"https:\\\/\\\/m2camper.com\\\/pt\\\/\"},{\"@type\":\"ListItem\",\"position\":2,\"name\":\"Mapa del sitio\"}]},{\"@type\":\"WebSite\",\"@id\":\"https:\\\/\\\/m2camper.com\\\/pt\\\/#website\",\"url\":\"https:\\\/\\\/m2camper.com\\\/pt\\\/\",\"name\":\"M2 Campers | Aislantes t\u00e9rmicos y oscurecedores para campers\",\"description\":\"Descubre calidad y confort de nuestros aislantes t\u00e9rmicos oscurecedores y colchones para veh\u00edculos. Optimiza tu experiencia en carretera con M2 Camper.\",\"potentialAction\":[{\"@type\":\"SearchAction\",\"target\":{\"@type\":\"EntryPoint\",\"urlTemplate\":\"https:\\\/\\\/m2camper.com\\\/pt\\\/?s={search_term_string}\"},\"query-input\":{\"@type\":\"PropertyValueSpecification\",\"valueRequired\":true,\"valueName\":\"search_term_string\"}}],\"inLanguage\":\"es\"}]}<\/script>\n<!-- \/ Yoast SEO plugin. -->","yoast_head_json":{"title":"Mapa del sitio - M2 Camper | Aislantes t\u00e9rmicos y oscurecedores para campers","robots":{"index":"noindex","follow":"nofollow"},"og_locale":"es_ES","og_type":"article","og_title":"Mapa del sitio - M2 Camper | Aislantes t\u00e9rmicos y oscurecedores para campers","og_description":"Mapa del sitio","og_url":"https:\/\/m2camper.com\/es\/mapa-del-sitio\/","og_site_name":"M2 Camper | Aislantes t\u00e9rmicos y oscurecedores para campers","article_modified_time":"2026-04-08T15:37:38+00:00","twitter_card":"summary_large_image","twitter_misc":{"Tiempo de lectura":"1 minuto"},"schema":{"@context":"https:\/\/schema.org","@graph":[{"@type":"WebPage","@id":"https:\/\/m2camper.com\/mapa-del-sitio\/","url":"https:\/\/m2camper.com\/mapa-del-sitio\/","name":"Mapa del sitio - M2 Camper | Aislantes t\u00e9rmicos y oscurecedores para campers","isPartOf":{"@id":"https:\/\/m2camper.com\/pt\/#website"},"datePublished":"2025-02-04T10:55:04+00:00","dateModified":"2026-04-08T15:37:38+00:00","breadcrumb":{"@id":"https:\/\/m2camper.com\/mapa-del-sitio\/#breadcrumb"},"inLanguage":"es","potentialAction":[{"@type":"ReadAction","target":["https:\/\/m2camper.com\/mapa-del-sitio\/"]}]},{"@type":"BreadcrumbList","@id":"https:\/\/m2camper.com\/mapa-del-sitio\/#breadcrumb","itemListElement":[{"@type":"ListItem","position":1,"name":"Portada","item":"https:\/\/m2camper.com\/pt\/"},{"@type":"ListItem","position":2,"name":"Mapa del sitio"}]},{"@type":"WebSite","@id":"https:\/\/m2camper.com\/pt\/#website","url":"https:\/\/m2camper.com\/pt\/","name":"M2 Campers | Aislantes t\u00e9rmicos y oscurecedores para campers","description":"Descubre calidad y confort de nuestros aislantes t\u00e9rmicos oscurecedores y colchones para veh\u00edculos. Optimiza tu experiencia en carretera con M2 Camper.","potentialAction":[{"@type":"SearchAction","target":{"@type":"EntryPoint","urlTemplate":"https:\/\/m2camper.com\/pt\/?s={search_term_string}"},"query-input":{"@type":"PropertyValueSpecification","valueRequired":true,"valueName":"search_term_string"}}],"inLanguage":"es"}]}},"_links":{"self":[{"href":"https:\/\/m2camper.com\/es\/wp-json\/wp\/v2\/pages\/11434","targetHints":{"allow":["GET"]}}],"collection":[{"href":"https:\/\/m2camper.com\/es\/wp-json\/wp\/v2\/pages"}],"about":[{"href":"https:\/\/m2camper.com\/es\/wp-json\/wp\/v2\/types\/page"}],"author":[{"embeddable":true,"href":"https:\/\/m2camper.com\/es\/wp-json\/wp\/v2\/users\/5740"}],"replies":[{"embeddable":true,"href":"https:\/\/m2camper.com\/es\/wp-json\/wp\/v2\/comments?post=11434"}],"version-history":[{"count":16,"href":"https:\/\/m2camper.com\/es\/wp-json\/wp\/v2\/pages\/11434\/revisions"}],"predecessor-version":[{"id":11478,"href":"https:\/\/m2camper.com\/es\/wp-json\/wp\/v2\/pages\/11434\/revisions\/11478"}],"wp:attachment":[{"href":"https:\/\/m2camper.com\/es\/wp-json\/wp\/v2\/media?parent=11434"}],"curies":[{"name":"wp","href":"https:\/\/api.w.org\/{rel}","templated":true}]}}