{"id":11416,"date":"2025-02-04T10:38:08","date_gmt":"2025-02-04T10:38:08","guid":{"rendered":"https:\/\/ultbit.com\/m2camper\/?page_id=11416"},"modified":"2026-04-08T17:39:24","modified_gmt":"2026-04-08T15:39:24","slug":"aviso-legal","status":"publish","type":"page","link":"https:\/\/m2camper.com\/es\/aviso-legal\/","title":{"rendered":"Aviso legal"},"content":{"rendered":"\t\t<div data-elementor-type=\"wp-page\" data-elementor-id=\"11416\" class=\"elementor elementor-11416\" data-elementor-post-type=\"page\">\n\t\t\t\t<div class=\"elementor-element elementor-element-fd1d765 e-flex e-con-boxed e-con e-parent\" data-id=\"fd1d765\" data-element_type=\"container\" data-e-type=\"container\" data-settings=\"{&quot;background_background&quot;:&quot;classic&quot;}\">\n\t\t\t\t\t<div class=\"e-con-inner\">\n\t\t\t\t<div class=\"elementor-element elementor-element-f759220 elementor-widget elementor-widget-text-editor\" data-id=\"f759220\" data-element_type=\"widget\" data-e-type=\"widget\" data-widget_type=\"text-editor.default\">\n\t\t\t\t<div class=\"elementor-widget-container\">\n\t\t\t\t\t\t\t\t\t<h2 style=\"color: #000000 !important;\">AVISO LEGAL<\/h2><h3 style=\"color: #000000 !important;\">LEY DE LOS SERVICIOS DE LA SOCIEDAD DE LA INFORMACI\u00d3N (LSSI)<\/h3><p>MARIA ISABEL ARTAL MORENO (M2 CAMPER), responsable del sitio web, en adelante el RESPONSABLE, pone a disposici\u00f3n de los usuarios el presente documento, con el que pretende dar cumplimiento a las obligaciones establecidas en la Ley 34\/2002, de 11 de julio, de Servicios de la Sociedad de la Informaci\u00f3n y de Comercio Electr\u00f3nico (LSSICE), BOE n\u00ba 166, as\u00ed como informar a todos los usuarios del sitio web sobre cu\u00e1les son las condiciones de uso.<\/p><p>Cualquier persona que acceda a este sitio web asume el papel de usuario, comprometi\u00e9ndose a la observancia y cumplimiento riguroso de las disposiciones aqu\u00ed establecidas, as\u00ed como a cualquier otra disposici\u00f3n legal que resulte de aplicaci\u00f3n.<\/p><p>MARIA ISABEL ARTAL MORENO (M2 CAMPER) se reserva el derecho de modificar cualquier tipo de informaci\u00f3n que pudiera aparecer en el sitio web, sin que exista obligaci\u00f3n de preavisar o poner en conocimiento de los usuarios dichas modificaciones, entendi\u00e9ndose como suficiente su publicaci\u00f3n en el sitio web de MARIA ISABEL ARTAL MORENO (M2 CAMPER).<\/p><h3 style=\"color: #000000 !important;\">1. DATOS IDENTIFICATIVOS<\/h3><ul><li><strong>Nombre del dominio:<\/strong> m2camper.com<\/li><li><strong>Nombre comercial:<\/strong> m2camper<\/li><li><strong>Denominaci\u00f3n social:<\/strong> MARIA ISABEL ARTAL MORENO (M2 CAMPER)<\/li><li><strong>NIF:<\/strong> 46044762G<\/li><li><strong>Domicilio social:<\/strong> Carrer de Num\u00e0ncia, 30, 08184 Palau-solit\u00e0 i Plegamans, Barcelona (Espa\u00f1a)<\/li><li><strong>Tel\u00e9fono:<\/strong> 685355944<\/li><li><strong>E-mail:<\/strong> <a href=\"mailto:m2camper@gmail.com\">m2camper@gmail.com<\/a><\/li><li><strong>Registro Mercantil:<\/strong> Inscripci\u00f3n 1\u00aa, Hoja B-559411, Folio 63, Tomo 47689<\/li><\/ul><p>\u00a0<\/p><h3 style=\"color: #000000 !important;\">2. DERECHOS DE PROPIEDAD INTELECTUAL E INDUSTRIAL<\/h3><p>El sitio web, incluyendo a t\u00edtulo enunciativo pero no limitativo su programaci\u00f3n, edici\u00f3n, compilaci\u00f3n y dem\u00e1s elementos necesarios para su funcionamiento, los dise\u00f1os, logotipos, textos y\/o gr\u00e1ficos, son propiedad del RESPONSABLE o, en su caso, dispone de licencia o autorizaci\u00f3n expresa por parte de los autores.<\/p><p>Todos los contenidos del sitio web se encuentran debidamente protegidos por la normativa de propiedad intelectual e industrial, as\u00ed como inscritos en los registros p\u00fablicos correspondientes.<\/p><p>Independientemente de la finalidad para la que fueran destinados, la reproducci\u00f3n total o parcial, uso, explotaci\u00f3n, distribuci\u00f3n y comercializaci\u00f3n, requiere en todo caso la autorizaci\u00f3n previa por escrito del RESPONSABLE.<\/p><p>Cualquier uso no autorizado previamente se considera un incumplimiento grave de los derechos de propiedad intelectual o industrial del autor.<\/p><p>Los dise\u00f1os, logotipos, textos y\/o gr\u00e1ficos ajenos al RESPONSABLE que pudieran aparecer en el sitio web, pertenecen a sus respectivos propietarios, siendo estos responsables de cualquier posible controversia que pudiera derivarse de los mismos. El RESPONSABLE autoriza expresamente a terceros a redirigir directamente a los contenidos concretos del sitio web, y en todo caso redirigir al sitio web principal de m2camper.com.<\/p><p>El RESPONSABLE reconoce a favor de sus titulares los correspondientes derechos de propiedad intelectual e industrial, no implicando su mera menci\u00f3n o aparici\u00f3n en el sitio web la existencia de derechos o responsabilidad sobre los mismos, ni el respaldo, patrocinio o recomendaci\u00f3n por parte del RESPONSABLE.<\/p><p>Para realizar cualquier tipo de observaci\u00f3n respecto a posibles incumplimientos de los derechos de propiedad intelectual o industrial, as\u00ed como sobre cualquiera de los contenidos del sitio web, puede hacerlo a trav\u00e9s del correo electr\u00f3nico: <a href=\"mailto:m2camper@gmail.com\">m2camper@gmail.com<\/a>.<\/p><h3 style=\"color: #000000 !important;\">3. EXENCI\u00d3N DE RESPONSABILIDADES<\/h3><p>El RESPONSABLE se exime de cualquier tipo de responsabilidad derivada de la informaci\u00f3n publicada en su sitio web siempre que no tenga conocimiento efectivo de que dicha informaci\u00f3n ha sido manipulada o introducida por un tercero ajeno al mismo o, si lo tiene, haya actuado con diligencia para retirar los datos o hacer imposible el acceso a los mismos.<\/p><h4 style=\"color: #000000 !important;\">Uso de cookies<\/h4><p>Este sitio web puede utilizar cookies t\u00e9cnicas (peque\u00f1os archivos de informaci\u00f3n que el servidor env\u00eda al ordenador de quien accede a la p\u00e1gina) para llevar a cabo determinadas funciones que se consideran imprescindibles para el correcto funcionamiento y visualizaci\u00f3n del sitio web.<\/p><p>Las cookies utilizadas tienen, en todo caso, car\u00e1cter temporal, con la \u00fanica finalidad de hacer m\u00e1s eficiente la navegaci\u00f3n, y desaparecen al finalizar la sesi\u00f3n del usuario. En ning\u00fan caso, estas cookies proporcionan por s\u00ed mismas datos de car\u00e1cter personal ni se utilizar\u00e1n para la recogida de los mismos.<\/p><p>Mediante el uso de cookies tambi\u00e9n es posible que el servidor donde se encuentra la web reconozca el navegador utilizado por el usuario, con la finalidad de que la navegaci\u00f3n sea m\u00e1s sencilla, permitiendo, por ejemplo, el acceso de los usuarios previamente registrados a \u00e1reas, servicios, promociones o concursos reservados exclusivamente a ellos sin tener que registrarse en cada visita.<\/p><p>Tambi\u00e9n pueden utilizarse para medir la audiencia, par\u00e1metros de tr\u00e1fico, controlar el progreso y n\u00famero de entradas, etc. En estos casos, las cookies son t\u00e9cnicamente prescindibles pero beneficiosas para el usuario. Este sitio web no instalar\u00e1 cookies no necesarias sin el consentimiento previo del usuario.<\/p><p>El usuario tiene la posibilidad de configurar su navegador para ser alertado de la recepci\u00f3n de cookies y para impedir su instalaci\u00f3n en su equipo. Consulte las instrucciones de su navegador para ampliar esta informaci\u00f3n.<\/p><h4 style=\"color: #000000 !important;\">Pol\u00edtica de enlaces<\/h4><p>Desde el sitio web es posible que se redirija a contenidos de terceros sitios web.<\/p><p>Dado que el RESPONSABLE no puede controlar siempre los contenidos introducidos por terceros en sus respectivos sitios web, no asume ning\u00fan tipo de responsabilidad respecto a dichos contenidos.<\/p><p>En cualquier caso, proceder\u00e1 a la retirada inmediata de cualquier contenido que pudiera contravenir la legislaci\u00f3n nacional o internacional, la moral o el orden p\u00fablico, retirando de forma inmediata la redirecci\u00f3n a dicho sitio web y poniendo en conocimiento de las autoridades competentes el contenido en cuesti\u00f3n.<\/p><p>El RESPONSABLE no se hace responsable de la informaci\u00f3n y contenidos almacenados, a t\u00edtulo enunciativo pero no limitativo, en foros, chats, generadores de blogs, comentarios, redes sociales o cualquier otro medio que permita a terceros publicar contenidos de forma independiente en la p\u00e1gina web del RESPONSABLE.<\/p><p>No obstante, y en cumplimiento de lo dispuesto en los art\u00edculos 11 y 16 de la LSSICE, se pone a disposici\u00f3n de todos los usuarios, autoridades y fuerzas de seguridad, colaborando de forma activa en la retirada o, en su caso, bloqueo de todos aquellos contenidos que puedan afectar o contravenir la legislaci\u00f3n nacional o internacional, los derechos de terceros o la moral y el orden p\u00fablico.<\/p><p>En caso de que el usuario considere que existe en el sitio web alg\u00fan contenido que pudiera ser susceptible de esta clasificaci\u00f3n, se ruega que lo notifique de forma inmediata al administrador del sitio web.<\/p><h4 style=\"color: #000000 !important;\">Funcionamiento del sitio web<\/h4><p>Este sitio web ha sido revisado y probado para que funcione correctamente.<\/p><p>En principio, puede garantizarse el correcto funcionamiento los 365 d\u00edas del a\u00f1o, 24 horas al d\u00eda. No obstante, el RESPONSABLE no descarta la posibilidad de que existan errores de programaci\u00f3n, o que se produzcan causas de fuerza mayor, cat\u00e1strofes naturales, huelgas o circunstancias similares que hagan imposible el acceso a la p\u00e1gina web.<\/p><h4 style=\"color: #000000 !important;\">Direcciones IP<\/h4><p>Los servidores del sitio web podr\u00e1n detectar autom\u00e1ticamente la direcci\u00f3n IP y el nombre de dominio utilizados por el usuario.<\/p><p>Una direcci\u00f3n IP es un n\u00famero asignado autom\u00e1ticamente a un ordenador cuando se conecta a Internet.<\/p><p>Toda esta informaci\u00f3n se registra en un fichero de actividad del servidor que permite el posterior tratamiento de los datos con el fin de obtener mediciones \u00fanicamente estad\u00edsticas que permitan conocer el n\u00famero de impresiones de p\u00e1ginas, el n\u00famero de visitas realizadas a los servidores web, el orden de visitas, el punto de acceso, etc.<\/p><h3 style=\"color: #000000 !important;\">4. LEGISLACI\u00d3N APLICABLE Y JURISDICCI\u00d3N<\/h3><p>Para la resoluci\u00f3n de todas las controversias o cuestiones relacionadas con este sitio web o de las actividades en \u00e9l desarrolladas, ser\u00e1 de aplicaci\u00f3n la legislaci\u00f3n espa\u00f1ola, a la que se someten expresamente las partes, siendo competentes para la resoluci\u00f3n de todos los conflictos derivados o relacionados con su uso los Juzgados y Tribunales del domicilio del USUARIO o el lugar de cumplimiento de la obligaci\u00f3n.<\/p>\t\t\t\t\t\t\t\t<\/div>\n\t\t\t\t<\/div>\n\t\t\t\t\t<\/div>\n\t\t\t\t<\/div>\n\t\t\t\t<\/div>\n\t\t","protected":false},"excerpt":{"rendered":"<p>AVISO LEGAL LEY DE LOS SERVICIOS DE LA SOCIEDAD DE LA INFORMACI\u00d3N (LSSI) MARIA ISABEL ARTAL MORENO (M2 CAMPER), responsable del sitio web, en adelante el RESPONSABLE, pone a disposici\u00f3n de los usuarios el presente documento, con el que pretende dar cumplimiento a las obligaciones establecidas en la Ley 34\/2002, de 11 de julio, de&hellip;&nbsp;<a href=\"https:\/\/m2camper.com\/es\/aviso-legal\/\" rel=\"bookmark\">Leer m\u00e1s &raquo;<span class=\"screen-reader-text\">Aviso legal<\/span><\/a><\/p>\n","protected":false},"author":5740,"featured_media":0,"parent":0,"menu_order":0,"comment_status":"closed","ping_status":"closed","template":"page-templates\/template-pagebuilder-full-width.php","meta":{"neve_meta_sidebar":"","neve_meta_container":"","neve_meta_enable_content_width":"off","neve_meta_content_width":100,"neve_meta_title_alignment":"","neve_meta_author_avatar":"","neve_post_elements_order":"","neve_meta_disable_header":"","neve_meta_disable_footer":"","neve_meta_disable_title":"","footnotes":""},"class_list":["post-11416","page","type-page","status-publish","hentry"],"yoast_head":"<!-- This site is optimized with the Yoast SEO plugin v27.4 - https:\/\/yoast.com\/product\/yoast-seo-wordpress\/ -->\n<title>Aviso legal - M2 Camper | Aislantes t\u00e9rmicos y oscurecedores para campers<\/title>\n<meta name=\"robots\" content=\"noindex, nofollow\" \/>\n<meta property=\"og:locale\" content=\"es_ES\" \/>\n<meta property=\"og:type\" content=\"article\" \/>\n<meta property=\"og:title\" content=\"Aviso legal - M2 Camper | Aislantes t\u00e9rmicos y oscurecedores para campers\" \/>\n<meta property=\"og:description\" content=\"AVISO LEGAL LEY DE LOS SERVICIOS DE LA SOCIEDAD DE LA INFORMACI\u00d3N (LSSI) MARIA ISABEL ARTAL MORENO (M2 CAMPER), responsable del sitio web, en adelante el RESPONSABLE, pone a disposici\u00f3n de los usuarios el presente documento, con el que pretende dar cumplimiento a las obligaciones establecidas en la Ley 34\/2002, de 11 de julio, de&hellip;&nbsp;Leer m\u00e1s &raquo;Aviso legal\" \/>\n<meta property=\"og:url\" content=\"https:\/\/m2camper.com\/es\/aviso-legal\/\" \/>\n<meta property=\"og:site_name\" content=\"M2 Camper | Aislantes t\u00e9rmicos y oscurecedores para campers\" \/>\n<meta property=\"article:modified_time\" content=\"2026-04-08T15:39:24+00:00\" \/>\n<meta name=\"twitter:card\" content=\"summary_large_image\" \/>\n<meta name=\"twitter:label1\" content=\"Tiempo de lectura\" \/>\n\t<meta name=\"twitter:data1\" content=\"6 minutos\" \/>\n<script type=\"application\/ld+json\" class=\"yoast-schema-graph\">{\"@context\":\"https:\\\/\\\/schema.org\",\"@graph\":[{\"@type\":\"WebPage\",\"@id\":\"https:\\\/\\\/m2camper.com\\\/aviso-legal\\\/\",\"url\":\"https:\\\/\\\/m2camper.com\\\/aviso-legal\\\/\",\"name\":\"Aviso legal - M2 Camper | Aislantes t\u00e9rmicos y oscurecedores para campers\",\"isPartOf\":{\"@id\":\"https:\\\/\\\/m2camper.com\\\/pt\\\/#website\"},\"datePublished\":\"2025-02-04T10:38:08+00:00\",\"dateModified\":\"2026-04-08T15:39:24+00:00\",\"breadcrumb\":{\"@id\":\"https:\\\/\\\/m2camper.com\\\/aviso-legal\\\/#breadcrumb\"},\"inLanguage\":\"es\",\"potentialAction\":[{\"@type\":\"ReadAction\",\"target\":[\"https:\\\/\\\/m2camper.com\\\/aviso-legal\\\/\"]}]},{\"@type\":\"BreadcrumbList\",\"@id\":\"https:\\\/\\\/m2camper.com\\\/aviso-legal\\\/#breadcrumb\",\"itemListElement\":[{\"@type\":\"ListItem\",\"position\":1,\"name\":\"Portada\",\"item\":\"https:\\\/\\\/m2camper.com\\\/pt\\\/\"},{\"@type\":\"ListItem\",\"position\":2,\"name\":\"Aviso legal\"}]},{\"@type\":\"WebSite\",\"@id\":\"https:\\\/\\\/m2camper.com\\\/pt\\\/#website\",\"url\":\"https:\\\/\\\/m2camper.com\\\/pt\\\/\",\"name\":\"M2 Campers | Aislantes t\u00e9rmicos y oscurecedores para campers\",\"description\":\"Descubre calidad y confort de nuestros aislantes t\u00e9rmicos oscurecedores y colchones para veh\u00edculos. Optimiza tu experiencia en carretera con M2 Camper.\",\"potentialAction\":[{\"@type\":\"SearchAction\",\"target\":{\"@type\":\"EntryPoint\",\"urlTemplate\":\"https:\\\/\\\/m2camper.com\\\/pt\\\/?s={search_term_string}\"},\"query-input\":{\"@type\":\"PropertyValueSpecification\",\"valueRequired\":true,\"valueName\":\"search_term_string\"}}],\"inLanguage\":\"es\"}]}<\/script>\n<!-- \/ Yoast SEO plugin. -->","yoast_head_json":{"title":"Aviso legal - M2 Camper | Aislantes t\u00e9rmicos y oscurecedores para campers","robots":{"index":"noindex","follow":"nofollow"},"og_locale":"es_ES","og_type":"article","og_title":"Aviso legal - M2 Camper | Aislantes t\u00e9rmicos y oscurecedores para campers","og_description":"AVISO LEGAL LEY DE LOS SERVICIOS DE LA SOCIEDAD DE LA INFORMACI\u00d3N (LSSI) MARIA ISABEL ARTAL MORENO (M2 CAMPER), responsable del sitio web, en adelante el RESPONSABLE, pone a disposici\u00f3n de los usuarios el presente documento, con el que pretende dar cumplimiento a las obligaciones establecidas en la Ley 34\/2002, de 11 de julio, de&hellip;&nbsp;Leer m\u00e1s &raquo;Aviso legal","og_url":"https:\/\/m2camper.com\/es\/aviso-legal\/","og_site_name":"M2 Camper | Aislantes t\u00e9rmicos y oscurecedores para campers","article_modified_time":"2026-04-08T15:39:24+00:00","twitter_card":"summary_large_image","twitter_misc":{"Tiempo de lectura":"6 minutos"},"schema":{"@context":"https:\/\/schema.org","@graph":[{"@type":"WebPage","@id":"https:\/\/m2camper.com\/aviso-legal\/","url":"https:\/\/m2camper.com\/aviso-legal\/","name":"Aviso legal - M2 Camper | Aislantes t\u00e9rmicos y oscurecedores para campers","isPartOf":{"@id":"https:\/\/m2camper.com\/pt\/#website"},"datePublished":"2025-02-04T10:38:08+00:00","dateModified":"2026-04-08T15:39:24+00:00","breadcrumb":{"@id":"https:\/\/m2camper.com\/aviso-legal\/#breadcrumb"},"inLanguage":"es","potentialAction":[{"@type":"ReadAction","target":["https:\/\/m2camper.com\/aviso-legal\/"]}]},{"@type":"BreadcrumbList","@id":"https:\/\/m2camper.com\/aviso-legal\/#breadcrumb","itemListElement":[{"@type":"ListItem","position":1,"name":"Portada","item":"https:\/\/m2camper.com\/pt\/"},{"@type":"ListItem","position":2,"name":"Aviso legal"}]},{"@type":"WebSite","@id":"https:\/\/m2camper.com\/pt\/#website","url":"https:\/\/m2camper.com\/pt\/","name":"M2 Campers | Aislantes t\u00e9rmicos y oscurecedores para campers","description":"Descubre calidad y confort de nuestros aislantes t\u00e9rmicos oscurecedores y colchones para veh\u00edculos. Optimiza tu experiencia en carretera con M2 Camper.","potentialAction":[{"@type":"SearchAction","target":{"@type":"EntryPoint","urlTemplate":"https:\/\/m2camper.com\/pt\/?s={search_term_string}"},"query-input":{"@type":"PropertyValueSpecification","valueRequired":true,"valueName":"search_term_string"}}],"inLanguage":"es"}]}},"_links":{"self":[{"href":"https:\/\/m2camper.com\/es\/wp-json\/wp\/v2\/pages\/11416","targetHints":{"allow":["GET"]}}],"collection":[{"href":"https:\/\/m2camper.com\/es\/wp-json\/wp\/v2\/pages"}],"about":[{"href":"https:\/\/m2camper.com\/es\/wp-json\/wp\/v2\/types\/page"}],"author":[{"embeddable":true,"href":"https:\/\/m2camper.com\/es\/wp-json\/wp\/v2\/users\/5740"}],"replies":[{"embeddable":true,"href":"https:\/\/m2camper.com\/es\/wp-json\/wp\/v2\/comments?post=11416"}],"version-history":[{"count":34,"href":"https:\/\/m2camper.com\/es\/wp-json\/wp\/v2\/pages\/11416\/revisions"}],"predecessor-version":[{"id":16908,"href":"https:\/\/m2camper.com\/es\/wp-json\/wp\/v2\/pages\/11416\/revisions\/16908"}],"wp:attachment":[{"href":"https:\/\/m2camper.com\/es\/wp-json\/wp\/v2\/media?parent=11416"}],"curies":[{"name":"wp","href":"https:\/\/api.w.org\/{rel}","templated":true}]}}