{"id":346,"date":"2007-10-30T18:40:04","date_gmt":"2007-10-30T18:40:04","guid":{"rendered":"https:\/\/m2campera.proyectosdesarrollosweb.com\/?product=aislantes-termicos-oscurecedores-audi-a6-1997-2004"},"modified":"2026-04-14T17:39:49","modified_gmt":"2026-04-14T15:39:49","slug":"audi-a6-1997-2004-thermal-insulators-with-blackout-blinds","status":"publish","type":"product","link":"https:\/\/m2camper.com\/en\/audi-a6-1997-2004-thermal-insulators-with-blackout-blinds\/","title":{"rendered":"Custom camper blackout blinds for Audi A6 1997\u20132004"},"content":{"rendered":"<p>Camper blackout blinds for Audi A6 1997\u20132004 are designed to transform the interior of your vehicle into a much more comfortable and functional space. This custom solution improves thermal insulation and completely blocks out light, which is essential if you use your car for travelling or sleeping.<\/p>\n<p>Thanks to their 9-layer structure, these thermal insulators help maintain a more stable temperature inside, both in summer and winter. They are especially useful on getaways where you need to rest inside the vehicle without disturbances from light or heat. On long routes or spontaneous trips, they make a real difference when it comes to sleeping comfortably.<\/p>\n<h2 style=\"color: black;\">Custom camper blackout blinds for Audi A6<\/h2>\n<p>Estos oscurecedores est\u00e1n desarrollados espec\u00edficamente para el Audi A6 de los a\u00f1os 1997 a 2004, lo que garantiza una adaptaci\u00f3n precisa a cada ventana. Esta fabricaci\u00f3n a medida evita entradas de luz y mejora notablemente el aislamiento del habit\u00e1culo.<\/p>\n<p>Their fit allows full coverage of the glass surfaces, offering a practical and effective solution for those looking to convert their vehicle into a camper without complications or permanent installations.<\/p>\n<h2 style=\"color: black;\">Advantages of camper blackout blinds<\/h2>\n<ul>\n<li>Custom fit<\/li>\n<li>9-layer thermal insulation<\/li>\n<li>Total blackout<\/li>\n<li>Privacy<\/li>\n<li>Quick installation<\/li>\n<\/ul>\n<p>&nbsp;<\/p>\n<h2 style=\"color: black;\">Compatibility<\/h2>\n<p>Designed specifically for Audi A6 models manufactured between 1997 and 2004, these blackout blinds ensure a perfect fit on every window of the vehicle, providing comfortable and effective use from the very first moment.<\/p>\n<h2 style=\"color: black;\">Available options<\/h2>\n<ul>\n<li class=\"translation-block\"><strong>Full set:<\/strong> Includes all the vehicle\u2019s windows: front windscreen, front side windows, rear row side windows and tailgate or rear doors, fully covering the interior.<\/li>\n<\/ul>\n<p>This solution is designed for those looking for real comfort on their travels, allowing the car to be transformed into a space where you can rest peacefully in any environment. In addition, each piece is specifically adapted to the vehicle to provide a precise and functional result.<\/p>\n<p>At M2Camper, we develop thermal insulators tailored to each model, focusing on fit and functionality so they integrate perfectly into your vehicle.<\/p>","protected":false},"excerpt":{"rendered":"<p>Convierte tu Audi A6 1997-2004 en un espacio c\u00f3modo y preparado para descansar con estos oscurecedores camper a medida. Ideales para viajar, dormir o disfrutar de escapadas con total privacidad y confort t\u00e9rmico.<\/p>\n<p>Olv\u00eddate de la luz y las temperaturas extremas y gana un interior m\u00e1s habitable en cualquier \u00e9poca del a\u00f1o.<\/p>\n<ul>\n<li>Total darkness for better sleep<\/li>\n<li>Greater privacy anywhere<\/li>\n<li>Thermal insulation in cold and heat<\/li>\n<li>Perfect for getaways and long journeys<\/li>\n<\/ul>","protected":false},"featured_media":347,"comment_status":"open","ping_status":"closed","template":"","meta":{"neve_meta_sidebar":"","neve_meta_container":"","neve_meta_enable_content_width":"off","neve_meta_content_width":100,"neve_meta_title_alignment":"","neve_meta_author_avatar":"","neve_post_elements_order":"","neve_meta_disable_header":"","neve_meta_disable_footer":"","neve_meta_disable_title":""},"product_brand":[],"product_cat":[64,62,61],"product_tag":[],"class_list":{"0":"post-346","1":"product","2":"type-product","3":"status-publish","4":"has-post-thumbnail","6":"product_cat-audi","7":"product_cat-aislantes","8":"product_cat-all-products","9":"pa_detalles-del-producto-pstrongspanspanspanopcionesspanspanspanstrongppspanspanspanstrongcompletastrong-spanspanspanspanluna-delantera-lateral-piloto-y-copiloto-2-laterales-de-la-2o-fila-de-asientos-2-laterales-de-la-3o-fila","10":"pa_observaciones-plos-plazos-de-entrega-pueden-variar-segun-fechas-de-comprap","12":"first","13":"instock","14":"taxable","15":"shipping-taxable","16":"purchasable","17":"product-type-variable"},"yoast_head":"<!-- This site is optimized with the Yoast SEO plugin v27.4 - https:\/\/yoast.com\/product\/yoast-seo-wordpress\/ -->\n<title>Oscurecedores camper Audi A6 1997-2004<\/title>\n<meta name=\"description\" content=\"Oscurecedores camper para Audi A6 1997-2004 a medida. Mejora privacidad, aislamiento t\u00e9rmico y descanso en tus viajes y escapadas.\" \/>\n<meta name=\"robots\" content=\"index, follow, max-snippet:-1, max-image-preview:large, max-video-preview:-1\" \/>\n<link rel=\"canonical\" href=\"https:\/\/m2camper.com\/en\/audi-a6-1997-2004-thermal-insulators-with-blackout-blinds\/\" \/>\n<meta property=\"og:locale\" content=\"en_GB\" \/>\n<meta property=\"og:type\" content=\"article\" \/>\n<meta property=\"og:title\" content=\"Oscurecedores camper Audi A6 1997-2004\" \/>\n<meta property=\"og:description\" content=\"Oscurecedores camper para Audi A6 1997-2004 a medida. Mejora privacidad, aislamiento t\u00e9rmico y descanso en tus viajes y escapadas.\" \/>\n<meta property=\"og:url\" content=\"https:\/\/m2camper.com\/en\/audi-a6-1997-2004-thermal-insulators-with-blackout-blinds\/\" \/>\n<meta property=\"og:site_name\" content=\"M2 Camper | Aislantes t\u00e9rmicos y oscurecedores para campers\" \/>\n<meta property=\"article:modified_time\" content=\"2026-04-14T15:39:49+00:00\" \/>\n<meta property=\"og:image\" content=\"https:\/\/m2camper.com\/wp-content\/uploads\/2025\/01\/60c9aa_a25f8ae03d914010bc8dc178d2ed3384mv2.png\" \/>\n\t<meta property=\"og:image:width\" content=\"620\" \/>\n\t<meta property=\"og:image:height\" content=\"402\" \/>\n\t<meta property=\"og:image:type\" content=\"image\/png\" \/>\n<meta name=\"twitter:card\" content=\"summary_large_image\" \/>\n<meta name=\"twitter:label1\" content=\"Estimated reading time\" \/>\n\t<meta name=\"twitter:data1\" content=\"2 minutes\" \/>\n<script type=\"application\/ld+json\" class=\"yoast-schema-graph\">{\"@context\":\"https:\\\/\\\/schema.org\",\"@graph\":[{\"@type\":\"WebPage\",\"@id\":\"https:\\\/\\\/m2camper.com\\\/aislantes-termicos-oscurecedores-audi-a6-1997-2004\\\/\",\"url\":\"https:\\\/\\\/m2camper.com\\\/aislantes-termicos-oscurecedores-audi-a6-1997-2004\\\/\",\"name\":\"Oscurecedores camper Audi A6 1997-2004\",\"isPartOf\":{\"@id\":\"https:\\\/\\\/m2camper.com\\\/pt\\\/#website\"},\"primaryImageOfPage\":{\"@id\":\"https:\\\/\\\/m2camper.com\\\/aislantes-termicos-oscurecedores-audi-a6-1997-2004\\\/#primaryimage\"},\"image\":{\"@id\":\"https:\\\/\\\/m2camper.com\\\/aislantes-termicos-oscurecedores-audi-a6-1997-2004\\\/#primaryimage\"},\"thumbnailUrl\":\"https:\\\/\\\/m2camper.com\\\/wp-content\\\/uploads\\\/2025\\\/01\\\/60c9aa_a25f8ae03d914010bc8dc178d2ed3384mv2.png\",\"datePublished\":\"2007-10-30T18:40:04+00:00\",\"dateModified\":\"2026-04-14T15:39:49+00:00\",\"description\":\"Oscurecedores camper para Audi A6 1997-2004 a medida. Mejora privacidad, aislamiento t\u00e9rmico y descanso en tus viajes y escapadas.\",\"breadcrumb\":{\"@id\":\"https:\\\/\\\/m2camper.com\\\/aislantes-termicos-oscurecedores-audi-a6-1997-2004\\\/#breadcrumb\"},\"inLanguage\":\"en-GB\",\"potentialAction\":[{\"@type\":\"ReadAction\",\"target\":[\"https:\\\/\\\/m2camper.com\\\/aislantes-termicos-oscurecedores-audi-a6-1997-2004\\\/\"]}]},{\"@type\":\"ImageObject\",\"inLanguage\":\"en-GB\",\"@id\":\"https:\\\/\\\/m2camper.com\\\/aislantes-termicos-oscurecedores-audi-a6-1997-2004\\\/#primaryimage\",\"url\":\"https:\\\/\\\/m2camper.com\\\/wp-content\\\/uploads\\\/2025\\\/01\\\/60c9aa_a25f8ae03d914010bc8dc178d2ed3384mv2.png\",\"contentUrl\":\"https:\\\/\\\/m2camper.com\\\/wp-content\\\/uploads\\\/2025\\\/01\\\/60c9aa_a25f8ae03d914010bc8dc178d2ed3384mv2.png\",\"width\":620,\"height\":402},{\"@type\":\"BreadcrumbList\",\"@id\":\"https:\\\/\\\/m2camper.com\\\/aislantes-termicos-oscurecedores-audi-a6-1997-2004\\\/#breadcrumb\",\"itemListElement\":[{\"@type\":\"ListItem\",\"position\":1,\"name\":\"Portada\",\"item\":\"https:\\\/\\\/m2camper.com\\\/pt\\\/\"},{\"@type\":\"ListItem\",\"position\":2,\"name\":\"Tienda\",\"item\":\"https:\\\/\\\/m2camper.com\\\/pt\\\/loja\\\/\"},{\"@type\":\"ListItem\",\"position\":3,\"name\":\"Oscurecedores camper para Audi A6 1997-2004 a medida\"}]},{\"@type\":\"WebSite\",\"@id\":\"https:\\\/\\\/m2camper.com\\\/pt\\\/#website\",\"url\":\"https:\\\/\\\/m2camper.com\\\/pt\\\/\",\"name\":\"M2 Campers | Aislantes t\u00e9rmicos y oscurecedores para campers\",\"description\":\"Descubre calidad y confort de nuestros aislantes t\u00e9rmicos oscurecedores y colchones para veh\u00edculos. Optimiza tu experiencia en carretera con M2 Camper.\",\"potentialAction\":[{\"@type\":\"SearchAction\",\"target\":{\"@type\":\"EntryPoint\",\"urlTemplate\":\"https:\\\/\\\/m2camper.com\\\/pt\\\/?s={search_term_string}\"},\"query-input\":{\"@type\":\"PropertyValueSpecification\",\"valueRequired\":true,\"valueName\":\"search_term_string\"}}],\"inLanguage\":\"en-GB\"}]}<\/script>\n<!-- \/ Yoast SEO plugin. -->","yoast_head_json":{"title":"Oscurecedores camper Audi A6 1997-2004","description":"Custom camper blackout blinds for Audi A6 1997\u20132004. Improve privacy, thermal insulation and rest on your journeys and getaways.","robots":{"index":"index","follow":"follow","max-snippet":"max-snippet:-1","max-image-preview":"max-image-preview:large","max-video-preview":"max-video-preview:-1"},"canonical":"https:\/\/m2camper.com\/en\/audi-a6-1997-2004-thermal-insulators-with-blackout-blinds\/","og_locale":"en_GB","og_type":"article","og_title":"Oscurecedores camper Audi A6 1997-2004","og_description":"Oscurecedores camper para Audi A6 1997-2004 a medida. Mejora privacidad, aislamiento t\u00e9rmico y descanso en tus viajes y escapadas.","og_url":"https:\/\/m2camper.com\/en\/audi-a6-1997-2004-thermal-insulators-with-blackout-blinds\/","og_site_name":"M2 Camper | Aislantes t\u00e9rmicos y oscurecedores para campers","article_modified_time":"2026-04-14T15:39:49+00:00","og_image":[{"width":620,"height":402,"url":"https:\/\/m2camper.com\/wp-content\/uploads\/2025\/01\/60c9aa_a25f8ae03d914010bc8dc178d2ed3384mv2.png","type":"image\/png"}],"twitter_card":"summary_large_image","twitter_misc":{"Estimated reading time":"2 minutes"},"schema":{"@context":"https:\/\/schema.org","@graph":[{"@type":"WebPage","@id":"https:\/\/m2camper.com\/aislantes-termicos-oscurecedores-audi-a6-1997-2004\/","url":"https:\/\/m2camper.com\/aislantes-termicos-oscurecedores-audi-a6-1997-2004\/","name":"Oscurecedores camper Audi A6 1997-2004","isPartOf":{"@id":"https:\/\/m2camper.com\/pt\/#website"},"primaryImageOfPage":{"@id":"https:\/\/m2camper.com\/aislantes-termicos-oscurecedores-audi-a6-1997-2004\/#primaryimage"},"image":{"@id":"https:\/\/m2camper.com\/aislantes-termicos-oscurecedores-audi-a6-1997-2004\/#primaryimage"},"thumbnailUrl":"https:\/\/m2camper.com\/wp-content\/uploads\/2025\/01\/60c9aa_a25f8ae03d914010bc8dc178d2ed3384mv2.png","datePublished":"2007-10-30T18:40:04+00:00","dateModified":"2026-04-14T15:39:49+00:00","description":"Custom camper blackout blinds for Audi A6 1997\u20132004. Improve privacy, thermal insulation and rest on your journeys and getaways.","breadcrumb":{"@id":"https:\/\/m2camper.com\/aislantes-termicos-oscurecedores-audi-a6-1997-2004\/#breadcrumb"},"inLanguage":"en-GB","potentialAction":[{"@type":"ReadAction","target":["https:\/\/m2camper.com\/aislantes-termicos-oscurecedores-audi-a6-1997-2004\/"]}]},{"@type":"ImageObject","inLanguage":"en-GB","@id":"https:\/\/m2camper.com\/aislantes-termicos-oscurecedores-audi-a6-1997-2004\/#primaryimage","url":"https:\/\/m2camper.com\/wp-content\/uploads\/2025\/01\/60c9aa_a25f8ae03d914010bc8dc178d2ed3384mv2.png","contentUrl":"https:\/\/m2camper.com\/wp-content\/uploads\/2025\/01\/60c9aa_a25f8ae03d914010bc8dc178d2ed3384mv2.png","width":620,"height":402},{"@type":"BreadcrumbList","@id":"https:\/\/m2camper.com\/aislantes-termicos-oscurecedores-audi-a6-1997-2004\/#breadcrumb","itemListElement":[{"@type":"ListItem","position":1,"name":"Portada","item":"https:\/\/m2camper.com\/pt\/"},{"@type":"ListItem","position":2,"name":"Tienda","item":"https:\/\/m2camper.com\/pt\/loja\/"},{"@type":"ListItem","position":3,"name":"Oscurecedores camper para Audi A6 1997-2004 a medida"}]},{"@type":"WebSite","@id":"https:\/\/m2camper.com\/pt\/#website","url":"https:\/\/m2camper.com\/pt\/","name":"M2 Campers | Thermal insulation and blackouts for campers","description":"Discover the quality and comfort of our thermal insulators and mattresses for vehicles. Optimize your experience on the road with M2 Camper.","potentialAction":[{"@type":"SearchAction","target":{"@type":"EntryPoint","urlTemplate":"https:\/\/m2camper.com\/pt\/?s={search_term_string}"},"query-input":{"@type":"PropertyValueSpecification","valueRequired":true,"valueName":"search_term_string"}}],"inLanguage":"en-GB"}]}},"_links":{"self":[{"href":"https:\/\/m2camper.com\/en\/wp-json\/wp\/v2\/product\/346","targetHints":{"allow":["GET"]}}],"collection":[{"href":"https:\/\/m2camper.com\/en\/wp-json\/wp\/v2\/product"}],"about":[{"href":"https:\/\/m2camper.com\/en\/wp-json\/wp\/v2\/types\/product"}],"replies":[{"embeddable":true,"href":"https:\/\/m2camper.com\/en\/wp-json\/wp\/v2\/comments?post=346"}],"wp:featuredmedia":[{"embeddable":true,"href":"https:\/\/m2camper.com\/en\/wp-json\/wp\/v2\/media\/347"}],"wp:attachment":[{"href":"https:\/\/m2camper.com\/en\/wp-json\/wp\/v2\/media?parent=346"}],"wp:term":[{"taxonomy":"product_brand","embeddable":true,"href":"https:\/\/m2camper.com\/en\/wp-json\/wp\/v2\/product_brand?post=346"},{"taxonomy":"product_cat","embeddable":true,"href":"https:\/\/m2camper.com\/en\/wp-json\/wp\/v2\/product_cat?post=346"},{"taxonomy":"product_tag","embeddable":true,"href":"https:\/\/m2camper.com\/en\/wp-json\/wp\/v2\/product_tag?post=346"}],"curies":[{"name":"wp","href":"https:\/\/api.w.org\/{rel}","templated":true}]}}