{"id":5403,"date":"2023-12-12T14:13:14","date_gmt":"2023-12-12T14:13:14","guid":{"rendered":"https:\/\/m2campera.proyectosdesarrollosweb.com\/?product=aislantes-termicos-oscurecedores-volkswagen-t5-transporter-mixta"},"modified":"2025-04-25T09:32:10","modified_gmt":"2025-04-25T09:32:10","slug":"warmeisolatoren-zur-verdunkelung-des-volkswagen-t5-transporters","status":"publish","type":"product","link":"https:\/\/m2camper.com\/de\/warmeisolatoren-zur-verdunkelung-des-volkswagen-t5-transporters\/","title":{"rendered":"Thermo-Verdunkelungsisolatoren f\u00fcr Volkswagen T5 Transporter Mixta"},"content":{"rendered":"<p>Erleben Sie unvergleichlichen Komfort in Ihrem Volkswagen T5 Transporter Mixta mit unserer 9-lagigen Verdunkelungs-W\u00e4rmed\u00e4mmung, die sorgf\u00e4ltig entwickelt wurde, um maximale Leistung und Schutz zu bieten.<\/p>\n<p>&nbsp;<\/p>\n<p><strong>Hervorgehobene Funktionen:<\/strong><\/p>\n<ul>\n<li><strong>\u00dcberlegene thermische Effizienz:<\/strong> Mit 9 Schichten W\u00e4rmed\u00e4mmung fungieren unsere Verdunkelungs-W\u00e4rmeisolatoren als wirksame Hitzebarriere und halten Ihr Fahrzeug selbst an den hei\u00dfesten Tagen k\u00fchl und an den k\u00e4ltesten Tagen warm.<\/li>\n<li><strong>Totaler Blackout:<\/strong> Genie\u00dfen Sie die Privatsph\u00e4re, die Sie brauchen, mit unseren Fensterrollos, die nicht nur direktes Sonnenlicht blockieren, sondern auch vor neugierigen Blicken sch\u00fctzen.<\/li>\n<li><strong>Individuelle Passform:<\/strong> Speziell f\u00fcr den Volkswagen T5 Transporter Mixta entwickelt, garantieren wir eine perfekte Passform. Unsere Thermo-Verdunkelungsvorh\u00e4nge werden mit aufschraubbaren Saugn\u00e4pfen befestigt, sodass eine schnelle und sichere Montage m\u00f6glich ist.<\/li>\n<li><strong>Haltbarkeit und Qualit\u00e4t:<\/strong> Unsere Verdunkelungs-W\u00e4rmeisolatoren werden aus hochwertigen Materialien hergestellt, sind robust und langlebig und gew\u00e4hrleisten eine optimale Leistung \u00fcber einen langen Zeitraum.<\/li>\n<\/ul>\n<p>&nbsp;<\/p>\n<p><strong>Zus\u00e4tzliche Vorteile:<\/strong><\/p>\n<ul>\n<li><strong>UV-Schutz:<\/strong> Sie blockieren sch\u00e4dliche UV-Strahlen, um den Innenraum Ihres Autos zu sch\u00fctzen und die Lebensdauer Ihres Zubeh\u00f6rs zu verl\u00e4ngern.<\/li>\n<li><strong>Reduzierung des Energieverbrauchs:<\/strong> Durch die Aufrechterhaltung einer optimaleren Innentemperatur tragen Ihre Verdunkelungs-W\u00e4rmeisolatoren dazu bei, dass Ihre Klimaanlage oder Heizung effizienter arbeitet, was sich in einem geringeren Kraftstoffverbrauch niederschl\u00e4gt.<\/li>\n<li><strong>Stil und Funktionalit\u00e4t:<\/strong> Zus\u00e4tzlich zu ihren praktischen Vorteilen verleihen unsere Verdunkelungs-W\u00e4rmeisolatoren Ihrem Volkswagen T5 Transporter Mixta einen Hauch von Stil und verbessern die Gesamt\u00e4sthetik des Fahrzeugs.<\/li>\n<\/ul>\n<p>&nbsp;<\/p>\n<p>Entscheiden Sie sich f\u00fcr Komfort, Effizienz und Stil mit unseren 9-lagigen Verdunkelungs-W\u00e4rmeisolatoren, die exklusiv f\u00fcr den Volkswagen T5 Transporter Mixta entwickelt wurden. Erleben Sie zu jeder Jahreszeit die perfekte Reise.<\/p>","protected":false},"excerpt":{"rendered":"<p><strong>OPTIONEN:<\/strong><\/p>\n<p><strong>KABINE:<\/strong> Front-, Fahrer- und Beifahrerseitenfenster (3 St\u00fcck) (5 St\u00fcck, wenn es Dreiecke hat)<\/p>\n<p><strong>KASTEN:<\/strong> 2 Seiten der 2. Sitzreihe und Heckklappe bzw. Heckdoppelt\u00fcr je nach Modell (3 bzw. 4 St\u00fcck)<\/p>\n<p><strong>VOLLST\u00c4NDIG:<\/strong> Frontscheibe Fahrer- und Beifahrerseite, 2 Seiten der 2. Sitzreihe und Heckklappe bzw. Doppelheckt\u00fcr je nach Modell (je nach Ausf\u00fchrung 6 oder 7 St\u00fcck), bei Dreiecken w\u00e4ren es 8 bzw. 9<\/p>\n<p>&nbsp;<\/p>\n<p><strong>9-SCHICHT-W\u00c4RMEISOLATOREN<\/strong><\/p>\n<p>Hochwertige 9-lagige W\u00e4rmed\u00e4mmung und Verdunkelungsrollos isolieren sowohl hohe als auch niedrige Temperaturen und sorgen so f\u00fcr mehr Komfort im Inneren und absolute Dunkelheit f\u00fcr erholsame N\u00e4chte. Wird mit aufschraubbaren Saugn\u00e4pfen mit hoher Saugkraft gehalten, die sich zur einfachen Installation leicht entfernen lassen.<\/p>\n<p>Zusammensetzung<\/p>\n<ol>\n<li>90 Mikron Aluminium, UV- und kratzfest.<\/li>\n<li>2 mm expandiertes Polyethylen.<\/li>\n<li>38 Mikron Aluminiumfolie zur Isolierung.<\/li>\n<li>2 mm expandiertes Polyethylen.<\/li>\n<li>38 Mikron Aluminiumfolie.<\/li>\n<li>2 mm expandiertes Polyethylen.<\/li>\n<li>38 Mikron Aluminiumfolie.<\/li>\n<li>75 g\/m\u00b2 antiallergische Wattierung zur Isolierung.<\/li>\n<li>Antikondensations-PVC.<\/li>\n<\/ol>","protected":false},"featured_media":5404,"comment_status":"open","ping_status":"closed","template":"","meta":{"neve_meta_sidebar":"","neve_meta_container":"","neve_meta_enable_content_width":"off","neve_meta_content_width":100,"neve_meta_title_alignment":"","neve_meta_author_avatar":"","neve_post_elements_order":"","neve_meta_disable_header":"","neve_meta_disable_footer":"","neve_meta_disable_title":""},"product_brand":[],"product_cat":[62,61,102],"product_tag":[],"class_list":{"0":"post-5403","1":"product","2":"type-product","3":"status-publish","4":"has-post-thumbnail","6":"product_cat-aislantes","7":"product_cat-all-products","8":"product_cat-volkswagen","9":"pa_detalles-del-producto-pstrongspanspanspanopcionesspanspanspanstrongppspanstrongspanspancabinaspanspanstrongspanspan-luna-delantera-lateral-piloto-y-copiloto-3-piezas-5-piezas-en-caso-de-que-lleve-triangulitosspanspanspanpp","10":"pa_observaciones-plos-plazos-de-entrega-pueden-variar-segun-fechas-de-comprap","11":"pa_opciones-cabina","12":"pa_opciones-caja-doble-puerta-trasera","13":"pa_opciones-caja-porton-con-limpiaparabrisas","14":"pa_opciones-caja-porton-sin-limpiaparabrisas","15":"pa_opciones-completa-doble-puerta-trasera","16":"pa_opciones-completa-porton-con-limpia","17":"pa_opciones-completa-porton-sin-limpia","19":"first","20":"instock","21":"taxable","22":"shipping-taxable","23":"purchasable","24":"product-type-variable"},"yoast_head":"<!-- This site is optimized with the Yoast SEO plugin v27.3 - https:\/\/yoast.com\/product\/yoast-seo-wordpress\/ -->\n<title>Aislantes t\u00e9rmicos oscurecedores Volkswagen T5 Transporter Mixta | M2Camper<\/title>\n<meta name=\"description\" content=\"Aumenta el confort en tu Volkswagen T5 Transporter Mixta con nuestros aislantes t\u00e9rmicos oscurecedores de 9 capas y disfruta de un viaje m\u00e1s placentero todo el a\u00f1o.\" \/>\n<meta name=\"robots\" content=\"index, follow, max-snippet:-1, max-image-preview:large, max-video-preview:-1\" \/>\n<link rel=\"canonical\" href=\"https:\/\/m2camper.com\/de\/warmeisolatoren-zur-verdunkelung-des-volkswagen-t5-transporters\/\" \/>\n<meta property=\"og:locale\" content=\"de_DE\" \/>\n<meta property=\"og:type\" content=\"article\" \/>\n<meta property=\"og:title\" content=\"Aislantes t\u00e9rmicos oscurecedores Volkswagen T5 Transporter Mixta | M2Camper\" \/>\n<meta property=\"og:description\" content=\"Aumenta el confort en tu Volkswagen T5 Transporter Mixta con nuestros aislantes t\u00e9rmicos oscurecedores de 9 capas y disfruta de un viaje m\u00e1s placentero todo el a\u00f1o.\" \/>\n<meta property=\"og:url\" content=\"https:\/\/m2camper.com\/de\/warmeisolatoren-zur-verdunkelung-des-volkswagen-t5-transporters\/\" \/>\n<meta property=\"og:site_name\" content=\"M2 Camper | Aislantes t\u00e9rmicos y oscurecedores para campers\" \/>\n<meta property=\"article:modified_time\" content=\"2025-04-25T09:32:10+00:00\" \/>\n<meta property=\"og:image\" content=\"https:\/\/m2camper.com\/wp-content\/uploads\/2025\/01\/60c9aa_b9356207616c4728907a5d849d0f70admv2.png\" \/>\n\t<meta property=\"og:image:width\" content=\"550\" \/>\n\t<meta property=\"og:image:height\" content=\"413\" \/>\n\t<meta property=\"og:image:type\" content=\"image\/png\" \/>\n<meta name=\"twitter:card\" content=\"summary_large_image\" \/>\n<meta name=\"twitter:label1\" content=\"Gesch\u00e4tzte Lesezeit\" \/>\n\t<meta name=\"twitter:data1\" content=\"2\u00a0Minuten\" \/>\n<script type=\"application\/ld+json\" class=\"yoast-schema-graph\">{\"@context\":\"https:\\\/\\\/schema.org\",\"@graph\":[{\"@type\":\"WebPage\",\"@id\":\"https:\\\/\\\/m2camper.com\\\/aislantes-termicos-oscurecedores-volkswagen-t5-transporter-mixta\\\/\",\"url\":\"https:\\\/\\\/m2camper.com\\\/aislantes-termicos-oscurecedores-volkswagen-t5-transporter-mixta\\\/\",\"name\":\"Aislantes t\u00e9rmicos oscurecedores Volkswagen T5 Transporter Mixta | M2Camper\",\"isPartOf\":{\"@id\":\"https:\\\/\\\/m2camper.com\\\/pt\\\/#website\"},\"primaryImageOfPage\":{\"@id\":\"https:\\\/\\\/m2camper.com\\\/aislantes-termicos-oscurecedores-volkswagen-t5-transporter-mixta\\\/#primaryimage\"},\"image\":{\"@id\":\"https:\\\/\\\/m2camper.com\\\/aislantes-termicos-oscurecedores-volkswagen-t5-transporter-mixta\\\/#primaryimage\"},\"thumbnailUrl\":\"https:\\\/\\\/m2camper.com\\\/wp-content\\\/uploads\\\/2025\\\/01\\\/60c9aa_b9356207616c4728907a5d849d0f70admv2.png\",\"datePublished\":\"2023-12-12T14:13:14+00:00\",\"dateModified\":\"2025-04-25T09:32:10+00:00\",\"description\":\"Aumenta el confort en tu Volkswagen T5 Transporter Mixta con nuestros aislantes t\u00e9rmicos oscurecedores de 9 capas y disfruta de un viaje m\u00e1s placentero todo el a\u00f1o.\",\"breadcrumb\":{\"@id\":\"https:\\\/\\\/m2camper.com\\\/aislantes-termicos-oscurecedores-volkswagen-t5-transporter-mixta\\\/#breadcrumb\"},\"inLanguage\":\"de\",\"potentialAction\":[{\"@type\":\"ReadAction\",\"target\":[\"https:\\\/\\\/m2camper.com\\\/aislantes-termicos-oscurecedores-volkswagen-t5-transporter-mixta\\\/\"]}]},{\"@type\":\"ImageObject\",\"inLanguage\":\"de\",\"@id\":\"https:\\\/\\\/m2camper.com\\\/aislantes-termicos-oscurecedores-volkswagen-t5-transporter-mixta\\\/#primaryimage\",\"url\":\"https:\\\/\\\/m2camper.com\\\/wp-content\\\/uploads\\\/2025\\\/01\\\/60c9aa_b9356207616c4728907a5d849d0f70admv2.png\",\"contentUrl\":\"https:\\\/\\\/m2camper.com\\\/wp-content\\\/uploads\\\/2025\\\/01\\\/60c9aa_b9356207616c4728907a5d849d0f70admv2.png\",\"width\":550,\"height\":413},{\"@type\":\"BreadcrumbList\",\"@id\":\"https:\\\/\\\/m2camper.com\\\/aislantes-termicos-oscurecedores-volkswagen-t5-transporter-mixta\\\/#breadcrumb\",\"itemListElement\":[{\"@type\":\"ListItem\",\"position\":1,\"name\":\"Portada\",\"item\":\"https:\\\/\\\/m2camper.com\\\/pt\\\/\"},{\"@type\":\"ListItem\",\"position\":2,\"name\":\"Tienda\",\"item\":\"https:\\\/\\\/m2camper.com\\\/pt\\\/loja\\\/\"},{\"@type\":\"ListItem\",\"position\":3,\"name\":\"Aislantes t\u00e9rmicos oscurecedores Volkswagen T5 Transporter Mixta\"}]},{\"@type\":\"WebSite\",\"@id\":\"https:\\\/\\\/m2camper.com\\\/pt\\\/#website\",\"url\":\"https:\\\/\\\/m2camper.com\\\/pt\\\/\",\"name\":\"M2 Campers | Aislantes t\u00e9rmicos y oscurecedores para campers\",\"description\":\"Descubre calidad y confort de nuestros aislantes t\u00e9rmicos oscurecedores y colchones para veh\u00edculos. Optimiza tu experiencia en carretera con M2 Camper.\",\"potentialAction\":[{\"@type\":\"SearchAction\",\"target\":{\"@type\":\"EntryPoint\",\"urlTemplate\":\"https:\\\/\\\/m2camper.com\\\/pt\\\/?s={search_term_string}\"},\"query-input\":{\"@type\":\"PropertyValueSpecification\",\"valueRequired\":true,\"valueName\":\"search_term_string\"}}],\"inLanguage\":\"de\"}]}<\/script>\n<!-- \/ Yoast SEO plugin. -->","yoast_head_json":{"title":"Aislantes t\u00e9rmicos oscurecedores Volkswagen T5 Transporter Mixta | M2Camper","description":"Steigern Sie den Komfort Ihres Volkswagen T5 Transporter Mixta mit unserer 9-lagigen Verdunkelungs-W\u00e4rmed\u00e4mmung und genie\u00dfen Sie das ganze Jahr \u00fcber eine angenehmere Fahrt.","robots":{"index":"index","follow":"follow","max-snippet":"max-snippet:-1","max-image-preview":"max-image-preview:large","max-video-preview":"max-video-preview:-1"},"canonical":"https:\/\/m2camper.com\/de\/warmeisolatoren-zur-verdunkelung-des-volkswagen-t5-transporters\/","og_locale":"de_DE","og_type":"article","og_title":"Aislantes t\u00e9rmicos oscurecedores Volkswagen T5 Transporter Mixta | M2Camper","og_description":"Aumenta el confort en tu Volkswagen T5 Transporter Mixta con nuestros aislantes t\u00e9rmicos oscurecedores de 9 capas y disfruta de un viaje m\u00e1s placentero todo el a\u00f1o.","og_url":"https:\/\/m2camper.com\/de\/warmeisolatoren-zur-verdunkelung-des-volkswagen-t5-transporters\/","og_site_name":"M2 Camper | Aislantes t\u00e9rmicos y oscurecedores para campers","article_modified_time":"2025-04-25T09:32:10+00:00","og_image":[{"width":550,"height":413,"url":"https:\/\/m2camper.com\/wp-content\/uploads\/2025\/01\/60c9aa_b9356207616c4728907a5d849d0f70admv2.png","type":"image\/png"}],"twitter_card":"summary_large_image","twitter_misc":{"Gesch\u00e4tzte Lesezeit":"2\u00a0Minuten"},"schema":{"@context":"https:\/\/schema.org","@graph":[{"@type":"WebPage","@id":"https:\/\/m2camper.com\/aislantes-termicos-oscurecedores-volkswagen-t5-transporter-mixta\/","url":"https:\/\/m2camper.com\/aislantes-termicos-oscurecedores-volkswagen-t5-transporter-mixta\/","name":"Aislantes t\u00e9rmicos oscurecedores Volkswagen T5 Transporter Mixta | M2Camper","isPartOf":{"@id":"https:\/\/m2camper.com\/pt\/#website"},"primaryImageOfPage":{"@id":"https:\/\/m2camper.com\/aislantes-termicos-oscurecedores-volkswagen-t5-transporter-mixta\/#primaryimage"},"image":{"@id":"https:\/\/m2camper.com\/aislantes-termicos-oscurecedores-volkswagen-t5-transporter-mixta\/#primaryimage"},"thumbnailUrl":"https:\/\/m2camper.com\/wp-content\/uploads\/2025\/01\/60c9aa_b9356207616c4728907a5d849d0f70admv2.png","datePublished":"2023-12-12T14:13:14+00:00","dateModified":"2025-04-25T09:32:10+00:00","description":"Steigern Sie den Komfort Ihres Volkswagen T5 Transporter Mixta mit unserer 9-lagigen Verdunkelungs-W\u00e4rmed\u00e4mmung und genie\u00dfen Sie das ganze Jahr \u00fcber eine angenehmere Fahrt.","breadcrumb":{"@id":"https:\/\/m2camper.com\/aislantes-termicos-oscurecedores-volkswagen-t5-transporter-mixta\/#breadcrumb"},"inLanguage":"de","potentialAction":[{"@type":"ReadAction","target":["https:\/\/m2camper.com\/aislantes-termicos-oscurecedores-volkswagen-t5-transporter-mixta\/"]}]},{"@type":"ImageObject","inLanguage":"de","@id":"https:\/\/m2camper.com\/aislantes-termicos-oscurecedores-volkswagen-t5-transporter-mixta\/#primaryimage","url":"https:\/\/m2camper.com\/wp-content\/uploads\/2025\/01\/60c9aa_b9356207616c4728907a5d849d0f70admv2.png","contentUrl":"https:\/\/m2camper.com\/wp-content\/uploads\/2025\/01\/60c9aa_b9356207616c4728907a5d849d0f70admv2.png","width":550,"height":413},{"@type":"BreadcrumbList","@id":"https:\/\/m2camper.com\/aislantes-termicos-oscurecedores-volkswagen-t5-transporter-mixta\/#breadcrumb","itemListElement":[{"@type":"ListItem","position":1,"name":"Portada","item":"https:\/\/m2camper.com\/pt\/"},{"@type":"ListItem","position":2,"name":"Tienda","item":"https:\/\/m2camper.com\/pt\/loja\/"},{"@type":"ListItem","position":3,"name":"Aislantes t\u00e9rmicos oscurecedores Volkswagen T5 Transporter Mixta"}]},{"@type":"WebSite","@id":"https:\/\/m2camper.com\/pt\/#website","url":"https:\/\/m2camper.com\/pt\/","name":"M2 Wohnmobile | W\u00e4rmed\u00e4mmung und Verdunkelung f\u00fcr Camper","description":"Entdecken Sie die Qualit\u00e4t und den Komfort unserer w\u00e4rmeisolierenden Verdunkelungen und Matratzen f\u00fcr Fahrzeuge. Optimieren Sie Ihren Aufenthalt auf der Stra\u00dfe mit M2 Camper.","potentialAction":[{"@type":"SearchAction","target":{"@type":"EntryPoint","urlTemplate":"https:\/\/m2camper.com\/pt\/?s={search_term_string}"},"query-input":{"@type":"PropertyValueSpecification","valueRequired":true,"valueName":"search_term_string"}}],"inLanguage":"de"}]}},"_links":{"self":[{"href":"https:\/\/m2camper.com\/de\/wp-json\/wp\/v2\/product\/5403","targetHints":{"allow":["GET"]}}],"collection":[{"href":"https:\/\/m2camper.com\/de\/wp-json\/wp\/v2\/product"}],"about":[{"href":"https:\/\/m2camper.com\/de\/wp-json\/wp\/v2\/types\/product"}],"replies":[{"embeddable":true,"href":"https:\/\/m2camper.com\/de\/wp-json\/wp\/v2\/comments?post=5403"}],"wp:featuredmedia":[{"embeddable":true,"href":"https:\/\/m2camper.com\/de\/wp-json\/wp\/v2\/media\/5404"}],"wp:attachment":[{"href":"https:\/\/m2camper.com\/de\/wp-json\/wp\/v2\/media?parent=5403"}],"wp:term":[{"taxonomy":"product_brand","embeddable":true,"href":"https:\/\/m2camper.com\/de\/wp-json\/wp\/v2\/product_brand?post=5403"},{"taxonomy":"product_cat","embeddable":true,"href":"https:\/\/m2camper.com\/de\/wp-json\/wp\/v2\/product_cat?post=5403"},{"taxonomy":"product_tag","embeddable":true,"href":"https:\/\/m2camper.com\/de\/wp-json\/wp\/v2\/product_tag?post=5403"}],"curies":[{"name":"wp","href":"https:\/\/api.w.org\/{rel}","templated":true}]}}