{"id":4170,"date":"2024-12-16T14:08:23","date_gmt":"2024-12-16T14:08:23","guid":{"rendered":"https:\/\/m2campera.proyectosdesarrollosweb.com\/?product=aislantes-termicos-oscurecedores-citroen-berlingo-ii-techo-modutop"},"modified":"2025-04-25T09:32:07","modified_gmt":"2025-04-25T09:32:07","slug":"citroen-berlingo-ii-modutop-warmeisolatoren-zur-verdunkelung-des-daches","status":"publish","type":"product","link":"https:\/\/m2camper.com\/de\/citroen-berlingo-ii-modutop-warmeisolatoren-zur-verdunkelung-des-daches\/","title":{"rendered":"Citro\u00ebn Berlingo II Modutop Dach-W\u00e4rmed\u00e4mmrollos"},"content":{"rendered":"<p>Erleben Sie unvergleichlichen Komfort in Ihrem Citro\u00ebn Berlingo II mit Modutop-Dach mit unserer 9-lagigen Verdunkelungs-W\u00e4rmed\u00e4mmung, die sorgf\u00e4ltig entwickelt wurde, um maximale Leistung und Schutz zu bieten.<\/p>\n<p>&nbsp;<\/p>\n<p><strong>Hervorgehobene Funktionen:<\/strong><\/p>\n<ul>\n<li><span><strong>\u00dcberlegene thermische Effizienz:<\/strong> Mit 9 Schichten W\u00e4rmed\u00e4mmung fungieren unsere Verdunkelungs-W\u00e4rmeisolatoren als wirksame Hitzebarriere und halten Ihr Fahrzeug selbst an den hei\u00dfesten Tagen k\u00fchl und an den k\u00e4ltesten Tagen warm.<\/span><\/li>\n<li><span><strong>Totaler Blackout:<\/strong> Genie\u00dfen Sie die Privatsph\u00e4re, die Sie brauchen, mit unseren Fensterrollos, die nicht nur direktes Sonnenlicht blockieren, sondern auch vor neugierigen Blicken sch\u00fctzen.<\/span><\/li>\n<li><span><strong>Individuelle Passform:<\/strong> Speziell f\u00fcr den Citro\u00ebn Berlingo II mit Modutop-Dach entwickelt, garantieren wir eine perfekte Passform. Unsere Thermo-Verdunkelungsvorh\u00e4nge werden mit aufschraubbaren Saugn\u00e4pfen befestigt, sodass eine schnelle und sichere Montage m\u00f6glich ist.<\/span><\/li>\n<li><span><strong>Haltbarkeit und Qualit\u00e4t:<\/strong> Unsere Verdunkelungs-W\u00e4rmeisolatoren werden aus hochwertigen Materialien hergestellt, sind robust und langlebig und gew\u00e4hrleisten eine optimale Leistung \u00fcber einen langen Zeitraum.<\/span><\/li>\n<\/ul>\n<p>&nbsp;<\/p>\n<p><strong>Zus\u00e4tzliche Vorteile:<\/strong><\/p>\n<ul>\n<li><span><strong>UV-Schutz:<\/strong> Sie blockieren sch\u00e4dliche UV-Strahlen, um den Innenraum Ihres Autos zu sch\u00fctzen und die Lebensdauer Ihres Zubeh\u00f6rs zu verl\u00e4ngern.<\/span><\/li>\n<li><span><strong>Reduzierung des Energieverbrauchs:<\/strong> Durch die Aufrechterhaltung einer optimaleren Innentemperatur tragen Ihre Verdunkelungs-W\u00e4rmeisolatoren dazu bei, dass Ihre Klimaanlage oder Heizung effizienter arbeitet, was sich in einem geringeren Kraftstoffverbrauch niederschl\u00e4gt.<\/span><\/li>\n<li><span><strong>Stil und Funktionalit\u00e4t:<\/strong> Zus\u00e4tzlich zu ihren praktischen Vorteilen verleihen unsere Verdunkelungs-W\u00e4rmeisolatoren Ihrem Citro\u00ebn Berlingo II mit Modutop-Dach einen Hauch von Stil und verbessern die Gesamt\u00e4sthetik des Fahrzeugs.<\/span><\/li>\n<\/ul>\n<p>&nbsp;<\/p>\n<p>Entscheiden Sie sich f\u00fcr Komfort, Effizienz und Stil mit unseren 9-lagigen Verdunkelungs-W\u00e4rmeisolatoren, die exklusiv f\u00fcr den Citro\u00ebn Berlingo II mit Modutop-Dach entwickelt wurden. Erleben Sie zu jeder Jahreszeit die perfekte Reise.<\/p>","protected":false},"excerpt":{"rendered":"<p><span><span><strong><span><span><span>9-SCHICHT-W\u00c4RMEISOLATOREN<\/span><\/span><\/span><\/strong><\/span><\/span><\/p>\n<p><span><span><span><span><span>Hochwertige 9-lagige W\u00e4rmed\u00e4mmung und Verdunkelungsrollos isolieren sowohl hohe als auch niedrige Temperaturen und sorgen so f\u00fcr mehr Komfort im Inneren und absolute Dunkelheit f\u00fcr erholsame N\u00e4chte. Wird mit aufschraubbaren Saugn\u00e4pfen mit hoher Saugkraft an Ort und Stelle gehalten, die sich zur einfachen Installation leicht entfernen lassen.<\/span><\/span><\/span><\/span><\/span><\/p>\n<p><span><span><span><span><span>Zusammensetzung<\/span><\/span><\/span><\/span><\/span><\/p>\n<p>&nbsp;<\/p>\n<ol>\n<li><span><span><span><span><span>90 Mikron Aluminium, UV- und kratzfest.<\/span><\/span><\/span><\/span><\/span><\/li>\n<li><span><span><span><span><span>2 mm expandiertes Polyethylen.<\/span><\/span><\/span><\/span><\/span><\/li>\n<li><span><span><span><span><span>38 Mikron Aluminiumfolie zur Isolierung.<\/span><\/span><\/span><\/span><\/span><\/li>\n<li><span><span><span><span><span>2 mm expandiertes Polyethylen.<\/span><\/span><\/span><\/span><\/span><\/li>\n<li><span><span><span><span><span>38 Mikron Aluminiumfolie.<\/span><\/span><\/span><\/span><\/span><\/li>\n<li><span><span><span><span><span>2 mm expandiertes Polyethylen.<\/span><\/span><\/span><\/span><\/span><\/li>\n<li><span><span><span><span><span>38 Mikron Aluminiumfolie.<\/span><\/span><\/span><\/span><\/span><\/li>\n<li><span><span><span><span><span>75 g\/m\u00b2 antiallergische Wattierung zur Isolierung.<\/span><\/span><\/span><\/span><\/span><\/li>\n<li><span><span><span><span><span>Antikondensations-PVC.<\/span><\/span><\/span><\/span><\/span><\/li>\n<\/ol>","protected":false},"featured_media":4171,"comment_status":"open","ping_status":"closed","template":"","meta":{"neve_meta_sidebar":"","neve_meta_container":"","neve_meta_enable_content_width":"","neve_meta_content_width":0,"neve_meta_title_alignment":"","neve_meta_author_avatar":"","neve_post_elements_order":"","neve_meta_disable_header":"","neve_meta_disable_footer":"","neve_meta_disable_title":""},"product_brand":[],"product_cat":[69,62,61],"product_tag":[],"class_list":{"0":"post-4170","1":"product","2":"type-product","3":"status-publish","4":"has-post-thumbnail","6":"product_cat-citroen","7":"product_cat-aislantes","8":"product_cat-all-products","9":"pa_detalles-del-producto-pspanspanstrongspanspanspanaislantes-termicos-9-capasspanspanspanstrongspanspanppspanspanspanspanspanaislante-termico-y-oscurecedor-de-9-capas-de-gran-calidad-indicados-para-aislar-tanto-las-altas-tem","10":"pa_observaciones-plos-plazos-de-entrega-pueden-variar-segun-fechas-de-comprap","11":"pa_opciones-completa-con-techo-modutop","12":"pa_opciones-techo-modutop","14":"first","15":"instock","16":"taxable","17":"shipping-taxable","18":"purchasable","19":"product-type-variable"},"yoast_head":"<!-- This site is optimized with the Yoast SEO plugin v27.4 - https:\/\/yoast.com\/product\/yoast-seo-wordpress\/ -->\n<title>Aislantes t\u00e9rmicos oscurecedores Citro\u00ebn Berlingo II Techo Modutop | M2Camper<\/title>\n<meta name=\"description\" content=\"Aumenta el confort en tu Citro\u00ebn Berlingo II con Techo Modutop, con nuestros aislantes t\u00e9rmicos oscurecedores de 9 capas yd isfruta de un viaje m\u00e1s placentero.\" \/>\n<meta name=\"robots\" content=\"index, follow, max-snippet:-1, max-image-preview:large, max-video-preview:-1\" \/>\n<link rel=\"canonical\" href=\"https:\/\/m2camper.com\/de\/citroen-berlingo-ii-modutop-warmeisolatoren-zur-verdunkelung-des-daches\/\" \/>\n<meta property=\"og:locale\" content=\"de_DE\" \/>\n<meta property=\"og:type\" content=\"article\" \/>\n<meta property=\"og:title\" content=\"Aislantes t\u00e9rmicos oscurecedores Citro\u00ebn Berlingo II Techo Modutop | M2Camper\" \/>\n<meta property=\"og:description\" content=\"Aumenta el confort en tu Citro\u00ebn Berlingo II con Techo Modutop, con nuestros aislantes t\u00e9rmicos oscurecedores de 9 capas yd isfruta de un viaje m\u00e1s placentero.\" \/>\n<meta property=\"og:url\" content=\"https:\/\/m2camper.com\/de\/citroen-berlingo-ii-modutop-warmeisolatoren-zur-verdunkelung-des-daches\/\" \/>\n<meta property=\"og:site_name\" content=\"M2 Camper | Aislantes t\u00e9rmicos y oscurecedores para campers\" \/>\n<meta property=\"article:modified_time\" content=\"2025-04-25T09:32:07+00:00\" \/>\n<meta property=\"og:image\" content=\"https:\/\/m2camper.com\/wp-content\/uploads\/2025\/01\/60c9aa_c6a21aa2ba8b49dca2a0d7af3d12d3f6mv2.jpg\" \/>\n\t<meta property=\"og:image:width\" content=\"1229\" \/>\n\t<meta property=\"og:image:height\" content=\"768\" \/>\n\t<meta property=\"og:image:type\" content=\"image\/jpeg\" \/>\n<meta name=\"twitter:card\" content=\"summary_large_image\" \/>\n<meta name=\"twitter:label1\" content=\"Gesch\u00e4tzte Lesezeit\" \/>\n\t<meta name=\"twitter:data1\" content=\"2\u00a0Minuten\" \/>\n<script type=\"application\/ld+json\" class=\"yoast-schema-graph\">{\"@context\":\"https:\\\/\\\/schema.org\",\"@graph\":[{\"@type\":\"WebPage\",\"@id\":\"https:\\\/\\\/m2camper.com\\\/aislantes-termicos-oscurecedores-citroen-berlingo-ii-techo-modutop\\\/\",\"url\":\"https:\\\/\\\/m2camper.com\\\/aislantes-termicos-oscurecedores-citroen-berlingo-ii-techo-modutop\\\/\",\"name\":\"Aislantes t\u00e9rmicos oscurecedores Citro\u00ebn Berlingo II Techo Modutop | M2Camper\",\"isPartOf\":{\"@id\":\"https:\\\/\\\/m2camper.com\\\/pt\\\/#website\"},\"primaryImageOfPage\":{\"@id\":\"https:\\\/\\\/m2camper.com\\\/aislantes-termicos-oscurecedores-citroen-berlingo-ii-techo-modutop\\\/#primaryimage\"},\"image\":{\"@id\":\"https:\\\/\\\/m2camper.com\\\/aislantes-termicos-oscurecedores-citroen-berlingo-ii-techo-modutop\\\/#primaryimage\"},\"thumbnailUrl\":\"https:\\\/\\\/m2camper.com\\\/wp-content\\\/uploads\\\/2025\\\/01\\\/60c9aa_c6a21aa2ba8b49dca2a0d7af3d12d3f6mv2.jpg\",\"datePublished\":\"2024-12-16T14:08:23+00:00\",\"dateModified\":\"2025-04-25T09:32:07+00:00\",\"description\":\"Aumenta el confort en tu Citro\u00ebn Berlingo II con Techo Modutop, con nuestros aislantes t\u00e9rmicos oscurecedores de 9 capas yd isfruta de un viaje m\u00e1s placentero.\",\"breadcrumb\":{\"@id\":\"https:\\\/\\\/m2camper.com\\\/aislantes-termicos-oscurecedores-citroen-berlingo-ii-techo-modutop\\\/#breadcrumb\"},\"inLanguage\":\"de\",\"potentialAction\":[{\"@type\":\"ReadAction\",\"target\":[\"https:\\\/\\\/m2camper.com\\\/aislantes-termicos-oscurecedores-citroen-berlingo-ii-techo-modutop\\\/\"]}]},{\"@type\":\"ImageObject\",\"inLanguage\":\"de\",\"@id\":\"https:\\\/\\\/m2camper.com\\\/aislantes-termicos-oscurecedores-citroen-berlingo-ii-techo-modutop\\\/#primaryimage\",\"url\":\"https:\\\/\\\/m2camper.com\\\/wp-content\\\/uploads\\\/2025\\\/01\\\/60c9aa_c6a21aa2ba8b49dca2a0d7af3d12d3f6mv2.jpg\",\"contentUrl\":\"https:\\\/\\\/m2camper.com\\\/wp-content\\\/uploads\\\/2025\\\/01\\\/60c9aa_c6a21aa2ba8b49dca2a0d7af3d12d3f6mv2.jpg\",\"width\":1229,\"height\":768},{\"@type\":\"BreadcrumbList\",\"@id\":\"https:\\\/\\\/m2camper.com\\\/aislantes-termicos-oscurecedores-citroen-berlingo-ii-techo-modutop\\\/#breadcrumb\",\"itemListElement\":[{\"@type\":\"ListItem\",\"position\":1,\"name\":\"Portada\",\"item\":\"https:\\\/\\\/m2camper.com\\\/pt\\\/\"},{\"@type\":\"ListItem\",\"position\":2,\"name\":\"Tienda\",\"item\":\"https:\\\/\\\/m2camper.com\\\/pt\\\/loja\\\/\"},{\"@type\":\"ListItem\",\"position\":3,\"name\":\"Aislantes t\u00e9rmicos oscurecedores Citro\u00ebn Berlingo II Techo Modutop\"}]},{\"@type\":\"WebSite\",\"@id\":\"https:\\\/\\\/m2camper.com\\\/pt\\\/#website\",\"url\":\"https:\\\/\\\/m2camper.com\\\/pt\\\/\",\"name\":\"M2 Campers | Aislantes t\u00e9rmicos y oscurecedores para campers\",\"description\":\"Descubre calidad y confort de nuestros aislantes t\u00e9rmicos oscurecedores y colchones para veh\u00edculos. Optimiza tu experiencia en carretera con M2 Camper.\",\"potentialAction\":[{\"@type\":\"SearchAction\",\"target\":{\"@type\":\"EntryPoint\",\"urlTemplate\":\"https:\\\/\\\/m2camper.com\\\/pt\\\/?s={search_term_string}\"},\"query-input\":{\"@type\":\"PropertyValueSpecification\",\"valueRequired\":true,\"valueName\":\"search_term_string\"}}],\"inLanguage\":\"de\"}]}<\/script>\n<!-- \/ Yoast SEO plugin. -->","yoast_head_json":{"title":"Aislantes t\u00e9rmicos oscurecedores Citro\u00ebn Berlingo II Techo Modutop | M2Camper","description":"Steigern Sie den Komfort Ihres Citro\u00ebn Berlingo II mit dem Modutop-Dach und unseren 9-lagigen Verdunkelungs-W\u00e4rmeisolatoren und genie\u00dfen Sie eine angenehmere Fahrt.","robots":{"index":"index","follow":"follow","max-snippet":"max-snippet:-1","max-image-preview":"max-image-preview:large","max-video-preview":"max-video-preview:-1"},"canonical":"https:\/\/m2camper.com\/de\/citroen-berlingo-ii-modutop-warmeisolatoren-zur-verdunkelung-des-daches\/","og_locale":"de_DE","og_type":"article","og_title":"Aislantes t\u00e9rmicos oscurecedores Citro\u00ebn Berlingo II Techo Modutop | M2Camper","og_description":"Aumenta el confort en tu Citro\u00ebn Berlingo II con Techo Modutop, con nuestros aislantes t\u00e9rmicos oscurecedores de 9 capas yd isfruta de un viaje m\u00e1s placentero.","og_url":"https:\/\/m2camper.com\/de\/citroen-berlingo-ii-modutop-warmeisolatoren-zur-verdunkelung-des-daches\/","og_site_name":"M2 Camper | Aislantes t\u00e9rmicos y oscurecedores para campers","article_modified_time":"2025-04-25T09:32:07+00:00","og_image":[{"width":1229,"height":768,"url":"https:\/\/m2camper.com\/wp-content\/uploads\/2025\/01\/60c9aa_c6a21aa2ba8b49dca2a0d7af3d12d3f6mv2.jpg","type":"image\/jpeg"}],"twitter_card":"summary_large_image","twitter_misc":{"Gesch\u00e4tzte Lesezeit":"2\u00a0Minuten"},"schema":{"@context":"https:\/\/schema.org","@graph":[{"@type":"WebPage","@id":"https:\/\/m2camper.com\/aislantes-termicos-oscurecedores-citroen-berlingo-ii-techo-modutop\/","url":"https:\/\/m2camper.com\/aislantes-termicos-oscurecedores-citroen-berlingo-ii-techo-modutop\/","name":"Aislantes t\u00e9rmicos oscurecedores Citro\u00ebn Berlingo II Techo Modutop | M2Camper","isPartOf":{"@id":"https:\/\/m2camper.com\/pt\/#website"},"primaryImageOfPage":{"@id":"https:\/\/m2camper.com\/aislantes-termicos-oscurecedores-citroen-berlingo-ii-techo-modutop\/#primaryimage"},"image":{"@id":"https:\/\/m2camper.com\/aislantes-termicos-oscurecedores-citroen-berlingo-ii-techo-modutop\/#primaryimage"},"thumbnailUrl":"https:\/\/m2camper.com\/wp-content\/uploads\/2025\/01\/60c9aa_c6a21aa2ba8b49dca2a0d7af3d12d3f6mv2.jpg","datePublished":"2024-12-16T14:08:23+00:00","dateModified":"2025-04-25T09:32:07+00:00","description":"Steigern Sie den Komfort Ihres Citro\u00ebn Berlingo II mit dem Modutop-Dach und unseren 9-lagigen Verdunkelungs-W\u00e4rmeisolatoren und genie\u00dfen Sie eine angenehmere Fahrt.","breadcrumb":{"@id":"https:\/\/m2camper.com\/aislantes-termicos-oscurecedores-citroen-berlingo-ii-techo-modutop\/#breadcrumb"},"inLanguage":"de","potentialAction":[{"@type":"ReadAction","target":["https:\/\/m2camper.com\/aislantes-termicos-oscurecedores-citroen-berlingo-ii-techo-modutop\/"]}]},{"@type":"ImageObject","inLanguage":"de","@id":"https:\/\/m2camper.com\/aislantes-termicos-oscurecedores-citroen-berlingo-ii-techo-modutop\/#primaryimage","url":"https:\/\/m2camper.com\/wp-content\/uploads\/2025\/01\/60c9aa_c6a21aa2ba8b49dca2a0d7af3d12d3f6mv2.jpg","contentUrl":"https:\/\/m2camper.com\/wp-content\/uploads\/2025\/01\/60c9aa_c6a21aa2ba8b49dca2a0d7af3d12d3f6mv2.jpg","width":1229,"height":768},{"@type":"BreadcrumbList","@id":"https:\/\/m2camper.com\/aislantes-termicos-oscurecedores-citroen-berlingo-ii-techo-modutop\/#breadcrumb","itemListElement":[{"@type":"ListItem","position":1,"name":"Portada","item":"https:\/\/m2camper.com\/pt\/"},{"@type":"ListItem","position":2,"name":"Tienda","item":"https:\/\/m2camper.com\/pt\/loja\/"},{"@type":"ListItem","position":3,"name":"Aislantes t\u00e9rmicos oscurecedores Citro\u00ebn Berlingo II Techo Modutop"}]},{"@type":"WebSite","@id":"https:\/\/m2camper.com\/pt\/#website","url":"https:\/\/m2camper.com\/pt\/","name":"M2 Wohnmobile | W\u00e4rmed\u00e4mmung und Verdunkelung f\u00fcr Camper","description":"Entdecken Sie die Qualit\u00e4t und den Komfort unserer w\u00e4rmeisolierenden Verdunkelungen und Matratzen f\u00fcr Fahrzeuge. Optimieren Sie Ihren Aufenthalt auf der Stra\u00dfe mit M2 Camper.","potentialAction":[{"@type":"SearchAction","target":{"@type":"EntryPoint","urlTemplate":"https:\/\/m2camper.com\/pt\/?s={search_term_string}"},"query-input":{"@type":"PropertyValueSpecification","valueRequired":true,"valueName":"search_term_string"}}],"inLanguage":"de"}]}},"_links":{"self":[{"href":"https:\/\/m2camper.com\/de\/wp-json\/wp\/v2\/product\/4170","targetHints":{"allow":["GET"]}}],"collection":[{"href":"https:\/\/m2camper.com\/de\/wp-json\/wp\/v2\/product"}],"about":[{"href":"https:\/\/m2camper.com\/de\/wp-json\/wp\/v2\/types\/product"}],"replies":[{"embeddable":true,"href":"https:\/\/m2camper.com\/de\/wp-json\/wp\/v2\/comments?post=4170"}],"wp:featuredmedia":[{"embeddable":true,"href":"https:\/\/m2camper.com\/de\/wp-json\/wp\/v2\/media\/4171"}],"wp:attachment":[{"href":"https:\/\/m2camper.com\/de\/wp-json\/wp\/v2\/media?parent=4170"}],"wp:term":[{"taxonomy":"product_brand","embeddable":true,"href":"https:\/\/m2camper.com\/de\/wp-json\/wp\/v2\/product_brand?post=4170"},{"taxonomy":"product_cat","embeddable":true,"href":"https:\/\/m2camper.com\/de\/wp-json\/wp\/v2\/product_cat?post=4170"},{"taxonomy":"product_tag","embeddable":true,"href":"https:\/\/m2camper.com\/de\/wp-json\/wp\/v2\/product_tag?post=4170"}],"curies":[{"name":"wp","href":"https:\/\/api.w.org\/{rel}","templated":true}]}}