{"id":3597,"date":"2025-01-23T14:05:59","date_gmt":"2025-01-23T14:05:59","guid":{"rendered":"https:\/\/m2campera.proyectosdesarrollosweb.com\/?product=nos-adaptamos-a-tus-necesidades-precios-orientativos"},"modified":"2025-04-25T09:32:05","modified_gmt":"2025-04-25T09:32:05","slug":"wir-passen-uns-ihren-bedurfnissen-an-richtpreise","status":"publish","type":"product","link":"https:\/\/m2camper.com\/de\/wir-passen-uns-ihren-bedurfnissen-an-richtpreise\/","title":{"rendered":"Wir passen uns Ihren Bed\u00fcrfnissen an (ungef\u00e4hre Preise)"},"content":{"rendered":"<p>Ma\u00dfgefertigte Matratzen f\u00fcr Ihr Wohnmobil nach Ihren Bed\u00fcrfnissen und Ihrem Geschmack<\/p>\n<p>Die Preise variieren je nach Gr\u00f6\u00dfe.<\/p>\n<p>Kontaktieren Sie uns f\u00fcr Ihr Angebot<\/p>","protected":false},"excerpt":{"rendered":"<p>Ma\u00dfgefertigte Matratzen f\u00fcr Ihr Wohnmobil ganz nach Ihren Bed\u00fcrfnissen und Ihrem Geschmack. Die Preise variieren je nach Ma\u00df. Kontaktieren Sie uns f\u00fcr Ihr Angebot.<\/p>","protected":false},"featured_media":3598,"comment_status":"open","ping_status":"closed","template":"","meta":{"neve_meta_sidebar":"","neve_meta_container":"","neve_meta_enable_content_width":"","neve_meta_content_width":0,"neve_meta_title_alignment":"","neve_meta_author_avatar":"","neve_post_elements_order":"","neve_meta_disable_header":"","neve_meta_disable_footer":"","neve_meta_disable_title":""},"product_brand":[],"product_cat":[70,61],"product_tag":[],"class_list":{"0":"post-3597","1":"product","2":"type-product","3":"status-publish","4":"has-post-thumbnail","6":"product_cat-colchones","7":"product_cat-all-products","9":"first","10":"instock","11":"taxable","12":"shipping-taxable","13":"purchasable","14":"product-type-simple"},"yoast_head":"<!-- This site is optimized with the Yoast SEO plugin v27.4 - https:\/\/yoast.com\/product\/yoast-seo-wordpress\/ -->\n<title>Nos adaptamos a tus necesidades (precios orientativos) | M2Camper<\/title>\n<meta name=\"description\" content=\"Aislantes t\u00e9rmicos de 9 capas para Nos adaptamos a tus necesidades (precios orientativos). Oscurece las ventanas, mejora el aislamiento t\u00e9rmico y aporta privacidad. Fabricados a medida.\" \/>\n<meta name=\"robots\" content=\"index, follow, max-snippet:-1, max-image-preview:large, max-video-preview:-1\" \/>\n<link rel=\"canonical\" href=\"https:\/\/m2camper.com\/de\/wir-passen-uns-ihren-bedurfnissen-an-richtpreise\/\" \/>\n<meta property=\"og:locale\" content=\"de_DE\" \/>\n<meta property=\"og:type\" content=\"article\" \/>\n<meta property=\"og:title\" content=\"Nos adaptamos a tus necesidades (precios orientativos) | M2Camper\" \/>\n<meta property=\"og:description\" content=\"Aislantes t\u00e9rmicos de 9 capas para Nos adaptamos a tus necesidades (precios orientativos). Oscurece las ventanas, mejora el aislamiento t\u00e9rmico y aporta privacidad. Fabricados a medida.\" \/>\n<meta property=\"og:url\" content=\"https:\/\/m2camper.com\/de\/wir-passen-uns-ihren-bedurfnissen-an-richtpreise\/\" \/>\n<meta property=\"og:site_name\" content=\"M2 Camper | Aislantes t\u00e9rmicos y oscurecedores para campers\" \/>\n<meta property=\"article:modified_time\" content=\"2025-04-25T09:32:05+00:00\" \/>\n<meta property=\"og:image\" content=\"https:\/\/m2camper.com\/wp-content\/uploads\/2025\/01\/60c9aa_fe2a58cd736d4ad09d538bafee731437mv2_d_4128_3096_s_4_2-scaled.jpg\" \/>\n\t<meta property=\"og:image:width\" content=\"2560\" \/>\n\t<meta property=\"og:image:height\" content=\"1920\" \/>\n\t<meta property=\"og:image:type\" content=\"image\/jpeg\" \/>\n<meta name=\"twitter:card\" content=\"summary_large_image\" \/>\n<script type=\"application\/ld+json\" class=\"yoast-schema-graph\">{\"@context\":\"https:\\\/\\\/schema.org\",\"@graph\":[{\"@type\":\"WebPage\",\"@id\":\"https:\\\/\\\/m2camper.com\\\/nos-adaptamos-a-tus-necesidades-precios-orientativos\\\/\",\"url\":\"https:\\\/\\\/m2camper.com\\\/nos-adaptamos-a-tus-necesidades-precios-orientativos\\\/\",\"name\":\"Nos adaptamos a tus necesidades (precios orientativos) | M2Camper\",\"isPartOf\":{\"@id\":\"https:\\\/\\\/m2camper.com\\\/pt\\\/#website\"},\"primaryImageOfPage\":{\"@id\":\"https:\\\/\\\/m2camper.com\\\/nos-adaptamos-a-tus-necesidades-precios-orientativos\\\/#primaryimage\"},\"image\":{\"@id\":\"https:\\\/\\\/m2camper.com\\\/nos-adaptamos-a-tus-necesidades-precios-orientativos\\\/#primaryimage\"},\"thumbnailUrl\":\"https:\\\/\\\/m2camper.com\\\/wp-content\\\/uploads\\\/2025\\\/01\\\/60c9aa_fe2a58cd736d4ad09d538bafee731437mv2_d_4128_3096_s_4_2-scaled.jpg\",\"datePublished\":\"2025-01-23T14:05:59+00:00\",\"dateModified\":\"2025-04-25T09:32:05+00:00\",\"description\":\"Aislantes t\u00e9rmicos de 9 capas para Nos adaptamos a tus necesidades (precios orientativos). Oscurece las ventanas, mejora el aislamiento t\u00e9rmico y aporta privacidad. Fabricados a medida.\",\"breadcrumb\":{\"@id\":\"https:\\\/\\\/m2camper.com\\\/nos-adaptamos-a-tus-necesidades-precios-orientativos\\\/#breadcrumb\"},\"inLanguage\":\"de\",\"potentialAction\":[{\"@type\":\"ReadAction\",\"target\":[\"https:\\\/\\\/m2camper.com\\\/nos-adaptamos-a-tus-necesidades-precios-orientativos\\\/\"]}]},{\"@type\":\"ImageObject\",\"inLanguage\":\"de\",\"@id\":\"https:\\\/\\\/m2camper.com\\\/nos-adaptamos-a-tus-necesidades-precios-orientativos\\\/#primaryimage\",\"url\":\"https:\\\/\\\/m2camper.com\\\/wp-content\\\/uploads\\\/2025\\\/01\\\/60c9aa_fe2a58cd736d4ad09d538bafee731437mv2_d_4128_3096_s_4_2-scaled.jpg\",\"contentUrl\":\"https:\\\/\\\/m2camper.com\\\/wp-content\\\/uploads\\\/2025\\\/01\\\/60c9aa_fe2a58cd736d4ad09d538bafee731437mv2_d_4128_3096_s_4_2-scaled.jpg\",\"width\":2560,\"height\":1920},{\"@type\":\"BreadcrumbList\",\"@id\":\"https:\\\/\\\/m2camper.com\\\/nos-adaptamos-a-tus-necesidades-precios-orientativos\\\/#breadcrumb\",\"itemListElement\":[{\"@type\":\"ListItem\",\"position\":1,\"name\":\"Portada\",\"item\":\"https:\\\/\\\/m2camper.com\\\/pt\\\/\"},{\"@type\":\"ListItem\",\"position\":2,\"name\":\"Tienda\",\"item\":\"https:\\\/\\\/m2camper.com\\\/pt\\\/loja\\\/\"},{\"@type\":\"ListItem\",\"position\":3,\"name\":\"Nos adaptamos a tus necesidades (precios orientativos)\"}]},{\"@type\":\"WebSite\",\"@id\":\"https:\\\/\\\/m2camper.com\\\/pt\\\/#website\",\"url\":\"https:\\\/\\\/m2camper.com\\\/pt\\\/\",\"name\":\"M2 Campers | Aislantes t\u00e9rmicos y oscurecedores para campers\",\"description\":\"Descubre calidad y confort de nuestros aislantes t\u00e9rmicos oscurecedores y colchones para veh\u00edculos. Optimiza tu experiencia en carretera con M2 Camper.\",\"potentialAction\":[{\"@type\":\"SearchAction\",\"target\":{\"@type\":\"EntryPoint\",\"urlTemplate\":\"https:\\\/\\\/m2camper.com\\\/pt\\\/?s={search_term_string}\"},\"query-input\":{\"@type\":\"PropertyValueSpecification\",\"valueRequired\":true,\"valueName\":\"search_term_string\"}}],\"inLanguage\":\"de\"}]}<\/script>\n<!-- \/ Yoast SEO plugin. -->","yoast_head_json":{"title":"Nos adaptamos a tus necesidades (precios orientativos) | M2Camper","description":"Aislantes t\u00e9rmicos de 9 capas para Nos adaptamos a tus necesidades (precios orientativos). Oscurece las ventanas, mejora el aislamiento t\u00e9rmico y aporta privacidad. Fabricados a medida.","robots":{"index":"index","follow":"follow","max-snippet":"max-snippet:-1","max-image-preview":"max-image-preview:large","max-video-preview":"max-video-preview:-1"},"canonical":"https:\/\/m2camper.com\/de\/wir-passen-uns-ihren-bedurfnissen-an-richtpreise\/","og_locale":"de_DE","og_type":"article","og_title":"Nos adaptamos a tus necesidades (precios orientativos) | M2Camper","og_description":"Aislantes t\u00e9rmicos de 9 capas para Nos adaptamos a tus necesidades (precios orientativos). Oscurece las ventanas, mejora el aislamiento t\u00e9rmico y aporta privacidad. Fabricados a medida.","og_url":"https:\/\/m2camper.com\/de\/wir-passen-uns-ihren-bedurfnissen-an-richtpreise\/","og_site_name":"M2 Camper | Aislantes t\u00e9rmicos y oscurecedores para campers","article_modified_time":"2025-04-25T09:32:05+00:00","og_image":[{"width":2560,"height":1920,"url":"https:\/\/m2camper.com\/wp-content\/uploads\/2025\/01\/60c9aa_fe2a58cd736d4ad09d538bafee731437mv2_d_4128_3096_s_4_2-scaled.jpg","type":"image\/jpeg"}],"twitter_card":"summary_large_image","schema":{"@context":"https:\/\/schema.org","@graph":[{"@type":"WebPage","@id":"https:\/\/m2camper.com\/nos-adaptamos-a-tus-necesidades-precios-orientativos\/","url":"https:\/\/m2camper.com\/nos-adaptamos-a-tus-necesidades-precios-orientativos\/","name":"Nos adaptamos a tus necesidades (precios orientativos) | M2Camper","isPartOf":{"@id":"https:\/\/m2camper.com\/pt\/#website"},"primaryImageOfPage":{"@id":"https:\/\/m2camper.com\/nos-adaptamos-a-tus-necesidades-precios-orientativos\/#primaryimage"},"image":{"@id":"https:\/\/m2camper.com\/nos-adaptamos-a-tus-necesidades-precios-orientativos\/#primaryimage"},"thumbnailUrl":"https:\/\/m2camper.com\/wp-content\/uploads\/2025\/01\/60c9aa_fe2a58cd736d4ad09d538bafee731437mv2_d_4128_3096_s_4_2-scaled.jpg","datePublished":"2025-01-23T14:05:59+00:00","dateModified":"2025-04-25T09:32:05+00:00","description":"Aislantes t\u00e9rmicos de 9 capas para Nos adaptamos a tus necesidades (precios orientativos). Oscurece las ventanas, mejora el aislamiento t\u00e9rmico y aporta privacidad. Fabricados a medida.","breadcrumb":{"@id":"https:\/\/m2camper.com\/nos-adaptamos-a-tus-necesidades-precios-orientativos\/#breadcrumb"},"inLanguage":"de","potentialAction":[{"@type":"ReadAction","target":["https:\/\/m2camper.com\/nos-adaptamos-a-tus-necesidades-precios-orientativos\/"]}]},{"@type":"ImageObject","inLanguage":"de","@id":"https:\/\/m2camper.com\/nos-adaptamos-a-tus-necesidades-precios-orientativos\/#primaryimage","url":"https:\/\/m2camper.com\/wp-content\/uploads\/2025\/01\/60c9aa_fe2a58cd736d4ad09d538bafee731437mv2_d_4128_3096_s_4_2-scaled.jpg","contentUrl":"https:\/\/m2camper.com\/wp-content\/uploads\/2025\/01\/60c9aa_fe2a58cd736d4ad09d538bafee731437mv2_d_4128_3096_s_4_2-scaled.jpg","width":2560,"height":1920},{"@type":"BreadcrumbList","@id":"https:\/\/m2camper.com\/nos-adaptamos-a-tus-necesidades-precios-orientativos\/#breadcrumb","itemListElement":[{"@type":"ListItem","position":1,"name":"Portada","item":"https:\/\/m2camper.com\/pt\/"},{"@type":"ListItem","position":2,"name":"Tienda","item":"https:\/\/m2camper.com\/pt\/loja\/"},{"@type":"ListItem","position":3,"name":"Nos adaptamos a tus necesidades (precios orientativos)"}]},{"@type":"WebSite","@id":"https:\/\/m2camper.com\/pt\/#website","url":"https:\/\/m2camper.com\/pt\/","name":"M2 Wohnmobile | W\u00e4rmed\u00e4mmung und Verdunkelung f\u00fcr Camper","description":"Entdecken Sie die Qualit\u00e4t und den Komfort unserer w\u00e4rmeisolierenden Verdunkelungen und Matratzen f\u00fcr Fahrzeuge. Optimieren Sie Ihren Aufenthalt auf der Stra\u00dfe mit M2 Camper.","potentialAction":[{"@type":"SearchAction","target":{"@type":"EntryPoint","urlTemplate":"https:\/\/m2camper.com\/pt\/?s={search_term_string}"},"query-input":{"@type":"PropertyValueSpecification","valueRequired":true,"valueName":"search_term_string"}}],"inLanguage":"de"}]}},"_links":{"self":[{"href":"https:\/\/m2camper.com\/de\/wp-json\/wp\/v2\/product\/3597","targetHints":{"allow":["GET"]}}],"collection":[{"href":"https:\/\/m2camper.com\/de\/wp-json\/wp\/v2\/product"}],"about":[{"href":"https:\/\/m2camper.com\/de\/wp-json\/wp\/v2\/types\/product"}],"replies":[{"embeddable":true,"href":"https:\/\/m2camper.com\/de\/wp-json\/wp\/v2\/comments?post=3597"}],"wp:featuredmedia":[{"embeddable":true,"href":"https:\/\/m2camper.com\/de\/wp-json\/wp\/v2\/media\/3598"}],"wp:attachment":[{"href":"https:\/\/m2camper.com\/de\/wp-json\/wp\/v2\/media?parent=3597"}],"wp:term":[{"taxonomy":"product_brand","embeddable":true,"href":"https:\/\/m2camper.com\/de\/wp-json\/wp\/v2\/product_brand?post=3597"},{"taxonomy":"product_cat","embeddable":true,"href":"https:\/\/m2camper.com\/de\/wp-json\/wp\/v2\/product_cat?post=3597"},{"taxonomy":"product_tag","embeddable":true,"href":"https:\/\/m2camper.com\/de\/wp-json\/wp\/v2\/product_tag?post=3597"}],"curies":[{"name":"wp","href":"https:\/\/api.w.org\/{rel}","templated":true}]}}