{"id":346,"date":"2007-10-30T18:40:04","date_gmt":"2007-10-30T18:40:04","guid":{"rendered":"https:\/\/m2campera.proyectosdesarrollosweb.com\/?product=aislantes-termicos-oscurecedores-audi-a6-1997-2004"},"modified":"2026-04-14T17:39:49","modified_gmt":"2026-04-14T15:39:49","slug":"audi-a6-1997-2004-warmeisolatoren-mit-verdunkelungsrollos","status":"publish","type":"product","link":"https:\/\/m2camper.com\/de\/audi-a6-1997-2004-warmeisolatoren-mit-verdunkelungsrollos\/","title":{"rendered":"Ma\u00dfgefertigte Camper-Verdunkelungen f\u00fcr Audi A6 1997\u20132004"},"content":{"rendered":"<p>Les occultants camper pour Audi A6 1997\u20132004 sont con\u00e7us pour transformer l\u2019int\u00e9rieur de votre v\u00e9hicule en un espace beaucoup plus confortable et fonctionnel. Cette solution sur mesure permet d\u2019am\u00e9liorer l\u2019isolation thermique et de bloquer compl\u00e8tement l\u2019entr\u00e9e de la lumi\u00e8re, ce qui est essentiel si vous utilisez votre voiture pour voyager ou dormir.<\/p>\n<p>Dank ihrer 9-Schicht-Struktur helfen diese thermischen Isolierungen, die Temperatur im Innenraum sowohl im Sommer als auch im Winter stabiler zu halten. Sie sind besonders n\u00fctzlich auf Ausfl\u00fcgen, bei denen Sie im Fahrzeug ohne St\u00f6rungen durch Licht oder W\u00e4rme ruhen m\u00f6chten. Auf langen Strecken oder spontanen Reisen machen sie einen sp\u00fcrbaren Unterschied f\u00fcr komfortables Schlafen.<\/p>\n<h2 style=\"color: black;\">Ma\u00dfgefertigte Camper-Verdunkelungen f\u00fcr Audi A6<\/h2>\n<p>Estos oscurecedores est\u00e1n desarrollados espec\u00edficamente para el Audi A6 de los a\u00f1os 1997 a 2004, lo que garantiza una adaptaci\u00f3n precisa a cada ventana. Esta fabricaci\u00f3n a medida evita entradas de luz y mejora notablemente el aislamiento del habit\u00e1culo.<\/p>\n<p>Ihre Passform erm\u00f6glicht eine vollst\u00e4ndige Abdeckung der Glasfl\u00e4chen und bietet eine praktische und effektive L\u00f6sung f\u00fcr alle, die ihr Fahrzeug ohne Komplikationen oder dauerhafte Installationen zum Camper umbauen m\u00f6chten.<\/p>\n<h2 style=\"color: black;\">Vorteile von Camper-Verdunkelungen<\/h2>\n<ul>\n<li>Ma\u00dfgeschneiderte Passform<\/li>\n<li>9-Schichten-W\u00e4rmeisolierung<\/li>\n<li>Vollst\u00e4ndige Verdunkelung<\/li>\n<li>Privatsph\u00e4re<\/li>\n<li>Schnelle Installation<\/li>\n<\/ul>\n<p>&nbsp;<\/p>\n<h2 style=\"color: black;\">Kompatibilit\u00e4t<\/h2>\n<p>Speziell f\u00fcr Audi A6 Modelle von 1997 bis 2004 entwickelt, gew\u00e4hrleisten diese Verdunkelungen eine perfekte Passform an jeder Fensterscheibe des Fahrzeugs und sorgen von Anfang an f\u00fcr eine komfortable und effektive Nutzung.<\/p>\n<h2 style=\"color: black;\">Verf\u00fcgbare Optionen<\/h2>\n<ul>\n<li class=\"translation-block\"><strong>Komplett:<\/strong> Umfasst alle Fenster des Fahrzeugs: Frontscheibe, vordere Seitenscheiben, Seitenscheiben der hinteren Reihen sowie Heckklappe oder hintere T\u00fcren, f\u00fcr eine vollst\u00e4ndige Abdeckung des Innenraums.<\/li>\n<\/ul>\n<p>Diese L\u00f6sung ist f\u00fcr alle gedacht, die auf ihren Reisen echten Komfort suchen und ihr Auto in einen Ort verwandeln m\u00f6chten, an dem sie in jeder Umgebung entspannt ruhen k\u00f6nnen. Zudem wird jedes Teil speziell an das Fahrzeug angepasst, um ein pr\u00e4zises und funktionales Ergebnis zu gew\u00e4hrleisten.<\/p>\n<p>Bei M2Camper entwickeln wir thermische Isolierungen, die an jedes Modell angepasst sind, und achten dabei auf Passform und Funktionalit\u00e4t, damit sie perfekt in Ihr Fahrzeug passen.<\/p>","protected":false},"excerpt":{"rendered":"<p>Convierte tu Audi A6 1997-2004 en un espacio c\u00f3modo y preparado para descansar con estos oscurecedores camper a medida. Ideales para viajar, dormir o disfrutar de escapadas con total privacidad y confort t\u00e9rmico.<\/p>\n<p>Olv\u00eddate de la luz y las temperaturas extremas y gana un interior m\u00e1s habitable en cualquier \u00e9poca del a\u00f1o.<\/p>\n<ul>\n<li>Vollst\u00e4ndige Dunkelheit f\u00fcr besseren Schlaf<\/li>\n<li>Mehr Privatsph\u00e4re \u00fcberall<\/li>\n<li>W\u00e4rmeisolierung gegen K\u00e4lte und Hitze<\/li>\n<li>Perfekt f\u00fcr Ausfl\u00fcge und lange Reisen<\/li>\n<\/ul>","protected":false},"featured_media":347,"comment_status":"open","ping_status":"closed","template":"","meta":{"neve_meta_sidebar":"","neve_meta_container":"","neve_meta_enable_content_width":"off","neve_meta_content_width":100,"neve_meta_title_alignment":"","neve_meta_author_avatar":"","neve_post_elements_order":"","neve_meta_disable_header":"","neve_meta_disable_footer":"","neve_meta_disable_title":""},"product_brand":[],"product_cat":[64,62,61],"product_tag":[],"class_list":{"0":"post-346","1":"product","2":"type-product","3":"status-publish","4":"has-post-thumbnail","6":"product_cat-audi","7":"product_cat-aislantes","8":"product_cat-all-products","9":"pa_detalles-del-producto-pstrongspanspanspanopcionesspanspanspanstrongppspanspanspanstrongcompletastrong-spanspanspanspanluna-delantera-lateral-piloto-y-copiloto-2-laterales-de-la-2o-fila-de-asientos-2-laterales-de-la-3o-fila","10":"pa_observaciones-plos-plazos-de-entrega-pueden-variar-segun-fechas-de-comprap","12":"first","13":"instock","14":"taxable","15":"shipping-taxable","16":"purchasable","17":"product-type-variable"},"yoast_head":"<!-- This site is optimized with the Yoast SEO plugin v27.4 - https:\/\/yoast.com\/product\/yoast-seo-wordpress\/ -->\n<title>Oscurecedores camper Audi A6 1997-2004<\/title>\n<meta name=\"description\" content=\"Oscurecedores camper para Audi A6 1997-2004 a medida. Mejora privacidad, aislamiento t\u00e9rmico y descanso en tus viajes y escapadas.\" \/>\n<meta name=\"robots\" content=\"index, follow, max-snippet:-1, max-image-preview:large, max-video-preview:-1\" \/>\n<link rel=\"canonical\" href=\"https:\/\/m2camper.com\/de\/audi-a6-1997-2004-warmeisolatoren-mit-verdunkelungsrollos\/\" \/>\n<meta property=\"og:locale\" content=\"de_DE\" \/>\n<meta property=\"og:type\" content=\"article\" \/>\n<meta property=\"og:title\" content=\"Oscurecedores camper Audi A6 1997-2004\" \/>\n<meta property=\"og:description\" content=\"Oscurecedores camper para Audi A6 1997-2004 a medida. Mejora privacidad, aislamiento t\u00e9rmico y descanso en tus viajes y escapadas.\" \/>\n<meta property=\"og:url\" content=\"https:\/\/m2camper.com\/de\/audi-a6-1997-2004-warmeisolatoren-mit-verdunkelungsrollos\/\" \/>\n<meta property=\"og:site_name\" content=\"M2 Camper | Aislantes t\u00e9rmicos y oscurecedores para campers\" \/>\n<meta property=\"article:modified_time\" content=\"2026-04-14T15:39:49+00:00\" \/>\n<meta property=\"og:image\" content=\"https:\/\/m2camper.com\/wp-content\/uploads\/2025\/01\/60c9aa_a25f8ae03d914010bc8dc178d2ed3384mv2.png\" \/>\n\t<meta property=\"og:image:width\" content=\"620\" \/>\n\t<meta property=\"og:image:height\" content=\"402\" \/>\n\t<meta property=\"og:image:type\" content=\"image\/png\" \/>\n<meta name=\"twitter:card\" content=\"summary_large_image\" \/>\n<meta name=\"twitter:label1\" content=\"Gesch\u00e4tzte Lesezeit\" \/>\n\t<meta name=\"twitter:data1\" content=\"2\u00a0Minuten\" \/>\n<script type=\"application\/ld+json\" class=\"yoast-schema-graph\">{\"@context\":\"https:\\\/\\\/schema.org\",\"@graph\":[{\"@type\":\"WebPage\",\"@id\":\"https:\\\/\\\/m2camper.com\\\/aislantes-termicos-oscurecedores-audi-a6-1997-2004\\\/\",\"url\":\"https:\\\/\\\/m2camper.com\\\/aislantes-termicos-oscurecedores-audi-a6-1997-2004\\\/\",\"name\":\"Oscurecedores camper Audi A6 1997-2004\",\"isPartOf\":{\"@id\":\"https:\\\/\\\/m2camper.com\\\/pt\\\/#website\"},\"primaryImageOfPage\":{\"@id\":\"https:\\\/\\\/m2camper.com\\\/aislantes-termicos-oscurecedores-audi-a6-1997-2004\\\/#primaryimage\"},\"image\":{\"@id\":\"https:\\\/\\\/m2camper.com\\\/aislantes-termicos-oscurecedores-audi-a6-1997-2004\\\/#primaryimage\"},\"thumbnailUrl\":\"https:\\\/\\\/m2camper.com\\\/wp-content\\\/uploads\\\/2025\\\/01\\\/60c9aa_a25f8ae03d914010bc8dc178d2ed3384mv2.png\",\"datePublished\":\"2007-10-30T18:40:04+00:00\",\"dateModified\":\"2026-04-14T15:39:49+00:00\",\"description\":\"Oscurecedores camper para Audi A6 1997-2004 a medida. Mejora privacidad, aislamiento t\u00e9rmico y descanso en tus viajes y escapadas.\",\"breadcrumb\":{\"@id\":\"https:\\\/\\\/m2camper.com\\\/aislantes-termicos-oscurecedores-audi-a6-1997-2004\\\/#breadcrumb\"},\"inLanguage\":\"de\",\"potentialAction\":[{\"@type\":\"ReadAction\",\"target\":[\"https:\\\/\\\/m2camper.com\\\/aislantes-termicos-oscurecedores-audi-a6-1997-2004\\\/\"]}]},{\"@type\":\"ImageObject\",\"inLanguage\":\"de\",\"@id\":\"https:\\\/\\\/m2camper.com\\\/aislantes-termicos-oscurecedores-audi-a6-1997-2004\\\/#primaryimage\",\"url\":\"https:\\\/\\\/m2camper.com\\\/wp-content\\\/uploads\\\/2025\\\/01\\\/60c9aa_a25f8ae03d914010bc8dc178d2ed3384mv2.png\",\"contentUrl\":\"https:\\\/\\\/m2camper.com\\\/wp-content\\\/uploads\\\/2025\\\/01\\\/60c9aa_a25f8ae03d914010bc8dc178d2ed3384mv2.png\",\"width\":620,\"height\":402},{\"@type\":\"BreadcrumbList\",\"@id\":\"https:\\\/\\\/m2camper.com\\\/aislantes-termicos-oscurecedores-audi-a6-1997-2004\\\/#breadcrumb\",\"itemListElement\":[{\"@type\":\"ListItem\",\"position\":1,\"name\":\"Portada\",\"item\":\"https:\\\/\\\/m2camper.com\\\/pt\\\/\"},{\"@type\":\"ListItem\",\"position\":2,\"name\":\"Tienda\",\"item\":\"https:\\\/\\\/m2camper.com\\\/pt\\\/loja\\\/\"},{\"@type\":\"ListItem\",\"position\":3,\"name\":\"Oscurecedores camper para Audi A6 1997-2004 a medida\"}]},{\"@type\":\"WebSite\",\"@id\":\"https:\\\/\\\/m2camper.com\\\/pt\\\/#website\",\"url\":\"https:\\\/\\\/m2camper.com\\\/pt\\\/\",\"name\":\"M2 Campers | Aislantes t\u00e9rmicos y oscurecedores para campers\",\"description\":\"Descubre calidad y confort de nuestros aislantes t\u00e9rmicos oscurecedores y colchones para veh\u00edculos. Optimiza tu experiencia en carretera con M2 Camper.\",\"potentialAction\":[{\"@type\":\"SearchAction\",\"target\":{\"@type\":\"EntryPoint\",\"urlTemplate\":\"https:\\\/\\\/m2camper.com\\\/pt\\\/?s={search_term_string}\"},\"query-input\":{\"@type\":\"PropertyValueSpecification\",\"valueRequired\":true,\"valueName\":\"search_term_string\"}}],\"inLanguage\":\"de\"}]}<\/script>\n<!-- \/ Yoast SEO plugin. -->","yoast_head_json":{"title":"Oscurecedores camper Audi A6 1997-2004","description":"Ma\u00dfgefertigte Camper-Verdunkelungen f\u00fcr Audi A6 1997\u20132004. Verbessern Sie Privatsph\u00e4re, W\u00e4rmeisolierung und Erholung auf Ihren Reisen und Ausfl\u00fcgen.","robots":{"index":"index","follow":"follow","max-snippet":"max-snippet:-1","max-image-preview":"max-image-preview:large","max-video-preview":"max-video-preview:-1"},"canonical":"https:\/\/m2camper.com\/de\/audi-a6-1997-2004-warmeisolatoren-mit-verdunkelungsrollos\/","og_locale":"de_DE","og_type":"article","og_title":"Oscurecedores camper Audi A6 1997-2004","og_description":"Oscurecedores camper para Audi A6 1997-2004 a medida. Mejora privacidad, aislamiento t\u00e9rmico y descanso en tus viajes y escapadas.","og_url":"https:\/\/m2camper.com\/de\/audi-a6-1997-2004-warmeisolatoren-mit-verdunkelungsrollos\/","og_site_name":"M2 Camper | Aislantes t\u00e9rmicos y oscurecedores para campers","article_modified_time":"2026-04-14T15:39:49+00:00","og_image":[{"width":620,"height":402,"url":"https:\/\/m2camper.com\/wp-content\/uploads\/2025\/01\/60c9aa_a25f8ae03d914010bc8dc178d2ed3384mv2.png","type":"image\/png"}],"twitter_card":"summary_large_image","twitter_misc":{"Gesch\u00e4tzte Lesezeit":"2\u00a0Minuten"},"schema":{"@context":"https:\/\/schema.org","@graph":[{"@type":"WebPage","@id":"https:\/\/m2camper.com\/aislantes-termicos-oscurecedores-audi-a6-1997-2004\/","url":"https:\/\/m2camper.com\/aislantes-termicos-oscurecedores-audi-a6-1997-2004\/","name":"Oscurecedores camper Audi A6 1997-2004","isPartOf":{"@id":"https:\/\/m2camper.com\/pt\/#website"},"primaryImageOfPage":{"@id":"https:\/\/m2camper.com\/aislantes-termicos-oscurecedores-audi-a6-1997-2004\/#primaryimage"},"image":{"@id":"https:\/\/m2camper.com\/aislantes-termicos-oscurecedores-audi-a6-1997-2004\/#primaryimage"},"thumbnailUrl":"https:\/\/m2camper.com\/wp-content\/uploads\/2025\/01\/60c9aa_a25f8ae03d914010bc8dc178d2ed3384mv2.png","datePublished":"2007-10-30T18:40:04+00:00","dateModified":"2026-04-14T15:39:49+00:00","description":"Ma\u00dfgefertigte Camper-Verdunkelungen f\u00fcr Audi A6 1997\u20132004. Verbessern Sie Privatsph\u00e4re, W\u00e4rmeisolierung und Erholung auf Ihren Reisen und Ausfl\u00fcgen.","breadcrumb":{"@id":"https:\/\/m2camper.com\/aislantes-termicos-oscurecedores-audi-a6-1997-2004\/#breadcrumb"},"inLanguage":"de","potentialAction":[{"@type":"ReadAction","target":["https:\/\/m2camper.com\/aislantes-termicos-oscurecedores-audi-a6-1997-2004\/"]}]},{"@type":"ImageObject","inLanguage":"de","@id":"https:\/\/m2camper.com\/aislantes-termicos-oscurecedores-audi-a6-1997-2004\/#primaryimage","url":"https:\/\/m2camper.com\/wp-content\/uploads\/2025\/01\/60c9aa_a25f8ae03d914010bc8dc178d2ed3384mv2.png","contentUrl":"https:\/\/m2camper.com\/wp-content\/uploads\/2025\/01\/60c9aa_a25f8ae03d914010bc8dc178d2ed3384mv2.png","width":620,"height":402},{"@type":"BreadcrumbList","@id":"https:\/\/m2camper.com\/aislantes-termicos-oscurecedores-audi-a6-1997-2004\/#breadcrumb","itemListElement":[{"@type":"ListItem","position":1,"name":"Portada","item":"https:\/\/m2camper.com\/pt\/"},{"@type":"ListItem","position":2,"name":"Tienda","item":"https:\/\/m2camper.com\/pt\/loja\/"},{"@type":"ListItem","position":3,"name":"Oscurecedores camper para Audi A6 1997-2004 a medida"}]},{"@type":"WebSite","@id":"https:\/\/m2camper.com\/pt\/#website","url":"https:\/\/m2camper.com\/pt\/","name":"M2 Wohnmobile | W\u00e4rmed\u00e4mmung und Verdunkelung f\u00fcr Camper","description":"Entdecken Sie die Qualit\u00e4t und den Komfort unserer w\u00e4rmeisolierenden Verdunkelungen und Matratzen f\u00fcr Fahrzeuge. Optimieren Sie Ihren Aufenthalt auf der Stra\u00dfe mit M2 Camper.","potentialAction":[{"@type":"SearchAction","target":{"@type":"EntryPoint","urlTemplate":"https:\/\/m2camper.com\/pt\/?s={search_term_string}"},"query-input":{"@type":"PropertyValueSpecification","valueRequired":true,"valueName":"search_term_string"}}],"inLanguage":"de"}]}},"_links":{"self":[{"href":"https:\/\/m2camper.com\/de\/wp-json\/wp\/v2\/product\/346","targetHints":{"allow":["GET"]}}],"collection":[{"href":"https:\/\/m2camper.com\/de\/wp-json\/wp\/v2\/product"}],"about":[{"href":"https:\/\/m2camper.com\/de\/wp-json\/wp\/v2\/types\/product"}],"replies":[{"embeddable":true,"href":"https:\/\/m2camper.com\/de\/wp-json\/wp\/v2\/comments?post=346"}],"wp:featuredmedia":[{"embeddable":true,"href":"https:\/\/m2camper.com\/de\/wp-json\/wp\/v2\/media\/347"}],"wp:attachment":[{"href":"https:\/\/m2camper.com\/de\/wp-json\/wp\/v2\/media?parent=346"}],"wp:term":[{"taxonomy":"product_brand","embeddable":true,"href":"https:\/\/m2camper.com\/de\/wp-json\/wp\/v2\/product_brand?post=346"},{"taxonomy":"product_cat","embeddable":true,"href":"https:\/\/m2camper.com\/de\/wp-json\/wp\/v2\/product_cat?post=346"},{"taxonomy":"product_tag","embeddable":true,"href":"https:\/\/m2camper.com\/de\/wp-json\/wp\/v2\/product_tag?post=346"}],"curies":[{"name":"wp","href":"https:\/\/api.w.org\/{rel}","templated":true}]}}