{"id":17293,"date":"2026-04-27T16:37:27","date_gmt":"2026-04-27T14:37:27","guid":{"rendered":"https:\/\/m2camper.com\/?post_type=product&#038;p=17293"},"modified":"2026-04-27T16:43:56","modified_gmt":"2026-04-27T14:43:56","slug":"waermeisolierungen-verdunkelungen-mitsubishi-outlander-dritte-generation","status":"publish","type":"product","link":"https:\/\/m2camper.com\/de\/waermeisolierungen-verdunkelungen-mitsubishi-outlander-dritte-generation\/","title":{"rendered":"Thermische Verdunkelungsisolierungen Mitsubishi Outlander 2012\u20132020"},"content":{"rendered":"<p>Erleben Sie ein unvergleichliches Ma\u00df an Komfort in Ihrem Mitsubishi Outlander mit unseren 9-Schichten-W\u00e4rmeisolierungen mit Verdunkelung, die sorgf\u00e4ltig entwickelt wurden, um maximale Leistung und Schutz zu bieten.<\/p>\n<p>&nbsp;<\/p>\n<p><strong>Hervorgehobene Funktionen:<\/strong><\/p>\n<ul>\n<li><strong>\u00dcberlegene thermische Effizienz:<\/strong> Mit 9 Schichten W\u00e4rmed\u00e4mmung fungieren unsere Verdunkelungs-W\u00e4rmeisolatoren als wirksame Hitzebarriere und halten Ihr Fahrzeug selbst an den hei\u00dfesten Tagen k\u00fchl und an den k\u00e4ltesten Tagen warm.<\/li>\n<li><strong>Totaler Blackout:<\/strong> Genie\u00dfen Sie die Privatsph\u00e4re, die Sie brauchen, mit unseren Fensterrollos, die nicht nur direktes Sonnenlicht blockieren, sondern auch vor neugierigen Blicken sch\u00fctzen.<\/li>\n<li><strong>Individuelle Passform:<\/strong> Speziell f\u00fcr den Mitsubishi Outlander entwickelt, garantieren wir eine perfekte Passform. Unsere thermischen Verdunkelungen werden mit Schraub-Saugn\u00e4pfen befestigt und erm\u00f6glichen eine schnelle und sichere Montage.<\/li>\n<li><strong>Haltbarkeit und Qualit\u00e4t:<\/strong> Unsere Verdunkelungs-W\u00e4rmeisolatoren werden aus hochwertigen Materialien hergestellt, sind robust und langlebig und gew\u00e4hrleisten eine optimale Leistung \u00fcber einen langen Zeitraum.<\/li>\n<\/ul>\n<p>&nbsp;<\/p>\n<p><strong>Zus\u00e4tzliche Vorteile:<\/strong><\/p>\n<ul>\n<li><strong>UV-Schutz:<\/strong> Sie blockieren sch\u00e4dliche UV-Strahlen, um den Innenraum Ihres Autos zu sch\u00fctzen und die Lebensdauer Ihres Zubeh\u00f6rs zu verl\u00e4ngern.<\/li>\n<li><strong>Reduzierung des Energieverbrauchs:<\/strong> Durch die Aufrechterhaltung einer optimaleren Innentemperatur tragen Ihre Verdunkelungs-W\u00e4rmeisolatoren dazu bei, dass Ihre Klimaanlage oder Heizung effizienter arbeitet, was sich in einem geringeren Kraftstoffverbrauch niederschl\u00e4gt.<\/li>\n<li><strong>Stil und Funktionalit\u00e4t:<\/strong> Neben ihren praktischen Vorteilen verleihen unsere thermischen Verdunkelungsisolierungen Ihrem Mitsubishi Outlander einen Hauch von Stil und verbessern die Gesamtoptik des Fahrzeugs.<\/li>\n<\/ul>\n<p>&nbsp;<\/p>\n<p>Entscheiden Sie sich f\u00fcr Komfort, Effizienz und Stil mit unseren 9-Schichten-W\u00e4rmeisolierungen mit Verdunkelung, die exklusiv f\u00fcr den Mitsubishi Outlander entwickelt wurden. Erleben Sie die perfekte Reise zu jeder Jahreszeit.<\/p>","protected":false},"excerpt":{"rendered":"<p><strong>OPTIONEN:<\/strong><\/p>\n<p><strong>KABINE:<\/strong> Front-, Fahrer- und Beifahrerseitenfenster (3 St\u00fcck) (5 St\u00fcck, wenn es Dreiecke hat)<\/p>\n<p><strong>KASTEN:<\/strong> 2 Seiten der 2. Sitzreihe, 2 Seiten der 3. Sitzreihe und Heckklappe bzw. Heckdoppelt\u00fcr je nach Modell (je nach Ausf\u00fchrung 5 bzw. 6 St\u00fcck)<\/p>\n<p><strong>VOLLST\u00c4NDIG:<\/strong> Frontscheibe, Fahrer- und Beifahrerseite, 2 Seiten der 2. Sitzreihe, 2 Seiten der 3. Sitzreihe und Heckklappe bzw. Doppelheckt\u00fcr je nach Modell (8 bzw. 9 St\u00fcck), bei Dreiecken w\u00e4ren es 10 bzw. 11<\/p>\n<p>&nbsp;<\/p>\n<p><strong>9-SCHICHT-W\u00c4RMEISOLATOREN<\/strong><\/p>\n<p>Hochwertige 9-lagige W\u00e4rmed\u00e4mmung und Verdunkelungsrollos isolieren sowohl hohe als auch niedrige Temperaturen und sorgen so f\u00fcr mehr Komfort im Inneren und absolute Dunkelheit f\u00fcr erholsame N\u00e4chte. Wird mit aufschraubbaren Saugn\u00e4pfen mit hoher Saugkraft gehalten, die sich zur einfachen Installation leicht entfernen lassen.<\/p>","protected":false},"featured_media":17342,"comment_status":"open","ping_status":"closed","template":"","meta":{"neve_meta_sidebar":"","neve_meta_container":"","neve_meta_enable_content_width":"off","neve_meta_content_width":100,"neve_meta_title_alignment":"","neve_meta_author_avatar":"","neve_post_elements_order":"","neve_meta_disable_header":"","neve_meta_disable_footer":"","neve_meta_disable_title":""},"product_brand":[],"product_cat":[86,62,61],"product_tag":[],"class_list":{"0":"post-17293","1":"product","2":"type-product","3":"status-publish","4":"has-post-thumbnail","6":"product_cat-mitsubishi","7":"product_cat-aislantes","8":"product_cat-all-products","9":"pa_observaciones-plos-plazos-de-entrega-pueden-variar-segun-fechas-de-comprap","11":"first","12":"instock","13":"taxable","14":"shipping-taxable","15":"purchasable","16":"product-type-variable"},"yoast_head":"<!-- This site is optimized with the Yoast SEO plugin v27.4 - https:\/\/yoast.com\/product\/yoast-seo-wordpress\/ -->\n<title>Aislantes t\u00e9rmicos oscurecedores Mitsubishi Outlander - M2 Camper | Aislantes t\u00e9rmicos y oscurecedores para campers<\/title>\n<meta name=\"description\" content=\"Aumenta el confort en tu Mitsubishi Outlander con nuestros aislantes t\u00e9rmicos oscurecedores de 9 capas. Disfruta de un viaje m\u00e1s placentero haga frio o calor.\" \/>\n<meta name=\"robots\" content=\"index, follow, max-snippet:-1, max-image-preview:large, max-video-preview:-1\" \/>\n<link rel=\"canonical\" href=\"https:\/\/m2camper.com\/de\/waermeisolierungen-verdunkelungen-mitsubishi-outlander-dritte-generation\/\" \/>\n<meta property=\"og:locale\" content=\"de_DE\" \/>\n<meta property=\"og:type\" content=\"article\" \/>\n<meta property=\"og:title\" content=\"Aislantes t\u00e9rmicos oscurecedores Mitsubishi Outlander - M2 Camper | Aislantes t\u00e9rmicos y oscurecedores para campers\" \/>\n<meta property=\"og:description\" content=\"Aumenta el confort en tu Mitsubishi Outlander con nuestros aislantes t\u00e9rmicos oscurecedores de 9 capas. Disfruta de un viaje m\u00e1s placentero haga frio o calor.\" \/>\n<meta property=\"og:url\" content=\"https:\/\/m2camper.com\/de\/waermeisolierungen-verdunkelungen-mitsubishi-outlander-dritte-generation\/\" \/>\n<meta property=\"og:site_name\" content=\"M2 Camper | Aislantes t\u00e9rmicos y oscurecedores para campers\" \/>\n<meta property=\"article:modified_time\" content=\"2026-04-27T14:43:56+00:00\" \/>\n<meta property=\"og:image\" content=\"https:\/\/m2camper.com\/wp-content\/uploads\/2026\/04\/mitshubishi_outlander_2013.png\" \/>\n\t<meta property=\"og:image:width\" content=\"640\" \/>\n\t<meta property=\"og:image:height\" content=\"360\" \/>\n\t<meta property=\"og:image:type\" content=\"image\/png\" \/>\n<meta name=\"twitter:card\" content=\"summary_large_image\" \/>\n<meta name=\"twitter:label1\" content=\"Gesch\u00e4tzte Lesezeit\" \/>\n\t<meta name=\"twitter:data1\" content=\"2\u00a0Minuten\" \/>\n<script type=\"application\/ld+json\" class=\"yoast-schema-graph\">{\"@context\":\"https:\\\/\\\/schema.org\",\"@graph\":[{\"@type\":\"WebPage\",\"@id\":\"https:\\\/\\\/m2camper.com\\\/aislantes-termicos-oscurecedores-mitsubishi-outlander-tercera-generacion\\\/\",\"url\":\"https:\\\/\\\/m2camper.com\\\/aislantes-termicos-oscurecedores-mitsubishi-outlander-tercera-generacion\\\/\",\"name\":\"Aislantes t\u00e9rmicos oscurecedores Mitsubishi Outlander - M2 Camper | Aislantes t\u00e9rmicos y oscurecedores para campers\",\"isPartOf\":{\"@id\":\"https:\\\/\\\/m2camper.com\\\/pt\\\/#website\"},\"primaryImageOfPage\":{\"@id\":\"https:\\\/\\\/m2camper.com\\\/aislantes-termicos-oscurecedores-mitsubishi-outlander-tercera-generacion\\\/#primaryimage\"},\"image\":{\"@id\":\"https:\\\/\\\/m2camper.com\\\/aislantes-termicos-oscurecedores-mitsubishi-outlander-tercera-generacion\\\/#primaryimage\"},\"thumbnailUrl\":\"https:\\\/\\\/m2camper.com\\\/wp-content\\\/uploads\\\/2026\\\/04\\\/mitshubishi_outlander_2013.png\",\"datePublished\":\"2026-04-27T14:37:27+00:00\",\"dateModified\":\"2026-04-27T14:43:56+00:00\",\"description\":\"Aumenta el confort en tu Mitsubishi Outlander con nuestros aislantes t\u00e9rmicos oscurecedores de 9 capas. Disfruta de un viaje m\u00e1s placentero haga frio o calor.\",\"breadcrumb\":{\"@id\":\"https:\\\/\\\/m2camper.com\\\/aislantes-termicos-oscurecedores-mitsubishi-outlander-tercera-generacion\\\/#breadcrumb\"},\"inLanguage\":\"de\",\"potentialAction\":[{\"@type\":\"ReadAction\",\"target\":[\"https:\\\/\\\/m2camper.com\\\/aislantes-termicos-oscurecedores-mitsubishi-outlander-tercera-generacion\\\/\"]}]},{\"@type\":\"ImageObject\",\"inLanguage\":\"de\",\"@id\":\"https:\\\/\\\/m2camper.com\\\/aislantes-termicos-oscurecedores-mitsubishi-outlander-tercera-generacion\\\/#primaryimage\",\"url\":\"https:\\\/\\\/m2camper.com\\\/wp-content\\\/uploads\\\/2026\\\/04\\\/mitshubishi_outlander_2013.png\",\"contentUrl\":\"https:\\\/\\\/m2camper.com\\\/wp-content\\\/uploads\\\/2026\\\/04\\\/mitshubishi_outlander_2013.png\",\"width\":640,\"height\":360},{\"@type\":\"BreadcrumbList\",\"@id\":\"https:\\\/\\\/m2camper.com\\\/aislantes-termicos-oscurecedores-mitsubishi-outlander-tercera-generacion\\\/#breadcrumb\",\"itemListElement\":[{\"@type\":\"ListItem\",\"position\":1,\"name\":\"Portada\",\"item\":\"https:\\\/\\\/m2camper.com\\\/pt\\\/\"},{\"@type\":\"ListItem\",\"position\":2,\"name\":\"Tienda\",\"item\":\"https:\\\/\\\/m2camper.com\\\/pt\\\/loja\\\/\"},{\"@type\":\"ListItem\",\"position\":3,\"name\":\"Aislantes t\u00e9rmicos oscurecedores Mitsubishi Outlander 2012-2020\"}]},{\"@type\":\"WebSite\",\"@id\":\"https:\\\/\\\/m2camper.com\\\/pt\\\/#website\",\"url\":\"https:\\\/\\\/m2camper.com\\\/pt\\\/\",\"name\":\"M2 Campers | Aislantes t\u00e9rmicos y oscurecedores para campers\",\"description\":\"Descubre calidad y confort de nuestros aislantes t\u00e9rmicos oscurecedores y colchones para veh\u00edculos. Optimiza tu experiencia en carretera con M2 Camper.\",\"potentialAction\":[{\"@type\":\"SearchAction\",\"target\":{\"@type\":\"EntryPoint\",\"urlTemplate\":\"https:\\\/\\\/m2camper.com\\\/pt\\\/?s={search_term_string}\"},\"query-input\":{\"@type\":\"PropertyValueSpecification\",\"valueRequired\":true,\"valueName\":\"search_term_string\"}}],\"inLanguage\":\"de\"}]}<\/script>\n<!-- \/ Yoast SEO plugin. -->","yoast_head_json":{"title":"Aislantes t\u00e9rmicos oscurecedores Mitsubishi Outlander - M2 Camper | Aislantes t\u00e9rmicos y oscurecedores para campers","description":"Aumenta el confort en tu Mitsubishi Outlander con nuestros aislantes t\u00e9rmicos oscurecedores de 9 capas. Disfruta de un viaje m\u00e1s placentero haga frio o calor.","robots":{"index":"index","follow":"follow","max-snippet":"max-snippet:-1","max-image-preview":"max-image-preview:large","max-video-preview":"max-video-preview:-1"},"canonical":"https:\/\/m2camper.com\/de\/waermeisolierungen-verdunkelungen-mitsubishi-outlander-dritte-generation\/","og_locale":"de_DE","og_type":"article","og_title":"Aislantes t\u00e9rmicos oscurecedores Mitsubishi Outlander - M2 Camper | Aislantes t\u00e9rmicos y oscurecedores para campers","og_description":"Aumenta el confort en tu Mitsubishi Outlander con nuestros aislantes t\u00e9rmicos oscurecedores de 9 capas. Disfruta de un viaje m\u00e1s placentero haga frio o calor.","og_url":"https:\/\/m2camper.com\/de\/waermeisolierungen-verdunkelungen-mitsubishi-outlander-dritte-generation\/","og_site_name":"M2 Camper | Aislantes t\u00e9rmicos y oscurecedores para campers","article_modified_time":"2026-04-27T14:43:56+00:00","og_image":[{"width":640,"height":360,"url":"https:\/\/m2camper.com\/wp-content\/uploads\/2026\/04\/mitshubishi_outlander_2013.png","type":"image\/png"}],"twitter_card":"summary_large_image","twitter_misc":{"Gesch\u00e4tzte Lesezeit":"2\u00a0Minuten"},"schema":{"@context":"https:\/\/schema.org","@graph":[{"@type":"WebPage","@id":"https:\/\/m2camper.com\/aislantes-termicos-oscurecedores-mitsubishi-outlander-tercera-generacion\/","url":"https:\/\/m2camper.com\/aislantes-termicos-oscurecedores-mitsubishi-outlander-tercera-generacion\/","name":"Aislantes t\u00e9rmicos oscurecedores Mitsubishi Outlander - M2 Camper | Aislantes t\u00e9rmicos y oscurecedores para campers","isPartOf":{"@id":"https:\/\/m2camper.com\/pt\/#website"},"primaryImageOfPage":{"@id":"https:\/\/m2camper.com\/aislantes-termicos-oscurecedores-mitsubishi-outlander-tercera-generacion\/#primaryimage"},"image":{"@id":"https:\/\/m2camper.com\/aislantes-termicos-oscurecedores-mitsubishi-outlander-tercera-generacion\/#primaryimage"},"thumbnailUrl":"https:\/\/m2camper.com\/wp-content\/uploads\/2026\/04\/mitshubishi_outlander_2013.png","datePublished":"2026-04-27T14:37:27+00:00","dateModified":"2026-04-27T14:43:56+00:00","description":"Aumenta el confort en tu Mitsubishi Outlander con nuestros aislantes t\u00e9rmicos oscurecedores de 9 capas. Disfruta de un viaje m\u00e1s placentero haga frio o calor.","breadcrumb":{"@id":"https:\/\/m2camper.com\/aislantes-termicos-oscurecedores-mitsubishi-outlander-tercera-generacion\/#breadcrumb"},"inLanguage":"de","potentialAction":[{"@type":"ReadAction","target":["https:\/\/m2camper.com\/aislantes-termicos-oscurecedores-mitsubishi-outlander-tercera-generacion\/"]}]},{"@type":"ImageObject","inLanguage":"de","@id":"https:\/\/m2camper.com\/aislantes-termicos-oscurecedores-mitsubishi-outlander-tercera-generacion\/#primaryimage","url":"https:\/\/m2camper.com\/wp-content\/uploads\/2026\/04\/mitshubishi_outlander_2013.png","contentUrl":"https:\/\/m2camper.com\/wp-content\/uploads\/2026\/04\/mitshubishi_outlander_2013.png","width":640,"height":360},{"@type":"BreadcrumbList","@id":"https:\/\/m2camper.com\/aislantes-termicos-oscurecedores-mitsubishi-outlander-tercera-generacion\/#breadcrumb","itemListElement":[{"@type":"ListItem","position":1,"name":"Portada","item":"https:\/\/m2camper.com\/pt\/"},{"@type":"ListItem","position":2,"name":"Tienda","item":"https:\/\/m2camper.com\/pt\/loja\/"},{"@type":"ListItem","position":3,"name":"Aislantes t\u00e9rmicos oscurecedores Mitsubishi Outlander 2012-2020"}]},{"@type":"WebSite","@id":"https:\/\/m2camper.com\/pt\/#website","url":"https:\/\/m2camper.com\/pt\/","name":"M2 Wohnmobile | W\u00e4rmed\u00e4mmung und Verdunkelung f\u00fcr Camper","description":"Entdecken Sie die Qualit\u00e4t und den Komfort unserer w\u00e4rmeisolierenden Verdunkelungen und Matratzen f\u00fcr Fahrzeuge. Optimieren Sie Ihren Aufenthalt auf der Stra\u00dfe mit M2 Camper.","potentialAction":[{"@type":"SearchAction","target":{"@type":"EntryPoint","urlTemplate":"https:\/\/m2camper.com\/pt\/?s={search_term_string}"},"query-input":{"@type":"PropertyValueSpecification","valueRequired":true,"valueName":"search_term_string"}}],"inLanguage":"de"}]}},"_links":{"self":[{"href":"https:\/\/m2camper.com\/de\/wp-json\/wp\/v2\/product\/17293","targetHints":{"allow":["GET"]}}],"collection":[{"href":"https:\/\/m2camper.com\/de\/wp-json\/wp\/v2\/product"}],"about":[{"href":"https:\/\/m2camper.com\/de\/wp-json\/wp\/v2\/types\/product"}],"replies":[{"embeddable":true,"href":"https:\/\/m2camper.com\/de\/wp-json\/wp\/v2\/comments?post=17293"}],"wp:featuredmedia":[{"embeddable":true,"href":"https:\/\/m2camper.com\/de\/wp-json\/wp\/v2\/media\/17342"}],"wp:attachment":[{"href":"https:\/\/m2camper.com\/de\/wp-json\/wp\/v2\/media?parent=17293"}],"wp:term":[{"taxonomy":"product_brand","embeddable":true,"href":"https:\/\/m2camper.com\/de\/wp-json\/wp\/v2\/product_brand?post=17293"},{"taxonomy":"product_cat","embeddable":true,"href":"https:\/\/m2camper.com\/de\/wp-json\/wp\/v2\/product_cat?post=17293"},{"taxonomy":"product_tag","embeddable":true,"href":"https:\/\/m2camper.com\/de\/wp-json\/wp\/v2\/product_tag?post=17293"}],"curies":[{"name":"wp","href":"https:\/\/api.w.org\/{rel}","templated":true}]}}