{"id":16388,"date":"2026-02-04T17:18:02","date_gmt":"2026-02-04T16:18:02","guid":{"rendered":"https:\/\/m2camper.com\/?post_type=product&#038;p=16388"},"modified":"2026-04-26T09:03:19","modified_gmt":"2026-04-26T07:03:19","slug":"thermische-verdunkelungsrollos-fur-volkswagen-t7-caravelle-lang","status":"publish","type":"product","link":"https:\/\/m2camper.com\/de\/thermische-verdunkelungsrollos-fur-volkswagen-t7-caravelle-lang\/","title":{"rendered":"Thermische Verdunkelungsrollos f\u00fcr Volkswagen T7 Caravelle Long 2025-2026"},"content":{"rendered":"<p>Erleben Sie in Ihrem Volkswagen T7 Caravelle Long ein unvergleichliches Komfortniveau mit unseren 9-lagigen, blickdichten W\u00e4rmed\u00e4mmungen, die sorgf\u00e4ltig entwickelt wurden, um maximale Leistung und Schutz zu bieten.<\/p>\n<p>&nbsp;<\/p>\n<p><strong>Hervorgehobene Funktionen:<\/strong><\/p>\n<ul>\n<li><strong>\u00dcberlegene thermische Effizienz:<\/strong> Mit 9 Schichten W\u00e4rmed\u00e4mmung fungieren unsere Verdunkelungs-W\u00e4rmeisolatoren als wirksame Hitzebarriere und halten Ihr Fahrzeug selbst an den hei\u00dfesten Tagen k\u00fchl und an den k\u00e4ltesten Tagen warm.<\/li>\n<li><strong>Totaler Blackout:<\/strong> Genie\u00dfen Sie die Privatsph\u00e4re, die Sie brauchen, mit unseren Fensterrollos, die nicht nur direktes Sonnenlicht blockieren, sondern auch vor neugierigen Blicken sch\u00fctzen.<\/li>\n<li><strong>Individuelle Passform:<\/strong> Speziell f\u00fcr den Volkswagen T7 Caravelle Long entwickelt, garantieren wir eine perfekte Passform. Unsere Thermorollos mit Verdunkelungsfunktion werden mit Schraubsaugn\u00e4pfen f\u00fcr eine schnelle und sichere Montage befestigt.<\/li>\n<li><strong>Haltbarkeit und Qualit\u00e4t:<\/strong> Unsere Verdunkelungs-W\u00e4rmeisolatoren werden aus hochwertigen Materialien hergestellt, sind robust und langlebig und gew\u00e4hrleisten eine optimale Leistung \u00fcber einen langen Zeitraum.<\/li>\n<\/ul>\n<p>&nbsp;<\/p>\n<p><strong>Zus\u00e4tzliche Vorteile:<\/strong><\/p>\n<ul>\n<li><strong>UV-Schutz:<\/strong> Sie blockieren sch\u00e4dliche UV-Strahlen, um den Innenraum Ihres Autos zu sch\u00fctzen und die Lebensdauer Ihres Zubeh\u00f6rs zu verl\u00e4ngern.<\/li>\n<li><strong>Reduzierung des Energieverbrauchs:<\/strong> Durch die Aufrechterhaltung einer optimaleren Innentemperatur tragen Ihre Verdunkelungs-W\u00e4rmeisolatoren dazu bei, dass Ihre Klimaanlage oder Heizung effizienter arbeitet, was sich in einem geringeren Kraftstoffverbrauch niederschl\u00e4gt.<\/li>\n<li><strong>Stil und Funktionalit\u00e4t:<\/strong> Zus\u00e4tzlich zu ihren praktischen Vorteilen verleihen unsere verdunkelnden W\u00e4rmed\u00e4mmmatten Ihrem Volkswagen T7 Caravelle Long einen Hauch von Stil und verbessern die Gesamt\u00e4sthetik des Fahrzeugs.<\/li>\n<\/ul>\n<p>&nbsp;<\/p>\n<p>Erleben Sie Komfort, Effizienz und Stil mit unseren exklusiv f\u00fcr den Volkswagen T7 Caravelle Long entwickelten 9-lagigen Verdunkelungs-W\u00e4rmeisolatoren. Genie\u00dfen Sie die perfekte Fahrt zu jeder Jahreszeit.<\/p>","protected":false},"excerpt":{"rendered":"<p><strong>OPTIONEN:<\/strong><\/p>\n<p><strong>KABINE:<\/strong> Front-, Fahrer- und Beifahrerseitenfenster (3 St\u00fcck) (5 St\u00fcck, wenn es Dreiecke hat)<\/p>\n<p><strong>KASTEN:<\/strong> 2 Seiten der 2. Sitzreihe, 2 Seiten der 3. Sitzreihe und Heckklappe bzw. Heckdoppelt\u00fcr je nach Modell (je nach Ausf\u00fchrung 5 bzw. 6 St\u00fcck)<\/p>\n<p><strong>VOLLST\u00c4NDIG:<\/strong> Frontscheibe, Fahrer- und Beifahrerseite, 2 Seiten der 2. Sitzreihe, 2 Seiten der 3. Sitzreihe und Heckklappe bzw. Doppelheckt\u00fcr je nach Modell (8 bzw. 9 St\u00fcck), bei Dreiecken w\u00e4ren es 10 bzw. 11<\/p>\n<p>&nbsp;<\/p>\n<p><strong>9-SCHICHT-W\u00c4RMEISOLATOREN<\/strong><\/p>\n<p>Hochwertige 9-lagige W\u00e4rmed\u00e4mmung und Verdunkelungsrollos isolieren sowohl hohe als auch niedrige Temperaturen und sorgen so f\u00fcr mehr Komfort im Inneren und absolute Dunkelheit f\u00fcr erholsame N\u00e4chte. Wird mit aufschraubbaren Saugn\u00e4pfen mit hoher Saugkraft gehalten, die sich zur einfachen Installation leicht entfernen lassen.<\/p>","protected":false},"featured_media":16433,"comment_status":"open","ping_status":"closed","template":"","meta":{"neve_meta_sidebar":"","neve_meta_container":"","neve_meta_enable_content_width":"off","neve_meta_content_width":100,"neve_meta_title_alignment":"","neve_meta_author_avatar":"","neve_post_elements_order":"","neve_meta_disable_header":"","neve_meta_disable_footer":"","neve_meta_disable_title":""},"product_brand":[],"product_cat":[62,61,102],"product_tag":[],"class_list":{"0":"post-16388","1":"product","2":"type-product","3":"status-publish","4":"has-post-thumbnail","6":"product_cat-aislantes","7":"product_cat-all-products","8":"product_cat-volkswagen","9":"pa_observaciones-plos-plazos-de-entrega-pueden-variar-segun-fechas-de-comprap","10":"pa_opciones-cabina-con-sensor-de-lluvia","11":"pa_opciones-cabina-sin-sensor-de-lluvia","12":"pa_opciones-caja-doble-puerta-trasera","13":"pa_opciones-caja-porton-con-limpiaparabrisas","14":"pa_opciones-caja-porton-sin-limpiaparabrisas","15":"pa_opciones-completa-con-sen-lluvia-y-doble-puerta-trasera","16":"pa_opciones-completa-con-sen-lluvia-y-porton-con-limpia","17":"pa_opciones-completa-con-sen-lluvia-y-porton-sin-limpia","18":"pa_opciones-completa-sin-sen-de-lluvia-y-doble-puerta-trasera","19":"pa_opciones-completa-sin-sen-lluvia-y-porton-con-limpia","20":"pa_opciones-completa-sin-sen-lluvia-y-porton-sin-limpia","22":"first","23":"instock","24":"taxable","25":"shipping-taxable","26":"purchasable","27":"product-type-variable"},"yoast_head":"<!-- This site is optimized with the Yoast SEO plugin v27.5 - https:\/\/yoast.com\/product\/yoast-seo-wordpress\/ -->\n<title>Aislantes t\u00e9rmicos oscurecedores Volkswagen T7 Caravelle Larga - M2 Camper | Aislantes t\u00e9rmicos y oscurecedores para campers<\/title>\n<meta name=\"description\" content=\"Aumenta el confort en tu Volkswagen T7 Caravelle con nuestros aislantes t\u00e9rmicos oscurecedores de 9 capas. Disfruta de un viaje m\u00e1s placentero haga frio o calor.\" \/>\n<meta name=\"robots\" content=\"index, follow, max-snippet:-1, max-image-preview:large, max-video-preview:-1\" \/>\n<link rel=\"canonical\" href=\"https:\/\/m2camper.com\/de\/thermische-verdunkelungsrollos-fur-volkswagen-t7-caravelle-lang\/\" \/>\n<meta property=\"og:locale\" content=\"de_DE\" \/>\n<meta property=\"og:type\" content=\"article\" \/>\n<meta property=\"og:title\" content=\"Aislantes t\u00e9rmicos oscurecedores Volkswagen T7 Caravelle Larga - M2 Camper | Aislantes t\u00e9rmicos y oscurecedores para campers\" \/>\n<meta property=\"og:description\" content=\"Aumenta el confort en tu Volkswagen T7 Caravelle con nuestros aislantes t\u00e9rmicos oscurecedores de 9 capas. Disfruta de un viaje m\u00e1s placentero haga frio o calor.\" \/>\n<meta property=\"og:url\" content=\"https:\/\/m2camper.com\/de\/thermische-verdunkelungsrollos-fur-volkswagen-t7-caravelle-lang\/\" \/>\n<meta property=\"og:site_name\" content=\"M2 Camper | Aislantes t\u00e9rmicos y oscurecedores para campers\" \/>\n<meta property=\"article:modified_time\" content=\"2026-04-26T07:03:19+00:00\" \/>\n<meta property=\"og:image\" content=\"https:\/\/m2camper.com\/wp-content\/uploads\/2026\/02\/Caravelle-larga-scaled.webp\" \/>\n\t<meta property=\"og:image:width\" content=\"2560\" \/>\n\t<meta property=\"og:image:height\" content=\"1429\" \/>\n\t<meta property=\"og:image:type\" content=\"image\/webp\" \/>\n<meta name=\"twitter:card\" content=\"summary_large_image\" \/>\n<meta name=\"twitter:label1\" content=\"Gesch\u00e4tzte Lesezeit\" \/>\n\t<meta name=\"twitter:data1\" content=\"2\u00a0Minuten\" \/>\n<script type=\"application\/ld+json\" class=\"yoast-schema-graph\">{\"@context\":\"https:\\\/\\\/schema.org\",\"@graph\":[{\"@type\":\"WebPage\",\"@id\":\"https:\\\/\\\/m2camper.com\\\/aislantes-termicos-oscurecedores-volkswagen-t7-caravelle-larga\\\/\",\"url\":\"https:\\\/\\\/m2camper.com\\\/aislantes-termicos-oscurecedores-volkswagen-t7-caravelle-larga\\\/\",\"name\":\"Aislantes t\u00e9rmicos oscurecedores Volkswagen T7 Caravelle Larga - M2 Camper | Aislantes t\u00e9rmicos y oscurecedores para campers\",\"isPartOf\":{\"@id\":\"https:\\\/\\\/m2camper.com\\\/pt\\\/#website\"},\"primaryImageOfPage\":{\"@id\":\"https:\\\/\\\/m2camper.com\\\/aislantes-termicos-oscurecedores-volkswagen-t7-caravelle-larga\\\/#primaryimage\"},\"image\":{\"@id\":\"https:\\\/\\\/m2camper.com\\\/aislantes-termicos-oscurecedores-volkswagen-t7-caravelle-larga\\\/#primaryimage\"},\"thumbnailUrl\":\"https:\\\/\\\/m2camper.com\\\/wp-content\\\/uploads\\\/2026\\\/02\\\/Caravelle-larga-scaled.webp\",\"datePublished\":\"2026-02-04T16:18:02+00:00\",\"dateModified\":\"2026-04-26T07:03:19+00:00\",\"description\":\"Aumenta el confort en tu Volkswagen T7 Caravelle con nuestros aislantes t\u00e9rmicos oscurecedores de 9 capas. Disfruta de un viaje m\u00e1s placentero haga frio o calor.\",\"breadcrumb\":{\"@id\":\"https:\\\/\\\/m2camper.com\\\/aislantes-termicos-oscurecedores-volkswagen-t7-caravelle-larga\\\/#breadcrumb\"},\"inLanguage\":\"de\",\"potentialAction\":[{\"@type\":\"ReadAction\",\"target\":[\"https:\\\/\\\/m2camper.com\\\/aislantes-termicos-oscurecedores-volkswagen-t7-caravelle-larga\\\/\"]}]},{\"@type\":\"ImageObject\",\"inLanguage\":\"de\",\"@id\":\"https:\\\/\\\/m2camper.com\\\/aislantes-termicos-oscurecedores-volkswagen-t7-caravelle-larga\\\/#primaryimage\",\"url\":\"https:\\\/\\\/m2camper.com\\\/wp-content\\\/uploads\\\/2026\\\/02\\\/Caravelle-larga-scaled.webp\",\"contentUrl\":\"https:\\\/\\\/m2camper.com\\\/wp-content\\\/uploads\\\/2026\\\/02\\\/Caravelle-larga-scaled.webp\",\"width\":2560,\"height\":1429,\"caption\":\"Volkswagen T7 Caravelle\"},{\"@type\":\"BreadcrumbList\",\"@id\":\"https:\\\/\\\/m2camper.com\\\/aislantes-termicos-oscurecedores-volkswagen-t7-caravelle-larga\\\/#breadcrumb\",\"itemListElement\":[{\"@type\":\"ListItem\",\"position\":1,\"name\":\"Portada\",\"item\":\"https:\\\/\\\/m2camper.com\\\/pt\\\/\"},{\"@type\":\"ListItem\",\"position\":2,\"name\":\"Tienda\",\"item\":\"https:\\\/\\\/m2camper.com\\\/pt\\\/loja\\\/\"},{\"@type\":\"ListItem\",\"position\":3,\"name\":\"Aislantes t\u00e9rmicos oscurecedores Volkswagen T7 Caravelle Larga 2025-2026\"}]},{\"@type\":\"WebSite\",\"@id\":\"https:\\\/\\\/m2camper.com\\\/pt\\\/#website\",\"url\":\"https:\\\/\\\/m2camper.com\\\/pt\\\/\",\"name\":\"M2 Campers | Aislantes t\u00e9rmicos y oscurecedores para campers\",\"description\":\"Descubre calidad y confort de nuestros aislantes t\u00e9rmicos oscurecedores y colchones para veh\u00edculos. Optimiza tu experiencia en carretera con M2 Camper.\",\"potentialAction\":[{\"@type\":\"SearchAction\",\"target\":{\"@type\":\"EntryPoint\",\"urlTemplate\":\"https:\\\/\\\/m2camper.com\\\/pt\\\/?s={search_term_string}\"},\"query-input\":{\"@type\":\"PropertyValueSpecification\",\"valueRequired\":true,\"valueName\":\"search_term_string\"}}],\"inLanguage\":\"de\"}]}<\/script>\n<!-- \/ Yoast SEO plugin. -->","yoast_head_json":{"title":"Thermorollos mit Verdunkelungsfunktion f\u00fcr VW T7 Caravelle Long - M2 Camper | Thermorollos und Verdunkelungsrollos f\u00fcr Wohnmobile","description":"Steigern Sie den Komfort Ihres Volkswagen T7 Caravelle mit unserer 9-lagigen Verdunkelungs-W\u00e4rmed\u00e4mmung. Genie\u00dfen Sie eine angenehmere Fahrt, egal ob es hei\u00df oder kalt ist.","robots":{"index":"index","follow":"follow","max-snippet":"max-snippet:-1","max-image-preview":"max-image-preview:large","max-video-preview":"max-video-preview:-1"},"canonical":"https:\/\/m2camper.com\/de\/thermische-verdunkelungsrollos-fur-volkswagen-t7-caravelle-lang\/","og_locale":"de_DE","og_type":"article","og_title":"Aislantes t\u00e9rmicos oscurecedores Volkswagen T7 Caravelle Larga - M2 Camper | Aislantes t\u00e9rmicos y oscurecedores para campers","og_description":"Aumenta el confort en tu Volkswagen T7 Caravelle con nuestros aislantes t\u00e9rmicos oscurecedores de 9 capas. Disfruta de un viaje m\u00e1s placentero haga frio o calor.","og_url":"https:\/\/m2camper.com\/de\/thermische-verdunkelungsrollos-fur-volkswagen-t7-caravelle-lang\/","og_site_name":"M2 Camper | Aislantes t\u00e9rmicos y oscurecedores para campers","article_modified_time":"2026-04-26T07:03:19+00:00","og_image":[{"width":2560,"height":1429,"url":"https:\/\/m2camper.com\/wp-content\/uploads\/2026\/02\/Caravelle-larga-scaled.webp","type":"image\/webp"}],"twitter_card":"summary_large_image","twitter_misc":{"Gesch\u00e4tzte Lesezeit":"2\u00a0Minuten"},"schema":{"@context":"https:\/\/schema.org","@graph":[{"@type":"WebPage","@id":"https:\/\/m2camper.com\/aislantes-termicos-oscurecedores-volkswagen-t7-caravelle-larga\/","url":"https:\/\/m2camper.com\/aislantes-termicos-oscurecedores-volkswagen-t7-caravelle-larga\/","name":"Thermorollos mit Verdunkelungsfunktion f\u00fcr VW T7 Caravelle Long - M2 Camper | Thermorollos und Verdunkelungsrollos f\u00fcr Wohnmobile","isPartOf":{"@id":"https:\/\/m2camper.com\/pt\/#website"},"primaryImageOfPage":{"@id":"https:\/\/m2camper.com\/aislantes-termicos-oscurecedores-volkswagen-t7-caravelle-larga\/#primaryimage"},"image":{"@id":"https:\/\/m2camper.com\/aislantes-termicos-oscurecedores-volkswagen-t7-caravelle-larga\/#primaryimage"},"thumbnailUrl":"https:\/\/m2camper.com\/wp-content\/uploads\/2026\/02\/Caravelle-larga-scaled.webp","datePublished":"2026-02-04T16:18:02+00:00","dateModified":"2026-04-26T07:03:19+00:00","description":"Steigern Sie den Komfort Ihres Volkswagen T7 Caravelle mit unserer 9-lagigen Verdunkelungs-W\u00e4rmed\u00e4mmung. Genie\u00dfen Sie eine angenehmere Fahrt, egal ob es hei\u00df oder kalt ist.","breadcrumb":{"@id":"https:\/\/m2camper.com\/aislantes-termicos-oscurecedores-volkswagen-t7-caravelle-larga\/#breadcrumb"},"inLanguage":"de","potentialAction":[{"@type":"ReadAction","target":["https:\/\/m2camper.com\/aislantes-termicos-oscurecedores-volkswagen-t7-caravelle-larga\/"]}]},{"@type":"ImageObject","inLanguage":"de","@id":"https:\/\/m2camper.com\/aislantes-termicos-oscurecedores-volkswagen-t7-caravelle-larga\/#primaryimage","url":"https:\/\/m2camper.com\/wp-content\/uploads\/2026\/02\/Caravelle-larga-scaled.webp","contentUrl":"https:\/\/m2camper.com\/wp-content\/uploads\/2026\/02\/Caravelle-larga-scaled.webp","width":2560,"height":1429,"caption":"Volkswagen T7 Caravelle"},{"@type":"BreadcrumbList","@id":"https:\/\/m2camper.com\/aislantes-termicos-oscurecedores-volkswagen-t7-caravelle-larga\/#breadcrumb","itemListElement":[{"@type":"ListItem","position":1,"name":"Portada","item":"https:\/\/m2camper.com\/pt\/"},{"@type":"ListItem","position":2,"name":"Tienda","item":"https:\/\/m2camper.com\/pt\/loja\/"},{"@type":"ListItem","position":3,"name":"Aislantes t\u00e9rmicos oscurecedores Volkswagen T7 Caravelle Larga 2025-2026"}]},{"@type":"WebSite","@id":"https:\/\/m2camper.com\/pt\/#website","url":"https:\/\/m2camper.com\/pt\/","name":"M2 Wohnmobile | W\u00e4rmed\u00e4mmung und Verdunkelung f\u00fcr Camper","description":"Entdecken Sie die Qualit\u00e4t und den Komfort unserer w\u00e4rmeisolierenden Verdunkelungen und Matratzen f\u00fcr Fahrzeuge. Optimieren Sie Ihren Aufenthalt auf der Stra\u00dfe mit M2 Camper.","potentialAction":[{"@type":"SearchAction","target":{"@type":"EntryPoint","urlTemplate":"https:\/\/m2camper.com\/pt\/?s={search_term_string}"},"query-input":{"@type":"PropertyValueSpecification","valueRequired":true,"valueName":"search_term_string"}}],"inLanguage":"de"}]}},"_links":{"self":[{"href":"https:\/\/m2camper.com\/de\/wp-json\/wp\/v2\/product\/16388","targetHints":{"allow":["GET"]}}],"collection":[{"href":"https:\/\/m2camper.com\/de\/wp-json\/wp\/v2\/product"}],"about":[{"href":"https:\/\/m2camper.com\/de\/wp-json\/wp\/v2\/types\/product"}],"replies":[{"embeddable":true,"href":"https:\/\/m2camper.com\/de\/wp-json\/wp\/v2\/comments?post=16388"}],"wp:featuredmedia":[{"embeddable":true,"href":"https:\/\/m2camper.com\/de\/wp-json\/wp\/v2\/media\/16433"}],"wp:attachment":[{"href":"https:\/\/m2camper.com\/de\/wp-json\/wp\/v2\/media?parent=16388"}],"wp:term":[{"taxonomy":"product_brand","embeddable":true,"href":"https:\/\/m2camper.com\/de\/wp-json\/wp\/v2\/product_brand?post=16388"},{"taxonomy":"product_cat","embeddable":true,"href":"https:\/\/m2camper.com\/de\/wp-json\/wp\/v2\/product_cat?post=16388"},{"taxonomy":"product_tag","embeddable":true,"href":"https:\/\/m2camper.com\/de\/wp-json\/wp\/v2\/product_tag?post=16388"}],"curies":[{"name":"wp","href":"https:\/\/api.w.org\/{rel}","templated":true}]}}