{"id":1193,"date":"2013-12-24T13:50:37","date_gmt":"2013-12-24T13:50:37","guid":{"rendered":"https:\/\/m2campera.proyectosdesarrollosweb.com\/?product=aislantes-termicos-oscurecedores-land-rover-discovery-iv"},"modified":"2026-04-17T10:44:01","modified_gmt":"2026-04-17T08:44:01","slug":"warmeisolatoren-und-verdunkelungsvorhange-fur-den-land-rover-discovery-iv","status":"publish","type":"product","link":"https:\/\/m2camper.com\/de\/warmeisolatoren-und-verdunkelungsvorhange-fur-den-land-rover-discovery-iv\/","title":{"rendered":"Ma\u00dfgefertigte Camper-Verdunkelungen f\u00fcr Land Rover Discovery IV"},"content":{"rendered":"<p>Camper-Verdunkelungen f\u00fcr Land Rover Discovery IV wurden entwickelt, um das Erlebnis im Fahrzeuginnenraum zu verbessern, insbesondere wenn Sie es zum Reisen, f\u00fcr Ausfl\u00fcge oder zum Schlafen nutzen. Diese thermischen Isolierungen blockieren das Licht und helfen, eine stabilere Temperatur zu halten.<\/p>\n<p>Ihre 9-Schicht-Struktur hilft, die Hitze im Sommer zu reduzieren und die W\u00e4rme im Winter zu halten, wodurch das ganze Jahr \u00fcber ein komfortableres Umfeld entsteht. Wenn Sie h\u00e4ufig im Fahrzeug \u00fcbernachten oder unterwegs Pausen einlegen, werden Sie die Verbesserung von Erholung und Privatsph\u00e4re ab der ersten Nutzung bemerken.<\/p>\n<h2 style=\"color: black;\">Ma\u00dfgefertigte Camper-Verdunkelungen f\u00fcr Land Rover Discovery IV<\/h2>\n<p>Diese Verdunkelungen wurden speziell f\u00fcr den Land Rover Discovery IV entwickelt und gew\u00e4hrleisten eine pr\u00e4zise Passform an jeder Fensterscheibe. Diese Anpassung verhindert das Eindringen von Licht und verbessert die Isolierung des Innenraums.<\/p>\n<p>Es handelt sich um eine praktische L\u00f6sung f\u00fcr alle, die ihr Fahrzeug ohne Ver\u00e4nderungen zum Camper umbauen m\u00f6chten, mit einer einfachen Installation, die sich an jede Reise oder jeden Bedarf anpasst.<\/p>\n<h2 style=\"color: black;\">Vorteile von Camper-Verdunkelungen<\/h2>\n<ul>\n<li>Ma\u00dfgeschneiderte Passform<\/li>\n<li>9-Schichten-W\u00e4rmeisolierung<\/li>\n<li>Vollst\u00e4ndige Verdunkelung<\/li>\n<li>Privatsph\u00e4re<\/li>\n<li>Schnelle Installation<\/li>\n<\/ul>\n<p>&nbsp;<\/p>\n<h2 style=\"color: black;\">Kompatibilit\u00e4t<\/h2>\n<p>Speziell f\u00fcr den Land Rover Discovery IV entwickelt, gew\u00e4hrleisten diese Verdunkelungen eine perfekte Anpassung an jede Fensterscheibe des Fahrzeugs, erleichtern die Nutzung und verbessern den Innenraumkomfort.<\/p>\n<h2 style=\"color: black;\">Verf\u00fcgbare Optionen<\/h2>\n<ul>\n<li class=\"translation-block\"><strong>Kabine:<\/strong> Umfasst die Frontscheibe und die vorderen Seitenscheiben. Ideal f\u00fcr den t\u00e4glichen Gebrauch oder kurze Ausfl\u00fcge.<\/li>\n<li class=\"translation-block\"><strong>Heckbereich:<\/strong> Deckt die hinteren Fenster ab und bietet einen privateren und komfortableren Raum im hinteren Bereich des Fahrzeugs.<\/li>\n<li class=\"translation-block\"><strong>Komplett:<\/strong> Umfasst alle Scheiben des Fahrzeugs f\u00fcr vollst\u00e4ndige Isolierung und maximale Privatsph\u00e4re in jeder Situation.<\/li>\n<\/ul>\n<p>Diese thermischen Isolierungen sind f\u00fcr alle gedacht, die ihr Fahrzeug optimal nutzen m\u00f6chten und erm\u00f6glichen es, auf Reisen oder Ausfl\u00fcgen bequem zu ruhen, ohne auf Unterk\u00fcnfte angewiesen zu sein.<\/p>\n<p>Bei M2Camper entwickeln wir jede L\u00f6sung, indem wir sie an die spezifischen Formen jedes Fahrzeugs anpassen und so eine pr\u00e4zise und funktionale Passform im gesamten Set gew\u00e4hrleisten.<\/p>","protected":false},"excerpt":{"rendered":"<p>Equipa tu Land Rover Discovery IV con oscurecedores camper a medida y transforma tu veh\u00edculo en un espacio c\u00f3modo para viajar y descansar. Perfectos para ganar privacidad, oscuridad y confort t\u00e9rmico en cualquier situaci\u00f3n.<\/p>\n<p>Ideales para dormir dentro del coche en escapadas o rutas largas sin preocuparte por la luz o la temperatura exterior.<\/p>\n<ul>\n<li>Vollst\u00e4ndige Dunkelheit f\u00fcr bessere Erholung<\/li>\n<li>Privatsph\u00e4re in jeder Umgebung<\/li>\n<li>W\u00e4rmeisolierung das ganze Jahr \u00fcber<\/li>\n<li>Perfekt zum Reisen und zum Camper-Umbau<\/li>\n<\/ul>","protected":false},"featured_media":1194,"comment_status":"open","ping_status":"closed","template":"","meta":{"neve_meta_sidebar":"","neve_meta_container":"","neve_meta_enable_content_width":"off","neve_meta_content_width":100,"neve_meta_title_alignment":"","neve_meta_author_avatar":"","neve_post_elements_order":"","neve_meta_disable_header":"","neve_meta_disable_footer":"","neve_meta_disable_title":""},"product_brand":[],"product_cat":[80,62,61],"product_tag":[],"class_list":{"0":"post-1193","1":"product","2":"type-product","3":"status-publish","4":"has-post-thumbnail","6":"product_cat-land-rover","7":"product_cat-aislantes","8":"product_cat-all-products","9":"pa_detalles-del-producto-pstrongspanspanspanopcionesspanspanspanstrongppspanstrongspanspancabinaspanspanstrongspanspan-luna-delantera-lateral-piloto-y-copiloto-3-piezas-5-piezas-en-caso-de-que-lleve-triangulitosspanspanspanpp","10":"pa_observaciones-plos-plazos-de-entrega-pueden-variar-segun-fechas-de-comprap","12":"first","13":"instock","14":"taxable","15":"shipping-taxable","16":"purchasable","17":"product-type-variable"},"yoast_head":"<!-- This site is optimized with the Yoast SEO plugin v27.5 - https:\/\/yoast.com\/product\/yoast-seo-wordpress\/ -->\n<title>Oscurecedores camper Land Rover Discovery IV<\/title>\n<meta name=\"description\" content=\"Oscurecedores camper para Land Rover Discovery IV a medida. Disfruta de privacidad, aislamiento t\u00e9rmico y descanso en cualquier escapada.\" \/>\n<meta name=\"robots\" content=\"index, follow, max-snippet:-1, max-image-preview:large, max-video-preview:-1\" \/>\n<link rel=\"canonical\" href=\"https:\/\/m2camper.com\/de\/warmeisolatoren-und-verdunkelungsvorhange-fur-den-land-rover-discovery-iv\/\" \/>\n<meta property=\"og:locale\" content=\"de_DE\" \/>\n<meta property=\"og:type\" content=\"article\" \/>\n<meta property=\"og:title\" content=\"Oscurecedores camper Land Rover Discovery IV\" \/>\n<meta property=\"og:description\" content=\"Oscurecedores camper para Land Rover Discovery IV a medida. Disfruta de privacidad, aislamiento t\u00e9rmico y descanso en cualquier escapada.\" \/>\n<meta property=\"og:url\" content=\"https:\/\/m2camper.com\/de\/warmeisolatoren-und-verdunkelungsvorhange-fur-den-land-rover-discovery-iv\/\" \/>\n<meta property=\"og:site_name\" content=\"M2 Camper | Aislantes t\u00e9rmicos y oscurecedores para campers\" \/>\n<meta property=\"article:modified_time\" content=\"2026-04-17T08:44:01+00:00\" \/>\n<meta property=\"og:image\" content=\"https:\/\/m2camper.com\/wp-content\/uploads\/2025\/01\/60c9aa_e936b8a448bc4cd3be14caf4b0cdba57mv2.png\" \/>\n\t<meta property=\"og:image:width\" content=\"400\" \/>\n\t<meta property=\"og:image:height\" content=\"250\" \/>\n\t<meta property=\"og:image:type\" content=\"image\/png\" \/>\n<meta name=\"twitter:card\" content=\"summary_large_image\" \/>\n<meta name=\"twitter:label1\" content=\"Gesch\u00e4tzte Lesezeit\" \/>\n\t<meta name=\"twitter:data1\" content=\"2\u00a0Minuten\" \/>\n<script type=\"application\/ld+json\" class=\"yoast-schema-graph\">{\"@context\":\"https:\\\/\\\/schema.org\",\"@graph\":[{\"@type\":\"WebPage\",\"@id\":\"https:\\\/\\\/m2camper.com\\\/aislantes-termicos-oscurecedores-land-rover-discovery-iv\\\/\",\"url\":\"https:\\\/\\\/m2camper.com\\\/aislantes-termicos-oscurecedores-land-rover-discovery-iv\\\/\",\"name\":\"Oscurecedores camper Land Rover Discovery IV\",\"isPartOf\":{\"@id\":\"https:\\\/\\\/m2camper.com\\\/pt\\\/#website\"},\"primaryImageOfPage\":{\"@id\":\"https:\\\/\\\/m2camper.com\\\/aislantes-termicos-oscurecedores-land-rover-discovery-iv\\\/#primaryimage\"},\"image\":{\"@id\":\"https:\\\/\\\/m2camper.com\\\/aislantes-termicos-oscurecedores-land-rover-discovery-iv\\\/#primaryimage\"},\"thumbnailUrl\":\"https:\\\/\\\/m2camper.com\\\/wp-content\\\/uploads\\\/2025\\\/01\\\/60c9aa_e936b8a448bc4cd3be14caf4b0cdba57mv2.png\",\"datePublished\":\"2013-12-24T13:50:37+00:00\",\"dateModified\":\"2026-04-17T08:44:01+00:00\",\"description\":\"Oscurecedores camper para Land Rover Discovery IV a medida. Disfruta de privacidad, aislamiento t\u00e9rmico y descanso en cualquier escapada.\",\"breadcrumb\":{\"@id\":\"https:\\\/\\\/m2camper.com\\\/aislantes-termicos-oscurecedores-land-rover-discovery-iv\\\/#breadcrumb\"},\"inLanguage\":\"de\",\"potentialAction\":[{\"@type\":\"ReadAction\",\"target\":[\"https:\\\/\\\/m2camper.com\\\/aislantes-termicos-oscurecedores-land-rover-discovery-iv\\\/\"]}]},{\"@type\":\"ImageObject\",\"inLanguage\":\"de\",\"@id\":\"https:\\\/\\\/m2camper.com\\\/aislantes-termicos-oscurecedores-land-rover-discovery-iv\\\/#primaryimage\",\"url\":\"https:\\\/\\\/m2camper.com\\\/wp-content\\\/uploads\\\/2025\\\/01\\\/60c9aa_e936b8a448bc4cd3be14caf4b0cdba57mv2.png\",\"contentUrl\":\"https:\\\/\\\/m2camper.com\\\/wp-content\\\/uploads\\\/2025\\\/01\\\/60c9aa_e936b8a448bc4cd3be14caf4b0cdba57mv2.png\",\"width\":400,\"height\":250},{\"@type\":\"BreadcrumbList\",\"@id\":\"https:\\\/\\\/m2camper.com\\\/aislantes-termicos-oscurecedores-land-rover-discovery-iv\\\/#breadcrumb\",\"itemListElement\":[{\"@type\":\"ListItem\",\"position\":1,\"name\":\"Portada\",\"item\":\"https:\\\/\\\/m2camper.com\\\/pt\\\/\"},{\"@type\":\"ListItem\",\"position\":2,\"name\":\"Tienda\",\"item\":\"https:\\\/\\\/m2camper.com\\\/pt\\\/loja\\\/\"},{\"@type\":\"ListItem\",\"position\":3,\"name\":\"Oscurecedores camper para Land Rover Discovery IV a medida\"}]},{\"@type\":\"WebSite\",\"@id\":\"https:\\\/\\\/m2camper.com\\\/pt\\\/#website\",\"url\":\"https:\\\/\\\/m2camper.com\\\/pt\\\/\",\"name\":\"M2 Campers | Aislantes t\u00e9rmicos y oscurecedores para campers\",\"description\":\"Descubre calidad y confort de nuestros aislantes t\u00e9rmicos oscurecedores y colchones para veh\u00edculos. Optimiza tu experiencia en carretera con M2 Camper.\",\"potentialAction\":[{\"@type\":\"SearchAction\",\"target\":{\"@type\":\"EntryPoint\",\"urlTemplate\":\"https:\\\/\\\/m2camper.com\\\/pt\\\/?s={search_term_string}\"},\"query-input\":{\"@type\":\"PropertyValueSpecification\",\"valueRequired\":true,\"valueName\":\"search_term_string\"}}],\"inLanguage\":\"de\"}]}<\/script>\n<!-- \/ Yoast SEO plugin. -->","yoast_head_json":{"title":"Oscurecedores camper Land Rover Discovery IV","description":"Ma\u00dfgefertigte Camper-Verdunkelungen f\u00fcr Land Rover Discovery IV. Genie\u00dfen Sie Privatsph\u00e4re, W\u00e4rmeisolierung und Erholung bei jeder Reise.","robots":{"index":"index","follow":"follow","max-snippet":"max-snippet:-1","max-image-preview":"max-image-preview:large","max-video-preview":"max-video-preview:-1"},"canonical":"https:\/\/m2camper.com\/de\/warmeisolatoren-und-verdunkelungsvorhange-fur-den-land-rover-discovery-iv\/","og_locale":"de_DE","og_type":"article","og_title":"Oscurecedores camper Land Rover Discovery IV","og_description":"Oscurecedores camper para Land Rover Discovery IV a medida. Disfruta de privacidad, aislamiento t\u00e9rmico y descanso en cualquier escapada.","og_url":"https:\/\/m2camper.com\/de\/warmeisolatoren-und-verdunkelungsvorhange-fur-den-land-rover-discovery-iv\/","og_site_name":"M2 Camper | Aislantes t\u00e9rmicos y oscurecedores para campers","article_modified_time":"2026-04-17T08:44:01+00:00","og_image":[{"width":400,"height":250,"url":"https:\/\/m2camper.com\/wp-content\/uploads\/2025\/01\/60c9aa_e936b8a448bc4cd3be14caf4b0cdba57mv2.png","type":"image\/png"}],"twitter_card":"summary_large_image","twitter_misc":{"Gesch\u00e4tzte Lesezeit":"2\u00a0Minuten"},"schema":{"@context":"https:\/\/schema.org","@graph":[{"@type":"WebPage","@id":"https:\/\/m2camper.com\/aislantes-termicos-oscurecedores-land-rover-discovery-iv\/","url":"https:\/\/m2camper.com\/aislantes-termicos-oscurecedores-land-rover-discovery-iv\/","name":"Oscurecedores camper Land Rover Discovery IV","isPartOf":{"@id":"https:\/\/m2camper.com\/pt\/#website"},"primaryImageOfPage":{"@id":"https:\/\/m2camper.com\/aislantes-termicos-oscurecedores-land-rover-discovery-iv\/#primaryimage"},"image":{"@id":"https:\/\/m2camper.com\/aislantes-termicos-oscurecedores-land-rover-discovery-iv\/#primaryimage"},"thumbnailUrl":"https:\/\/m2camper.com\/wp-content\/uploads\/2025\/01\/60c9aa_e936b8a448bc4cd3be14caf4b0cdba57mv2.png","datePublished":"2013-12-24T13:50:37+00:00","dateModified":"2026-04-17T08:44:01+00:00","description":"Ma\u00dfgefertigte Camper-Verdunkelungen f\u00fcr Land Rover Discovery IV. Genie\u00dfen Sie Privatsph\u00e4re, W\u00e4rmeisolierung und Erholung bei jeder Reise.","breadcrumb":{"@id":"https:\/\/m2camper.com\/aislantes-termicos-oscurecedores-land-rover-discovery-iv\/#breadcrumb"},"inLanguage":"de","potentialAction":[{"@type":"ReadAction","target":["https:\/\/m2camper.com\/aislantes-termicos-oscurecedores-land-rover-discovery-iv\/"]}]},{"@type":"ImageObject","inLanguage":"de","@id":"https:\/\/m2camper.com\/aislantes-termicos-oscurecedores-land-rover-discovery-iv\/#primaryimage","url":"https:\/\/m2camper.com\/wp-content\/uploads\/2025\/01\/60c9aa_e936b8a448bc4cd3be14caf4b0cdba57mv2.png","contentUrl":"https:\/\/m2camper.com\/wp-content\/uploads\/2025\/01\/60c9aa_e936b8a448bc4cd3be14caf4b0cdba57mv2.png","width":400,"height":250},{"@type":"BreadcrumbList","@id":"https:\/\/m2camper.com\/aislantes-termicos-oscurecedores-land-rover-discovery-iv\/#breadcrumb","itemListElement":[{"@type":"ListItem","position":1,"name":"Portada","item":"https:\/\/m2camper.com\/pt\/"},{"@type":"ListItem","position":2,"name":"Tienda","item":"https:\/\/m2camper.com\/pt\/loja\/"},{"@type":"ListItem","position":3,"name":"Oscurecedores camper para Land Rover Discovery IV a medida"}]},{"@type":"WebSite","@id":"https:\/\/m2camper.com\/pt\/#website","url":"https:\/\/m2camper.com\/pt\/","name":"M2 Wohnmobile | W\u00e4rmed\u00e4mmung und Verdunkelung f\u00fcr Camper","description":"Entdecken Sie die Qualit\u00e4t und den Komfort unserer w\u00e4rmeisolierenden Verdunkelungen und Matratzen f\u00fcr Fahrzeuge. Optimieren Sie Ihren Aufenthalt auf der Stra\u00dfe mit M2 Camper.","potentialAction":[{"@type":"SearchAction","target":{"@type":"EntryPoint","urlTemplate":"https:\/\/m2camper.com\/pt\/?s={search_term_string}"},"query-input":{"@type":"PropertyValueSpecification","valueRequired":true,"valueName":"search_term_string"}}],"inLanguage":"de"}]}},"_links":{"self":[{"href":"https:\/\/m2camper.com\/de\/wp-json\/wp\/v2\/product\/1193","targetHints":{"allow":["GET"]}}],"collection":[{"href":"https:\/\/m2camper.com\/de\/wp-json\/wp\/v2\/product"}],"about":[{"href":"https:\/\/m2camper.com\/de\/wp-json\/wp\/v2\/types\/product"}],"replies":[{"embeddable":true,"href":"https:\/\/m2camper.com\/de\/wp-json\/wp\/v2\/comments?post=1193"}],"wp:featuredmedia":[{"embeddable":true,"href":"https:\/\/m2camper.com\/de\/wp-json\/wp\/v2\/media\/1194"}],"wp:attachment":[{"href":"https:\/\/m2camper.com\/de\/wp-json\/wp\/v2\/media?parent=1193"}],"wp:term":[{"taxonomy":"product_brand","embeddable":true,"href":"https:\/\/m2camper.com\/de\/wp-json\/wp\/v2\/product_brand?post=1193"},{"taxonomy":"product_cat","embeddable":true,"href":"https:\/\/m2camper.com\/de\/wp-json\/wp\/v2\/product_cat?post=1193"},{"taxonomy":"product_tag","embeddable":true,"href":"https:\/\/m2camper.com\/de\/wp-json\/wp\/v2\/product_tag?post=1193"}],"curies":[{"name":"wp","href":"https:\/\/api.w.org\/{rel}","templated":true}]}}