{"id":11724,"date":"2025-02-13T07:59:03","date_gmt":"2025-02-13T07:59:03","guid":{"rendered":"https:\/\/ultbit.com\/m2camper\/?page_id=11724"},"modified":"2026-04-08T17:36:11","modified_gmt":"2026-04-08T15:36:11","slug":"versand-und-ruckgabe","status":"publish","type":"page","link":"https:\/\/m2camper.com\/de\/versand-und-ruckgabe\/","title":{"rendered":"Lieferung und R\u00fccksendung"},"content":{"rendered":"<div data-elementor-type=\"wp-page\" data-elementor-id=\"11724\" class=\"elementor elementor-11724\" data-elementor-post-type=\"page\">\n\t\t\t\t<div class=\"elementor-element elementor-element-227d581 e-flex e-con-boxed e-con e-parent\" data-id=\"227d581\" data-element_type=\"container\" data-e-type=\"container\" data-settings=\"{&quot;background_background&quot;:&quot;classic&quot;}\">\n\t\t\t\t\t<div class=\"e-con-inner\">\n\t\t\t\t<div class=\"elementor-element elementor-element-3aa0bdc elementor-widget elementor-widget-text-editor\" data-id=\"3aa0bdc\" data-element_type=\"widget\" data-e-type=\"widget\" data-widget_type=\"text-editor.default\">\n\t\t\t\t<div class=\"elementor-widget-container\">\n\t\t\t\t\t\t\t\t\t<div id=\"bgLayers_comp-lmyw9jea2\" class=\"MW5IWV\" data-hook=\"bgLayers\" data-motion-part=\"BG_LAYER comp-lmyw9jea2\"><h2 id=\"bgMedia_comp-lmyw9jea2\" class=\"VgO9Yg\" data-motion-part=\"BG_MEDIA comp-lmyw9jea2\"><span style=\"color: #000000;\">VERSANDBEDINGUNGEN<\/span><\/h2><\/div><div class=\"\" data-mesh-id=\"comp-lmyw9jea2inlineContent\" data-testid=\"inline-content\"><div data-mesh-id=\"comp-lmyw9jea2inlineContent-gridContainer\" data-testid=\"mesh-container-content\"><div id=\"comp-j8biz85r1\" class=\"HcOXKn SxM0TO QxJLC3 lq2cno YQcXTT comp-j8biz85r1 wixui-rich-text\" data-testid=\"richTextElement\"><p class=\"font_8 wixui-rich-text__text\">Die Lieferung erfolgt auf Kosten des Kunden aus unserer Werkstatt an die angegebene Adresse<\/p><p class=\"font_8 wixui-rich-text__text\">Die Ware wird dem Kunden mit Vorank\u00fcndigung zugesandt, was eine Sendungsverfolgung erleichtert.<\/p><p class=\"font_8 wixui-rich-text__text\">Wenn der Kunde bei unseren Lieferversuchen nicht anzutreffen ist<\/p><p class=\"font_8 wixui-rich-text__text\">Das Recht auf Stornierung und Geltendmachung der dadurch entstandenen Kosten bleibt vorbehalten.<\/p><p class=\"font_8 wixui-rich-text__text\">Nehmen Sie keine Lieferung an, wenn die Ware besch\u00e4digt ist,<\/p><p class=\"font_8 wixui-rich-text__text\">auf die Gefahr hin, dass die Verantwortung des Kunden \u00fcbernommen wird<\/p><p class=\"font_8 wixui-rich-text__text\">Die Transportkosten au\u00dferhalb der Halbinsel werden individuell von unserem Transportunternehmen oder einem vom Kunden vorgeschlagenen Transportunternehmen berechnet und gehen zu Ihren Lasten.<\/p><h2 class=\"font_2 wixui-rich-text__text\"><span class=\"wixui-rich-text__text\" style=\"color: #000000;\">R\u00dcCKGABERECHT<\/span><\/h2><p class=\"font_8 wixui-rich-text__text\">Wenn Sie aus irgendeinem Grund mit Ihrem Kauf nicht zufrieden sind, k\u00f6nnen Sie \u00a0<\/p><p class=\"font_8 wixui-rich-text__text\">einen Umtausch oder eine R\u00fcckerstattung beantragen\u00a0<\/p><p class=\"font_8 wixui-rich-text__text\">Die R\u00fcckgabefrist betr\u00e4gt 15 Tage ab Lieferdatum.<\/p><p class=\"font_8 wixui-rich-text__text\">solange sie in einwandfreiem Zustand sind und nicht manipuliert wurden<\/p><p class=\"font_8 wixui-rich-text__text\">Die Kosten der R\u00fccksendung tr\u00e4gt der K\u00e4ufer.\u00a0<\/p><p class=\"font_8 wixui-rich-text__text\">au\u00dfer bei fehlerhaften Produkten oder Falschlieferungen\u00a0<\/p><p class=\"font_8 wixui-rich-text__text\">Nach der \u00dcberpr\u00fcfung in der Werkstatt wird die Ware zur\u00fcckgesandt.<\/p><\/div><\/div><\/div>\t\t\t\t\t\t\t\t<\/div>\n\t\t\t\t<\/div>\n\t\t\t\t\t<\/div>\n\t\t\t\t<\/div>\n\t\t\t\t<\/div>","protected":false},"excerpt":{"rendered":"<p>POLITICA DE ENVIOS Se entregar\u00e1 en la direcci\u00f3n proporcionada a cargo del cliente desde nuestro taller La mercanc\u00eda ser\u00e1 enviada al cliente previo aviso facilitando seguimiento de env\u00edos Si el cliente no est\u00e1 disponible con nuestros intentos de entrega queda reservado el derecho de cancelaci\u00f3n y reclamo de los posibles gastos ocasionados por dicho motivo&hellip;&nbsp;<a href=\"https:\/\/m2camper.com\/de\/versand-und-ruckgabe\/\" rel=\"bookmark\">Mehr lesen &quot;<span class=\"screen-reader-text\">Lieferung und R\u00fccksendung<\/span><\/a><\/p>","protected":false},"author":5740,"featured_media":0,"parent":0,"menu_order":0,"comment_status":"closed","ping_status":"closed","template":"page-templates\/template-pagebuilder-full-width.php","meta":{"neve_meta_sidebar":"","neve_meta_container":"","neve_meta_enable_content_width":"off","neve_meta_content_width":100,"neve_meta_title_alignment":"","neve_meta_author_avatar":"","neve_post_elements_order":"","neve_meta_disable_header":"","neve_meta_disable_footer":"","neve_meta_disable_title":"","footnotes":""},"class_list":["post-11724","page","type-page","status-publish","hentry"],"yoast_head":"<!-- This site is optimized with the Yoast SEO plugin v27.4 - https:\/\/yoast.com\/product\/yoast-seo-wordpress\/ -->\n<title>Env\u00edos y devoluciones - M2 Camper | Aislantes t\u00e9rmicos y oscurecedores para campers<\/title>\n<meta name=\"robots\" content=\"noindex, nofollow\" \/>\n<meta property=\"og:locale\" content=\"de_DE\" \/>\n<meta property=\"og:type\" content=\"article\" \/>\n<meta property=\"og:title\" content=\"Env\u00edos y devoluciones - M2 Camper | Aislantes t\u00e9rmicos y oscurecedores para campers\" \/>\n<meta property=\"og:description\" content=\"POLITICA DE ENVIOS Se entregar\u00e1 en la direcci\u00f3n proporcionada a cargo del cliente desde nuestro taller La mercanc\u00eda ser\u00e1 enviada al cliente previo aviso facilitando seguimiento de env\u00edos Si el cliente no est\u00e1 disponible con nuestros intentos de entrega queda reservado el derecho de cancelaci\u00f3n y reclamo de los posibles gastos ocasionados por dicho motivo&hellip;&nbsp;Weiterlesen &raquo;Env\u00edos y devoluciones\" \/>\n<meta property=\"og:url\" content=\"https:\/\/m2camper.com\/de\/versand-und-ruckgabe\/\" \/>\n<meta property=\"og:site_name\" content=\"M2 Camper | Aislantes t\u00e9rmicos y oscurecedores para campers\" \/>\n<meta property=\"article:modified_time\" content=\"2026-04-08T15:36:11+00:00\" \/>\n<meta name=\"twitter:card\" content=\"summary_large_image\" \/>\n<meta name=\"twitter:label1\" content=\"Gesch\u00e4tzte Lesezeit\" \/>\n\t<meta name=\"twitter:data1\" content=\"1\u00a0Minute\" \/>\n<script type=\"application\/ld+json\" class=\"yoast-schema-graph\">{\"@context\":\"https:\\\/\\\/schema.org\",\"@graph\":[{\"@type\":\"WebPage\",\"@id\":\"https:\\\/\\\/m2camper.com\\\/envios-y-devoluciones\\\/\",\"url\":\"https:\\\/\\\/m2camper.com\\\/envios-y-devoluciones\\\/\",\"name\":\"Env\u00edos y devoluciones - M2 Camper | Aislantes t\u00e9rmicos y oscurecedores para campers\",\"isPartOf\":{\"@id\":\"https:\\\/\\\/m2camper.com\\\/pt\\\/#website\"},\"datePublished\":\"2025-02-13T07:59:03+00:00\",\"dateModified\":\"2026-04-08T15:36:11+00:00\",\"breadcrumb\":{\"@id\":\"https:\\\/\\\/m2camper.com\\\/envios-y-devoluciones\\\/#breadcrumb\"},\"inLanguage\":\"de\",\"potentialAction\":[{\"@type\":\"ReadAction\",\"target\":[\"https:\\\/\\\/m2camper.com\\\/envios-y-devoluciones\\\/\"]}]},{\"@type\":\"BreadcrumbList\",\"@id\":\"https:\\\/\\\/m2camper.com\\\/envios-y-devoluciones\\\/#breadcrumb\",\"itemListElement\":[{\"@type\":\"ListItem\",\"position\":1,\"name\":\"Portada\",\"item\":\"https:\\\/\\\/m2camper.com\\\/pt\\\/\"},{\"@type\":\"ListItem\",\"position\":2,\"name\":\"Env\u00edos y devoluciones\"}]},{\"@type\":\"WebSite\",\"@id\":\"https:\\\/\\\/m2camper.com\\\/pt\\\/#website\",\"url\":\"https:\\\/\\\/m2camper.com\\\/pt\\\/\",\"name\":\"M2 Campers | Aislantes t\u00e9rmicos y oscurecedores para campers\",\"description\":\"Descubre calidad y confort de nuestros aislantes t\u00e9rmicos oscurecedores y colchones para veh\u00edculos. Optimiza tu experiencia en carretera con M2 Camper.\",\"potentialAction\":[{\"@type\":\"SearchAction\",\"target\":{\"@type\":\"EntryPoint\",\"urlTemplate\":\"https:\\\/\\\/m2camper.com\\\/pt\\\/?s={search_term_string}\"},\"query-input\":{\"@type\":\"PropertyValueSpecification\",\"valueRequired\":true,\"valueName\":\"search_term_string\"}}],\"inLanguage\":\"de\"}]}<\/script>\n<!-- \/ Yoast SEO plugin. -->","yoast_head_json":{"title":"Versand und R\u00fccksendung - M2 Camper | W\u00e4rmed\u00e4mmung und Verdunkelung f\u00fcr Camper","robots":{"index":"noindex","follow":"nofollow"},"og_locale":"de_DE","og_type":"article","og_title":"Env\u00edos y devoluciones - M2 Camper | Aislantes t\u00e9rmicos y oscurecedores para campers","og_description":"POLITICA DE ENVIOS Se entregar\u00e1 en la direcci\u00f3n proporcionada a cargo del cliente desde nuestro taller La mercanc\u00eda ser\u00e1 enviada al cliente previo aviso facilitando seguimiento de env\u00edos Si el cliente no est\u00e1 disponible con nuestros intentos de entrega queda reservado el derecho de cancelaci\u00f3n y reclamo de los posibles gastos ocasionados por dicho motivo&hellip;&nbsp;Weiterlesen &raquo;Env\u00edos y devoluciones","og_url":"https:\/\/m2camper.com\/de\/versand-und-ruckgabe\/","og_site_name":"M2 Camper | Aislantes t\u00e9rmicos y oscurecedores para campers","article_modified_time":"2026-04-08T15:36:11+00:00","twitter_card":"summary_large_image","twitter_misc":{"Gesch\u00e4tzte Lesezeit":"1\u00a0Minute"},"schema":{"@context":"https:\/\/schema.org","@graph":[{"@type":"WebPage","@id":"https:\/\/m2camper.com\/envios-y-devoluciones\/","url":"https:\/\/m2camper.com\/envios-y-devoluciones\/","name":"Versand und R\u00fccksendung - M2 Camper | W\u00e4rmed\u00e4mmung und Verdunkelung f\u00fcr Camper","isPartOf":{"@id":"https:\/\/m2camper.com\/pt\/#website"},"datePublished":"2025-02-13T07:59:03+00:00","dateModified":"2026-04-08T15:36:11+00:00","breadcrumb":{"@id":"https:\/\/m2camper.com\/envios-y-devoluciones\/#breadcrumb"},"inLanguage":"de","potentialAction":[{"@type":"ReadAction","target":["https:\/\/m2camper.com\/envios-y-devoluciones\/"]}]},{"@type":"BreadcrumbList","@id":"https:\/\/m2camper.com\/envios-y-devoluciones\/#breadcrumb","itemListElement":[{"@type":"ListItem","position":1,"name":"Portada","item":"https:\/\/m2camper.com\/pt\/"},{"@type":"ListItem","position":2,"name":"Env\u00edos y devoluciones"}]},{"@type":"WebSite","@id":"https:\/\/m2camper.com\/pt\/#website","url":"https:\/\/m2camper.com\/pt\/","name":"M2 Wohnmobile | W\u00e4rmed\u00e4mmung und Verdunkelung f\u00fcr Camper","description":"Entdecken Sie die Qualit\u00e4t und den Komfort unserer w\u00e4rmeisolierenden Verdunkelungen und Matratzen f\u00fcr Fahrzeuge. Optimieren Sie Ihren Aufenthalt auf der Stra\u00dfe mit M2 Camper.","potentialAction":[{"@type":"SearchAction","target":{"@type":"EntryPoint","urlTemplate":"https:\/\/m2camper.com\/pt\/?s={search_term_string}"},"query-input":{"@type":"PropertyValueSpecification","valueRequired":true,"valueName":"search_term_string"}}],"inLanguage":"de"}]}},"_links":{"self":[{"href":"https:\/\/m2camper.com\/de\/wp-json\/wp\/v2\/pages\/11724","targetHints":{"allow":["GET"]}}],"collection":[{"href":"https:\/\/m2camper.com\/de\/wp-json\/wp\/v2\/pages"}],"about":[{"href":"https:\/\/m2camper.com\/de\/wp-json\/wp\/v2\/types\/page"}],"author":[{"embeddable":true,"href":"https:\/\/m2camper.com\/de\/wp-json\/wp\/v2\/users\/5740"}],"replies":[{"embeddable":true,"href":"https:\/\/m2camper.com\/de\/wp-json\/wp\/v2\/comments?post=11724"}],"version-history":[{"count":7,"href":"https:\/\/m2camper.com\/de\/wp-json\/wp\/v2\/pages\/11724\/revisions"}],"predecessor-version":[{"id":12820,"href":"https:\/\/m2camper.com\/de\/wp-json\/wp\/v2\/pages\/11724\/revisions\/12820"}],"wp:attachment":[{"href":"https:\/\/m2camper.com\/de\/wp-json\/wp\/v2\/media?parent=11724"}],"curies":[{"name":"wp","href":"https:\/\/api.w.org\/{rel}","templated":true}]}}