{"id":11422,"date":"2025-02-04T10:46:00","date_gmt":"2025-02-04T10:46:00","guid":{"rendered":"https:\/\/ultbit.com\/m2camper\/?page_id=11422"},"modified":"2026-04-08T17:38:49","modified_gmt":"2026-04-08T15:38:49","slug":"datenschutzrichtlinie","status":"publish","type":"page","link":"https:\/\/m2camper.com\/de\/datenschutzrichtlinie\/","title":{"rendered":"Datenschutzrichtlinie"},"content":{"rendered":"<div data-elementor-type=\"wp-page\" data-elementor-id=\"11422\" class=\"elementor elementor-11422\" data-elementor-post-type=\"page\">\n\t\t\t\t<div class=\"elementor-element elementor-element-404c8f1 e-flex e-con-boxed e-con e-parent\" data-id=\"404c8f1\" data-element_type=\"container\" data-e-type=\"container\" data-settings=\"{&quot;background_background&quot;:&quot;classic&quot;}\">\n\t\t\t\t\t<div class=\"e-con-inner\">\n\t\t\t\t<div class=\"elementor-element elementor-element-0e987a4 elementor-widget elementor-widget-text-editor\" data-id=\"0e987a4\" data-element_type=\"widget\" data-e-type=\"widget\" data-widget_type=\"text-editor.default\">\n\t\t\t\t<div class=\"elementor-widget-container\">\n\t\t\t\t\t\t\t\t\t<h2 style=\"color: #000000 !important;\">DATENSCHUTZERKL\u00c4RUNG<\/h2><h3 style=\"color: #000000 !important;\">1. INFORMATIONEN F\u00dcR DEN NUTZER<\/h3><p><strong>Wer ist f\u00fcr die Verarbeitung Ihrer personenbezogenen Daten verantwortlich?<\/strong><\/p><p>MARIA ISABEL ARTAL MORENO (M2 CAMPER) ist die VERANTWORTLICHE f\u00fcr die Verarbeitung der personenbezogenen Daten des NUTZERS und informiert ihn dar\u00fcber, dass diese Daten gem\u00e4\u00df den Bestimmungen der Verordnung (EU) 2016\/679 vom 27. April (DSGVO) sowie des Organgesetzes 3\/2018 vom 5. Dezember (LOPDGDD) verarbeitet werden.<\/p><p><strong>Warum verarbeiten wir Ihre personenbezogenen Daten?<\/strong><\/p><p>Zur Aufrechterhaltung einer Gesch\u00e4ftsbeziehung mit dem Nutzer. Die vorgesehenen Verarbeitungsvorg\u00e4nge sind:<\/p><ul><li>Versand von kommerziellen Werbemitteilungen per E-Mail, Fax, SMS, MMS, soziale Netzwerke oder \u00fcber jedes andere elektronische oder physische Mittel, gegenw\u00e4rtig oder zuk\u00fcnftig, das die Durchf\u00fchrung kommerzieller Kommunikation erm\u00f6glicht. Diese Mitteilungen werden vom VERANTWORTLICHEN durchgef\u00fchrt und stehen in Zusammenhang mit seinen Produkten und Dienstleistungen oder mit denen seiner Mitarbeiter oder Lieferanten, mit denen eine Vereinbarung zur Promotion getroffen wurde. In diesem Fall erhalten Dritte keinen Zugriff auf personenbezogene Daten.<\/li><li>Durchf\u00fchrung von Marktforschungsstudien und statistischen Analysen.<\/li><li>Bearbeitung von Anfragen, Beantwortung von Anfragen oder jeglicher Art von Anfrage, die der NUTZER \u00fcber die auf der Website des VERANTWORTLICHEN zur Verf\u00fcgung gestellten Kontaktm\u00f6glichkeiten stellt.<\/li><li>Versand des Online-Newsletters \u00fcber Neuigkeiten, Angebote und Aktionen im Zusammenhang mit unserer T\u00e4tigkeit.<\/li><\/ul><p><strong>Aus welchem Grund d\u00fcrfen wir Ihre personenbezogenen Daten verarbeiten?<\/strong><\/p><p>Da die Verarbeitung gem\u00e4\u00df Artikel 6 der DSGVO wie folgt legitimiert ist:<\/p><ul><li>Mit Einwilligung des NUTZERS: Versand von kommerziellen Mitteilungen und des Newsletters.<\/li><li>Auf Grundlage des berechtigten Interesses des VERANTWORTLICHEN: Durchf\u00fchrung von Marktforschung, statistischen Analysen usw. sowie Bearbeitung von Auftr\u00e4gen, Anfragen usw. auf Anfrage des NUTZERS.<\/li><\/ul><p><strong>Wie lange werden wir Ihre personenbezogenen Daten speichern?<\/strong><\/p><p>Sie werden nicht l\u00e4nger als erforderlich aufbewahrt, um den Zweck der Verarbeitung zu erf\u00fcllen oder solange gesetzliche Aufbewahrungspflichten bestehen. Wenn sie nicht mehr erforderlich sind, werden sie unter Anwendung geeigneter Sicherheitsma\u00dfnahmen gel\u00f6scht, um die Anonymisierung der Daten oder deren vollst\u00e4ndige Vernichtung zu gew\u00e4hrleisten.<\/p><p><strong>An wen geben wir Ihre personenbezogenen Daten weiter?<\/strong><\/p><p>Eine Weitergabe personenbezogener Daten an Dritte ist nicht vorgesehen, au\u00dfer wenn dies f\u00fcr die Entwicklung und Durchf\u00fchrung der Verarbeitungszwecke erforderlich ist, an unsere Dienstleister im Bereich Kommunikation, mit denen der VERANTWORTLICHE die gem\u00e4\u00df den geltenden Datenschutzvorschriften erforderlichen Vertraulichkeits- und Auftragsverarbeitungsvertr\u00e4ge abgeschlossen hat.<\/p><p><strong>Welche Rechte haben Sie?<\/strong><\/p><p>Die Rechte, die dem NUTZER zustehen, sind:<\/p><ul><li>Recht, Ihre Einwilligung jederzeit zu widerrufen.<\/li><li>Recht auf Auskunft, Berichtigung, Daten\u00fcbertragbarkeit und L\u00f6schung Ihrer Daten sowie auf Einschr\u00e4nkung oder Widerspruch gegen deren Verarbeitung.<\/li><li>Derecho a presentar una reclamaci\u00f3n ante la autoridad de control (<a href=\"https:\/\/www.aepd.es\" target=\"_blank\" rel=\"noopener noreferrer\">www.aepd.es<\/a>) si considera que el tratamiento no se ajusta a la normativa vigente.<\/li><\/ul><p><strong>Kontaktdaten zur Aus\u00fcbung Ihrer Rechte:<\/strong><\/p><p>MARIA ISABEL ARTAL MORENO (M2 CAMPER). Carrer de Num\u00e0ncia, 30 \u2013 08184 Palau-solit\u00e0 i Plegamans (Barcelona). E-mail: <a href=\"mailto:m2camper@gmail.com\">m2camper@gmail.com<\/a><\/p><h3 style=\"color: #000000 !important;\">2. VERPFLICHTENDER ODER FREIWILLIGER CHARAKTER DER VOM NUTZER BEREITGESTELLTEN INFORMATIONEN<\/h3><p>Die NUTZER akzeptieren durch Ankreuzen der entsprechenden Felder und durch Eingabe von Daten in die mit einem Stern (*) gekennzeichneten Felder im Kontaktformular oder in Downloadformularen ausdr\u00fccklich, frei und eindeutig, dass ihre Daten f\u00fcr die Bearbeitung ihrer Anfrage durch den Anbieter erforderlich sind; die Angabe von Daten in den \u00fcbrigen Feldern ist daher freiwillig. Der NUTZER garantiert, dass die dem VERANTWORTLICHEN bereitgestellten personenbezogenen Daten korrekt sind, und verpflichtet sich, jede \u00c4nderung dieser Daten mitzuteilen.<\/p><p>Der VERANTWORTLICHE informiert, dass alle \u00fcber die Website angeforderten Daten verpflichtend sind, da sie f\u00fcr die Erbringung eines optimalen Dienstes f\u00fcr den NUTZER erforderlich sind. Werden nicht alle Daten bereitgestellt, kann nicht gew\u00e4hrleistet werden, dass die bereitgestellten Informationen und Dienstleistungen vollst\u00e4ndig den Bed\u00fcrfnissen entsprechen.<\/p><h3 style=\"color: #000000 !important;\">3. SICHERHEITSMASSNAHMEN<\/h3><p>Dass der VERANTWORTLICHE gem\u00e4\u00df den geltenden Vorschriften zum Schutz personenbezogener Daten alle Bestimmungen der DSGVO und des LOPDGDD f\u00fcr die Verarbeitung der in seiner Verantwortung liegenden personenbezogenen Daten einh\u00e4lt und ausdr\u00fccklich die in Artikel 5 der DSGVO beschriebenen Grunds\u00e4tze beachtet, wonach die Daten rechtm\u00e4\u00dfig, nach Treu und Glauben und transparent gegen\u00fcber der betroffenen Person verarbeitet werden sowie dem Zweck angemessen, erheblich und auf das notwendige Ma\u00df beschr\u00e4nkt sind.<\/p><p>Der VERANTWORTLICHE gew\u00e4hrleistet, dass er geeignete technische und organisatorische Ma\u00dfnahmen umgesetzt hat, um die durch die DSGVO und das LOPDGDD festgelegten Sicherheitsma\u00dfnahmen anzuwenden, mit dem Ziel, die Rechte und Freiheiten der NUTZER zu sch\u00fctzen, und hat ihnen die entsprechenden Informationen bereitgestellt, damit sie diese aus\u00fcben k\u00f6nnen.<\/p><p>F\u00fcr weitere Informationen zu den Datenschutzgarantien k\u00f6nnen Sie sich an den VERANTWORTLICHEN wenden: MARIA ISABEL ARTAL MORENO (M2 CAMPER). Carrer de Num\u00e0ncia, 30 \u2013 08184 Palau-solit\u00e0 i Plegamans (Barcelona). E-Mail: <a href=\"mailto:m2camper@gmail.com\">m2camper@gmail.com<\/a><\/p>\t\t\t\t\t\t\t\t<\/div>\n\t\t\t\t<\/div>\n\t\t\t\t\t<\/div>\n\t\t\t\t<\/div>\n\t\t\t\t<\/div>","protected":false},"excerpt":{"rendered":"<p>POL\u00cdTICA DE PRIVACIDAD 1. INFORMACI\u00d3N PARA EL USUARIO \u00bfQui\u00e9n es el responsable del tratamiento de tus datos personales? MARIA ISABEL ARTAL MORENO (M2 CAMPER) es el RESPONSABLE del tratamiento de los datos personales del USUARIO y le informa de que estos datos ser\u00e1n tratados de conformidad con lo dispuesto en el Reglamento (UE) 2016\/679, de&hellip;&nbsp;<a href=\"https:\/\/m2camper.com\/de\/datenschutzrichtlinie\/\" rel=\"bookmark\">Mehr lesen &quot;<span class=\"screen-reader-text\">Datenschutzrichtlinie<\/span><\/a><\/p>","protected":false},"author":5740,"featured_media":0,"parent":0,"menu_order":0,"comment_status":"closed","ping_status":"closed","template":"page-templates\/template-pagebuilder-full-width.php","meta":{"neve_meta_sidebar":"","neve_meta_container":"","neve_meta_enable_content_width":"off","neve_meta_content_width":100,"neve_meta_title_alignment":"","neve_meta_author_avatar":"","neve_post_elements_order":"","neve_meta_disable_header":"","neve_meta_disable_footer":"","neve_meta_disable_title":"","footnotes":""},"class_list":["post-11422","page","type-page","status-publish","hentry"],"yoast_head":"<!-- This site is optimized with the Yoast SEO plugin v27.4 - https:\/\/yoast.com\/product\/yoast-seo-wordpress\/ -->\n<title>Pol\u00edtica de privacidad - M2 Camper | Aislantes t\u00e9rmicos y oscurecedores para campers<\/title>\n<meta name=\"robots\" content=\"noindex, nofollow\" \/>\n<meta property=\"og:locale\" content=\"de_DE\" \/>\n<meta property=\"og:type\" content=\"article\" \/>\n<meta property=\"og:title\" content=\"Pol\u00edtica de privacidad - M2 Camper | Aislantes t\u00e9rmicos y oscurecedores para campers\" \/>\n<meta property=\"og:description\" content=\"POL\u00cdTICA DE PRIVACIDAD 1. INFORMACI\u00d3N PARA EL USUARIO \u00bfQui\u00e9n es el responsable del tratamiento de tus datos personales? MARIA ISABEL ARTAL MORENO (M2 CAMPER) es el RESPONSABLE del tratamiento de los datos personales del USUARIO y le informa de que estos datos ser\u00e1n tratados de conformidad con lo dispuesto en el Reglamento (UE) 2016\/679, de&hellip;&nbsp;Weiterlesen &raquo;Pol\u00edtica de privacidad\" \/>\n<meta property=\"og:url\" content=\"https:\/\/m2camper.com\/de\/datenschutzrichtlinie\/\" \/>\n<meta property=\"og:site_name\" content=\"M2 Camper | Aislantes t\u00e9rmicos y oscurecedores para campers\" \/>\n<meta property=\"article:modified_time\" content=\"2026-04-08T15:38:49+00:00\" \/>\n<meta name=\"twitter:card\" content=\"summary_large_image\" \/>\n<meta name=\"twitter:label1\" content=\"Gesch\u00e4tzte Lesezeit\" \/>\n\t<meta name=\"twitter:data1\" content=\"4\u00a0Minuten\" \/>\n<script type=\"application\/ld+json\" class=\"yoast-schema-graph\">{\"@context\":\"https:\\\/\\\/schema.org\",\"@graph\":[{\"@type\":\"WebPage\",\"@id\":\"https:\\\/\\\/m2camper.com\\\/politica-de-privacidad\\\/\",\"url\":\"https:\\\/\\\/m2camper.com\\\/politica-de-privacidad\\\/\",\"name\":\"Pol\u00edtica de privacidad - M2 Camper | Aislantes t\u00e9rmicos y oscurecedores para campers\",\"isPartOf\":{\"@id\":\"https:\\\/\\\/m2camper.com\\\/pt\\\/#website\"},\"datePublished\":\"2025-02-04T10:46:00+00:00\",\"dateModified\":\"2026-04-08T15:38:49+00:00\",\"breadcrumb\":{\"@id\":\"https:\\\/\\\/m2camper.com\\\/politica-de-privacidad\\\/#breadcrumb\"},\"inLanguage\":\"de\",\"potentialAction\":[{\"@type\":\"ReadAction\",\"target\":[\"https:\\\/\\\/m2camper.com\\\/politica-de-privacidad\\\/\"]}]},{\"@type\":\"BreadcrumbList\",\"@id\":\"https:\\\/\\\/m2camper.com\\\/politica-de-privacidad\\\/#breadcrumb\",\"itemListElement\":[{\"@type\":\"ListItem\",\"position\":1,\"name\":\"Portada\",\"item\":\"https:\\\/\\\/m2camper.com\\\/pt\\\/\"},{\"@type\":\"ListItem\",\"position\":2,\"name\":\"Pol\u00edtica de privacidad\"}]},{\"@type\":\"WebSite\",\"@id\":\"https:\\\/\\\/m2camper.com\\\/pt\\\/#website\",\"url\":\"https:\\\/\\\/m2camper.com\\\/pt\\\/\",\"name\":\"M2 Campers | Aislantes t\u00e9rmicos y oscurecedores para campers\",\"description\":\"Descubre calidad y confort de nuestros aislantes t\u00e9rmicos oscurecedores y colchones para veh\u00edculos. Optimiza tu experiencia en carretera con M2 Camper.\",\"potentialAction\":[{\"@type\":\"SearchAction\",\"target\":{\"@type\":\"EntryPoint\",\"urlTemplate\":\"https:\\\/\\\/m2camper.com\\\/pt\\\/?s={search_term_string}\"},\"query-input\":{\"@type\":\"PropertyValueSpecification\",\"valueRequired\":true,\"valueName\":\"search_term_string\"}}],\"inLanguage\":\"de\"}]}<\/script>\n<!-- \/ Yoast SEO plugin. -->","yoast_head_json":{"title":"Datenschutzrichtlinie - M2 Camper | W\u00e4rmed\u00e4mmung und Verdunkelung f\u00fcr Camper","robots":{"index":"noindex","follow":"nofollow"},"og_locale":"de_DE","og_type":"article","og_title":"Pol\u00edtica de privacidad - M2 Camper | Aislantes t\u00e9rmicos y oscurecedores para campers","og_description":"POL\u00cdTICA DE PRIVACIDAD 1. INFORMACI\u00d3N PARA EL USUARIO \u00bfQui\u00e9n es el responsable del tratamiento de tus datos personales? MARIA ISABEL ARTAL MORENO (M2 CAMPER) es el RESPONSABLE del tratamiento de los datos personales del USUARIO y le informa de que estos datos ser\u00e1n tratados de conformidad con lo dispuesto en el Reglamento (UE) 2016\/679, de&hellip;&nbsp;Weiterlesen &raquo;Pol\u00edtica de privacidad","og_url":"https:\/\/m2camper.com\/de\/datenschutzrichtlinie\/","og_site_name":"M2 Camper | Aislantes t\u00e9rmicos y oscurecedores para campers","article_modified_time":"2026-04-08T15:38:49+00:00","twitter_card":"summary_large_image","twitter_misc":{"Gesch\u00e4tzte Lesezeit":"4\u00a0Minuten"},"schema":{"@context":"https:\/\/schema.org","@graph":[{"@type":"WebPage","@id":"https:\/\/m2camper.com\/politica-de-privacidad\/","url":"https:\/\/m2camper.com\/politica-de-privacidad\/","name":"Datenschutzrichtlinie - M2 Camper | W\u00e4rmed\u00e4mmung und Verdunkelung f\u00fcr Camper","isPartOf":{"@id":"https:\/\/m2camper.com\/pt\/#website"},"datePublished":"2025-02-04T10:46:00+00:00","dateModified":"2026-04-08T15:38:49+00:00","breadcrumb":{"@id":"https:\/\/m2camper.com\/politica-de-privacidad\/#breadcrumb"},"inLanguage":"de","potentialAction":[{"@type":"ReadAction","target":["https:\/\/m2camper.com\/politica-de-privacidad\/"]}]},{"@type":"BreadcrumbList","@id":"https:\/\/m2camper.com\/politica-de-privacidad\/#breadcrumb","itemListElement":[{"@type":"ListItem","position":1,"name":"Portada","item":"https:\/\/m2camper.com\/pt\/"},{"@type":"ListItem","position":2,"name":"Pol\u00edtica de privacidad"}]},{"@type":"WebSite","@id":"https:\/\/m2camper.com\/pt\/#website","url":"https:\/\/m2camper.com\/pt\/","name":"M2 Wohnmobile | W\u00e4rmed\u00e4mmung und Verdunkelung f\u00fcr Camper","description":"Entdecken Sie die Qualit\u00e4t und den Komfort unserer w\u00e4rmeisolierenden Verdunkelungen und Matratzen f\u00fcr Fahrzeuge. Optimieren Sie Ihren Aufenthalt auf der Stra\u00dfe mit M2 Camper.","potentialAction":[{"@type":"SearchAction","target":{"@type":"EntryPoint","urlTemplate":"https:\/\/m2camper.com\/pt\/?s={search_term_string}"},"query-input":{"@type":"PropertyValueSpecification","valueRequired":true,"valueName":"search_term_string"}}],"inLanguage":"de"}]}},"_links":{"self":[{"href":"https:\/\/m2camper.com\/de\/wp-json\/wp\/v2\/pages\/11422","targetHints":{"allow":["GET"]}}],"collection":[{"href":"https:\/\/m2camper.com\/de\/wp-json\/wp\/v2\/pages"}],"about":[{"href":"https:\/\/m2camper.com\/de\/wp-json\/wp\/v2\/types\/page"}],"author":[{"embeddable":true,"href":"https:\/\/m2camper.com\/de\/wp-json\/wp\/v2\/users\/5740"}],"replies":[{"embeddable":true,"href":"https:\/\/m2camper.com\/de\/wp-json\/wp\/v2\/comments?post=11422"}],"version-history":[{"count":22,"href":"https:\/\/m2camper.com\/de\/wp-json\/wp\/v2\/pages\/11422\/revisions"}],"predecessor-version":[{"id":16935,"href":"https:\/\/m2camper.com\/de\/wp-json\/wp\/v2\/pages\/11422\/revisions\/16935"}],"wp:attachment":[{"href":"https:\/\/m2camper.com\/de\/wp-json\/wp\/v2\/media?parent=11422"}],"curies":[{"name":"wp","href":"https:\/\/api.w.org\/{rel}","templated":true}]}}