{"id":3553,"date":"2025-01-23T14:05:52","date_gmt":"2025-01-23T14:05:52","guid":{"rendered":"https:\/\/m2campera.proyectosdesarrollosweb.com\/?product=ventosas-de-rosca-5-unidades"},"modified":"2025-04-25T09:32:05","modified_gmt":"2025-04-25T09:32:05","slug":"ventoses-de-rosca-5-unitats","status":"publish","type":"product","link":"https:\/\/m2camper.com\/ca\/ventoses-de-rosca-5-unitats\/","title":{"rendered":"Ventoses de rosca (5 unitats)"},"content":{"rendered":"<p>Descobreix la soluci\u00f3 definitiva per maximitzar el rendiment t\u00e8rmic al teu vehicle camper amb les nostres ventoses amb rosca especialitzades. Dissenyades espec\u00edficament per als a\u00efllants t\u00e8rmics, aquestes ventoses ofereixen una subjecci\u00f3 ferma i duradora, assegurant una subjecci\u00f3 segura en qualsevol superf\u00edcie.<\/p>\n<p>&nbsp;<\/p>\n<p>Constru\u00efdes amb materials d\u00b4alta qualitat, les nostres ventoses resisteixen condicions clim\u00e0tiques extremes, garantint un rendiment \u00f2ptim fins i tot en temperatures extremes. La rosca especialitzada proporciona una instal\u00b7laci\u00f3 r\u00e0pida i senzilla, permetent personalitzar la disposici\u00f3 dels a\u00efllants t\u00e8rmics segons les teves necessitats espec\u00edfiques.<\/p>\n<p>Les ventoses amb rosca s\u00f3n l&#039;opci\u00f3 perfecta per mantenir la temperatura ideal al vehicle camper, ja que eviten la p\u00e8rdua de calor a l&#039;hivern i redueixen la calor excessiva a l&#039;estiu. Aprofiteu al m\u00e0xim la vostra experi\u00e8ncia de viatge, creant un ambient confortable i eficient energ\u00e8ticament.<\/p>\n<p>&nbsp;<\/p>\n<p>Millora l&#039;efici\u00e8ncia del teu a\u00efllament t\u00e8rmic amb les nostres ventoses amb rosca especialitzades. Feu que el vostre vehicle camper sigui un refugi acollidor a qualsevol estaci\u00f3 de l&#039;any!<\/p>","protected":false},"excerpt":{"rendered":"<p>Ventoses de gran succi\u00f3 de 50 mm. de di\u00e0metre transparents amb esparrac d&#039;acer inoxidable de 10mm de longitud injectat a la ventosa amb rosca en color gris<\/p>","protected":false},"featured_media":3554,"comment_status":"open","ping_status":"closed","template":"","meta":{"neve_meta_sidebar":"","neve_meta_container":"","neve_meta_enable_content_width":"","neve_meta_content_width":0,"neve_meta_title_alignment":"","neve_meta_author_avatar":"","neve_post_elements_order":"","neve_meta_disable_header":"","neve_meta_disable_footer":"","neve_meta_disable_title":""},"product_brand":[],"product_cat":[62,61,101],"product_tag":[],"class_list":{"0":"post-3553","1":"product","2":"type-product","3":"status-publish","4":"has-post-thumbnail","6":"product_cat-aislantes","7":"product_cat-all-products","8":"product_cat-ventosas-tuercas","9":"pa_detalles-del-producto-pventosas-de-gran-succion-de-50mm-de-diametro-transparentes-con-esparrago-de-acero-inoxidable-de-10mm-de-longitud-inyectado-en-la-ventosa-con-tuerca-en-color-grisp","10":"pa_observaciones-plos-plazos-de-entrega-pueden-variar-segun-fechas-de-comprap","11":"pa_opciones-10-uds","12":"pa_opciones-20-uds","13":"pa_opciones-5-uds","14":"pa_opciones-50-uds","16":"first","17":"instock","18":"taxable","19":"shipping-taxable","20":"purchasable","21":"product-type-variable"},"yoast_head":"<!-- This site is optimized with the Yoast SEO plugin v27.4 - https:\/\/yoast.com\/product\/yoast-seo-wordpress\/ -->\n<title>Ventosas de rosca (5 unidades) | M2Camper<\/title>\n<meta name=\"description\" content=\"Optimiza el aislamiento t\u00e9rmico en tu veh\u00edculo camper con nuestras ventosas de rosca especializadas. R\u00e1pidas, duraderas y eficientes.\" \/>\n<meta name=\"robots\" content=\"index, follow, max-snippet:-1, max-image-preview:large, max-video-preview:-1\" \/>\n<link rel=\"canonical\" href=\"https:\/\/m2camper.com\/ca\/ventoses-de-rosca-5-unitats\/\" \/>\n<meta property=\"og:locale\" content=\"ca_ES\" \/>\n<meta property=\"og:type\" content=\"article\" \/>\n<meta property=\"og:title\" content=\"Ventosas de rosca (5 unidades) | M2Camper\" \/>\n<meta property=\"og:description\" content=\"Optimiza el aislamiento t\u00e9rmico en tu veh\u00edculo camper con nuestras ventosas de rosca especializadas. R\u00e1pidas, duraderas y eficientes.\" \/>\n<meta property=\"og:url\" content=\"https:\/\/m2camper.com\/ca\/ventoses-de-rosca-5-unitats\/\" \/>\n<meta property=\"og:site_name\" content=\"M2 Camper | Aislantes t\u00e9rmicos y oscurecedores para campers\" \/>\n<meta property=\"article:modified_time\" content=\"2025-04-25T09:32:05+00:00\" \/>\n<meta property=\"og:image\" content=\"https:\/\/m2camper.com\/wp-content\/uploads\/2025\/01\/60c9aa_ddb1e21344e74b1fa3bf47729864c7bcmv2_d_4128_3096_s_4_2-scaled.jpg\" \/>\n\t<meta property=\"og:image:width\" content=\"2560\" \/>\n\t<meta property=\"og:image:height\" content=\"1920\" \/>\n\t<meta property=\"og:image:type\" content=\"image\/jpeg\" \/>\n<meta name=\"twitter:card\" content=\"summary_large_image\" \/>\n<meta name=\"twitter:label1\" content=\"Temps estimat de lectura\" \/>\n\t<meta name=\"twitter:data1\" content=\"1 minut\" \/>\n<script type=\"application\/ld+json\" class=\"yoast-schema-graph\">{\"@context\":\"https:\\\/\\\/schema.org\",\"@graph\":[{\"@type\":\"WebPage\",\"@id\":\"https:\\\/\\\/m2camper.com\\\/ventosas-de-rosca-5-unidades\\\/\",\"url\":\"https:\\\/\\\/m2camper.com\\\/ventosas-de-rosca-5-unidades\\\/\",\"name\":\"Ventosas de rosca (5 unidades) | M2Camper\",\"isPartOf\":{\"@id\":\"https:\\\/\\\/m2camper.com\\\/pt\\\/#website\"},\"primaryImageOfPage\":{\"@id\":\"https:\\\/\\\/m2camper.com\\\/ventosas-de-rosca-5-unidades\\\/#primaryimage\"},\"image\":{\"@id\":\"https:\\\/\\\/m2camper.com\\\/ventosas-de-rosca-5-unidades\\\/#primaryimage\"},\"thumbnailUrl\":\"https:\\\/\\\/m2camper.com\\\/wp-content\\\/uploads\\\/2025\\\/01\\\/60c9aa_ddb1e21344e74b1fa3bf47729864c7bcmv2_d_4128_3096_s_4_2-scaled.jpg\",\"datePublished\":\"2025-01-23T14:05:52+00:00\",\"dateModified\":\"2025-04-25T09:32:05+00:00\",\"description\":\"Optimiza el aislamiento t\u00e9rmico en tu veh\u00edculo camper con nuestras ventosas de rosca especializadas. R\u00e1pidas, duraderas y eficientes.\",\"breadcrumb\":{\"@id\":\"https:\\\/\\\/m2camper.com\\\/ventosas-de-rosca-5-unidades\\\/#breadcrumb\"},\"inLanguage\":\"ca\",\"potentialAction\":[{\"@type\":\"ReadAction\",\"target\":[\"https:\\\/\\\/m2camper.com\\\/ventosas-de-rosca-5-unidades\\\/\"]}]},{\"@type\":\"ImageObject\",\"inLanguage\":\"ca\",\"@id\":\"https:\\\/\\\/m2camper.com\\\/ventosas-de-rosca-5-unidades\\\/#primaryimage\",\"url\":\"https:\\\/\\\/m2camper.com\\\/wp-content\\\/uploads\\\/2025\\\/01\\\/60c9aa_ddb1e21344e74b1fa3bf47729864c7bcmv2_d_4128_3096_s_4_2-scaled.jpg\",\"contentUrl\":\"https:\\\/\\\/m2camper.com\\\/wp-content\\\/uploads\\\/2025\\\/01\\\/60c9aa_ddb1e21344e74b1fa3bf47729864c7bcmv2_d_4128_3096_s_4_2-scaled.jpg\",\"width\":2560,\"height\":1920},{\"@type\":\"BreadcrumbList\",\"@id\":\"https:\\\/\\\/m2camper.com\\\/ventosas-de-rosca-5-unidades\\\/#breadcrumb\",\"itemListElement\":[{\"@type\":\"ListItem\",\"position\":1,\"name\":\"Portada\",\"item\":\"https:\\\/\\\/m2camper.com\\\/pt\\\/\"},{\"@type\":\"ListItem\",\"position\":2,\"name\":\"Tienda\",\"item\":\"https:\\\/\\\/m2camper.com\\\/pt\\\/loja\\\/\"},{\"@type\":\"ListItem\",\"position\":3,\"name\":\"Ventosas de rosca (5 unidades)\"}]},{\"@type\":\"WebSite\",\"@id\":\"https:\\\/\\\/m2camper.com\\\/pt\\\/#website\",\"url\":\"https:\\\/\\\/m2camper.com\\\/pt\\\/\",\"name\":\"M2 Campers | Aislantes t\u00e9rmicos y oscurecedores para campers\",\"description\":\"Descubre calidad y confort de nuestros aislantes t\u00e9rmicos oscurecedores y colchones para veh\u00edculos. Optimiza tu experiencia en carretera con M2 Camper.\",\"potentialAction\":[{\"@type\":\"SearchAction\",\"target\":{\"@type\":\"EntryPoint\",\"urlTemplate\":\"https:\\\/\\\/m2camper.com\\\/pt\\\/?s={search_term_string}\"},\"query-input\":{\"@type\":\"PropertyValueSpecification\",\"valueRequired\":true,\"valueName\":\"search_term_string\"}}],\"inLanguage\":\"ca\"}]}<\/script>\n<!-- \/ Yoast SEO plugin. -->","yoast_head_json":{"title":"Ventosas de rosca (5 unidades) | M2Camper","description":"Optimitza l&#039;a\u00efllament t\u00e8rmic al teu vehicle camper amb les nostres ventoses de rosca especialitzades.","robots":{"index":"index","follow":"follow","max-snippet":"max-snippet:-1","max-image-preview":"max-image-preview:large","max-video-preview":"max-video-preview:-1"},"canonical":"https:\/\/m2camper.com\/ca\/ventoses-de-rosca-5-unitats\/","og_locale":"ca_ES","og_type":"article","og_title":"Ventosas de rosca (5 unidades) | M2Camper","og_description":"Optimiza el aislamiento t\u00e9rmico en tu veh\u00edculo camper con nuestras ventosas de rosca especializadas. R\u00e1pidas, duraderas y eficientes.","og_url":"https:\/\/m2camper.com\/ca\/ventoses-de-rosca-5-unitats\/","og_site_name":"M2 Camper | Aislantes t\u00e9rmicos y oscurecedores para campers","article_modified_time":"2025-04-25T09:32:05+00:00","og_image":[{"width":2560,"height":1920,"url":"https:\/\/m2camper.com\/wp-content\/uploads\/2025\/01\/60c9aa_ddb1e21344e74b1fa3bf47729864c7bcmv2_d_4128_3096_s_4_2-scaled.jpg","type":"image\/jpeg"}],"twitter_card":"summary_large_image","twitter_misc":{"Temps estimat de lectura":"1 minut"},"schema":{"@context":"https:\/\/schema.org","@graph":[{"@type":"WebPage","@id":"https:\/\/m2camper.com\/ventosas-de-rosca-5-unidades\/","url":"https:\/\/m2camper.com\/ventosas-de-rosca-5-unidades\/","name":"Ventosas de rosca (5 unidades) | M2Camper","isPartOf":{"@id":"https:\/\/m2camper.com\/pt\/#website"},"primaryImageOfPage":{"@id":"https:\/\/m2camper.com\/ventosas-de-rosca-5-unidades\/#primaryimage"},"image":{"@id":"https:\/\/m2camper.com\/ventosas-de-rosca-5-unidades\/#primaryimage"},"thumbnailUrl":"https:\/\/m2camper.com\/wp-content\/uploads\/2025\/01\/60c9aa_ddb1e21344e74b1fa3bf47729864c7bcmv2_d_4128_3096_s_4_2-scaled.jpg","datePublished":"2025-01-23T14:05:52+00:00","dateModified":"2025-04-25T09:32:05+00:00","description":"Optimitza l&#039;a\u00efllament t\u00e8rmic al teu vehicle camper amb les nostres ventoses de rosca especialitzades.","breadcrumb":{"@id":"https:\/\/m2camper.com\/ventosas-de-rosca-5-unidades\/#breadcrumb"},"inLanguage":"ca","potentialAction":[{"@type":"ReadAction","target":["https:\/\/m2camper.com\/ventosas-de-rosca-5-unidades\/"]}]},{"@type":"ImageObject","inLanguage":"ca","@id":"https:\/\/m2camper.com\/ventosas-de-rosca-5-unidades\/#primaryimage","url":"https:\/\/m2camper.com\/wp-content\/uploads\/2025\/01\/60c9aa_ddb1e21344e74b1fa3bf47729864c7bcmv2_d_4128_3096_s_4_2-scaled.jpg","contentUrl":"https:\/\/m2camper.com\/wp-content\/uploads\/2025\/01\/60c9aa_ddb1e21344e74b1fa3bf47729864c7bcmv2_d_4128_3096_s_4_2-scaled.jpg","width":2560,"height":1920},{"@type":"BreadcrumbList","@id":"https:\/\/m2camper.com\/ventosas-de-rosca-5-unidades\/#breadcrumb","itemListElement":[{"@type":"ListItem","position":1,"name":"Portada","item":"https:\/\/m2camper.com\/pt\/"},{"@type":"ListItem","position":2,"name":"Tienda","item":"https:\/\/m2camper.com\/pt\/loja\/"},{"@type":"ListItem","position":3,"name":"Ventosas de rosca (5 unidades)"}]},{"@type":"WebSite","@id":"https:\/\/m2camper.com\/pt\/#website","url":"https:\/\/m2camper.com\/pt\/","name":"M2 Campers | A\u00efllants t\u00e8rmics i enfosquidors per a campers","description":"Descobreix qualitat i confort dels nostres a\u00efllants t\u00e8rmics enfosquidors i matalassos per a vehicles. Optimitza la teva experi\u00e8ncia a la carretera amb M2 Camper.","potentialAction":[{"@type":"SearchAction","target":{"@type":"EntryPoint","urlTemplate":"https:\/\/m2camper.com\/pt\/?s={search_term_string}"},"query-input":{"@type":"PropertyValueSpecification","valueRequired":true,"valueName":"search_term_string"}}],"inLanguage":"ca"}]}},"_links":{"self":[{"href":"https:\/\/m2camper.com\/ca\/wp-json\/wp\/v2\/product\/3553","targetHints":{"allow":["GET"]}}],"collection":[{"href":"https:\/\/m2camper.com\/ca\/wp-json\/wp\/v2\/product"}],"about":[{"href":"https:\/\/m2camper.com\/ca\/wp-json\/wp\/v2\/types\/product"}],"replies":[{"embeddable":true,"href":"https:\/\/m2camper.com\/ca\/wp-json\/wp\/v2\/comments?post=3553"}],"wp:featuredmedia":[{"embeddable":true,"href":"https:\/\/m2camper.com\/ca\/wp-json\/wp\/v2\/media\/3554"}],"wp:attachment":[{"href":"https:\/\/m2camper.com\/ca\/wp-json\/wp\/v2\/media?parent=3553"}],"wp:term":[{"taxonomy":"product_brand","embeddable":true,"href":"https:\/\/m2camper.com\/ca\/wp-json\/wp\/v2\/product_brand?post=3553"},{"taxonomy":"product_cat","embeddable":true,"href":"https:\/\/m2camper.com\/ca\/wp-json\/wp\/v2\/product_cat?post=3553"},{"taxonomy":"product_tag","embeddable":true,"href":"https:\/\/m2camper.com\/ca\/wp-json\/wp\/v2\/product_tag?post=3553"}],"curies":[{"name":"wp","href":"https:\/\/api.w.org\/{rel}","templated":true}]}}