{"id":2259,"date":"2025-01-23T13:58:17","date_gmt":"2025-01-23T13:58:17","guid":{"rendered":"https:\/\/m2campera.proyectosdesarrollosweb.com\/?product=bolsillos-para-aislantes-termicos-oscurecedores"},"modified":"2025-04-25T09:32:06","modified_gmt":"2025-04-25T09:32:06","slug":"butxaques-per-a-aillants-termics-enfosquidors","status":"publish","type":"product","link":"https:\/\/m2camper.com\/ca\/butxaques-per-a-aillants-termics-enfosquidors\/","title":{"rendered":"Butxaques per a a\u00efllants t\u00e8rmics enfosquidors"},"content":{"rendered":"<p>Maximitza l&#039;efici\u00e8ncia t\u00e8rmica del teu vehicle camper amb les nostres innovadores butxaques per a a\u00efllants t\u00e8rmics enfosquidors. Dissenyades per adaptar-se perfectament a les teves necessitats de viatge, aquestes butxaques ofereixen un emmagatzematge segur i convenient als a\u00efllants, mantenint el teu espai organitzat i optimitzant el rendiment t\u00e8rmic. Fabricades amb materials duradors i resistents, aquestes butxaques s\u00f3n la soluci\u00f3 ideal per mantenir el teu camper sempre organitzat. Millora la teva experi\u00e8ncia de viatge i fes que cada aventura sigui c\u00f2moda i memorable amb les nostres butxaques per a a\u00efllants t\u00e8rmics!<\/p>","protected":false},"excerpt":{"rendered":"<p><strong><span><span><span>A\u00cfLLENTS T\u00c8RMICS 9 CAPES<\/span><\/span><\/span><\/strong><\/p>\n<p><span><span><span>A\u00efllant t\u00e8rmic i enfosquidor de 9 capes de gran qualitat indicats per a\u00efllar tant les altes temperatures com les baixes per a m\u00e9s confort intern i proporcionant total foscor per a les nits de descans, subjectats amb ventoses de rosca de gran succi\u00f3 i f\u00e0cil extracci\u00f3 per simplificar la seva col\u00b7locaci\u00f3<\/span><\/span><\/span><\/p>\n<p><span><span><span>Composici\u00f3<\/span><\/span><\/span><\/p>\n<ol>\n<li><span><span><span><span>Alumini de 90 micres anti raigs ultraviolats i resistent a ratllades.<\/span><\/span><\/span><\/span><\/li>\n<li><span><span><span><span>Polietil\u00e8 expandit 2mm.<\/span><\/span><\/span><\/span><\/li>\n<li><span><span><span><span>Pel\u00b7l\u00edcula d&#039;alumini de 38 micres, per a a\u00efllament.<\/span><\/span><\/span><\/span><\/li>\n<li><span><span><span><span>Polietil\u00e8 expandit 2mm.<\/span><\/span><\/span><\/span><\/li>\n<li><span><span><span><span>Pel\u00b7l\u00edcula d&#039;alumini de 38 micres.<\/span><\/span><\/span><\/span><\/li>\n<li><span><span><span><span>Polietil\u00e8 expandit 2mm.<\/span><\/span><\/span><\/span><\/li>\n<li><span><span><span><span>Pel\u00b7l\u00edcula d&#039;alumini de 38 micres.<\/span><\/span><\/span><\/span><\/li>\n<li><span><span><span><span>Guata 75 gr\/m antial\u00b7l\u00e8rgica per a a\u00efllament.<\/span><\/span><\/span><\/span><\/li>\n<li><span><span><span><span>PVC anticondensaci\u00f3.<\/span><\/span><\/span><\/span><\/li>\n<\/ol>","protected":false},"featured_media":2260,"comment_status":"open","ping_status":"closed","template":"","meta":{"neve_meta_sidebar":"","neve_meta_container":"","neve_meta_enable_content_width":"off","neve_meta_content_width":100,"neve_meta_title_alignment":"","neve_meta_author_avatar":"","neve_post_elements_order":"","neve_meta_disable_header":"","neve_meta_disable_footer":"","neve_meta_disable_title":""},"product_brand":[],"product_cat":[63,66,61],"product_tag":[],"class_list":{"0":"post-2259","1":"product","2":"type-product","3":"status-publish","4":"has-post-thumbnail","6":"product_cat-aislantes-termicos-piezas-sueltas","7":"product_cat-bolsillos","8":"product_cat-all-products","9":"pa_detalles-del-producto-pstrongspanspanspanaislantes-termicos-9-capasspanspanspanstrongppspanspanspanaislante-termico-y-oscurecedor-de-9-capas-de-gran-calidad-indicados-para-aislar-tanto-las-altas-temperaturas-como-las-bajas","10":"pa_observaciones-plos-plazos-de-entrega-pueden-variar-segun-fechas-de-comprap","11":"pa_opciones-bolsillo-grande","12":"pa_opciones-bolsillo-pequeno","14":"first","15":"instock","16":"taxable","17":"shipping-taxable","18":"purchasable","19":"product-type-variable"},"yoast_head":"<!-- This site is optimized with the Yoast SEO plugin v27.4 - https:\/\/yoast.com\/product\/yoast-seo-wordpress\/ -->\n<title>Bolsillos para aislantes t\u00e9rmicos oscurecedores | M2Camper<\/title>\n<meta name=\"description\" content=\"Bolsillos para aislantes t\u00e9rmicos oscurecedores para veh\u00edculos camper\" \/>\n<meta name=\"robots\" content=\"index, follow, max-snippet:-1, max-image-preview:large, max-video-preview:-1\" \/>\n<link rel=\"canonical\" href=\"https:\/\/m2camper.com\/ca\/butxaques-per-a-aillants-termics-enfosquidors\/\" \/>\n<meta property=\"og:locale\" content=\"ca_ES\" \/>\n<meta property=\"og:type\" content=\"article\" \/>\n<meta property=\"og:title\" content=\"Bolsillos para aislantes t\u00e9rmicos oscurecedores | M2Camper\" \/>\n<meta property=\"og:description\" content=\"Bolsillos para aislantes t\u00e9rmicos oscurecedores para veh\u00edculos camper\" \/>\n<meta property=\"og:url\" content=\"https:\/\/m2camper.com\/ca\/butxaques-per-a-aillants-termics-enfosquidors\/\" \/>\n<meta property=\"og:site_name\" content=\"M2 Camper | Aislantes t\u00e9rmicos y oscurecedores para campers\" \/>\n<meta property=\"article:modified_time\" content=\"2025-04-25T09:32:06+00:00\" \/>\n<meta property=\"og:image\" content=\"https:\/\/m2camper.com\/wp-content\/uploads\/2025\/01\/60c9aa_4be20639cf36438ca4f36ba37135a9bbmv2.jpg\" \/>\n\t<meta property=\"og:image:width\" content=\"1028\" \/>\n\t<meta property=\"og:image:height\" content=\"1732\" \/>\n\t<meta property=\"og:image:type\" content=\"image\/jpeg\" \/>\n<meta name=\"twitter:card\" content=\"summary_large_image\" \/>\n<meta name=\"twitter:label1\" content=\"Temps estimat de lectura\" \/>\n\t<meta name=\"twitter:data1\" content=\"1 minut\" \/>\n<script type=\"application\/ld+json\" class=\"yoast-schema-graph\">{\"@context\":\"https:\\\/\\\/schema.org\",\"@graph\":[{\"@type\":\"WebPage\",\"@id\":\"https:\\\/\\\/m2camper.com\\\/fr\\\/poches-pour-isolants-thermiques-occultants\\\/\",\"url\":\"https:\\\/\\\/m2camper.com\\\/fr\\\/poches-pour-isolants-thermiques-occultants\\\/\",\"name\":\"Bolsillos para aislantes t\u00e9rmicos oscurecedores | M2Camper\",\"isPartOf\":{\"@id\":\"https:\\\/\\\/m2camper.com\\\/pt\\\/#website\"},\"primaryImageOfPage\":{\"@id\":\"https:\\\/\\\/m2camper.com\\\/fr\\\/poches-pour-isolants-thermiques-occultants\\\/#primaryimage\"},\"image\":{\"@id\":\"https:\\\/\\\/m2camper.com\\\/fr\\\/poches-pour-isolants-thermiques-occultants\\\/#primaryimage\"},\"thumbnailUrl\":\"https:\\\/\\\/m2camper.com\\\/wp-content\\\/uploads\\\/2025\\\/01\\\/60c9aa_4be20639cf36438ca4f36ba37135a9bbmv2.jpg\",\"datePublished\":\"2025-01-23T13:58:17+00:00\",\"dateModified\":\"2025-04-25T09:32:06+00:00\",\"description\":\"Bolsillos para aislantes t\u00e9rmicos oscurecedores para veh\u00edculos camper\",\"breadcrumb\":{\"@id\":\"https:\\\/\\\/m2camper.com\\\/fr\\\/poches-pour-isolants-thermiques-occultants\\\/#breadcrumb\"},\"inLanguage\":\"ca\",\"potentialAction\":[{\"@type\":\"ReadAction\",\"target\":[\"https:\\\/\\\/m2camper.com\\\/fr\\\/poches-pour-isolants-thermiques-occultants\\\/\"]}]},{\"@type\":\"ImageObject\",\"inLanguage\":\"ca\",\"@id\":\"https:\\\/\\\/m2camper.com\\\/fr\\\/poches-pour-isolants-thermiques-occultants\\\/#primaryimage\",\"url\":\"https:\\\/\\\/m2camper.com\\\/wp-content\\\/uploads\\\/2025\\\/01\\\/60c9aa_4be20639cf36438ca4f36ba37135a9bbmv2.jpg\",\"contentUrl\":\"https:\\\/\\\/m2camper.com\\\/wp-content\\\/uploads\\\/2025\\\/01\\\/60c9aa_4be20639cf36438ca4f36ba37135a9bbmv2.jpg\",\"width\":1028,\"height\":1732},{\"@type\":\"BreadcrumbList\",\"@id\":\"https:\\\/\\\/m2camper.com\\\/fr\\\/poches-pour-isolants-thermiques-occultants\\\/#breadcrumb\",\"itemListElement\":[{\"@type\":\"ListItem\",\"position\":1,\"name\":\"Portada\",\"item\":\"https:\\\/\\\/m2camper.com\\\/pt\\\/\"},{\"@type\":\"ListItem\",\"position\":2,\"name\":\"Tienda\",\"item\":\"https:\\\/\\\/m2camper.com\\\/pt\\\/loja\\\/\"},{\"@type\":\"ListItem\",\"position\":3,\"name\":\"Bolsillos para aislantes t\u00e9rmicos oscurecedores\"}]},{\"@type\":\"WebSite\",\"@id\":\"https:\\\/\\\/m2camper.com\\\/pt\\\/#website\",\"url\":\"https:\\\/\\\/m2camper.com\\\/pt\\\/\",\"name\":\"M2 Campers | Aislantes t\u00e9rmicos y oscurecedores para campers\",\"description\":\"Descubre calidad y confort de nuestros aislantes t\u00e9rmicos oscurecedores y colchones para veh\u00edculos. Optimiza tu experiencia en carretera con M2 Camper.\",\"potentialAction\":[{\"@type\":\"SearchAction\",\"target\":{\"@type\":\"EntryPoint\",\"urlTemplate\":\"https:\\\/\\\/m2camper.com\\\/pt\\\/?s={search_term_string}\"},\"query-input\":{\"@type\":\"PropertyValueSpecification\",\"valueRequired\":true,\"valueName\":\"search_term_string\"}}],\"inLanguage\":\"ca\"}]}<\/script>\n<!-- \/ Yoast SEO plugin. -->","yoast_head_json":{"title":"Bolsillos para aislantes t\u00e9rmicos oscurecedores | M2Camper","description":"Butxaques per a a\u00efllants t\u00e8rmics enfosquidors per a vehicles camper","robots":{"index":"index","follow":"follow","max-snippet":"max-snippet:-1","max-image-preview":"max-image-preview:large","max-video-preview":"max-video-preview:-1"},"canonical":"https:\/\/m2camper.com\/ca\/butxaques-per-a-aillants-termics-enfosquidors\/","og_locale":"ca_ES","og_type":"article","og_title":"Bolsillos para aislantes t\u00e9rmicos oscurecedores | M2Camper","og_description":"Bolsillos para aislantes t\u00e9rmicos oscurecedores para veh\u00edculos camper","og_url":"https:\/\/m2camper.com\/ca\/butxaques-per-a-aillants-termics-enfosquidors\/","og_site_name":"M2 Camper | Aislantes t\u00e9rmicos y oscurecedores para campers","article_modified_time":"2025-04-25T09:32:06+00:00","og_image":[{"width":1028,"height":1732,"url":"https:\/\/m2camper.com\/wp-content\/uploads\/2025\/01\/60c9aa_4be20639cf36438ca4f36ba37135a9bbmv2.jpg","type":"image\/jpeg"}],"twitter_card":"summary_large_image","twitter_misc":{"Temps estimat de lectura":"1 minut"},"schema":{"@context":"https:\/\/schema.org","@graph":[{"@type":"WebPage","@id":"https:\/\/m2camper.com\/fr\/poches-pour-isolants-thermiques-occultants\/","url":"https:\/\/m2camper.com\/fr\/poches-pour-isolants-thermiques-occultants\/","name":"Bolsillos para aislantes t\u00e9rmicos oscurecedores | M2Camper","isPartOf":{"@id":"https:\/\/m2camper.com\/pt\/#website"},"primaryImageOfPage":{"@id":"https:\/\/m2camper.com\/fr\/poches-pour-isolants-thermiques-occultants\/#primaryimage"},"image":{"@id":"https:\/\/m2camper.com\/fr\/poches-pour-isolants-thermiques-occultants\/#primaryimage"},"thumbnailUrl":"https:\/\/m2camper.com\/wp-content\/uploads\/2025\/01\/60c9aa_4be20639cf36438ca4f36ba37135a9bbmv2.jpg","datePublished":"2025-01-23T13:58:17+00:00","dateModified":"2025-04-25T09:32:06+00:00","description":"Butxaques per a a\u00efllants t\u00e8rmics enfosquidors per a vehicles camper","breadcrumb":{"@id":"https:\/\/m2camper.com\/fr\/poches-pour-isolants-thermiques-occultants\/#breadcrumb"},"inLanguage":"ca","potentialAction":[{"@type":"ReadAction","target":["https:\/\/m2camper.com\/fr\/poches-pour-isolants-thermiques-occultants\/"]}]},{"@type":"ImageObject","inLanguage":"ca","@id":"https:\/\/m2camper.com\/fr\/poches-pour-isolants-thermiques-occultants\/#primaryimage","url":"https:\/\/m2camper.com\/wp-content\/uploads\/2025\/01\/60c9aa_4be20639cf36438ca4f36ba37135a9bbmv2.jpg","contentUrl":"https:\/\/m2camper.com\/wp-content\/uploads\/2025\/01\/60c9aa_4be20639cf36438ca4f36ba37135a9bbmv2.jpg","width":1028,"height":1732},{"@type":"BreadcrumbList","@id":"https:\/\/m2camper.com\/fr\/poches-pour-isolants-thermiques-occultants\/#breadcrumb","itemListElement":[{"@type":"ListItem","position":1,"name":"Portada","item":"https:\/\/m2camper.com\/pt\/"},{"@type":"ListItem","position":2,"name":"Tienda","item":"https:\/\/m2camper.com\/pt\/loja\/"},{"@type":"ListItem","position":3,"name":"Bolsillos para aislantes t\u00e9rmicos oscurecedores"}]},{"@type":"WebSite","@id":"https:\/\/m2camper.com\/pt\/#website","url":"https:\/\/m2camper.com\/pt\/","name":"M2 Campers | A\u00efllants t\u00e8rmics i enfosquidors per a campers","description":"Descobreix qualitat i confort dels nostres a\u00efllants t\u00e8rmics enfosquidors i matalassos per a vehicles. Optimitza la teva experi\u00e8ncia a la carretera amb M2 Camper.","potentialAction":[{"@type":"SearchAction","target":{"@type":"EntryPoint","urlTemplate":"https:\/\/m2camper.com\/pt\/?s={search_term_string}"},"query-input":{"@type":"PropertyValueSpecification","valueRequired":true,"valueName":"search_term_string"}}],"inLanguage":"ca"}]}},"_links":{"self":[{"href":"https:\/\/m2camper.com\/ca\/wp-json\/wp\/v2\/product\/2259","targetHints":{"allow":["GET"]}}],"collection":[{"href":"https:\/\/m2camper.com\/ca\/wp-json\/wp\/v2\/product"}],"about":[{"href":"https:\/\/m2camper.com\/ca\/wp-json\/wp\/v2\/types\/product"}],"replies":[{"embeddable":true,"href":"https:\/\/m2camper.com\/ca\/wp-json\/wp\/v2\/comments?post=2259"}],"wp:featuredmedia":[{"embeddable":true,"href":"https:\/\/m2camper.com\/ca\/wp-json\/wp\/v2\/media\/2260"}],"wp:attachment":[{"href":"https:\/\/m2camper.com\/ca\/wp-json\/wp\/v2\/media?parent=2259"}],"wp:term":[{"taxonomy":"product_brand","embeddable":true,"href":"https:\/\/m2camper.com\/ca\/wp-json\/wp\/v2\/product_brand?post=2259"},{"taxonomy":"product_cat","embeddable":true,"href":"https:\/\/m2camper.com\/ca\/wp-json\/wp\/v2\/product_cat?post=2259"},{"taxonomy":"product_tag","embeddable":true,"href":"https:\/\/m2camper.com\/ca\/wp-json\/wp\/v2\/product_tag?post=2259"}],"curies":[{"name":"wp","href":"https:\/\/api.w.org\/{rel}","templated":true}]}}