{"id":11729,"date":"2025-02-13T08:02:20","date_gmt":"2025-02-13T08:02:20","guid":{"rendered":"https:\/\/ultbit.com\/m2camper\/?page_id=11729"},"modified":"2026-04-09T16:07:42","modified_gmt":"2026-04-09T14:07:42","slug":"metodes-de-pagament","status":"publish","type":"page","link":"https:\/\/m2camper.com\/ca\/metodes-de-pagament\/","title":{"rendered":"M\u00e8todes de pagament"},"content":{"rendered":"<div data-elementor-type=\"wp-page\" data-elementor-id=\"11729\" class=\"elementor elementor-11729\" data-elementor-post-type=\"page\">\n\t\t\t\t<div class=\"elementor-element elementor-element-227d581 e-flex e-con-boxed e-con e-parent\" data-id=\"227d581\" data-element_type=\"container\" data-e-type=\"container\" data-settings=\"{&quot;background_background&quot;:&quot;classic&quot;}\">\n\t\t\t\t\t<div class=\"e-con-inner\">\n\t\t\t\t<div class=\"elementor-element elementor-element-3a04f68 elementor-widget elementor-widget-heading\" data-id=\"3a04f68\" data-element_type=\"widget\" data-e-type=\"widget\" data-widget_type=\"heading.default\">\n\t\t\t\t<div class=\"elementor-widget-container\">\n\t\t\t\t\t<h1 class=\"elementor-heading-title elementor-size-default\">M\u00e8todes de pagament<\/h1>\t\t\t\t<\/div>\n\t\t\t\t<\/div>\n\t\t\t\t<div class=\"elementor-element elementor-element-3aa0bdc elementor-widget elementor-widget-text-editor\" data-id=\"3aa0bdc\" data-element_type=\"widget\" data-e-type=\"widget\" data-widget_type=\"text-editor.default\">\n\t\t\t\t<div class=\"elementor-widget-container\">\n\t\t\t\t\t\t\t\t\t<div id=\"bgLayers_comp-lmyw9jea2\" class=\"MW5IWV\" data-hook=\"bgLayers\" data-motion-part=\"BG_LAYER comp-lmyw9jea2\"><section id=\"comp-lmyw9jer1\" class=\"Oqnisf comp-lmyw9jer1 wixui-section\" tabindex=\"-1\" data-block-level-container=\"ClassicSection\"><div class=\"\" data-mesh-id=\"comp-lmyw9jer1inlineContent\" data-testid=\"inline-content\"><div data-mesh-id=\"comp-lmyw9jer1inlineContent-gridContainer\" data-testid=\"mesh-container-content\"><div id=\"comp-j8u4y6yo\" class=\"HcOXKn SxM0TO QxJLC3 lq2cno YQcXTT comp-j8u4y6yo wixui-rich-text\" data-testid=\"richTextElement\">\u00a0<\/div><div id=\"comp-j8bj54s7\" class=\"HcOXKn c9GqVL QxJLC3 lq2cno YQcXTT comp-j8bj54s7 wixui-rich-text\" data-testid=\"richTextElement\">\u00a0<\/div><\/div><\/div><\/section><section id=\"comp-lmyw9jer2\" class=\"Oqnisf comp-lmyw9jer2 wixui-section\" tabindex=\"-1\" data-block-level-container=\"ClassicSection\"><h2 class=\"VgO9Yg\" data-motion-part=\"BG_MEDIA comp-lmyw9jer2\"><span style=\"color: #000000;\">Garanties<\/span><\/h2><div class=\"\" data-mesh-id=\"comp-lmyw9jer2inlineContent\" data-testid=\"inline-content\"><div data-mesh-id=\"comp-lmyw9jer2inlineContent-gridContainer\" data-testid=\"mesh-container-content\"><div id=\"comp-j8bj7nb0\" class=\"HcOXKn SxM0TO QxJLC3 lq2cno YQcXTT comp-j8bj7nb0 wixui-rich-text\" data-testid=\"richTextElement\"><p>M2CAMPER garanteix la qualitat dels nostres productes fabricats<\/p><p>Per fer \u00fas d&#039;aquesta garantia es requereix justificant de compra<\/p><h2><span style=\"color: #000000;\">Terminis de lliurament<\/span><\/h2><\/div><div id=\"comp-j8bj7nb11\" class=\"HcOXKn SxM0TO QxJLC3 lq2cno YQcXTT comp-j8bj7nb11 wixui-rich-text\" data-testid=\"richTextElement\"><p class=\"font_8 wixui-rich-text__text\">Els terminis de lliurament dependran dels productes en estoc amb lliuraments variables<\/p><p class=\"font_8 wixui-rich-text__text\">entre els 4 a 5 dies h\u00e0bils, exceptuant factors externs aliens a nosaltres (vagues,<\/p><p class=\"font_8 wixui-rich-text__text\">indisponibilitat de materials, etc..) podent modificar-se el termini pactat i condicions<\/p><p class=\"font_8 wixui-rich-text__text\">\u00a0<\/p><\/div><div id=\"comp-j8bj7uuq\" class=\"HcOXKn SxM0TO QxJLC3 lq2cno YQcXTT comp-j8bj7uuq wixui-rich-text\" data-testid=\"richTextElement\"><h2 class=\"font_6 wixui-rich-text__text\"><span class=\"wixui-rich-text__text\" style=\"color: #000000;\">Formes de pagament<\/span><\/h2><\/div><div id=\"comp-j8bj7uur\" class=\"HcOXKn SxM0TO QxJLC3 lq2cno YQcXTT comp-j8bj7uur wixui-rich-text\" data-testid=\"richTextElement\"><ul class=\"font_8 wixui-rich-text__text\"><li class=\"wixui-rich-text__text\"><p class=\"font_8 wixui-rich-text__text\">Targeta de cr\u00e8dit i d\u00e8bit<\/p><\/li><li class=\"wixui-rich-text__text\"><p class=\"font_8 wixui-rich-text__text\">Transfer\u00e8ncia Banc\u00e0ria<\/p><\/li><li class=\"wixui-rich-text__text\"><p class=\"font_8 wixui-rich-text__text\">Bizum<\/p><\/li><li class=\"wixui-rich-text__text\"><p class=\"font_8 wixui-rich-text__text\">Pagament en efectiu al taller<\/p><\/li><\/ul><\/div><\/div><\/div><\/section><\/div>\t\t\t\t\t\t\t\t<\/div>\n\t\t\t\t<\/div>\n\t\t\t\t\t<\/div>\n\t\t\t\t<\/div>\n\t\t\t\t<\/div>","protected":false},"excerpt":{"rendered":"<p>M\u00e9todos de pago \u00a0\u00a0 Garant\u00edas M2CAMPER garantiza la calidad de nuestros productos fabricados Para hacer uso de esta garant\u00eda se requiere de justificante de compra Plazos de entrega Los plazos de entrega depender\u00e1n de los productos en stock con entregas variables entre los 4 a 5 d\u00edas h\u00e1biles ,exceptuando factores externos ajenos a nosotros (huelgas,&hellip;&nbsp;<a href=\"https:\/\/m2camper.com\/ca\/metodes-de-pagament\/\" rel=\"bookmark\">Llegiu m\u00e9s \u00bb<span class=\"screen-reader-text\">M\u00e8todes de pagament<\/span><\/a><\/p>","protected":false},"author":5740,"featured_media":0,"parent":0,"menu_order":0,"comment_status":"closed","ping_status":"closed","template":"page-templates\/template-pagebuilder-full-width.php","meta":{"neve_meta_sidebar":"","neve_meta_container":"","neve_meta_enable_content_width":"off","neve_meta_content_width":100,"neve_meta_title_alignment":"","neve_meta_author_avatar":"","neve_post_elements_order":"","neve_meta_disable_header":"","neve_meta_disable_footer":"","neve_meta_disable_title":"","footnotes":""},"class_list":["post-11729","page","type-page","status-publish","hentry"],"yoast_head":"<!-- This site is optimized with the Yoast SEO plugin v27.4 - https:\/\/yoast.com\/product\/yoast-seo-wordpress\/ -->\n<title>M\u00e9todos de pago - M2 Camper | Aislantes t\u00e9rmicos y oscurecedores para campers<\/title>\n<meta name=\"robots\" content=\"noindex, nofollow\" \/>\n<meta property=\"og:locale\" content=\"ca_ES\" \/>\n<meta property=\"og:type\" content=\"article\" \/>\n<meta property=\"og:title\" content=\"M\u00e9todos de pago - M2 Camper | Aislantes t\u00e9rmicos y oscurecedores para campers\" \/>\n<meta property=\"og:description\" content=\"M\u00e9todos de pago \u00a0\u00a0 Garant\u00edas M2CAMPER garantiza la calidad de nuestros productos fabricados Para hacer uso de esta garant\u00eda se requiere de justificante de compra Plazos de entrega Los plazos de entrega depender\u00e1n de los productos en stock con entregas variables entre los 4 a 5 d\u00edas h\u00e1biles ,exceptuando factores externos ajenos a nosotros (huelgas,&hellip;&nbsp;Llegiu m\u00e9s &raquo;M\u00e9todos de pago\" \/>\n<meta property=\"og:url\" content=\"https:\/\/m2camper.com\/ca\/metodes-de-pagament\/\" \/>\n<meta property=\"og:site_name\" content=\"M2 Camper | Aislantes t\u00e9rmicos y oscurecedores para campers\" \/>\n<meta property=\"article:modified_time\" content=\"2026-04-09T14:07:42+00:00\" \/>\n<meta name=\"twitter:card\" content=\"summary_large_image\" \/>\n<meta name=\"twitter:label1\" content=\"Temps estimat de lectura\" \/>\n\t<meta name=\"twitter:data1\" content=\"1 minut\" \/>\n<script type=\"application\/ld+json\" class=\"yoast-schema-graph\">{\"@context\":\"https:\\\/\\\/schema.org\",\"@graph\":[{\"@type\":\"WebPage\",\"@id\":\"https:\\\/\\\/m2camper.com\\\/metodos-de-pago\\\/\",\"url\":\"https:\\\/\\\/m2camper.com\\\/metodos-de-pago\\\/\",\"name\":\"M\u00e9todos de pago - M2 Camper | Aislantes t\u00e9rmicos y oscurecedores para campers\",\"isPartOf\":{\"@id\":\"https:\\\/\\\/m2camper.com\\\/pt\\\/#website\"},\"datePublished\":\"2025-02-13T08:02:20+00:00\",\"dateModified\":\"2026-04-09T14:07:42+00:00\",\"breadcrumb\":{\"@id\":\"https:\\\/\\\/m2camper.com\\\/metodos-de-pago\\\/#breadcrumb\"},\"inLanguage\":\"ca\",\"potentialAction\":[{\"@type\":\"ReadAction\",\"target\":[\"https:\\\/\\\/m2camper.com\\\/metodos-de-pago\\\/\"]}]},{\"@type\":\"BreadcrumbList\",\"@id\":\"https:\\\/\\\/m2camper.com\\\/metodos-de-pago\\\/#breadcrumb\",\"itemListElement\":[{\"@type\":\"ListItem\",\"position\":1,\"name\":\"Portada\",\"item\":\"https:\\\/\\\/m2camper.com\\\/pt\\\/\"},{\"@type\":\"ListItem\",\"position\":2,\"name\":\"M\u00e9todos de pago\"}]},{\"@type\":\"WebSite\",\"@id\":\"https:\\\/\\\/m2camper.com\\\/pt\\\/#website\",\"url\":\"https:\\\/\\\/m2camper.com\\\/pt\\\/\",\"name\":\"M2 Campers | Aislantes t\u00e9rmicos y oscurecedores para campers\",\"description\":\"Descubre calidad y confort de nuestros aislantes t\u00e9rmicos oscurecedores y colchones para veh\u00edculos. Optimiza tu experiencia en carretera con M2 Camper.\",\"potentialAction\":[{\"@type\":\"SearchAction\",\"target\":{\"@type\":\"EntryPoint\",\"urlTemplate\":\"https:\\\/\\\/m2camper.com\\\/pt\\\/?s={search_term_string}\"},\"query-input\":{\"@type\":\"PropertyValueSpecification\",\"valueRequired\":true,\"valueName\":\"search_term_string\"}}],\"inLanguage\":\"ca\"}]}<\/script>\n<!-- \/ Yoast SEO plugin. -->","yoast_head_json":{"title":"M\u00e8todes de pagament - M2 Camper | A\u00efllants t\u00e8rmics i enfosquidors per a campers","robots":{"index":"noindex","follow":"nofollow"},"og_locale":"ca_ES","og_type":"article","og_title":"M\u00e9todos de pago - M2 Camper | Aislantes t\u00e9rmicos y oscurecedores para campers","og_description":"M\u00e9todos de pago \u00a0\u00a0 Garant\u00edas M2CAMPER garantiza la calidad de nuestros productos fabricados Para hacer uso de esta garant\u00eda se requiere de justificante de compra Plazos de entrega Los plazos de entrega depender\u00e1n de los productos en stock con entregas variables entre los 4 a 5 d\u00edas h\u00e1biles ,exceptuando factores externos ajenos a nosotros (huelgas,&hellip;&nbsp;Llegiu m\u00e9s &raquo;M\u00e9todos de pago","og_url":"https:\/\/m2camper.com\/ca\/metodes-de-pagament\/","og_site_name":"M2 Camper | Aislantes t\u00e9rmicos y oscurecedores para campers","article_modified_time":"2026-04-09T14:07:42+00:00","twitter_card":"summary_large_image","twitter_misc":{"Temps estimat de lectura":"1 minut"},"schema":{"@context":"https:\/\/schema.org","@graph":[{"@type":"WebPage","@id":"https:\/\/m2camper.com\/metodos-de-pago\/","url":"https:\/\/m2camper.com\/metodos-de-pago\/","name":"M\u00e8todes de pagament - M2 Camper | A\u00efllants t\u00e8rmics i enfosquidors per a campers","isPartOf":{"@id":"https:\/\/m2camper.com\/pt\/#website"},"datePublished":"2025-02-13T08:02:20+00:00","dateModified":"2026-04-09T14:07:42+00:00","breadcrumb":{"@id":"https:\/\/m2camper.com\/metodos-de-pago\/#breadcrumb"},"inLanguage":"ca","potentialAction":[{"@type":"ReadAction","target":["https:\/\/m2camper.com\/metodos-de-pago\/"]}]},{"@type":"BreadcrumbList","@id":"https:\/\/m2camper.com\/metodos-de-pago\/#breadcrumb","itemListElement":[{"@type":"ListItem","position":1,"name":"Portada","item":"https:\/\/m2camper.com\/pt\/"},{"@type":"ListItem","position":2,"name":"M\u00e9todos de pago"}]},{"@type":"WebSite","@id":"https:\/\/m2camper.com\/pt\/#website","url":"https:\/\/m2camper.com\/pt\/","name":"M2 Campers | A\u00efllants t\u00e8rmics i enfosquidors per a campers","description":"Descobreix qualitat i confort dels nostres a\u00efllants t\u00e8rmics enfosquidors i matalassos per a vehicles. Optimitza la teva experi\u00e8ncia a la carretera amb M2 Camper.","potentialAction":[{"@type":"SearchAction","target":{"@type":"EntryPoint","urlTemplate":"https:\/\/m2camper.com\/pt\/?s={search_term_string}"},"query-input":{"@type":"PropertyValueSpecification","valueRequired":true,"valueName":"search_term_string"}}],"inLanguage":"ca"}]}},"_links":{"self":[{"href":"https:\/\/m2camper.com\/ca\/wp-json\/wp\/v2\/pages\/11729","targetHints":{"allow":["GET"]}}],"collection":[{"href":"https:\/\/m2camper.com\/ca\/wp-json\/wp\/v2\/pages"}],"about":[{"href":"https:\/\/m2camper.com\/ca\/wp-json\/wp\/v2\/types\/page"}],"author":[{"embeddable":true,"href":"https:\/\/m2camper.com\/ca\/wp-json\/wp\/v2\/users\/5740"}],"replies":[{"embeddable":true,"href":"https:\/\/m2camper.com\/ca\/wp-json\/wp\/v2\/comments?post=11729"}],"version-history":[{"count":31,"href":"https:\/\/m2camper.com\/ca\/wp-json\/wp\/v2\/pages\/11729\/revisions"}],"predecessor-version":[{"id":17075,"href":"https:\/\/m2camper.com\/ca\/wp-json\/wp\/v2\/pages\/11729\/revisions\/17075"}],"wp:attachment":[{"href":"https:\/\/m2camper.com\/ca\/wp-json\/wp\/v2\/media?parent=11729"}],"curies":[{"name":"wp","href":"https:\/\/api.w.org\/{rel}","templated":true}]}}