{"id":11416,"date":"2025-02-04T10:38:08","date_gmt":"2025-02-04T10:38:08","guid":{"rendered":"https:\/\/ultbit.com\/m2camper\/?page_id=11416"},"modified":"2026-04-08T17:39:24","modified_gmt":"2026-04-08T15:39:24","slug":"avis-legal","status":"publish","type":"page","link":"https:\/\/m2camper.com\/ca\/avis-legal\/","title":{"rendered":"Av\u00eds legal"},"content":{"rendered":"<div data-elementor-type=\"wp-page\" data-elementor-id=\"11416\" class=\"elementor elementor-11416\" data-elementor-post-type=\"page\">\n\t\t\t\t<div class=\"elementor-element elementor-element-fd1d765 e-flex e-con-boxed e-con e-parent\" data-id=\"fd1d765\" data-element_type=\"container\" data-e-type=\"container\" data-settings=\"{&quot;background_background&quot;:&quot;classic&quot;}\">\n\t\t\t\t\t<div class=\"e-con-inner\">\n\t\t\t\t<div class=\"elementor-element elementor-element-f759220 elementor-widget elementor-widget-text-editor\" data-id=\"f759220\" data-element_type=\"widget\" data-e-type=\"widget\" data-widget_type=\"text-editor.default\">\n\t\t\t\t<div class=\"elementor-widget-container\">\n\t\t\t\t\t\t\t\t\t<h2 style=\"color: #000000 !important;\">AV\u00cdS LEGAL<\/h2><h3 style=\"color: #000000 !important;\">LLEI DELS SERVEIS DE LA SOCIETAT DE LA INFORMACI\u00d3 (LSSI)<\/h3><p>MARIA ISABEL ARTAL MORENO (M2 CAMPER), responsable del lloc web, d\u2019ara endavant el RESPONSABLE, posa a disposici\u00f3 dels usuaris el present document, amb el qual pret\u00e9n donar compliment a les obligacions establertes en la Llei 34\/2002, d\u201911 de juliol, de Serveis de la Societat de la Informaci\u00f3 i de Comer\u00e7 Electr\u00f2nic (LSSICE), BOE n\u00ba 166, aix\u00ed com informar tots els usuaris del lloc web sobre quines s\u00f3n les condicions d\u2019\u00fas.<\/p><p>Qualsevol persona que accedeixi a aquest lloc web assumeix el paper d\u2019usuari, comprometent-se a l\u2019observan\u00e7a i al compliment rigor\u00f3s de les disposicions aqu\u00ed establertes, aix\u00ed com de qualsevol altra disposici\u00f3 legal que sigui aplicable.<\/p><p>MARIA ISABEL ARTAL MORENO (M2 CAMPER) es reserva el dret de modificar qualsevol tipus d\u2019informaci\u00f3 que pugui apar\u00e8ixer al lloc web, sense que existeixi obligaci\u00f3 de preav\u00eds o de posar en coneixement dels usuaris aquestes modificacions, entenent-se com a suficient la seva publicaci\u00f3 al lloc web de MARIA ISABEL ARTAL MORENO (M2 CAMPER).<\/p><h3 style=\"color: #000000 !important;\">1. DADES IDENTIFICATIVES<\/h3><ul><li class=\"translation-block\"><strong>Nom del domini:<\/strong> m2camper.com<\/li><li><strong>Nom comercial:<\/strong> m2camper<\/li><li><strong>Denominaci\u00f3 social:<\/strong> MARIA ISABEL ARTAL MORENO (M2 CAMPER)<\/li><li><strong>NIF:<\/strong> 46044762G<\/li><li class=\"translation-block\"><strong>Domicili social:<\/strong> Carrer de Num\u00e0ncia, 30, 08184 Palau-solit\u00e0 i Plegamans, Barcelona (Espanya)<\/li><li><strong>Tel\u00e8fon<\/strong> 685355944<\/li><li><strong>E-mail:<\/strong> <a href=\"mailto:m2camper@gmail.com\">m2camper@gmail.com<\/a><\/li><li class=\"translation-block\"><strong>Registre Mercantil:<\/strong> Inscripci\u00f3 1a, Full B-559411, Foli 63, Tom 47689<\/li><\/ul><p>\u00a0<\/p><h3 style=\"color: #000000 !important;\">2. DRETS DE PROPIETAT INTEL\u00b7LECTUAL I INDUSTRIAL<\/h3><p>El lloc web, incloent-hi a t\u00edtol enunciatiu per\u00f2 no limitatiu la seva programaci\u00f3, edici\u00f3, compilaci\u00f3 i la resta d\u2019elements necessaris per al seu funcionament, els dissenys, logotips, textos i\/o gr\u00e0fics, s\u00f3n propietat del RESPONSABLE o, si escau, disposa de llic\u00e8ncia o autoritzaci\u00f3 expressa per part dels autors.<\/p><p>Tots els continguts del lloc web es troben degudament protegits per la normativa de propietat intel\u00b7lectual i industrial, aix\u00ed com inscrits als registres p\u00fablics corresponents.<\/p><p>Independentment de la finalitat per a la qual fossin destinats, la reproducci\u00f3 total o parcial, l\u2019\u00fas, l\u2019explotaci\u00f3, la distribuci\u00f3 i la comercialitzaci\u00f3 requereixen en tot cas l\u2019autoritzaci\u00f3 pr\u00e8via per escrit del RESPONSABLE.<\/p><p>Qualsevol \u00fas no autoritzat pr\u00e8viament es considera un incompliment greu dels drets de propietat intel\u00b7lectual o industrial de l\u2019autor.<\/p><p>Els dissenys, logotips, textos i\/o gr\u00e0fics aliens al RESPONSABLE que puguin apar\u00e8ixer al lloc web pertanyen als seus respectius propietaris, sent aquests responsables de qualsevol possible controv\u00e8rsia que se\u2019n pugui derivar. El RESPONSABLE autoritza expressament a tercers a redirigir directament als continguts concrets del lloc web, i en tot cas redirigir al lloc web principal de m2camper.com.<\/p><p>El RESPONSABLE reconeix a favor dels seus titulars els corresponents drets de propietat intel\u00b7lectual i industrial, sense que la seva mera menci\u00f3 o aparici\u00f3 al lloc web impliqui l\u2019exist\u00e8ncia de drets o responsabilitat sobre aquests, ni el suport, patrocini o recomanaci\u00f3 per part del RESPONSABLE.<\/p><p>Per realitzar qualsevol tipus d'observaci\u00f3 respecte a possibles incompliments dels drets de propietat intel\u00b7lectual o industrial, aix\u00ed com sobre qualsevol dels continguts del lloc web, ho podeu fer a trav\u00e9s del correu electr\u00f2nic: <a href=\"mailto:m2camper@gmail.com\">m2camper@gmail.com<\/a>.<\/p><h3 style=\"color: #000000 !important;\">3. EXEMPCI\u00d3 DE RESPONSABILITATS<\/h3><p>El RESPONSABLE s\u2019eximeix de qualsevol tipus de responsabilitat derivada de la informaci\u00f3 publicada al seu lloc web sempre que no tingui coneixement efectiu que aquesta informaci\u00f3 ha estat manipulada o introdu\u00efda per un tercer ali\u00e8 al mateix o, si en t\u00e9, hagi actuat amb dilig\u00e8ncia per retirar les dades o fer impossible l\u2019acc\u00e9s a aquestes.<\/p><h4 style=\"color: #000000 !important;\">\u00das de cookies<\/h4><p>Aquest lloc web pot utilitzar cookies t\u00e8cniques (petits fitxers d\u2019informaci\u00f3 que el servidor envia a l\u2019ordinador de qui accedeix a la p\u00e0gina) per dur a terme determinades funcions que es consideren imprescindibles per al correcte funcionament i visualitzaci\u00f3 del lloc web.<\/p><p>Les cookies utilitzades tenen, en tot cas, car\u00e0cter temporal, amb l\u2019\u00fanica finalitat de fer m\u00e9s eficient la navegaci\u00f3, i desapareixen en finalitzar la sessi\u00f3 de l\u2019usuari. En cap cas, aquestes cookies proporcionen per si mateixes dades de car\u00e0cter personal ni s\u2019utilitzaran per a la seva recollida.<\/p><p>Mitjan\u00e7ant l\u2019\u00fas de cookies tamb\u00e9 \u00e9s possible que el servidor on es troba el lloc web reconegui el navegador utilitzat per l\u2019usuari, amb la finalitat que la navegaci\u00f3 sigui m\u00e9s senzilla, permetent, per exemple, l\u2019acc\u00e9s dels usuaris pr\u00e8viament registrats a \u00e0rees, serveis, promocions o concursos reservats exclusivament per a ells sense haver de registrar-se en cada visita.<\/p><p>Tamb\u00e9 es poden utilitzar per mesurar l\u2019audi\u00e8ncia, par\u00e0metres de tr\u00e0nsit, controlar el progr\u00e9s i el nombre d\u2019entrades, etc. En aquests casos, les cookies s\u00f3n t\u00e8cnicament prescindibles per\u00f2 beneficioses per a l\u2019usuari. Aquest lloc web no instal\u00b7lar\u00e0 cookies no necess\u00e0ries sense el consentiment previ de l\u2019usuari.<\/p><p>L\u2019usuari t\u00e9 la possibilitat de configurar el seu navegador per ser alertat de la recepci\u00f3 de cookies i per impedir la seva instal\u00b7laci\u00f3 al seu equip. Consulti les instruccions del seu navegador per ampliar aquesta informaci\u00f3.<\/p><h4 style=\"color: #000000 !important;\">Pol\u00edtica d&#039;enlla\u00e7os<\/h4><p>Des del lloc web \u00e9s possible que es redirigeixi a continguts de llocs web de tercers.<\/p><p>At\u00e8s que el RESPONSABLE no pot controlar sempre els continguts introdu\u00efts per tercers als seus respectius llocs web, no assumeix cap tipus de responsabilitat respecte d\u2019aquests continguts.<\/p><p>En qualsevol cas, procedir\u00e0 a la retirada immediata de qualsevol contingut que pugui contravenir la legislaci\u00f3 nacional o internacional, la moral o l\u2019ordre p\u00fablic, retirant de forma immediata la redirecci\u00f3 a aquest lloc web i posant en coneixement de les autoritats competents el contingut en q\u00fcesti\u00f3.<\/p><p>El RESPONSABLE no es fa responsable de la informaci\u00f3 i continguts emmagatzemats, a t\u00edtol enunciatiu per\u00f2 no limitatiu, en f\u00f2rums, xats, generadors de blogs, comentaris, xarxes socials o qualsevol altre mitj\u00e0 que permeti a tercers publicar continguts de manera independent a la p\u00e0gina web del RESPONSABLE.<\/p><p>No obstant aix\u00f2, i en compliment del que disposen els articles 11 i 16 de la LSSICE, es posa a disposici\u00f3 de tots els usuaris, autoritats i forces de seguretat, col\u00b7laborant de manera activa en la retirada o, si escau, bloqueig de tots aquells continguts que puguin afectar o contravenir la legislaci\u00f3 nacional o internacional, els drets de tercers o la moral i l\u2019ordre p\u00fablic.<\/p><p>En cas que l\u2019usuari consideri que existeix al lloc web algun contingut que pugui ser susceptible d\u2019aquesta classificaci\u00f3, es prega que ho notifiqui de manera immediata a l\u2019administrador del lloc web.<\/p><h4 style=\"color: #000000 !important;\">Funcionament del lloc web<\/h4><p>Aquest lloc web ha estat revisat i provat perqu\u00e8 funcioni correctament.<\/p><p>En principi, es pot garantir el correcte funcionament els 365 dies de l\u2019any, 24 hores al dia. No obstant aix\u00f2, el RESPONSABLE no descarta la possibilitat que existeixin errors de programaci\u00f3, o que es produeixin causes de for\u00e7a major, cat\u00e0strofes naturals, vagues o circumst\u00e0ncies similars que facin impossible l\u2019acc\u00e9s a la p\u00e0gina web.<\/p><h4 style=\"color: #000000 !important;\">Adreces IP<\/h4><p>Els servidors del lloc web podran detectar autom\u00e0ticament ladre\u00e7a IP i el nom de domini utilitzats per lusuari.<\/p><p>Una adre\u00e7a IP \u00e9s un n\u00famero assignat autom\u00e0ticament a un ordinador quan es connecta a Internet.<\/p><p>Tota aquesta informaci\u00f3 es registra en un fitxer d\u2019activitat del servidor que permet el posterior tractament de les dades amb la finalitat d\u2019obtenir mesuraments \u00fanicament estad\u00edstics que permetin con\u00e8ixer el nombre d\u2019impressions de p\u00e0gines, el nombre de visites realitzades als servidors web, l\u2019ordre de visites, el punt d\u2019acc\u00e9s, etc.<\/p><h3 style=\"color: #000000 !important;\">4. LEGISLACI\u00d3 APLICABLE I JURISDICCI\u00d3<\/h3><p>Per a la resoluci\u00f3 de totes les controv\u00e8rsies o q\u00fcestions relacionades amb aquest lloc web o amb les activitats que s\u2019hi desenvolupen, ser\u00e0 aplicable la legislaci\u00f3 espanyola, a la qual se sotmeten expressament les parts, essent competents per a la resoluci\u00f3 de tots els conflictes derivats o relacionats amb el seu \u00fas els Jutjats i Tribunals del domicili de l\u2019USUARI o el lloc de compliment de l\u2019obligaci\u00f3.<\/p>\t\t\t\t\t\t\t\t<\/div>\n\t\t\t\t<\/div>\n\t\t\t\t\t<\/div>\n\t\t\t\t<\/div>\n\t\t\t\t<\/div>","protected":false},"excerpt":{"rendered":"<p>AVISO LEGAL LEY DE LOS SERVICIOS DE LA SOCIEDAD DE LA INFORMACI\u00d3N (LSSI) MARIA ISABEL ARTAL MORENO (M2 CAMPER), responsable del sitio web, en adelante el RESPONSABLE, pone a disposici\u00f3n de los usuarios el presente documento, con el que pretende dar cumplimiento a las obligaciones establecidas en la Ley 34\/2002, de 11 de julio, de&hellip;&nbsp;<a href=\"https:\/\/m2camper.com\/ca\/avis-legal\/\" rel=\"bookmark\">Llegiu m\u00e9s \u00bb<span class=\"screen-reader-text\">Av\u00eds legal<\/span><\/a><\/p>","protected":false},"author":5740,"featured_media":0,"parent":0,"menu_order":0,"comment_status":"closed","ping_status":"closed","template":"page-templates\/template-pagebuilder-full-width.php","meta":{"neve_meta_sidebar":"","neve_meta_container":"","neve_meta_enable_content_width":"off","neve_meta_content_width":100,"neve_meta_title_alignment":"","neve_meta_author_avatar":"","neve_post_elements_order":"","neve_meta_disable_header":"","neve_meta_disable_footer":"","neve_meta_disable_title":"","footnotes":""},"class_list":["post-11416","page","type-page","status-publish","hentry"],"yoast_head":"<!-- This site is optimized with the Yoast SEO plugin v27.5 - https:\/\/yoast.com\/product\/yoast-seo-wordpress\/ -->\n<title>Aviso legal - M2 Camper | Aislantes t\u00e9rmicos y oscurecedores para campers<\/title>\n<meta name=\"robots\" content=\"noindex, nofollow\" \/>\n<meta property=\"og:locale\" content=\"ca_ES\" \/>\n<meta property=\"og:type\" content=\"article\" \/>\n<meta property=\"og:title\" content=\"Aviso legal - M2 Camper | Aislantes t\u00e9rmicos y oscurecedores para campers\" \/>\n<meta property=\"og:description\" content=\"AVISO LEGAL LEY DE LOS SERVICIOS DE LA SOCIEDAD DE LA INFORMACI\u00d3N (LSSI) MARIA ISABEL ARTAL MORENO (M2 CAMPER), responsable del sitio web, en adelante el RESPONSABLE, pone a disposici\u00f3n de los usuarios el presente documento, con el que pretende dar cumplimiento a las obligaciones establecidas en la Ley 34\/2002, de 11 de julio, de&hellip;&nbsp;Llegiu m\u00e9s &raquo;Aviso legal\" \/>\n<meta property=\"og:url\" content=\"https:\/\/m2camper.com\/ca\/avis-legal\/\" \/>\n<meta property=\"og:site_name\" content=\"M2 Camper | Aislantes t\u00e9rmicos y oscurecedores para campers\" \/>\n<meta property=\"article:modified_time\" content=\"2026-04-08T15:39:24+00:00\" \/>\n<meta name=\"twitter:card\" content=\"summary_large_image\" \/>\n<meta name=\"twitter:label1\" content=\"Temps estimat de lectura\" \/>\n\t<meta name=\"twitter:data1\" content=\"6 minuts\" \/>\n<script type=\"application\/ld+json\" class=\"yoast-schema-graph\">{\"@context\":\"https:\\\/\\\/schema.org\",\"@graph\":[{\"@type\":\"WebPage\",\"@id\":\"https:\\\/\\\/m2camper.com\\\/aviso-legal\\\/\",\"url\":\"https:\\\/\\\/m2camper.com\\\/aviso-legal\\\/\",\"name\":\"Aviso legal - M2 Camper | Aislantes t\u00e9rmicos y oscurecedores para campers\",\"isPartOf\":{\"@id\":\"https:\\\/\\\/m2camper.com\\\/pt\\\/#website\"},\"datePublished\":\"2025-02-04T10:38:08+00:00\",\"dateModified\":\"2026-04-08T15:39:24+00:00\",\"breadcrumb\":{\"@id\":\"https:\\\/\\\/m2camper.com\\\/aviso-legal\\\/#breadcrumb\"},\"inLanguage\":\"ca\",\"potentialAction\":[{\"@type\":\"ReadAction\",\"target\":[\"https:\\\/\\\/m2camper.com\\\/aviso-legal\\\/\"]}]},{\"@type\":\"BreadcrumbList\",\"@id\":\"https:\\\/\\\/m2camper.com\\\/aviso-legal\\\/#breadcrumb\",\"itemListElement\":[{\"@type\":\"ListItem\",\"position\":1,\"name\":\"Portada\",\"item\":\"https:\\\/\\\/m2camper.com\\\/pt\\\/\"},{\"@type\":\"ListItem\",\"position\":2,\"name\":\"Aviso legal\"}]},{\"@type\":\"WebSite\",\"@id\":\"https:\\\/\\\/m2camper.com\\\/pt\\\/#website\",\"url\":\"https:\\\/\\\/m2camper.com\\\/pt\\\/\",\"name\":\"M2 Campers | Aislantes t\u00e9rmicos y oscurecedores para campers\",\"description\":\"Descubre calidad y confort de nuestros aislantes t\u00e9rmicos oscurecedores y colchones para veh\u00edculos. Optimiza tu experiencia en carretera con M2 Camper.\",\"potentialAction\":[{\"@type\":\"SearchAction\",\"target\":{\"@type\":\"EntryPoint\",\"urlTemplate\":\"https:\\\/\\\/m2camper.com\\\/pt\\\/?s={search_term_string}\"},\"query-input\":{\"@type\":\"PropertyValueSpecification\",\"valueRequired\":true,\"valueName\":\"search_term_string\"}}],\"inLanguage\":\"ca\"}]}<\/script>\n<!-- \/ Yoast SEO plugin. -->","yoast_head_json":{"title":"Av\u00eds legal - M2 Camper | A\u00efllants t\u00e8rmics i enfosquidors per a campers","robots":{"index":"noindex","follow":"nofollow"},"og_locale":"ca_ES","og_type":"article","og_title":"Aviso legal - M2 Camper | Aislantes t\u00e9rmicos y oscurecedores para campers","og_description":"AVISO LEGAL LEY DE LOS SERVICIOS DE LA SOCIEDAD DE LA INFORMACI\u00d3N (LSSI) MARIA ISABEL ARTAL MORENO (M2 CAMPER), responsable del sitio web, en adelante el RESPONSABLE, pone a disposici\u00f3n de los usuarios el presente documento, con el que pretende dar cumplimiento a las obligaciones establecidas en la Ley 34\/2002, de 11 de julio, de&hellip;&nbsp;Llegiu m\u00e9s &raquo;Aviso legal","og_url":"https:\/\/m2camper.com\/ca\/avis-legal\/","og_site_name":"M2 Camper | Aislantes t\u00e9rmicos y oscurecedores para campers","article_modified_time":"2026-04-08T15:39:24+00:00","twitter_card":"summary_large_image","twitter_misc":{"Temps estimat de lectura":"6 minuts"},"schema":{"@context":"https:\/\/schema.org","@graph":[{"@type":"WebPage","@id":"https:\/\/m2camper.com\/aviso-legal\/","url":"https:\/\/m2camper.com\/aviso-legal\/","name":"Av\u00eds legal - M2 Camper | A\u00efllants t\u00e8rmics i enfosquidors per a campers","isPartOf":{"@id":"https:\/\/m2camper.com\/pt\/#website"},"datePublished":"2025-02-04T10:38:08+00:00","dateModified":"2026-04-08T15:39:24+00:00","breadcrumb":{"@id":"https:\/\/m2camper.com\/aviso-legal\/#breadcrumb"},"inLanguage":"ca","potentialAction":[{"@type":"ReadAction","target":["https:\/\/m2camper.com\/aviso-legal\/"]}]},{"@type":"BreadcrumbList","@id":"https:\/\/m2camper.com\/aviso-legal\/#breadcrumb","itemListElement":[{"@type":"ListItem","position":1,"name":"Portada","item":"https:\/\/m2camper.com\/pt\/"},{"@type":"ListItem","position":2,"name":"Aviso legal"}]},{"@type":"WebSite","@id":"https:\/\/m2camper.com\/pt\/#website","url":"https:\/\/m2camper.com\/pt\/","name":"M2 Campers | A\u00efllants t\u00e8rmics i enfosquidors per a campers","description":"Descobreix qualitat i confort dels nostres a\u00efllants t\u00e8rmics enfosquidors i matalassos per a vehicles. Optimitza la teva experi\u00e8ncia a la carretera amb M2 Camper.","potentialAction":[{"@type":"SearchAction","target":{"@type":"EntryPoint","urlTemplate":"https:\/\/m2camper.com\/pt\/?s={search_term_string}"},"query-input":{"@type":"PropertyValueSpecification","valueRequired":true,"valueName":"search_term_string"}}],"inLanguage":"ca"}]}},"_links":{"self":[{"href":"https:\/\/m2camper.com\/ca\/wp-json\/wp\/v2\/pages\/11416","targetHints":{"allow":["GET"]}}],"collection":[{"href":"https:\/\/m2camper.com\/ca\/wp-json\/wp\/v2\/pages"}],"about":[{"href":"https:\/\/m2camper.com\/ca\/wp-json\/wp\/v2\/types\/page"}],"author":[{"embeddable":true,"href":"https:\/\/m2camper.com\/ca\/wp-json\/wp\/v2\/users\/5740"}],"replies":[{"embeddable":true,"href":"https:\/\/m2camper.com\/ca\/wp-json\/wp\/v2\/comments?post=11416"}],"version-history":[{"count":34,"href":"https:\/\/m2camper.com\/ca\/wp-json\/wp\/v2\/pages\/11416\/revisions"}],"predecessor-version":[{"id":16908,"href":"https:\/\/m2camper.com\/ca\/wp-json\/wp\/v2\/pages\/11416\/revisions\/16908"}],"wp:attachment":[{"href":"https:\/\/m2camper.com\/ca\/wp-json\/wp\/v2\/media?parent=11416"}],"curies":[{"name":"wp","href":"https:\/\/api.w.org\/{rel}","templated":true}]}}